{"id":2037759,"date":"2026-05-13T14:36:03","date_gmt":"2026-05-13T12:36:03","guid":{"rendered":"https:\/\/romfilatelia.ro\/magazin\/?post_type=product&#038;p=2037759"},"modified":"2026-05-13T14:36:03","modified_gmt":"2026-05-13T12:36:03","slug":"explorarea-spatiului","status":"publish","type":"product","link":"https:\/\/romfilatelia.ro\/magazin\/produs\/colectii-anuale\/2026\/explorarea-spatiului\/","title":{"rendered":"Explorarea spa\u021biului"},"content":{"rendered":"<p><strong><a href=\"https:\/\/romfilatelia.ro\/wp-content\/uploads\/2026\/05\/SITE_mc_Explorarea-spatiului-scaled-e1778675130993.jpg\"><img decoding=\"async\" loading=\"lazy\" class=\"alignleft wp-image-2050499\" src=\"https:\/\/romfilatelia.ro\/wp-content\/uploads\/2026\/05\/SITE_mc_Explorarea-spatiului-scaled-e1778675130993.jpg\" alt=\"\" width=\"600\" height=\"527\" \/><\/a>Romfilatelia<\/strong> \u0219i <strong>Po\u0219ta Rom\u00e2n\u0103<\/strong> introduc \u00een circula\u021bie <em>joi, 14 mai 2026<\/em>, o nou\u0103 emisiune de m\u0103rci po\u0219tale dedicat\u0103 spa\u021biului cosmic.<\/p>\n<p>Emisiunea <strong><em>Explorarea spa\u021biului<\/em><\/strong>, alc\u0103tuit\u0103 din patru m\u0103rci po\u0219tale, o coli\u021b\u0103 dantelat\u0103 \u0219i un plic \u201eprima zi\u201d abordeaz\u0103 trei evenimente:<\/p>\n<p><strong><em>45 de ani de la primul zbor \u00een spa\u021biu al singurului cosmonaut rom\u00e2n \u2013 Dumitru-Dorin Prunariu<\/em><\/strong> (timbrele cu valorile nominale de<strong> 3,50 lei <\/strong>\u0219i<strong> 6,50 lei<\/strong>);<\/p>\n<p><strong><em>Observatorul Astronomic Amiral Vasile Urseanu \u2013 100 de ani de la moartea fondatorului <\/em><\/strong>(timbrul cu valoarea nominal\u0103 de<strong> 10 lei<\/strong>);<\/p>\n<p><strong><em>Prima nav\u0103 spa\u021bial\u0103 pe planeta Marte (Viking 1) &#8211; 50 de ani <\/em><\/strong>(timbrul cu valoarea nominal\u0103 de <strong>21 lei<\/strong>);<\/p>\n<p><strong>45 DE ANI DE LA PRIMUL ZBOR \u00ceN SPA\u021aIU AL SINGURULUI COSMONAUT ROM\u00c2N \u2013 DUMITRU-DORIN PRUNARIU <\/strong><\/p>\n<p>Misiunea Soyuz 40, lansat\u0103 la 14 mai 1981 de pe cosmodromul Baikonur, a marcat intrarea Rom\u00e2niei \u00een istoria zborurilor cosmice cu echipaj uman. La bord s-au aflat comandantul sovietic Leonid Popov \u0219i cosmonautul rom\u00e2n Dumitru-Dorin Prunariu, Rom\u00e2nia devenind astfel a 11-a \u021bar\u0103 cu un om \u00een spa\u021biu, iar Prunariu al 103-lea om ajuns \u00een Cosmos.<\/p>\n<p>Misiunea, desf\u0103\u0219urat\u0103 \u00een cadrul programului Interkosmos, a presupus cuplarea cu sta\u021bia orbital\u0103 Salyut 6 \u0219i realizarea unor experimente \u0219tiin\u021bifice \u00een domenii precum medicina, biologia, fizica \u0219i observarea P\u0103m\u00e2ntului, unele dintre ele preg\u0103tite de speciali\u0219ti rom\u00e2ni.<\/p>\n<p>Misiunea s-a \u00eencheiat cu succes la 22 mai 1981 \u0219i r\u0103m\u00e2ne un simbol al cooper\u0103rii interna\u021bionale \u0219i un reper important pentru Rom\u00e2nia.<\/p>\n<p>Timbrul cu valoarea nominal\u0103 de<strong> 6,50 lei<\/strong> \u00eel ilustreaz\u0103 pe cosmonautul rom\u00e2n Dumitru-Dorin Prunariu \u00een costum spa\u021bial Sokol, av\u00e2nd \u00een fundal complexul orbital Soyuz 40 \u2013 Salyut 6 \u2013 Soyuz T-4. \u00cen plan \u00eendep\u0103rtat este redat P\u0103m\u00e2ntul v\u0103zut de pe orbit\u0103, precum \u0219i o urm\u0103 de gaze asociat\u0103 unei lans\u0103ri de rachet\u0103, distorsionat\u0103 de curen\u021bi atmosferici de mare altitudine, eveniment relatat de cosmonautul rom\u00e2n \u0219i documentat prin fotografii realizate la bordul sta\u021biei, imaginile realizate de acesta f\u0103c\u00e2nd ulterior obiectul unor cercet\u0103ri \u0219i descoperiri \u00een domeniu.<\/p>\n<p>Timbrul cu valoarea nominal\u0103 de<strong> 3,50 lei<\/strong> \u00eel prezint\u0103 pe cosmonautul rom\u00e2n \u00een jacheta terestr\u0103 de astronaut, av\u00e2nd \u00een fundal racheta purt\u0103toare tip Soyuz-U \u0219i nava Soyuz 40. Nava spa\u021bial\u0103 Soyuz este compus\u0103 din trei module: modulul orbital, modulul de cobor\u00e2re \u0219i modulul de propulsie.<\/p>\n<p>Coli\u021ba dantelat\u0103, av\u00e2nd timbrul cu valoarea nominal\u0103 de<strong> 32 lei<\/strong> \u00eel prezint\u0103 pe cosmonautul rom\u00e2n \u00een condi\u021bii de imponderabilitate la bordul sta\u021biei, al\u0103turi de cosmonautul Viktor Savin\u00eeh. \u00cen imagine, cosmonautul rom\u00e2n este surprins fotografiind coresponden\u021ba de po\u0219t\u0103 cosmic\u0103 aflat\u0103 la bordul sta\u021biei. \u00cencep\u00e2nd cu misiunea Soyuz 28, c\u00e2nd inginerul de bord Georgi Grechko a fost desemnat primul \u0219ef de oficiu po\u0219tal pe orbit\u0103, schimbul de coresponden\u021b\u0103 \u00eentre P\u0103m\u00e2nt \u0219i sta\u021biile orbitale a devenit o practic\u0103 regulat\u0103, realizat\u0103 prin echipajele vizitatoare sau prin vehicule automate de aprovizionare.<\/p>\n<p><strong>OBSERVATORUL ASTRONOMIC AMIRAL VASILE URSEANU \u2013 100 DE ANI DE LA MOARTEA FONDATORULUI <\/strong><\/p>\n<p>Timbrul cu valoarea nominal\u0103 de<strong> 10 lei <\/strong>\u00eel ilustreaz\u0103 pe fondatorul Observatorului Astronomic din Bucure\u0219ti, care \u00eei poart\u0103 numele, al\u0103turi de luneta ecuatorial\u0103 Zeiss (1910) \u0219i cl\u0103direa observatorului.<\/p>\n<p>Amiralul Vasile Urseanu a construit, din fonduri proprii, o cl\u0103dire \u00een Bucure\u0219ti, pe actualul bulevard Lasc\u0103r Catargiu, conceput\u0103 ca o cas\u0103 \u00een form\u0103 de yacht, cu o cupol\u0103 de observator.<\/p>\n<p>Observatorul a fost dotat cu o lunet\u0103 Zeiss de 150 mm diametru \u0219i 2,7 m distan\u021b\u0103 focal\u0103, una dintre cele mai mari din \u021bar\u0103 la acea vreme.<\/p>\n<p><strong>VIKING 1 \u2013 EXPLORAREA PLANETEI MARTE \u2013 50 DE ANI <\/strong><\/p>\n<p>Timbrul cu valoarea nominal\u0103 de<strong> 21 lei<\/strong> ilustreaz\u0103 sonda plasat\u0103 pe orbita planetei Marte, racheta purt\u0103toare Titan IIIE\/Centaur \u0219i modulul de amartizare Viking 1. Landerul este redat \u00een condi\u021bii de apus mar\u021bian, av\u00e2nd bra\u021bul robotic extins pentru colectarea e\u0219antioanelor de sol.<\/p>\n<p>Viking 1 a fost prima dintre cele dou\u0103 sonde ale programului Viking al NASA, al\u0103turi de Viking 2, fiecare misiune fiind alc\u0103tuit\u0103 dintr-un modul orbital (<em>orbiter<\/em>) \u0219i un modul de amartizare (<em>lander<\/em>). Viking 1 a realizat prima amartizare reu\u0219it\u0103 pe planeta Marte.<\/p>\n<p>Misiunea Viking a fost planificat\u0103 pentru 90 de zile dup\u0103 amartizare, \u00eens\u0103 at\u00e2t orbiterul, c\u00e2t \u0219i landerul au dep\u0103\u0219it semnificativ durata de via\u021b\u0103 estimate.<\/p>\n<p><em>Romfilatelia mul\u021bume\u0219te domnului Dumitru-Dorin Prunariu \u0219i domnului Adrian Majuru, Directorul General al Muzeului Municipiului Bucure\u0219ti pentru sprijinul documentar, precum \u0219i machetatorului Alec Bartos, Pre\u0219edintele &#8211; Cosmisiei de Astrofilatelie a Federa\u021biei Filatelice Rom\u00e2ne.<\/em><\/p>\n<p><a href=\"https:\/\/romfilatelia.ro\/wp-content\/uploads\/2026\/05\/caract_Explorarea-spatiului_tript-e1778675103859.jpg\"><img decoding=\"async\" loading=\"lazy\" class=\"size-full wp-image-2050498 aligncenter\" src=\"https:\/\/romfilatelia.ro\/wp-content\/uploads\/2026\/05\/caract_Explorarea-spatiului_tript-e1778675103859.jpg\" alt=\"\" width=\"1200\" height=\"1176\" \/><\/a><\/p>\n","protected":false},"excerpt":{"rendered":"<p>Romfilatelia \u0219i Po\u0219ta Rom\u00e2n\u0103 introduc \u00een circula\u021bie joi, 14 mai 2026, o nou\u0103 emisiune de m\u0103rci po\u0219tale dedicat\u0103 spa\u021biului cosmic. Emisiunea Explorarea spa\u021biului, alc\u0103tuit\u0103 din patru m\u0103rci po\u0219tale, o coli\u021b\u0103 dantelat\u0103 \u0219i un plic \u201eprima zi\u201d abordeaz\u0103 trei evenimente: 45 de ani de la primul zbor \u00een spa\u021biu al singurului cosmonaut rom\u00e2n \u2013 Dumitru-Dorin Prunariu&hellip;&nbsp;<a href=\"https:\/\/romfilatelia.ro\/magazin\/produs\/colectii-anuale\/2026\/explorarea-spatiului\/\" class=\"\" rel=\"bookmark\">Cite\u0219te mai mult &raquo;<span class=\"screen-reader-text\">Explorarea spa\u021biului<\/span><\/a><\/p>\n","protected":false},"featured_media":2037761,"template":"","meta":{"neve_meta_sidebar":"","neve_meta_container":"","neve_meta_enable_content_width":"off","neve_meta_content_width":100,"neve_meta_title_alignment":"","neve_meta_author_avatar":"","neve_post_elements_order":"","neve_meta_disable_header":"","neve_meta_disable_footer":"","neve_meta_disable_title":""},"product_cat":[343,6],"product_tag":[],"_links":{"self":[{"href":"https:\/\/romfilatelia.ro\/magazin\/wp-json\/wp\/v2\/product\/2037759"}],"collection":[{"href":"https:\/\/romfilatelia.ro\/magazin\/wp-json\/wp\/v2\/product"}],"about":[{"href":"https:\/\/romfilatelia.ro\/magazin\/wp-json\/wp\/v2\/types\/product"}],"wp:featuredmedia":[{"embeddable":true,"href":"https:\/\/romfilatelia.ro\/magazin\/wp-json\/wp\/v2\/media\/2037761"}],"wp:attachment":[{"href":"https:\/\/romfilatelia.ro\/magazin\/wp-json\/wp\/v2\/media?parent=2037759"}],"wp:term":[{"taxonomy":"product_cat","embeddable":true,"href":"https:\/\/romfilatelia.ro\/magazin\/wp-json\/wp\/v2\/product_cat?post=2037759"},{"taxonomy":"product_tag","embeddable":true,"href":"https:\/\/romfilatelia.ro\/magazin\/wp-json\/wp\/v2\/product_tag?post=2037759"}],"curies":[{"name":"wp","href":"https:\/\/api.w.org\/{rel}","templated":true}]}}