{"id":2037715,"date":"2026-05-07T10:02:25","date_gmt":"2026-05-07T08:02:25","guid":{"rendered":"https:\/\/romfilatelia.ro\/magazin\/?post_type=product&#038;p=2037715"},"modified":"2026-05-07T10:02:26","modified_gmt":"2026-05-07T08:02:26","slug":"dinastia-regala-a-romaniei-evenimente","status":"publish","type":"product","link":"https:\/\/romfilatelia.ro\/magazin\/produs\/colectii-anuale\/2026\/dinastia-regala-a-romaniei-evenimente\/","title":{"rendered":"Dinastia Regal\u0103 a Rom\u00e2niei. Evenimente."},"content":{"rendered":"<p><a href=\"https:\/\/romfilatelia.ro\/wp-content\/uploads\/2026\/05\/SITE_mc_Dinastia-regala-e1778137469199.jpg\"><img decoding=\"async\" loading=\"lazy\" class=\"alignleft wp-image-2050438\" src=\"https:\/\/romfilatelia.ro\/wp-content\/uploads\/2026\/05\/SITE_mc_Dinastia-regala-e1778137469199.jpg\" alt=\"\" width=\"650\" height=\"789\" \/><\/a>\u00cen anul 2026 se \u00eemplinesc 160 de ani de la sosirea \u00een Rom\u00e2nia a Regelui Carol I al Rom\u00e2niei, de la \u00eentemeierea Dinastiei \u0219i de la promulgarea Constitu\u021biei din 1866.<\/p>\n<p>\u00cen acest context, <strong>Romfilatelia<\/strong> \u0219i <strong>Po\u0219ta Rom\u00e2n\u0103<\/strong> se al\u0103tur\u0103 anivers\u0103rilor regale, printr-o emisiune filatelic\u0103 cu tematica <strong><em>Dinastia Regal\u0103 a Rom\u00e2niei. Evenimente. <\/em><\/strong><\/p>\n<p>Emisiunea, alc\u0103tuit\u0103 din patru timbre, o coli\u021b\u0103 dantelat\u0103, un plic \u201eprima zi\u201d, un set de patru c\u0103r\u021bi po\u0219tale maxime \u0219i o map\u0103 filatelic\u0103 cu produse speciale \u00een tiraj limitat, va intra \u00een circula\u021bie <em>vineri, 08 mai 2026. <\/em><\/p>\n<p>Mo\u0219tenirea celor patru suverani constituie fundamentul identit\u0103\u021bii noastre moderne. Sub domnia lui Carol I au fost c\u00e2\u0219tigate Independen\u021ba de Stat \u0219i prestigiul interna\u021bional al \u021b\u0103rii, au fost a\u0219ezate temeliile constitu\u021bionale \u0219i institu\u021bionale ale Rom\u00e2niei moderne, devenit\u0103 Regat.<\/p>\n<p>Succesorul s\u0103u, Regele Ferdinand I, a des\u0103v\u00e2r\u0219it idealul unit\u0103\u021bii na\u021bionale prin actul de la 1918 \u0219i a consolidat statul prin reforme esen\u021biale, precum votul universal \u0219i reforma agrar\u0103.<\/p>\n<p>Evolu\u021bia Rom\u00e2niei a continuat sub Regele Carol al II-lea, perioad\u0103 marcat\u0103 de dezvoltare economic\u0103 f\u0103r\u0103 precedent \u0219i afirmare cultural\u0103 care a transformat Bucure\u0219tiul \u00een centrul simbolic al Europei de Est.<\/p>\n<p>\u00cen anii sumbri ai celui de al Doilea R\u0103zboi Mondial, Regele Mihai I a ac\u021bionat, c\u00e2nd nimeni nu a avut t\u0103ria sa o fac\u0103, decisiv, la 23 august 1944, contribuind la salvarea statalit\u0103\u021bii \u0219i la limitarea consecin\u021belor conflictului.<\/p>\n<p>Exilat, Regele Mihai a r\u0103mas vocea demnit\u0103\u021bii poporului s\u0103u \u00een fa\u021ba opresiunii comuniste, devenind dup\u0103 1990 simbolul reconcilierii na\u021bionale \u0219i principalul garant al drumului Rom\u00e2niei c\u0103tre NATO \u0219i Uniunea European\u0103.<\/p>\n<p>Centralitatea acestei istorii este celebrat\u0103 \u00een fiecare an la data de 10 Mai, zi cu o \u00eentreit\u0103 semnifica\u021bie: venirea Regelui Carol I, Independen\u021ba \u0219i Proclamarea Regatului. Momentul de apogeu al acestor s\u0103rb\u0103toriri este marcat \u00een fiecare an prin evenimentul Garden Party de la Palatul Elisabeta, unde mii de rom\u00e2ni se reunesc pentru a onora tradi\u021bia \u0219i continuitatea.<\/p>\n<p>La \u00eemplinirea acestui arc peste timp de 160 de ani, misiunea este purtat\u0103 mai departe cu responsabilitate de Majestatea Sa Custodele Coroanei, care continu\u0103 r\u00e2nduiala serviciului public prin ac\u021biuni ce \u00eent\u0103resc prestigiul \u021b\u0103rii.<\/p>\n<p>Activitatea actual\u0103 a Familiei Regale se traduce printr-un efort monumental de reprezentare \u0219i solidaritate, cuplul regal sus\u021bin\u00e2nd peste 18.500 de angajamente publice, \u00eent\u00e2lniri cu \u0219efi de stat \u0219i vizite oficiale \u00een str\u0103in\u0103tate.<\/p>\n<p>Diploma\u021bia regal\u0103 a fost marcat\u0103 de momente istorice, precum reluarea Recep\u021biei anuale a Corpului Diplomatic \u00een Sala Tronului \u0219i ceremonii de decorare pentru personalit\u0103\u021bi \u0219i institu\u021bii. Recunoa\u0219terea interna\u021bional\u0103 a Majest\u0103\u021bii Sale este dublat\u0103 de o profund\u0103 leg\u0103tur\u0103 cu mediul academic \u0219i cultural, fiind Membru de Onoare al Academiei Republicii Moldova \u0219i Doctor Honoris Causa al mai multor universit\u0103\u021bi de prestigiu. Implicarea Familiei Regale se manifest\u0103 ast\u0103zi \u0219i prin cele 46 de \u00eenalte patronaje.<\/p>\n<p>Dup\u0103 160 de ani, Familia Regal\u0103 r\u0103m\u00e2ne un reper de stabilitate \u0219i o expresie a continuit\u0103\u021bii istorice a statului rom\u00e2n.<\/p>\n<p>Pe unul din timbrele cu valoarea nominal\u0103 de <strong>16 lei<\/strong> este reprodus\u0103 fotografia ce-i \u00eenf\u0103\u021bi\u0219eaz\u0103 pe Regele Ferdinand \u00centregitorul \u0219i pe Regina Maria, la sf\u00e2r\u0219itul Primului R\u0103zboi Mondial \u0219i \u00een preajma Marii Uniri de la 1918.<\/p>\n<p>Pe unul din timbrele cu valoarea nominal\u0103 de <strong>6 lei<\/strong> sunt reprezenta\u021bi Regele Carol al II-lea \u0219i Regina-Mam\u0103 Elena, fotografia\u021bi \u00eenaintea c\u0103s\u0103toriei lor din martie 1921.<\/p>\n<p>Al doilea timbru cu valoarea nominal\u0103 de <strong>6 lei<\/strong> ilustreaz\u0103 Nunta Regelui Mihai I cu Regina Ana la Atena, fotografie datat\u0103 10 iunie 1948.<\/p>\n<p>\u00cen al doilea timbru cu valoarea nominal\u0103 de <strong>16 lei<\/strong> sunt reda\u021bi Majestatea Sa Margareta \u0219i Principele Radu, \u00een ziua nun\u021bii lor, 21 septembrie 1996, la Lausanne, \u00een Elve\u021bia.<\/p>\n<p><strong>Coli\u021ba emisiunii<\/strong> red\u0103 Actul de Proclamare a Regatului, \u00een fotografie fiind reprezenta\u021bi Regele Carol I \u0219i Regina Elisabeta \u00een anul \u00eencoron\u0103rii ca suverani ai Regatului Rom\u00e2niei, 1881.<\/p>\n<p>Pe <strong>plicul \u201eprima zi\u201d<\/strong> este redat\u0103 \u201eCeremonia de \u00cencoronare a Regelui Carol I, 10 mai 1881\u201d.<\/p>\n<p><em>Mul\u021bumim reprezentan\u021bilor Casei Majest\u0103\u021bii Sale Margareta, Custodele Coroanei Rom\u00e2ne \u0219i ai Arhivelor Na\u021bionale ale Rom\u00e2niei pentru sprijinul documentar acordat la realizarea acestei emisiuni de m\u0103rci po\u0219tale. <\/em><\/p>\n<p><a href=\"https:\/\/romfilatelia.ro\/wp-content\/uploads\/2026\/05\/caract_Dinastia-regala-a-Romaniei.jpg\"><img decoding=\"async\" loading=\"lazy\" class=\"size-full wp-image-2050439 aligncenter\" src=\"https:\/\/romfilatelia.ro\/wp-content\/uploads\/2026\/05\/caract_Dinastia-regala-a-Romaniei.jpg\" alt=\"\" width=\"1716\" height=\"1780\" \/><\/a><\/p>\n","protected":false},"excerpt":{"rendered":"<p>\u00cen anul 2026 se \u00eemplinesc 160 de ani de la sosirea \u00een Rom\u00e2nia a Regelui Carol I al Rom\u00e2niei, de la \u00eentemeierea Dinastiei \u0219i de la promulgarea Constitu\u021biei din 1866. \u00cen acest context, Romfilatelia \u0219i Po\u0219ta Rom\u00e2n\u0103 se al\u0103tur\u0103 anivers\u0103rilor regale, printr-o emisiune filatelic\u0103 cu tematica Dinastia Regal\u0103 a Rom\u00e2niei. Evenimente. Emisiunea, alc\u0103tuit\u0103 din patru&hellip;&nbsp;<a href=\"https:\/\/romfilatelia.ro\/magazin\/produs\/colectii-anuale\/2026\/dinastia-regala-a-romaniei-evenimente\/\" class=\"\" rel=\"bookmark\">Cite\u0219te mai mult &raquo;<span class=\"screen-reader-text\">Dinastia Regal\u0103 a Rom\u00e2niei. Evenimente.<\/span><\/a><\/p>\n","protected":false},"featured_media":2037716,"template":"","meta":{"neve_meta_sidebar":"","neve_meta_container":"","neve_meta_enable_content_width":"off","neve_meta_content_width":100,"neve_meta_title_alignment":"","neve_meta_author_avatar":"","neve_post_elements_order":"","neve_meta_disable_header":"","neve_meta_disable_footer":"","neve_meta_disable_title":""},"product_cat":[343,6],"product_tag":[],"_links":{"self":[{"href":"https:\/\/romfilatelia.ro\/magazin\/wp-json\/wp\/v2\/product\/2037715"}],"collection":[{"href":"https:\/\/romfilatelia.ro\/magazin\/wp-json\/wp\/v2\/product"}],"about":[{"href":"https:\/\/romfilatelia.ro\/magazin\/wp-json\/wp\/v2\/types\/product"}],"wp:featuredmedia":[{"embeddable":true,"href":"https:\/\/romfilatelia.ro\/magazin\/wp-json\/wp\/v2\/media\/2037716"}],"wp:attachment":[{"href":"https:\/\/romfilatelia.ro\/magazin\/wp-json\/wp\/v2\/media?parent=2037715"}],"wp:term":[{"taxonomy":"product_cat","embeddable":true,"href":"https:\/\/romfilatelia.ro\/magazin\/wp-json\/wp\/v2\/product_cat?post=2037715"},{"taxonomy":"product_tag","embeddable":true,"href":"https:\/\/romfilatelia.ro\/magazin\/wp-json\/wp\/v2\/product_tag?post=2037715"}],"curies":[{"name":"wp","href":"https:\/\/api.w.org\/{rel}","templated":true}]}}