{"id":2037659,"date":"2026-04-28T14:10:29","date_gmt":"2026-04-28T12:10:29","guid":{"rendered":"https:\/\/romfilatelia.ro\/magazin\/?post_type=product&#038;p=2037659"},"modified":"2026-04-28T15:35:48","modified_gmt":"2026-04-28T13:35:48","slug":"tezaurul-din-seiful-istoriei-aurul-bancii-nationale-a-romaniei-de-la-moscova","status":"publish","type":"product","link":"https:\/\/romfilatelia.ro\/magazin\/produs\/colectii-anuale\/2026\/tezaurul-din-seiful-istoriei-aurul-bancii-nationale-a-romaniei-de-la-moscova\/","title":{"rendered":"TEZAURUL DIN SEIFUL ISTORIEI \u2013 AURUL B\u0102NCII NA\u021aIONALE A ROM\u00c2NIEI DE LA MOSCOVA"},"content":{"rendered":"<p><strong><a href=\"https:\/\/romfilatelia.ro\/magazin\/wp-content\/uploads\/2026\/04\/SITE_mc_Tezaurul-din-seiful-istoriei-aurul-BNR-scaled.jpg\"><img decoding=\"async\" loading=\"lazy\" class=\"alignleft wp-image-2037660\" src=\"https:\/\/romfilatelia.ro\/magazin\/wp-content\/uploads\/2026\/04\/SITE_mc_Tezaurul-din-seiful-istoriei-aurul-BNR-scaled.jpg\" alt=\"\" width=\"600\" height=\"472\" srcset=\"https:\/\/romfilatelia.ro\/magazin\/wp-content\/uploads\/2026\/04\/SITE_mc_Tezaurul-din-seiful-istoriei-aurul-BNR-scaled.jpg 2560w, https:\/\/romfilatelia.ro\/magazin\/wp-content\/uploads\/2026\/04\/SITE_mc_Tezaurul-din-seiful-istoriei-aurul-BNR-300x236.jpg 300w, https:\/\/romfilatelia.ro\/magazin\/wp-content\/uploads\/2026\/04\/SITE_mc_Tezaurul-din-seiful-istoriei-aurul-BNR-768x604.jpg 768w, https:\/\/romfilatelia.ro\/magazin\/wp-content\/uploads\/2026\/04\/SITE_mc_Tezaurul-din-seiful-istoriei-aurul-BNR-1536x1208.jpg 1536w, https:\/\/romfilatelia.ro\/magazin\/wp-content\/uploads\/2026\/04\/SITE_mc_Tezaurul-din-seiful-istoriei-aurul-BNR-2048x1611.jpg 2048w, https:\/\/romfilatelia.ro\/magazin\/wp-content\/uploads\/2026\/04\/SITE_mc_Tezaurul-din-seiful-istoriei-aurul-BNR-500x393.jpg 500w, https:\/\/romfilatelia.ro\/magazin\/wp-content\/uploads\/2026\/04\/SITE_mc_Tezaurul-din-seiful-istoriei-aurul-BNR-64x50.jpg 64w\" sizes=\"(max-width: 600px) 100vw, 600px\" \/><\/a>Romfilatelia<\/strong> \u0219i <strong>Po\u0219ta Rom\u00e2n\u0103<\/strong> introduc \u00een circula\u021bie <em>miercuri, 29 aprilie 2026, <\/em>o emisiune filatelic\u0103 cu tematic\u0103 istoric\u0103 deosebit\u0103, sub titulatura <strong><em>Tezaurul din seiful istoriei \u2013 aurul B\u0103ncii Na\u021bionale a Rom\u00e2niei de la Moscova<\/em><\/strong>.<\/p>\n<p>Elementele filatelice ale emisiunii sunt reprezentate de patru m\u0103rci po\u0219tale, pe care sunt redate aversurile unor monede rom\u00e2ne\u0219ti din aur, emise \u00een anul 1906, numite \u0219i \u201ecaroli\u201d, dup\u0103 numele Regelui Carol I, o coli\u021b\u0103 filatelic\u0103 dantelat\u0103, dou\u0103 plicuri \u201eprima zi\u201d \u0219i o map\u0103 filatelic\u0103 cu produse speciale \u00een tiraj limitat. Emisiunea prezint\u0103 elemente vizibile \u00een UV.<\/p>\n<p>Timbrul cu valoarea nominal\u0103 de <strong>3,50 lei<\/strong> red\u0103 aversul unei monede rom\u00e2ne\u0219ti din aur, cu valoarea de 100 lei, asociat cu imaginea trenului rusesc trimis cu tezaurul BNR la Moscova. Acesta a transportat 1438 de casete \u00eenc\u0103rcate \u00een 17 vagoane.<\/p>\n<p>Pe timbrul cu valoarea nominal\u0103 de <strong>5,50 lei<\/strong> este ilustrat aversul unei monede rom\u00e2ne\u0219ti din aur, cu valoarea de 12,50 lei, asociat cu imaginea miniatural\u0103 a Protocolului rom\u00e2no-rus din decembrie 1916 \u0219i sigiliile B\u0103ncii Na\u021bionale a Rom\u00e2niei \u0219i B\u0103ncii de Stat a Imperiului Rus.<\/p>\n<p>Pe timbrul cu valoarea nominal\u0103 de <strong>7,50 lei <\/strong>este reprodus reversul unei monede rom\u00e2ne\u0219ti cu valoarea de 50 lei, asociat cu Palatul BNR Lipscani, la 1917.<\/p>\n<p>Pe timbrul cu valoarea nominal\u0103 de <strong>27 lei<\/strong> este redat aversul unei monede rom\u00e2ne\u0219ti din aur cu valoarea de 20 lei, asociat\u0103 cu un detaliu decorativ din Holul ghi\u0219eelor, Palatul BNR Lipscani.<\/p>\n<p>Coli\u021ba emisiunii red\u0103 \u00een timbrul cu valoarea nominal\u0103 de <strong>32 lei<\/strong>, aversul unei monede rom\u00e2ne\u0219ti cu efigia lui Carol I emis\u0103 \u00een anul 1870, asociat\u0103 cu referin\u021ba Rezolu\u021biei Parlamentului European, adoptat\u0103 \u00een 2024, cu privire la returnarea tezaurului rom\u00e2nesc. \u00cen grafica coli\u021bei este redat un interior din Palatul BNR.<\/p>\n<p>Pe unul din plicurile \u201eprima zi\u201d este ilustrat un detaliu arhitectural al fa\u021badei Palatului BNR Lipscani, iar pe al doilea plic sunt redate prima fil\u0103 a protocolului rom\u00e2no-rus (Ia\u0219i, 14 decembrie 1916) \u0219i inventarul tezaurului (Moscova, februarie 1917).<\/p>\n<p>Istoria Tezaurului B\u0103ncii Na\u021bionale a Rom\u00e2niei de la Moscova a \u00eenceput \u00een anii Primului R\u0103zboi Mondial, dup\u0103 ce Rom\u00e2nia s-a al\u0103turat Antantei \u00een august 1916. Armata Rom\u00e2n\u0103 a fost nevoit\u0103 s\u0103 lupte pe dou\u0103 fronturi, ceea ce a permis trupelor Puterilor Centrale s\u0103 ocupe 2\/3 din teritoriul Rom\u00e2niei, inclusiv capitala Bucure\u0219ti. Toate institu\u021biile Statului rom\u00e2n s-au mutat la Ia\u0219i.<\/p>\n<p>Riscul ca \u00eentreaga \u021bar\u0103 s\u0103 fie ocupat\u0103 de armatele Puterilor Centrale a determinat Guvernul rom\u00e2n s\u0103 evacueze Tezaurul Rom\u00e2niei la Moscova, av\u00e2nd \u00een vedere c\u0103 Rusia era unica \u021bar\u0103 aliat\u0103 cu care Rom\u00e2nia avea grani\u021b\u0103 comun\u0103, \u00een timp ce submarinele germane ac\u021bionau deja \u00een Marea Neagr\u0103. Rela\u021bia de rudenie dintre Regina Maria \u0219i \u021barul Nicolae al II-lea a favorizat luarea acestei decizii.<\/p>\n<p>Rezerva (stocul) de aur a(l) B\u0103ncii Na\u021bionale a Rom\u00e2niei, \u00een greutate de 91,5 tone de aur fin (monede \u0219i lingouri), bijuteriile Reginei Maria \u0219i importante valori istorice \u0219i culturale au fost evacuate \u00een Rusia \u00een dou\u0103 etape, \u00een decembrie 1916 \u0219i \u00een august 1917. Guvernul imperial rus \u0219i apoi Guvernul rus provizoriu au garantat securitatea transportului, depozitarea \u0219i returnarea tuturor valorilor \u00een Rom\u00e2nia, garan\u021biile fiind men\u021bionate clar \u00een protocoalele semnate de guvernele celor dou\u0103 \u021b\u0103ri. Dup\u0103 ce au cucerit puterea \u00een Rusia, bol\u0219evicii au sechestrat Tezaurul Rom\u00e2niei aflat la Moscova (ianuarie 1918). De\u0219i Guvernul sovietic a restituit o parte dintre valorile istorice \u0219i culturale ale Rom\u00e2niei \u00een anii 1935 \u0219i 1956, stocul de aur al B\u0103ncii Na\u021bionale a Rom\u00e2niei n-a fost returnat.<\/p>\n<p>Toate protocoalele referitoare la \u00eencredin\u021barea Tezaurului BNR p\u0103r\u021bii ruse se p\u0103streaz\u0103 p\u00e2n\u0103 ast\u0103zi, \u00een original, la Banca Na\u021bional\u0103 a Rom\u00e2niei, dosarul ce le cuprinde pred\u00e2ndu-se din m\u00e2n\u0103 \u00een m\u00e2n\u0103 de la un guvernator la altul, de mai bine de o sut\u0103 de ani. Autenticitatea acestor documente a fost recunoscut\u0103 \u0219i de exper\u021bii ru\u0219i din cadrul Comisiei comune rom\u00e2no-ruse pentru studierea problemelor izvor\u00e2te din istoria rela\u021biilor bilaterale \u00eenfiin\u021bate \u00een baza <em>Declara\u021biei comune a mini\u0219trilor de externe rom\u00e2n \u0219i rus<\/em> (2003).<\/p>\n<p>\u00cencep\u00e2nd din 2023, Banca Na\u021bional\u0103 a Rom\u00e2niei a anun\u021bat o nou\u0103 abordare, aceea a unei crean\u021be valide, legale \u0219i exigibile asupra Rusiei. Cu acest prilej, guvernatorul Mugur Is\u0103rescu ar\u0103ta c\u0103 problematica Tezaurului BNR de la Moscova \u201er\u0103m\u00e2ne singurul caz \u00een care rezerva de aur monetar este \u00eencredin\u021bat\u0103 cu acte \u00een regul\u0103 \u0219i cu toate garan\u021biile depozitarului c\u0103 va fi returnat oric\u00e2nd la cererea proprietarului, pentru ca ulterior aceste obliga\u021bii asumate, conform tuturor normelor \u0219i cutumelor interna\u021bionale, s\u0103 nu fie respectate\u201d.<\/p>\n<p>\u00cen martie 2024, Banca Na\u021bional\u0103 a Rom\u00e2niei a vernisat la sediul din Bruxelles al Parlamentului European expozi\u021bia <em>The Gold Treasure of the National Bank of Romania sent to Moscow and never returned \u2013 a claim older than a century<\/em>, iar \u00een \u0219edin\u021ba plenar\u0103 a Parlamentului European, din 14 martie 2024, a fost adoptat\u0103, cu mare majoritate, <em>Rezolu\u021bia referitoare la returnarea tezaurului na\u021bional al Rom\u00e2niei \u00eensu\u0219it ilegal de Rusia<\/em>. Introducerea temei Tezaurului BNR de la Moscova pe agenda politic\u0103 european\u0103 \u00eendrept\u0103\u021be\u0219te BNR s\u0103-\u0219i continue, cu un optimism prudent, demersurile pentru recuperarea acestei crean\u021be.<\/p>\n<p><em>Romfilatelia mul\u021bume\u0219te speciali\u0219tilor B\u0103ncii Na\u021bionale a Rom\u00e2niei pentru sprijinul documentar acordat la realizarea acestei emisiuni de m\u0103rci po\u0219tale<\/em>.<\/p>\n<p>&nbsp;<\/p>\n<p><a href=\"https:\/\/romfilatelia.ro\/magazin\/wp-content\/uploads\/2026\/04\/caract_Tezaurul-din-seiful-istoriei-aurul-BNR-de-la-Moscova.jpg\"><img decoding=\"async\" loading=\"lazy\" class=\"aligncenter wp-image-2037661 size-full\" src=\"https:\/\/romfilatelia.ro\/magazin\/wp-content\/uploads\/2026\/04\/caract_Tezaurul-din-seiful-istoriei-aurul-BNR-de-la-Moscova.jpg\" alt=\"\" width=\"1716\" height=\"1788\" srcset=\"https:\/\/romfilatelia.ro\/magazin\/wp-content\/uploads\/2026\/04\/caract_Tezaurul-din-seiful-istoriei-aurul-BNR-de-la-Moscova.jpg 1716w, https:\/\/romfilatelia.ro\/magazin\/wp-content\/uploads\/2026\/04\/caract_Tezaurul-din-seiful-istoriei-aurul-BNR-de-la-Moscova-288x300.jpg 288w, https:\/\/romfilatelia.ro\/magazin\/wp-content\/uploads\/2026\/04\/caract_Tezaurul-din-seiful-istoriei-aurul-BNR-de-la-Moscova-768x800.jpg 768w, https:\/\/romfilatelia.ro\/magazin\/wp-content\/uploads\/2026\/04\/caract_Tezaurul-din-seiful-istoriei-aurul-BNR-de-la-Moscova-1474x1536.jpg 1474w, https:\/\/romfilatelia.ro\/magazin\/wp-content\/uploads\/2026\/04\/caract_Tezaurul-din-seiful-istoriei-aurul-BNR-de-la-Moscova-500x521.jpg 500w, https:\/\/romfilatelia.ro\/magazin\/wp-content\/uploads\/2026\/04\/caract_Tezaurul-din-seiful-istoriei-aurul-BNR-de-la-Moscova-64x67.jpg 64w\" sizes=\"(max-width: 1716px) 100vw, 1716px\" \/><\/a><\/p>\n<p>&nbsp;<\/p>\n","protected":false},"excerpt":{"rendered":"<p>Romfilatelia \u0219i Po\u0219ta Rom\u00e2n\u0103 introduc \u00een circula\u021bie miercuri, 29 aprilie 2026, o emisiune filatelic\u0103 cu tematic\u0103 istoric\u0103 deosebit\u0103, sub titulatura Tezaurul din seiful istoriei \u2013 aurul B\u0103ncii Na\u021bionale a Rom\u00e2niei de la Moscova. Elementele filatelice ale emisiunii sunt reprezentate de patru m\u0103rci po\u0219tale, pe care sunt redate aversurile unor monede rom\u00e2ne\u0219ti din aur, emise \u00een&hellip;&nbsp;<a href=\"https:\/\/romfilatelia.ro\/magazin\/produs\/colectii-anuale\/2026\/tezaurul-din-seiful-istoriei-aurul-bancii-nationale-a-romaniei-de-la-moscova\/\" class=\"\" rel=\"bookmark\">Cite\u0219te mai mult &raquo;<span class=\"screen-reader-text\">TEZAURUL DIN SEIFUL ISTORIEI \u2013 AURUL B\u0102NCII NA\u021aIONALE A ROM\u00c2NIEI DE LA MOSCOVA<\/span><\/a><\/p>\n","protected":false},"featured_media":2037662,"template":"","meta":{"neve_meta_sidebar":"","neve_meta_container":"","neve_meta_enable_content_width":"off","neve_meta_content_width":100,"neve_meta_title_alignment":"","neve_meta_author_avatar":"","neve_post_elements_order":"","neve_meta_disable_header":"","neve_meta_disable_footer":"","neve_meta_disable_title":""},"product_cat":[343,6],"product_tag":[],"_links":{"self":[{"href":"https:\/\/romfilatelia.ro\/magazin\/wp-json\/wp\/v2\/product\/2037659"}],"collection":[{"href":"https:\/\/romfilatelia.ro\/magazin\/wp-json\/wp\/v2\/product"}],"about":[{"href":"https:\/\/romfilatelia.ro\/magazin\/wp-json\/wp\/v2\/types\/product"}],"wp:featuredmedia":[{"embeddable":true,"href":"https:\/\/romfilatelia.ro\/magazin\/wp-json\/wp\/v2\/media\/2037662"}],"wp:attachment":[{"href":"https:\/\/romfilatelia.ro\/magazin\/wp-json\/wp\/v2\/media?parent=2037659"}],"wp:term":[{"taxonomy":"product_cat","embeddable":true,"href":"https:\/\/romfilatelia.ro\/magazin\/wp-json\/wp\/v2\/product_cat?post=2037659"},{"taxonomy":"product_tag","embeddable":true,"href":"https:\/\/romfilatelia.ro\/magazin\/wp-json\/wp\/v2\/product_tag?post=2037659"}],"curies":[{"name":"wp","href":"https:\/\/api.w.org\/{rel}","templated":true}]}}