{"id":2037597,"date":"2026-04-08T14:39:54","date_gmt":"2026-04-08T12:39:54","guid":{"rendered":"https:\/\/romfilatelia.ro\/magazin\/?post_type=product&#038;p=2037597"},"modified":"2026-04-08T14:49:27","modified_gmt":"2026-04-08T12:49:27","slug":"europa-2026-70-de-ani","status":"publish","type":"product","link":"https:\/\/romfilatelia.ro\/magazin\/produs\/colectii-anuale\/2026\/europa-2026-70-de-ani\/","title":{"rendered":"EUROPA 2026, 70 DE ANI"},"content":{"rendered":"<p><a href=\"https:\/\/romfilatelia.ro\/magazin\/wp-content\/uploads\/2026\/04\/SITE_mc_Europa-2026-70-ani.jpg\"><img decoding=\"async\" loading=\"lazy\" class=\"alignleft wp-image-2037598\" src=\"https:\/\/romfilatelia.ro\/magazin\/wp-content\/uploads\/2026\/04\/SITE_mc_Europa-2026-70-ani-205x300.jpg\" alt=\"\" width=\"600\" height=\"879\" srcset=\"https:\/\/romfilatelia.ro\/magazin\/wp-content\/uploads\/2026\/04\/SITE_mc_Europa-2026-70-ani-205x300.jpg 205w, https:\/\/romfilatelia.ro\/magazin\/wp-content\/uploads\/2026\/04\/SITE_mc_Europa-2026-70-ani-768x1125.jpg 768w, https:\/\/romfilatelia.ro\/magazin\/wp-content\/uploads\/2026\/04\/SITE_mc_Europa-2026-70-ani-1049x1536.jpg 1049w, https:\/\/romfilatelia.ro\/magazin\/wp-content\/uploads\/2026\/04\/SITE_mc_Europa-2026-70-ani-500x732.jpg 500w, https:\/\/romfilatelia.ro\/magazin\/wp-content\/uploads\/2026\/04\/SITE_mc_Europa-2026-70-ani-64x94.jpg 64w, https:\/\/romfilatelia.ro\/magazin\/wp-content\/uploads\/2026\/04\/SITE_mc_Europa-2026-70-ani.jpg 1180w\" sizes=\"(max-width: 600px) 100vw, 600px\" \/><\/a>Pentru a marca aniversarea a \u0219apte decenii de la emiterea timbrelor cu tema \u201eEuropa\u201d, <strong>Romfilatelia <\/strong>\u0219i <strong>Po\u0219ta Rom\u00e2n\u0103<\/strong> vor introduce \u00een circula\u021bie <em>joi, 09 aprilie a.c.,<\/em> emisiunea de m\u0103rci po\u0219tale <strong><em>\u201eEuropa, 70 de ani\u201d<\/em><\/strong>.<\/p>\n<p>Emisiunea are \u00een componen\u021b\u0103 dou\u0103 m\u0103rci po\u0219tale cu valorile nominale de <strong>9 lei<\/strong> \u0219i <strong>16 lei<\/strong>, precum \u0219i un plic \u201eprima zi\u201d.<\/p>\n<p>Emise pentru prima dat\u0103 \u00een 1956 de \u0219ase \u021b\u0103ri \u2013 Belgia, Fran\u021ba, Germania, Italia, Luxemburg \u0219i \u021a\u0103rile de Jos \u2013, aceste timbre simbolizau pacea, unitatea \u0219i cooperarea \u00een Europa. Ast\u0103zi, familia de timbre EUROPA a crescut la 53 de organiza\u021bii po\u0219tale de pe \u00eentreg continentul.<\/p>\n<p>De-a lungul deceniilor, proiectul de timbre EUROPA a reunit administra\u021biile po\u0219tale, \u00een special prin intermediul unor modele create \u00een colaborare cu ocazia unor evenimente marcante, precum anivers\u0103ri sau acte de solidaritate. Ini\u021biativa a inspirat operatorii po\u0219tali s\u0103 celebreze bogatul patrimoniu cultural al Europei, cre\u00e2nd simboluri atemporale ale valorilor \u0219i aspira\u021biilor comune, care continu\u0103 s\u0103 fascineze noile genera\u021bii de colec\u021bionari.<\/p>\n<p>Anul trecut, Grupul de Lucru pentru Filatelie \u0219i Timbre al PostEurop a organizat un concurs intern pentru a selecta un motiv grafic comun pentru tema \u201e70 de ani de la lansarea timbrului EUROPA: Uni\u021bi \u00een\u2026\u201d. Ghida\u021bi de valori comune precum comunicarea, inovarea, cooperarea \u0219i r\u0103d\u0103cinile comune, membrii au prezentat 15 propuneri creative, fiecare dintre ele oferind o viziune unic\u0103. Operatorii po\u0219tali au fost invita\u021bi s\u0103 voteze pentru modelele lor preferate.<\/p>\n<p>\u00cen urma voturilor exprimate de 50 de organiza\u021bii po\u0219tale, c\u00e2\u0219tig\u0103torul competi\u021biei pentru timbrul EUROPA 2026 a fost Posti Ltd, Finlanda, iar designul timbrului a fost creat de domnul Klaus Welp, care a \u00eemp\u0103rt\u0103\u0219it sursa de inspira\u021bie din spatele lucr\u0103rii sale: \u201e\u00cen lumea turbulent\u0103 a zilelor noastre, exist\u0103 o nevoie tot mai mare de pace, unitate \u0219i un puternic spirit comunitar, precum \u0219i de sisteme de comunica\u021bii fiabile. Un serviciu po\u0219tal na\u021bional care func\u021bioneaz\u0103 bine este un pilon fundamental al democra\u021biilor, oferind securitate \u0219i conectivitate cet\u0103\u021benilor.\u201d<\/p>\n<p>Designul c\u00e2\u0219tig\u0103tor al timbrului EUROPA 2026 (cu valoarea nominal\u0103 de <strong>16 lei<\/strong>) combin\u0103 elemente abstracte \u0219i simbolice. Linia punctat\u0103, ascendent\u0103 pe diagonal\u0103, reprezint\u0103 at\u00e2t perfora\u021bia unui timbru, c\u00e2t \u0219i activitatea progresiv\u0103 a PostEurop. Cele \u0219apte puncte, conectate printr-o linie dreapt\u0103, simbolizeaz\u0103 \u0219aptezeci de ani de eforturi comune al operatorilor po\u0219tali de pe \u00eentreg continentul. Gradientele \u00eembinate \u0219i modelele punctate din fundal formeaz\u0103 o suprafa\u021b\u0103 coerent\u0103 \u0219i vibrant\u0103, reflect\u00e2nd amestecul vesel de culori al drapelului european \u0219i simboliz\u00e2nd unitatea tuturor na\u021biunilor membre.<\/p>\n<p>Klaus Welp este un artist vizual cu cet\u0103\u021benie finlandez\u0103 \u0219i german\u0103. A studiat diverse domenii ale comunic\u0103rii vizuale la Universitatea Aalto din Helsinki, la Universitatea de Arte Plastice din Xalapa (Mexic) \u0219i la Universitatea de Arte din Berlin.<\/p>\n<p>Conceptul emisiunii filatelice reprezint\u0103 pacea ca valoare comun\u0103 \u00eemp\u0103rt\u0103\u0219it\u0103 \u00eentre \u021b\u0103ri. Timbrul Rom\u00e2niei (cu valoarea nominal\u0103 de <strong>9 lei) <\/strong>ilustreaz\u0103 leg\u0103tura dintre Rom\u00e2nia \u0219i Europa, red\u00e2nd astfel unitatea, pacea \u0219i cooperarea dintre \u021b\u0103rile membre.<\/p>\n<p>Pentru a men\u021bine o unitate stilistic\u0103, timbrul rom\u00e2nesc este conceput \u00een aceea\u0219i manier\u0103 grafic\u0103 asem\u0103n\u0103toare cu designul timbrului c\u00e2\u0219tig\u0103tor, simboliz\u00e2nd astfel \u00eenfr\u0103\u021birea, integrarea \u0219i prietenia dintre \u021b\u0103ri.<\/p>\n<p>&nbsp;<\/p>\n<p><a href=\"https:\/\/romfilatelia.ro\/magazin\/wp-content\/uploads\/2026\/04\/caract_Europa-2026.jpg\"><img decoding=\"async\" loading=\"lazy\" class=\"aligncenter wp-image-2037599 size-full\" src=\"https:\/\/romfilatelia.ro\/magazin\/wp-content\/uploads\/2026\/04\/caract_Europa-2026.jpg\" alt=\"\" width=\"1666\" height=\"1110\" srcset=\"https:\/\/romfilatelia.ro\/magazin\/wp-content\/uploads\/2026\/04\/caract_Europa-2026.jpg 1666w, https:\/\/romfilatelia.ro\/magazin\/wp-content\/uploads\/2026\/04\/caract_Europa-2026-300x200.jpg 300w, https:\/\/romfilatelia.ro\/magazin\/wp-content\/uploads\/2026\/04\/caract_Europa-2026-768x512.jpg 768w, https:\/\/romfilatelia.ro\/magazin\/wp-content\/uploads\/2026\/04\/caract_Europa-2026-1536x1023.jpg 1536w, https:\/\/romfilatelia.ro\/magazin\/wp-content\/uploads\/2026\/04\/caract_Europa-2026-930x620.jpg 930w, https:\/\/romfilatelia.ro\/magazin\/wp-content\/uploads\/2026\/04\/caract_Europa-2026-500x333.jpg 500w, https:\/\/romfilatelia.ro\/magazin\/wp-content\/uploads\/2026\/04\/caract_Europa-2026-64x43.jpg 64w\" sizes=\"(max-width: 1666px) 100vw, 1666px\" \/><\/a><\/p>\n","protected":false},"excerpt":{"rendered":"<p>Pentru a marca aniversarea a \u0219apte decenii de la emiterea timbrelor cu tema \u201eEuropa\u201d, Romfilatelia \u0219i Po\u0219ta Rom\u00e2n\u0103 vor introduce \u00een circula\u021bie joi, 09 aprilie a.c., emisiunea de m\u0103rci po\u0219tale \u201eEuropa, 70 de ani\u201d. Emisiunea are \u00een componen\u021b\u0103 dou\u0103 m\u0103rci po\u0219tale cu valorile nominale de 9 lei \u0219i 16 lei, precum \u0219i un plic \u201eprima&hellip;&nbsp;<a href=\"https:\/\/romfilatelia.ro\/magazin\/produs\/colectii-anuale\/2026\/europa-2026-70-de-ani\/\" class=\"\" rel=\"bookmark\">Cite\u0219te mai mult &raquo;<span class=\"screen-reader-text\">EUROPA 2026, 70 DE ANI<\/span><\/a><\/p>\n","protected":false},"featured_media":2037601,"template":"","meta":{"neve_meta_sidebar":"","neve_meta_container":"","neve_meta_enable_content_width":"off","neve_meta_content_width":100,"neve_meta_title_alignment":"","neve_meta_author_avatar":"","neve_post_elements_order":"","neve_meta_disable_header":"","neve_meta_disable_footer":"","neve_meta_disable_title":""},"product_cat":[343,6],"product_tag":[],"_links":{"self":[{"href":"https:\/\/romfilatelia.ro\/magazin\/wp-json\/wp\/v2\/product\/2037597"}],"collection":[{"href":"https:\/\/romfilatelia.ro\/magazin\/wp-json\/wp\/v2\/product"}],"about":[{"href":"https:\/\/romfilatelia.ro\/magazin\/wp-json\/wp\/v2\/types\/product"}],"wp:featuredmedia":[{"embeddable":true,"href":"https:\/\/romfilatelia.ro\/magazin\/wp-json\/wp\/v2\/media\/2037601"}],"wp:attachment":[{"href":"https:\/\/romfilatelia.ro\/magazin\/wp-json\/wp\/v2\/media?parent=2037597"}],"wp:term":[{"taxonomy":"product_cat","embeddable":true,"href":"https:\/\/romfilatelia.ro\/magazin\/wp-json\/wp\/v2\/product_cat?post=2037597"},{"taxonomy":"product_tag","embeddable":true,"href":"https:\/\/romfilatelia.ro\/magazin\/wp-json\/wp\/v2\/product_tag?post=2037597"}],"curies":[{"name":"wp","href":"https:\/\/api.w.org\/{rel}","templated":true}]}}