{"id":2037576,"date":"2026-04-01T11:17:45","date_gmt":"2026-04-01T09:17:45","guid":{"rendered":"https:\/\/romfilatelia.ro\/magazin\/?post_type=product&#038;p=2037576"},"modified":"2026-04-08T14:38:58","modified_gmt":"2026-04-08T12:38:58","slug":"ziua-internationala-a-cartii-pentru-copii","status":"publish","type":"product","link":"https:\/\/romfilatelia.ro\/magazin\/produs\/colectii-anuale\/2026\/ziua-internationala-a-cartii-pentru-copii\/","title":{"rendered":"ZIUA INTERNA\u021aIONAL\u0102 A C\u0102R\u021aII PENTRU COPII"},"content":{"rendered":"<p><strong><a href=\"https:\/\/romfilatelia.ro\/magazin\/wp-content\/uploads\/2026\/04\/SITE_mc_Ziua-int-a-cartii-pt-copii.jpg\"><img decoding=\"async\" loading=\"lazy\" class=\"alignleft wp-image-2037578\" src=\"https:\/\/romfilatelia.ro\/magazin\/wp-content\/uploads\/2026\/04\/SITE_mc_Ziua-int-a-cartii-pt-copii-167x300.jpg\" alt=\"\" width=\"300\" height=\"538\" srcset=\"https:\/\/romfilatelia.ro\/magazin\/wp-content\/uploads\/2026\/04\/SITE_mc_Ziua-int-a-cartii-pt-copii-167x300.jpg 167w, https:\/\/romfilatelia.ro\/magazin\/wp-content\/uploads\/2026\/04\/SITE_mc_Ziua-int-a-cartii-pt-copii-768x1378.jpg 768w, https:\/\/romfilatelia.ro\/magazin\/wp-content\/uploads\/2026\/04\/SITE_mc_Ziua-int-a-cartii-pt-copii-856x1536.jpg 856w, https:\/\/romfilatelia.ro\/magazin\/wp-content\/uploads\/2026\/04\/SITE_mc_Ziua-int-a-cartii-pt-copii-1142x2048.jpg 1142w, https:\/\/romfilatelia.ro\/magazin\/wp-content\/uploads\/2026\/04\/SITE_mc_Ziua-int-a-cartii-pt-copii-500x897.jpg 500w, https:\/\/romfilatelia.ro\/magazin\/wp-content\/uploads\/2026\/04\/SITE_mc_Ziua-int-a-cartii-pt-copii-64x115.jpg 64w, https:\/\/romfilatelia.ro\/magazin\/wp-content\/uploads\/2026\/04\/SITE_mc_Ziua-int-a-cartii-pt-copii.jpg 1260w\" sizes=\"(max-width: 300px) 100vw, 300px\" \/><\/a><\/strong><strong>Romfilatelia<\/strong> \u0219i <strong>Po\u0219ta Rom\u00e2n\u0103<\/strong> introduc \u00een circula\u021bie <em>joi, 2 aprilie a.c.<\/em> o emisiune dedicat\u0103 unui eveniment cultural cu impact universal: <strong><em>Ziua Interna\u021bional\u0103 a C\u0103r\u021bii pentru copii<\/em><\/strong>, av\u00e2nd \u00een componen\u021ba sa patru m\u0103rci po\u0219tale \u0219i un plic \u201eprima zi\u201d.<\/p>\n<p>Acest eveniment cultural a fost ini\u021biat la data de 2 aprilie 1967, \u00een semn de deosebit respect pentru cel mai cunoscut povestitor pentru copii, Hans Christian Andersen (n\u0103scut pe 2 aprilie 1885), autor al unor pove\u0219ti nemuritoare: <em>Mica Siren\u0103, R\u0103\u021bu\u0219ca cea ur\u00e2t\u0103, Cr\u0103iasa Z\u0103pezilor. <\/em><\/p>\n<p>Ziua Interna\u021bional\u0103 a C\u0103r\u021bii pentru Copii reprezint\u0103 un prilej deosebit \u0219i bine ales, pentru a eviden\u021bia importan\u021ba lecturii \u00een dezvoltarea armonioas\u0103 a celor mici.<\/p>\n<p>Pove\u0219tile sunt menite s\u0103 stimuleze imagina\u021bia, s\u0103 dezvolte vocabularul, s\u0103-i orienteze pe copii \u00een descoperirea \u0219i \u00een\u021belegerea lumii din jurul lor. Lectura pove\u0219tilor dezvolt\u0103 empatie \u0219i ofer\u0103 copiilor repere morale \u0219i modele de inspira\u021bie u\u0219or de adaptat \u0219i perfec\u021bionat.<\/p>\n<p>\u00centr-o tr\u0103ire \u00een plin\u0103 er\u0103 digital\u0103, \u00een care imaginile ecranelor ocup\u0103 timpul liber al copiilor, aceast\u0103 zi aminte\u0219te de bucuria lecturii, de farmecul pove\u0219tilor citite \u00eenainte de culcare, de valoarea c\u0103r\u021bilor tip\u0103rite.<\/p>\n<p>Aduc\u00e2ndu-i \u00een lumea c\u0103r\u021bii \u0219i a obiceiului de a citi, construim la formarea unor genera\u021bii mai dornice de cunoa\u0219tere \u0219i mai creative, \u021bin\u00e2nd seama \u0219i de faptul c\u0103 orice carte reprezint\u0103 o punte de leg\u0103tur\u0103 \u00eentre genera\u021bii, creeaz\u0103 momente de apropiere \u0219i \u00eenv\u0103\u021bare comun\u0103.<\/p>\n<p>Epoca de aur a c\u0103r\u021bilor pentru copii se plaseaz\u0103 \u00een secolul XX, c\u00e2nd apar c\u0103r\u021bile ilustrate de tipul celor mai cunoscute, eviden\u021biind aici cele mai iubite \u0219i citite c\u0103r\u021bi pentru copii, \u00eentre care se num\u0103r\u0103: <em>Micul Prin\u021b,<\/em> de Antoine de Saint-Exup\u00e9ry, <em>Harry Potter<\/em>, de J.K. Rowling, Aventurile lui Tom Sawyer, de Mark Twain, <em>Alice \u00een \u021aara Minunilor,<\/em> de Lewis Carroll, <em>Winnie de Puh<\/em>, de A.A. Milne, <em>Matilda,<\/em> de Roald Dahl, <em>C\u0103r\u021bile Junglei, <\/em>de Rudyard Kipling.<\/p>\n<p>Ziua Interna\u021bional\u0103 a C\u0103r\u021bii pentru Copii \u0219i Tineret cap\u0103t\u0103 o sensibilitate special\u0103, put\u00e2nd fi comparat\u0103 cu ocrotirea unei rezerva\u021bii plin\u0103 de comori ascunse \u0219i rare.<\/p>\n<p>Se afirm\u0103 adeseori c\u0103 vremea copil\u0103riei este f\u0103cut\u0103 din vat\u0103 de zah\u0103r pe b\u0103\u021b, gogo\u0219i, dat \u00een leag\u0103n, r\u00e2sete \u0219i voie bun\u0103 \u0219i mai ales, din pove\u0219ti citite sau spuse cu glas domol de \u00eendr\u0103gi\u021bii bunici. Toate ac\u021biunile organizate \u00een s\u0103rb\u0103torita zi trebuie organizate sub forma unor biblioteci comune, \u00een care cei mari \u0219i cei mici s\u0103 citeasc\u0103 \u0219i s\u0103 comenteze \u00eempreun\u0103 de la pove\u0219ti cu animale fantastice \u0219i peripe\u021bii, p\u00e2n\u0103 la basme pline de ging\u0103\u0219ie \u0219i iubire, pove\u0219ti, asemenea unor \u00eembr\u0103\u021bi\u0219\u0103ri calde \u0219i pufoase, ca gogo\u0219ile pudrate cu zah\u0103r.<\/p>\n<p>Marca po\u0219tal\u0103 cu valoarea nominal\u0103 de <strong>3 lei<\/strong> ilustreaz\u0103 o binecunoscut\u0103 povestire \u201e<strong><em>Scufi\u021ba Ro\u0219ie<\/em>\u201d<\/strong>. A fost culeas\u0103 de folcloristul Charles Perrault \u0219i de Fra\u021bii Grimm, care au f\u0103cut-o celebr\u0103. Povestea are un \u00eenv\u0103\u021b\u0103m\u00e2nt dedicat rela\u021biilor cu personaje necunoscute care pot conduce la deznod\u0103minte grave. Lupul, urm\u0103rind-o<br \/>\npe Scufi\u021ba Ro\u0219ie \u00een drumul ei spre casa bunicii \u0219i co\u0219ul cu merinde, scopul real al c\u0103l\u0103toriei, apar \u00een imagine ca elemente definitorii ale povestirii.<\/p>\n<p>Marca po\u0219tal\u0103 cu valoarea nominal\u0103 de <strong>6 lei<\/strong> red\u0103 o emo\u021bionant\u0103 poveste intitulat\u0103 \u201e<strong><em>Mica Siren\u0103<\/em>\u201d,<\/strong> a scriitorului danez Hans Christian Andersen.<\/p>\n<p>Vr\u0103jitoarea \u0219i elemente definitorii ale dramei &#8211; coroana, mesajul din sticl\u0103, pumnalul (simbol al sacrificiului final) \u2013 ilustreaz\u0103 destinul ginga\u0219ei sirene transformate \u00een final \u00een spuma m\u0103rii.<\/p>\n<p>Marca po\u0219tal\u0103 cu valoarea nominal\u0103 de <strong>7 lei<\/strong> red\u0103 fabula <strong><em>\u201eCorbul \u0219i vulpea\u201d<\/em><\/strong> a lui Esop, adaptat\u0103 \u0219i adus\u0103 la cuno\u0219tin\u021b\u0103 publicului larg de francezul Jean de La Fontaine. Este o fabul\u0103 clasic\u0103 despre cum lingu\u0219irea poate profita de naivitate. Flatat de laud\u0103, corbul deschide pliscul \u0219i scap\u0103 bucata de ca\u0219caval, ilustr\u00e2nd \u0219i proverbul \u201evorba dulce mult aduce\u201d.<\/p>\n<p>Marca po\u0219tal\u0103 cu valoarea nominal\u0103 de <strong>27 lei<\/strong> ilustreaz\u0103 celebra poveste <strong><em>\u201eCapra cu trei iezi\u201d<\/em><\/strong>, a \u00eendr\u0103gitului scriitor rom\u00e2n Ion Creang\u0103. Cei trei iezi, mezinul cuminte \u0219i ceilal\u021bi doi nep\u0103s\u0103tori, au ca plan secund elemente cheie ale pove\u0219tii: u\u0219a, cheia, lac\u0103tul, cuptorul \u0219i hornul \u00een spatele c\u0103ruia s-a refugiat iedul cel mic, sc\u0103p\u00e2nd de lupul uciga\u0219. Covorul \u021besut trimite subtil la originea autohton\u0103 a pove\u0219tii.<\/p>\n<p>Imaginea plicului \u201eprima zi\u201d induce ideea mont\u0103rii unei mici reprezenta\u021bii teatrale, \u00een care copiii, juc\u00e2nd roluriile eroilor povestirii, citesc o singur\u0103 carte, \u00eemp\u0103rt\u0103\u0219indu-\u0219i propriile experien\u021be cu manifest\u0103rile unui viclean animal: lupul.<\/p>\n<p><em>Romfilatelia mul\u021bume\u0219te reprezentan\u021bilor Clubului Ilustratorilor pentru colaborare, Bianca Tulea, machetatoarea emisiunii, fiind membr\u0103 a acestui Club.<\/em><\/p>\n<p><a href=\"https:\/\/romfilatelia.ro\/magazin\/wp-content\/uploads\/2026\/04\/caract_Ziua-Int-a-Cartii-pt-copii.jpg\"><img decoding=\"async\" loading=\"lazy\" class=\"aligncenter wp-image-2037577 size-full\" src=\"https:\/\/romfilatelia.ro\/magazin\/wp-content\/uploads\/2026\/04\/caract_Ziua-Int-a-Cartii-pt-copii.jpg\" alt=\"\" width=\"1717\" height=\"1655\" srcset=\"https:\/\/romfilatelia.ro\/magazin\/wp-content\/uploads\/2026\/04\/caract_Ziua-Int-a-Cartii-pt-copii.jpg 1717w, https:\/\/romfilatelia.ro\/magazin\/wp-content\/uploads\/2026\/04\/caract_Ziua-Int-a-Cartii-pt-copii-300x289.jpg 300w, https:\/\/romfilatelia.ro\/magazin\/wp-content\/uploads\/2026\/04\/caract_Ziua-Int-a-Cartii-pt-copii-768x740.jpg 768w, https:\/\/romfilatelia.ro\/magazin\/wp-content\/uploads\/2026\/04\/caract_Ziua-Int-a-Cartii-pt-copii-1536x1481.jpg 1536w, https:\/\/romfilatelia.ro\/magazin\/wp-content\/uploads\/2026\/04\/caract_Ziua-Int-a-Cartii-pt-copii-500x482.jpg 500w, https:\/\/romfilatelia.ro\/magazin\/wp-content\/uploads\/2026\/04\/caract_Ziua-Int-a-Cartii-pt-copii-64x62.jpg 64w\" sizes=\"(max-width: 1717px) 100vw, 1717px\" \/><\/a><\/p>\n","protected":false},"excerpt":{"rendered":"<p>Romfilatelia \u0219i Po\u0219ta Rom\u00e2n\u0103 introduc \u00een circula\u021bie joi, 2 aprilie a.c. o emisiune dedicat\u0103 unui eveniment cultural cu impact universal: Ziua Interna\u021bional\u0103 a C\u0103r\u021bii pentru copii, av\u00e2nd \u00een componen\u021ba sa patru m\u0103rci po\u0219tale \u0219i un plic \u201eprima zi\u201d. Acest eveniment cultural a fost ini\u021biat la data de 2 aprilie 1967, \u00een semn de deosebit respect&hellip;&nbsp;<a href=\"https:\/\/romfilatelia.ro\/magazin\/produs\/colectii-anuale\/2026\/ziua-internationala-a-cartii-pentru-copii\/\" class=\"\" rel=\"bookmark\">Cite\u0219te mai mult &raquo;<span class=\"screen-reader-text\">ZIUA INTERNA\u021aIONAL\u0102 A C\u0102R\u021aII PENTRU COPII<\/span><\/a><\/p>\n","protected":false},"featured_media":2037579,"template":"","meta":{"neve_meta_sidebar":"","neve_meta_container":"","neve_meta_enable_content_width":"off","neve_meta_content_width":100,"neve_meta_title_alignment":"","neve_meta_author_avatar":"","neve_post_elements_order":"","neve_meta_disable_header":"","neve_meta_disable_footer":"","neve_meta_disable_title":""},"product_cat":[343,6],"product_tag":[],"_links":{"self":[{"href":"https:\/\/romfilatelia.ro\/magazin\/wp-json\/wp\/v2\/product\/2037576"}],"collection":[{"href":"https:\/\/romfilatelia.ro\/magazin\/wp-json\/wp\/v2\/product"}],"about":[{"href":"https:\/\/romfilatelia.ro\/magazin\/wp-json\/wp\/v2\/types\/product"}],"wp:featuredmedia":[{"embeddable":true,"href":"https:\/\/romfilatelia.ro\/magazin\/wp-json\/wp\/v2\/media\/2037579"}],"wp:attachment":[{"href":"https:\/\/romfilatelia.ro\/magazin\/wp-json\/wp\/v2\/media?parent=2037576"}],"wp:term":[{"taxonomy":"product_cat","embeddable":true,"href":"https:\/\/romfilatelia.ro\/magazin\/wp-json\/wp\/v2\/product_cat?post=2037576"},{"taxonomy":"product_tag","embeddable":true,"href":"https:\/\/romfilatelia.ro\/magazin\/wp-json\/wp\/v2\/product_tag?post=2037576"}],"curies":[{"name":"wp","href":"https:\/\/api.w.org\/{rel}","templated":true}]}}