{"id":2037516,"date":"2026-03-19T12:28:28","date_gmt":"2026-03-19T10:28:28","guid":{"rendered":"https:\/\/romfilatelia.ro\/magazin\/?post_type=product&#038;p=2037516"},"modified":"2026-03-19T12:28:28","modified_gmt":"2026-03-19T10:28:28","slug":"rotary-district-romania-90-de-ani","status":"publish","type":"product","link":"https:\/\/romfilatelia.ro\/magazin\/produs\/colectii-anuale\/2026\/rotary-district-romania-90-de-ani\/","title":{"rendered":"Rotary, District Rom\u00e2nia, 90 de ani"},"content":{"rendered":"<p><em><a href=\"https:\/\/romfilatelia.ro\/wp-content\/uploads\/2026\/03\/SITE_minicoala_ROTARY-90-ani.jpg\"><img decoding=\"async\" loading=\"lazy\" class=\"alignleft wp-image-2050177\" src=\"https:\/\/romfilatelia.ro\/wp-content\/uploads\/2026\/03\/SITE_minicoala_ROTARY-90-ani.jpg\" alt=\"\" width=\"600\" height=\"568\" \/><\/a>Rotary International &#8211; A servi mai presus de sine <\/em><\/p>\n<p>Pentru a marca aniversarea a nou\u0103 decenii de la \u00eenfiin\u021barea primului District Rotary rom\u00e2nesc, <strong>Romfilatelia<\/strong> \u0219i <strong>Po\u0219ta Rom\u00e2n\u0103<\/strong> introduc \u00een circula\u021bie <em>vineri, 20 martie a.c.<\/em> <em>emisiunea filatelic\u0103 <strong>Rotary, District Rom\u00e2nia, 90 de ani<\/strong><\/em>, av\u00e2nd \u00een componen\u021b\u0103 o marc\u0103 po\u0219tal\u0103\u00a0 \u0219i un plic \u201eprima zi\u201d.<\/p>\n<p>\u00cen anul 1905, avocatul american Paul Percy Harris, al\u0103turi de trei prieteni, a fondat un club Rotary \u00een Chicago, o organiza\u021bie non-profit care reunea profesioni\u0219ti \u0219i lideri din diferite domenii pentru a face servicii comunitare, a promova etica \u0219i a contribui la pacea \u0219i bun\u0103starea comunit\u0103\u021bii \u00een care activa.<\/p>\n<p>\u00cen scurt timp, au fost \u00eenfiin\u021bate \u0219i alte cluburi, iar re\u021beaua numit\u0103 Rotary Interna\u021bional, s-a extins \u00een toat\u0103 lumea.<\/p>\n<p>\u00cen 1929 a ap\u0103rut primul club Rotary \u00een Rom\u00e2nia, iar \u00een data de 1 martie 1936 a fost \u00eenfiin\u021bat Districtul 84 Rom\u00e2nia, cuprinz\u00e2nd nou\u0103 cluburi &#8211; Bucure\u0219ti, Timi\u0219oara, Bra\u0219ov, Cern\u0103u\u021bi, Arad, C\u00e2mpina, Ia\u0219i, Cluj \u0219i Ploie\u0219ti \u2013 \u0219i av\u00e2ndu-l drept Guvernator pe inginerul Christian Penescu Kertsch, pre\u0219edintele fondator al primului Club \u2013 Bucure\u0219ti (marca po\u0219tal\u0103 cu valoarea nominal\u0103 de <strong>16 lei<\/strong>).<\/p>\n<p>\u00cen perioada comunist\u0103 mi\u0219carea Rotary a fost interzis\u0103 \u00een Rom\u00e2nia, urm\u00e2nd s\u0103 se reactiveze \u00een anul 1992, prin \u00eenfiin\u021barea Clubului Rotary Bucure\u0219ti.<\/p>\n<p>\u00cen zilele noastre, Rotary International District 2241 Rom\u00e2nia \u0219i Republica Moldova este o organiza\u021bie umanitar\u0103, non-guvernamental\u0103, non-profit, de servicii comunitare, \u00een care oameni uni\u021bi ac\u021bioneaz\u0103 pentru a produce schimb\u0103ri \u00een lume, \u00een comunit\u0103\u021bile lor \u0219i \u00een ei \u00een\u0219i\u0219i, conduc\u00e2nd la crearea unui impact durabil pretutindeni unde se implic\u0103.<\/p>\n<p>Pe plicul \u201eprima zi\u201d este redat\u0103 o diagram\u0103 a ariilor de ac\u021biune ale Rotary Interna\u021bional, preluate \u0219i de Rotary Interna\u021bional District 2241 Rom\u00e2nia \u0219i Republica Moldova, acestea fiind: Promovarea p\u0103cii \u0219i prevenirea conflictelor, Prevenirea \u0219i tratarea bolilor, Apa, salubritatea \u0219i igiena, S\u0103n\u0103tatea mamei \u0219i a copilului, Educa\u021bia de baz\u0103 \u0219i alfabetizarea, Dezvoltarea economic\u0103 a comunit\u0103\u021bii \u0219i Protec\u021bia mediului.<\/p>\n<p><em>Romfilatelia mul\u021bume\u0219te reprezentan\u021bilor Rotary Interna\u021bional District 2241Rom\u00e2nia \u0219i Republica Moldova pentru spriijinul documentar acordat la realizarea acestei emisiuni de m\u0103rci po\u0219tale.<\/em><\/p>\n<p><a href=\"https:\/\/romfilatelia.ro\/wp-content\/uploads\/2026\/03\/caract_-ROTARY-90-ANI-e1773915267549.jpg\"><img decoding=\"async\" loading=\"lazy\" class=\"size-full wp-image-2050178 aligncenter\" src=\"https:\/\/romfilatelia.ro\/wp-content\/uploads\/2026\/03\/caract_-ROTARY-90-ANI-e1773915267549.jpg\" alt=\"\" width=\"1200\" height=\"798\" \/><\/a><\/p>\n","protected":false},"excerpt":{"rendered":"<p>Rotary International &#8211; A servi mai presus de sine Pentru a marca aniversarea a nou\u0103 decenii de la \u00eenfiin\u021barea primului District Rotary rom\u00e2nesc, Romfilatelia \u0219i Po\u0219ta Rom\u00e2n\u0103 introduc \u00een circula\u021bie vineri, 20 martie a.c. emisiunea filatelic\u0103 Rotary, District Rom\u00e2nia, 90 de ani, av\u00e2nd \u00een componen\u021b\u0103 o marc\u0103 po\u0219tal\u0103\u00a0 \u0219i un plic \u201eprima zi\u201d. \u00cen anul&hellip;&nbsp;<a href=\"https:\/\/romfilatelia.ro\/magazin\/produs\/colectii-anuale\/2026\/rotary-district-romania-90-de-ani\/\" class=\"\" rel=\"bookmark\">Cite\u0219te mai mult &raquo;<span class=\"screen-reader-text\">Rotary, District Rom\u00e2nia, 90 de ani<\/span><\/a><\/p>\n","protected":false},"featured_media":2037517,"template":"","meta":{"neve_meta_sidebar":"","neve_meta_container":"","neve_meta_enable_content_width":"off","neve_meta_content_width":100,"neve_meta_title_alignment":"","neve_meta_author_avatar":"","neve_post_elements_order":"","neve_meta_disable_header":"","neve_meta_disable_footer":"","neve_meta_disable_title":""},"product_cat":[343,6],"product_tag":[],"_links":{"self":[{"href":"https:\/\/romfilatelia.ro\/magazin\/wp-json\/wp\/v2\/product\/2037516"}],"collection":[{"href":"https:\/\/romfilatelia.ro\/magazin\/wp-json\/wp\/v2\/product"}],"about":[{"href":"https:\/\/romfilatelia.ro\/magazin\/wp-json\/wp\/v2\/types\/product"}],"wp:featuredmedia":[{"embeddable":true,"href":"https:\/\/romfilatelia.ro\/magazin\/wp-json\/wp\/v2\/media\/2037517"}],"wp:attachment":[{"href":"https:\/\/romfilatelia.ro\/magazin\/wp-json\/wp\/v2\/media?parent=2037516"}],"wp:term":[{"taxonomy":"product_cat","embeddable":true,"href":"https:\/\/romfilatelia.ro\/magazin\/wp-json\/wp\/v2\/product_cat?post=2037516"},{"taxonomy":"product_tag","embeddable":true,"href":"https:\/\/romfilatelia.ro\/magazin\/wp-json\/wp\/v2\/product_tag?post=2037516"}],"curies":[{"name":"wp","href":"https:\/\/api.w.org\/{rel}","templated":true}]}}