{"id":2037485,"date":"2026-03-11T10:46:41","date_gmt":"2026-03-11T08:46:41","guid":{"rendered":"https:\/\/romfilatelia.ro\/magazin\/?post_type=product&#038;p=2037485"},"modified":"2026-03-11T10:46:42","modified_gmt":"2026-03-11T08:46:42","slug":"pasti-2026","status":"publish","type":"product","link":"https:\/\/romfilatelia.ro\/magazin\/produs\/colectii-anuale\/2026\/pasti-2026\/","title":{"rendered":"Pa\u0219ti 2026"},"content":{"rendered":"<p><strong><a href=\"https:\/\/romfilatelia.ro\/wp-content\/uploads\/2026\/03\/SITE_mc_Pasti-2026.jpg\"><img decoding=\"async\" loading=\"lazy\" class=\"alignleft wp-image-2050158\" src=\"https:\/\/romfilatelia.ro\/wp-content\/uploads\/2026\/03\/SITE_mc_Pasti-2026.jpg\" alt=\"\" width=\"600\" height=\"985\" \/><\/a>Romfilatelia <\/strong>\u0219i <strong>Po\u0219ta Rom\u00e2n\u0103<\/strong> introduc \u00een circula\u021bie <em>joi, 12 martie a.c<\/em>. emisiunea filatelic\u0103 intitulat\u0103 <strong><em>Pa\u0219ti 2026<\/em><\/strong>.<\/p>\n<p>Emisiunea este compus\u0103 din dou\u0103 m\u0103rci po\u0219tale, o coli\u021b\u0103 dantelat\u0103, un plic \u201eprima zi\u201d \u0219i o map\u0103 filatelic\u0103 cu produse speciale \u00een tiraj limitat, iar imaginile reproduse pe m\u0103rcile po\u0219tale ilustreaz\u0103 o abordare optimist\u0103 a S\u0103rb\u0103torilor Pa\u0219telui, \u00een care darurile a\u0219teptate cu ner\u0103bdare, \u00een special de c\u0103tre cei mici, ocup\u0103 locul principal, al\u0103turi de un dinamic \u0219i dr\u0103g\u0103la\u0219 iepura\u0219, Iepura\u0219ul Pa\u0219telui.<\/p>\n<p>\u00centr-o veche legend\u0103 r\u0103sp\u00e2ndit\u0103 \u00een tradi\u021bia anglo-saxon\u0103, iepurele era o figur\u0103 sacr\u0103. Se spune c\u0103 zei\u021ba <em>Eostre<\/em>, zei\u021ba lunii, a descoperit \u00eentr-o iarn\u0103 o pas\u0103re r\u0103nit\u0103 pe care a transformat-o \u00eentr-o iepuroaic\u0103 pentru a o salva de la moarte. Drept mul\u021bumire, iepuroaica, l\u0103sat\u0103 cu capacitatea de a depune ou\u0103, decora aceste ou\u0103 \u0219i le oferea drept ofrand\u0103 zei\u021belor. Odat\u0103 cu r\u0103sp\u00e2ndirea cre\u0219tinismului \u00een zona anglo-saxon\u0103, S\u0103rb\u0103toarea Pa\u0219telui a fost adoptat\u0103 cu numele \u00eemprumutat de la zei\u021ba<em> Eostre<\/em>, respectiv <em>Easter<\/em>.<\/p>\n<p>Originea exact\u0103 a Iepura\u0219ului de Pa\u0219ti nu este cunoscut\u0103, unii istorici socotind-o de origine german\u0103 luteran\u0103. Argumenta\u021bia este sus\u021binut\u0103 \u0219i de faptul c\u0103, a\u0219a cum Mo\u0219 Cr\u0103ciun are o re\u0219edin\u021b\u0103 oficial\u0103 \u00een Laponia, Iepura\u0219ul de Pa\u0219ti \u00ee\u0219i are re\u0219edin\u021ba \u00een Germania, \u00een localitatea Ostereistedt &#8211; \u201eOra\u0219ul ou\u0103lor\u201d. Aici angaja\u021bi speciali r\u0103spund la miile de scrisori ale copiilor, cu o felicitare standard, \u00eenso\u021bit\u0103 de piese din carton din care se pot confec\u021biona o ghirland\u0103 de Pa\u0219ti \u0219i dou\u0103 c\u0103r\u021bi po\u0219tale de colorat.<\/p>\n<p>Simbolul Iepura\u0219ului a fost transformat \u00eentr-o industrie: milioane de iepura\u0219i de plu\u0219 \u00eenso\u021besc darurile a\u0219teptate cu ner\u0103bdare de cei mici \u0219i cei mari.<\/p>\n<p>Designerul, Emi Balint, a inclus \u00een grafica m\u0103rcilor po\u0219tale un concept original: al\u0103turi de iepura\u0219, oul ro\u0219u ca simbol pascal este redat de frumoasa floare ro\u0219ie a unei lalele, una dintre cele mai cunoscute \u0219i iubite flori din lume. Laleaua nu \u00ee\u0219i are originea \u00een Olanda, ci \u00een zonele montane ale Asiei Centrale, de unde a \u201emigrat\u201d spre vest, ajung\u00e2nd mai \u00eent\u00e2i \u00een Imperiul Otoman \u0219i mai apoi \u00een Europa. \u00cen multe culturi, laleaua simbolizeaz\u0103 sentimente \u0219i concepte. \u00cen tradi\u021bia turceasc\u0103 este socotit\u0103 simbol al paradisului \u0219i perfec\u021biunii. \u00cen conceptul occidental, laleaua este legat\u0103 de dragostea re\u00eennoit\u0103 de prim\u0103var\u0103 \u0219i de rena\u0219tere.<\/p>\n<p>Marca po\u0219tal\u0103 cu valoarea nominal\u0103 de <strong>5,50 Lei<\/strong>, are ca imagine un ou ro\u0219u realizat din petale de lalea dintre care se i\u021be\u0219te, cu sub\u00een\u021beles, capul urecheat al Iepura\u0219ului de Pa\u0219ti.<\/p>\n<p>Marca po\u0219tal\u0103 cu valoarea nominal\u0103 de <strong>16 Lei<\/strong>, are ca imagine un Iepura\u0219-curier, care duce \u00een dar un ou ro\u0219u realizat dintr-o floare ro\u0219ie de lalea.<\/p>\n<p>Coli\u021ba filatelic\u0103, av\u00e2nd timbrul cu valoarea nominal\u0103 de <strong>32 lei<\/strong>, ilustreaz\u0103 ou\u0103 vopsite \u00een diverse culori, \u00een acela\u0219i concept: oul este reprezentat ca o floare de lalea. Un Iepura\u0219 pozna\u0219 pare c\u0103 anun\u021b\u0103 c\u0103 au sosit ou\u0103le de dar.<\/p>\n<p>Plicul \u201eprima zi\u201d prezint\u0103 imaginea unui Iepura\u0219 de Pa\u0219ti purt\u00e2nd un aranjament publicitar cu un mesaj-dorin\u021b\u0103: <em>PACE PE P\u0102M\u00c2NT! <\/em><\/p>\n<p>\u00cen ansamblu, emisiunea veste\u0219te \u00eentr-un concept optimist venirea prim\u0103verii \u00een care florile de lalea se \u00eenscriu printre primele prezente, red\u00e2nd \u00eentr-un mod original imaginile ou\u0103lor ro\u0219ii, daruri ale S\u0103rb\u0103torii Pa\u0219tilor.<\/p>\n<p><em>Romfilatelia mul\u021bume\u0219te reprezentan\u021bilor Clubului Ilustratorilor pentru colaborare, Emi Balint, machetatoarea emisiunii, fiind membr\u0103 a acestui Club.<\/em><\/p>\n<p><a href=\"https:\/\/romfilatelia.ro\/wp-content\/uploads\/2026\/03\/caract_Pasti-2026-e1773216247945.jpg\"><img decoding=\"async\" loading=\"lazy\" class=\"size-full wp-image-2050159 aligncenter\" src=\"https:\/\/romfilatelia.ro\/wp-content\/uploads\/2026\/03\/caract_Pasti-2026-e1773216247945.jpg\" alt=\"\" width=\"1600\" height=\"1686\" \/><\/a><\/p>\n","protected":false},"excerpt":{"rendered":"<p>Romfilatelia \u0219i Po\u0219ta Rom\u00e2n\u0103 introduc \u00een circula\u021bie joi, 12 martie a.c. emisiunea filatelic\u0103 intitulat\u0103 Pa\u0219ti 2026. Emisiunea este compus\u0103 din dou\u0103 m\u0103rci po\u0219tale, o coli\u021b\u0103 dantelat\u0103, un plic \u201eprima zi\u201d \u0219i o map\u0103 filatelic\u0103 cu produse speciale \u00een tiraj limitat, iar imaginile reproduse pe m\u0103rcile po\u0219tale ilustreaz\u0103 o abordare optimist\u0103 a S\u0103rb\u0103torilor Pa\u0219telui, \u00een care&hellip;&nbsp;<a href=\"https:\/\/romfilatelia.ro\/magazin\/produs\/colectii-anuale\/2026\/pasti-2026\/\" class=\"\" rel=\"bookmark\">Cite\u0219te mai mult &raquo;<span class=\"screen-reader-text\">Pa\u0219ti 2026<\/span><\/a><\/p>\n","protected":false},"featured_media":2037487,"template":"","meta":{"neve_meta_sidebar":"","neve_meta_container":"","neve_meta_enable_content_width":"off","neve_meta_content_width":100,"neve_meta_title_alignment":"","neve_meta_author_avatar":"","neve_post_elements_order":"","neve_meta_disable_header":"","neve_meta_disable_footer":"","neve_meta_disable_title":""},"product_cat":[343,6],"product_tag":[],"_links":{"self":[{"href":"https:\/\/romfilatelia.ro\/magazin\/wp-json\/wp\/v2\/product\/2037485"}],"collection":[{"href":"https:\/\/romfilatelia.ro\/magazin\/wp-json\/wp\/v2\/product"}],"about":[{"href":"https:\/\/romfilatelia.ro\/magazin\/wp-json\/wp\/v2\/types\/product"}],"wp:featuredmedia":[{"embeddable":true,"href":"https:\/\/romfilatelia.ro\/magazin\/wp-json\/wp\/v2\/media\/2037487"}],"wp:attachment":[{"href":"https:\/\/romfilatelia.ro\/magazin\/wp-json\/wp\/v2\/media?parent=2037485"}],"wp:term":[{"taxonomy":"product_cat","embeddable":true,"href":"https:\/\/romfilatelia.ro\/magazin\/wp-json\/wp\/v2\/product_cat?post=2037485"},{"taxonomy":"product_tag","embeddable":true,"href":"https:\/\/romfilatelia.ro\/magazin\/wp-json\/wp\/v2\/product_tag?post=2037485"}],"curies":[{"name":"wp","href":"https:\/\/api.w.org\/{rel}","templated":true}]}}