{"id":2037412,"date":"2026-02-25T14:58:22","date_gmt":"2026-02-25T12:58:22","guid":{"rendered":"https:\/\/romfilatelia.ro\/magazin\/?post_type=product&#038;p=2037412"},"modified":"2026-02-25T14:58:22","modified_gmt":"2026-02-25T12:58:22","slug":"federatia-internationala-de-filatelie-100-de-ani","status":"publish","type":"product","link":"https:\/\/romfilatelia.ro\/magazin\/produs\/colectii-anuale\/2026\/federatia-internationala-de-filatelie-100-de-ani\/","title":{"rendered":"FEDERA\u021aIA INTERNA\u021aIONAL\u0102 DE FILATELIE, 100 DE ANI"},"content":{"rendered":"<p><strong><em><a href=\"https:\/\/romfilatelia.ro\/wp-content\/uploads\/2026\/02\/SITE_mc_100-ani-FIP.jpg\"><img decoding=\"async\" loading=\"lazy\" class=\"alignleft wp-image-2050095\" src=\"https:\/\/romfilatelia.ro\/wp-content\/uploads\/2026\/02\/SITE_mc_100-ani-FIP.jpg\" alt=\"\" width=\"650\" height=\"668\" \/><\/a>Premier\u0103 filatelic\u0103 mondial\u0103 <\/em><\/strong><\/p>\n<p>Pentru a marca aniversarea Centenarului unei organiza\u021bii reprezentative pentru domeniul filatelic, la nivel mondial, <strong>Romfilatelia<\/strong> \u0219i <strong>Po\u0219ta Rom\u00e2n\u0103<\/strong> introduc \u00een circula\u021bie <em>joi, 26 februarie a.c.,<\/em> emisiunea de m\u0103rci po\u0219tale <strong><em>Federa\u021bia Interna\u021bional\u0103 de Filatelie, 100 de ani<\/em><\/strong>.<\/p>\n<p>Emisiunea, are \u00een componen\u021b\u0103 o marc\u0103 po\u0219tal\u0103, o coli\u021b\u0103 dantelat\u0103, un plic \u201eprima zi\u201d, \u00een format liliput (130\u00d790 mm) \u0219i o map\u0103 filatelic\u0103 cu produse speciale, \u00een tiraj limitat, marc\u00e2nd o premier\u0103 filatelic\u0103 mondial\u0103 \u2013 cel mai mic timbru po\u0219tal din lume.<\/p>\n<p>Mapa filatelic\u0103 con\u021bine dou\u0103 piese de mare interes filatelic, \u00een edi\u021bie limitat\u0103, numerotate:<\/p>\n<p>\u2013 blocul nedantelat de 4 timbre cu t\u00eate-b\u00eache, reproduceri \u00een miniatur\u0103 ale primului timbru rom\u00e2nesc, \u201eCap de Bour\u201d &#8211; emisiunea I, 27 parale.<\/p>\n<p>\u2013 al doilea bloc este o adaptare a frontispiciului ziarului unionist din 1859, \u201eZimbrulu \u0219i Vulturulu\u201d pe care se reg\u0103se\u0219te un \u0219traif de 5 timbre miniaturale ale emisiunii aniversare FIP, 100 de ani, replici ale timbrului \u201eCap de Bour\u201d &#8211; emisiunea I, 27 de parale, respectiv un \u0219traif de 4 timbre ale emisiunii aniversare, cu acelea\u0219i caracteristici. Piesa aminteste de cea mai scump\u0103 piesa filatelic\u0103 adjudecat\u0103 la o licita\u021bie public\u0103, respectiv ziarul mai sus amintit, francat cu 8 timbre de 5 parale \u201ePorto Gazetei\u201d din 1858.<\/p>\n<p>Timbrul cu valoarea nominal\u0103 de <strong>9 lei<\/strong>, concept al designerului George Ursachi, reproduce \u00een miniatur\u0103 timbrul de 27 parale din emisiunea I \u2013 Cap de Bour (1858).<\/p>\n<p>Coli\u021ba emisiunii, av\u00e2nd timbrul cu valoarea nominal\u0103 de <strong>30 Lei<\/strong>, realizat\u0103 de Tudor Banu\u0219, pictor, gravor, ilustrator de carte, diplomat \u00een arhitectur\u0103, este un omagiu adus celor 100 de ani ai Federa\u021biei Internationale de Filatelie \u0219i indirect acestui instrument miraculos care reu\u0219e\u0219te s\u0103 lege oamenii \u00eentre ei (prin po\u0219t\u0103: scrisoarea!) \u0219i este pe deplin un obiect cultural, atunci c\u00e2nd criteriile estetice sunt \u00eendeplinite.<\/p>\n<p>Pe coli\u021ba emisiunii sunt inserate sigla Federa\u021biei Interna\u021bionale de Filatelie \u0219i sigla Federa\u021biei Filatelice Rom\u00e2ne.<\/p>\n<p>Fondat\u0103 la Paris, la 18 iunie 1926, Federa\u021bia Interna\u021bional\u0103 de Filatelie (FIP) este organiza\u021bia mondial\u0103 care coordoneaz\u0103 \u0219i promoveaz\u0103 filatelia, respectiv colec\u021bionarea \u0219i studiului timbrelor \u0219i materialelor po\u0219tale. Creat\u0103 cu scopul de a promova filatelia, de a \u00eencuraja prietenia interna\u021bional\u0103 \u0219i de a organiza mari expozi\u021bii competitive, FIP a evoluat de la o structur\u0103 ini\u021bial european\u0103 la o re\u021bea global\u0103<br \/>\ncare coordoneaz\u0103 activitatea filatelic\u0103 la nivel mondial.<\/p>\n<p>Cu sediul la Z\u00fcrich, Elve\u021bia, FIP reune\u0219te peste 90 de federa\u021bii na\u021bionale membre din \u00eentreaga lume, ac\u021bion\u00e2nd ca organism de v\u00e2rf al filateliei mondiale \u0219i ca autoritate suprem\u0103 \u00een definirea disciplinelor filatelice moderne.<\/p>\n<p>\u00cen anul 2026, FIP marcheaz\u0103 un secol de activitate ne\u00eentrerupt\u0103 \u00een sprijinul dezvolt\u0103rii filateliei \u2013 adesea numit\u0103 \u201eRegele hobby-urilor\u201d consolid\u00e2nd standardele competi\u021bionale \u0219i promov\u00e2nd cercetarea de specialitate.<\/p>\n<p>Obiectivele fundamentale ale FIP includ:<\/p>\n<p>promovarea filateliei la nivel mondial;<\/p>\n<p>organizarea \u0219i acordarea patronajului pentru expozi\u021bii mondiale;<\/p>\n<p>stabilirea regulamentelor \u0219i standardelor de jurizare (GREX, GREV);<\/p>\n<p>\u00eencurajarea cercet\u0103rii filatelice \u0219i a literaturii de specialitate;<\/p>\n<p>sprijinirea tinerilor filateli\u0219ti prin dezvoltarea clasei Youth.<\/p>\n<p>Structura de conducere a FIP este alc\u0103tuit\u0103 din Congresul FIP \u2013 organul suprem decizional \u2013, Comitetul Executiv (Board) \u0219i comisii specializate pentru fiecare clas\u0103 competi\u021bional\u0103. Congresul are loc o dat\u0103 la doi ani, de regul\u0103 \u00een cadrul unei expozi\u021bii interna\u021bionale majore, \u0219i stabile\u0219te direc\u021biile strategice ale organiza\u021biei.<\/p>\n<p>FIP recunoa\u0219te urm\u0103toarele clase competi\u021bionale: Filatelie tradi\u021bional\u0103, Istorie po\u0219tal\u0103, Aerofilatelie, Astrofilatelie, Filatelie tematic\u0103, Clasa Open, Maximafilie, Filatelie fiscal\u0103, C\u0103r\u021bi po\u0219tale, Literatur\u0103 filatelic\u0103 \u0219i Tineret.<\/p>\n<p>Prin patronajul acordat expozi\u021biilor mondiale (FIP World Exhibitions), expozi\u021biilor interna\u021bionale specializate \u0219i expozi\u021biilor continentale organizate prin federa\u021biile regionale, FIP ridic\u0103 standardul competi\u021bional \u0219i asigur\u0103 un sistem riguros de evaluare. Jurizarea se realizeaz\u0103 conform regulamentelor FIP, iar distinc\u021biile includ medalii (Aur Mare, Aur, Vermeil Mare etc.) \u0219i premii speciale.<\/p>\n<p>La nivel interna\u021bional, FIP are un rol esen\u021bial \u00een:<\/p>\n<p>stabilirea regulilor \u0219i regulamentelor de evaluare a exponatelor;<\/p>\n<p>coordonarea rela\u021biilor dintre organiza\u021biile filatelice na\u021bionale;<\/p>\n<p>combaterea emisiunilor ilegale de timbre \u0219i a falsurilor, precum \u0219i men\u021binerea standardelor etice, \u00een colaborare cu Uniunea Po\u0219tal\u0103 Universal\u0103 (UPU);<\/p>\n<p>\u00eencurajarea schimburilor culturale prin expozi\u021bii \u0219i colabor\u0103ri interna\u021bionale.<\/p>\n<p>Pentru un filatelist, participarea la o expozi\u021bie sub patronaj FIP reprezint\u0103 o recunoa\u0219tere interna\u021bional\u0103 a valorii colec\u021biei, oportunitatea de calificare pentru expozi\u021bii mondiale \u0219i consolidarea prestigiului \u00een cadrul comunit\u0103\u021bii filatelice.<\/p>\n<p>\u00cen perioada modern\u0103, FIP \u0219i-a extins activitatea \u0219i \u00een zona dezvolt\u0103rii filateliei la nivel global. \u00cen 1990, \u00een colaborare cu Uniunea Po\u0219tal\u0103 Universal\u0103 (UPU), a contribuit la \u00eenfiin\u021barea Asocia\u021biei Mondiale pentru Dezvoltarea Filateliei (WADP), consolid\u00e2nd eforturile de promovare \u0219i protec\u021bie a domeniului.<\/p>\n<p>Anul aniversar 2026 este marcat de o serie de expozi\u021bii de anvergur\u0103 mondial\u0103, \u00eentre care:<\/p>\n<p>Expozi\u021bia Mondial\u0103 Specializat\u0103 DUBAI 2026 (4 \u2013 8 februarie);<\/p>\n<p>Expozi\u021bia General\u0103 Mondial\u0103 BOSTON 2026 (23\u201330 mai);<\/p>\n<p>Expozi\u021bia Mondial\u0103 Specializat\u0103 MACAO 2026 (26 iunie \u2013 1 iulie);<\/p>\n<p>Expozi\u021bia Specializat\u0103 World Stamp Championship (WSC)PHILATAIPEI 2026 (20\u201325 noiembrie).<\/p>\n<p>Men\u021bion\u0103m c\u0103 \u00een cadrul Muzeului Recordurilor Rom\u00e2ne\u0219ti din Bucure\u0219ti, sunt prezentate materiale realizate cu ocazia expozi\u021biilor filatelice sub patronaj FIP (prima fiind organizat\u0103 la Alger \u00een 1930).<\/p>\n<p>Colec\u021bia Muzeului, unic\u0103 \u00een lume, cuprinde peste 13.000 de piese: buletine, cataloage, palmarese, plicuri, timbre \u0219i \u0219tampile, medalii, plachete, insigne \u0219i tot ceea ce a fost realizat de comitetele de organizare na\u021bional\u0103, precum \u0219i de federa\u021biile filatelice participante.<\/p>\n<p>De-a lungul unui secol, FIP a evoluat constant pentru a sprijini colec\u021bionarii, cercet\u0103torii \u0219i organizatorii de expozi\u021bii, adapt\u00e2ndu-se noilor realit\u0103\u021bi, inclusiv prin promovarea filateliei prin mijloace digitale \u0219i tradi\u021bionale. Ast\u0103zi, Federa\u021bia Interna\u021bional\u0103 de Filatelie este recunoscut\u0103 la nivel global ca autoritatea de referin\u021b\u0103 \u00een evaluarea colec\u021biilor de elit\u0103 \u0219i \u00een definirea standardelor filatelice contemporane.<\/p>\n<p><em>Romfilatelia mul\u021bume\u0219te reprezentan\u021bilor Federa\u021biei Filatelice Rom\u00e2ne, ai Federa\u021biei Interna\u021bionale de Filatelie, ai Muzeului Recordurilor Rom\u00e2ne\u0219ti \u0219i ai Fabricii de Timbre, Sucursala Po\u0219tei Rom\u00e2ne, pentru sprijinul documentar \u0219i colaborarea la realizarea acestei emisiuni de m\u0103rci po\u0219tale.<\/em><\/p>\n<p><a href=\"https:\/\/romfilatelia.ro\/wp-content\/uploads\/2026\/02\/caract_100-ani-FIP.jpg\"><img decoding=\"async\" loading=\"lazy\" class=\"size-full wp-image-2050096 aligncenter\" src=\"https:\/\/romfilatelia.ro\/wp-content\/uploads\/2026\/02\/caract_100-ani-FIP.jpg\" alt=\"\" width=\"1681\" height=\"1795\" \/><\/a><\/p>\n","protected":false},"excerpt":{"rendered":"<p>Premier\u0103 filatelic\u0103 mondial\u0103 Pentru a marca aniversarea Centenarului unei organiza\u021bii reprezentative pentru domeniul filatelic, la nivel mondial, Romfilatelia \u0219i Po\u0219ta Rom\u00e2n\u0103 introduc \u00een circula\u021bie joi, 26 februarie a.c., emisiunea de m\u0103rci po\u0219tale Federa\u021bia Interna\u021bional\u0103 de Filatelie, 100 de ani. Emisiunea, are \u00een componen\u021b\u0103 o marc\u0103 po\u0219tal\u0103, o coli\u021b\u0103 dantelat\u0103, un plic \u201eprima zi\u201d, \u00een format&hellip;&nbsp;<a href=\"https:\/\/romfilatelia.ro\/magazin\/produs\/colectii-anuale\/2026\/federatia-internationala-de-filatelie-100-de-ani\/\" class=\"\" rel=\"bookmark\">Cite\u0219te mai mult &raquo;<span class=\"screen-reader-text\">FEDERA\u021aIA INTERNA\u021aIONAL\u0102 DE FILATELIE, 100 DE ANI<\/span><\/a><\/p>\n","protected":false},"featured_media":2037413,"template":"","meta":{"neve_meta_sidebar":"","neve_meta_container":"","neve_meta_enable_content_width":"off","neve_meta_content_width":100,"neve_meta_title_alignment":"","neve_meta_author_avatar":"","neve_post_elements_order":"","neve_meta_disable_header":"","neve_meta_disable_footer":"","neve_meta_disable_title":""},"product_cat":[343,6],"product_tag":[],"_links":{"self":[{"href":"https:\/\/romfilatelia.ro\/magazin\/wp-json\/wp\/v2\/product\/2037412"}],"collection":[{"href":"https:\/\/romfilatelia.ro\/magazin\/wp-json\/wp\/v2\/product"}],"about":[{"href":"https:\/\/romfilatelia.ro\/magazin\/wp-json\/wp\/v2\/types\/product"}],"wp:featuredmedia":[{"embeddable":true,"href":"https:\/\/romfilatelia.ro\/magazin\/wp-json\/wp\/v2\/media\/2037413"}],"wp:attachment":[{"href":"https:\/\/romfilatelia.ro\/magazin\/wp-json\/wp\/v2\/media?parent=2037412"}],"wp:term":[{"taxonomy":"product_cat","embeddable":true,"href":"https:\/\/romfilatelia.ro\/magazin\/wp-json\/wp\/v2\/product_cat?post=2037412"},{"taxonomy":"product_tag","embeddable":true,"href":"https:\/\/romfilatelia.ro\/magazin\/wp-json\/wp\/v2\/product_tag?post=2037412"}],"curies":[{"name":"wp","href":"https:\/\/api.w.org\/{rel}","templated":true}]}}