{"id":2037326,"date":"2026-02-19T09:58:35","date_gmt":"2026-02-19T07:58:35","guid":{"rendered":"https:\/\/romfilatelia.ro\/magazin\/?post_type=product&#038;p=2037326"},"modified":"2026-02-19T09:58:35","modified_gmt":"2026-02-19T07:58:35","slug":"constantin-brancusi-150-de-ani-de-la-nastere","status":"publish","type":"product","link":"https:\/\/romfilatelia.ro\/magazin\/produs\/colectii-anuale\/2026\/constantin-brancusi-150-de-ani-de-la-nastere\/","title":{"rendered":"CONSTANTIN BR\u00c2NCU\u0218I, 150 DE ANI DE LA NA\u0218TERE"},"content":{"rendered":"<p><em><a href=\"https:\/\/romfilatelia.ro\/wp-content\/uploads\/2026\/02\/SITE_mc_Constantin-Brancusi-150-ani-nastere.jpg\"><img decoding=\"async\" loading=\"lazy\" class=\"alignleft wp-image-2050040\" src=\"https:\/\/romfilatelia.ro\/wp-content\/uploads\/2026\/02\/SITE_mc_Constantin-Brancusi-150-ani-nastere.jpg\" alt=\"\" width=\"650\" height=\"366\" \/><\/a>\u201eBr\u00e2ncu\u0219i este unul din cei mai mari creatori <\/em><\/p>\n<p><em>ai tuturor timpurilor.\u201c <\/em>(Jean Cassou)<\/p>\n<p><em>\u00a0<\/em><\/p>\n<p><em>\u201eBr\u00e2ncu\u0219i a fost acela care a dat epocii noastre <\/em><\/p>\n<p><em>con\u0219tiin\u021ba formei pure.\u201c <\/em>(Henry Moore)<\/p>\n<p>&nbsp;<\/p>\n<p>Anul 2026 a fost instituit oficial drept \u201eAnul Constantin Br\u00e2ncu\u0219i\u201d, prin Legea nr. 140\/2025, promulgat\u0103 la data de 24 iulie 2025 de Pre\u0219edintele Rom\u00e2niei, Nicu\u0219or Dan.<\/p>\n<p><strong>Romfilatelia<\/strong> \u0219i <strong>Po\u0219ta Rom\u00e2n\u0103<\/strong> \u00eel omagiaz\u0103 pe marele sculptor, dedic\u00e2ndu-i emisiunea de m\u0103rci po\u0219tale <strong><em>Constantin Br\u00e2ncu\u0219i, 150 de ani de la na\u0219tere<\/em><\/strong>, ce va fi introdus\u0103 \u00een circula\u021bie <em>joi, 19 februarie a.c<\/em>, data na\u0219terii artistului.<\/p>\n<p>Emisiunea este alc\u0103tuit\u0103 din dou\u0103 m\u0103rci po\u0219tale, o coli\u021b\u0103 dantelat\u0103, un plic \u201eprima zi\u201d, dou\u0103 c\u0103r\u021bi po\u0219tale maxime pentru pasiona\u021bii de filatelie \u0219i o map\u0103 filatelic\u0103 cu produs special \u00een tiraj limitat.<\/p>\n<p>N\u0103scut \u00een 19 februarie 1876, la Hobi\u021ba, jude\u021bul Gorj, Constantin Br\u00e2ncu\u0219i este considerat unul dintre cei mai mari sculptori ai secolului 20 \u0219i un pionier al artei moderne.<\/p>\n<p>Dup\u0103 studiile de la Craiova \u0219i Bucure\u0219ti, artistul s-a stabilit la Paris, unde a creat lucr\u0103ri fundamentale pentru sculptura modern\u0103, precum <em>S\u0103rutul<\/em>, <em>Masa T\u0103cerii<\/em>, <em>Muza adormit\u0103<\/em>, <em>Pas\u0103rea m\u0103iastr\u0103<\/em> \u0219i <em>Coloana Infinitului<\/em>.<\/p>\n<p>\u00cen 1907 el accept\u0103 s\u0103 lucreze \u00een atelierul lui Rodin, de unde pleac\u0103 \u00een scurt timp, orgolios dar plin de \u00eencredere. Despre Rodin, el spunea mai t\u00e2rziu: \u201eNimic nu cre\u0219te \u00een umbra marilor arbori\u201c.<\/p>\n<p>Opera sa, inspirat\u0103 din arta popular\u0103 rom\u00e2neasc\u0103 \u0219i din avangarda european\u0103, a redefinit limbajul plastic al secolului trecut, Br\u00e2ncu\u0219i fiind ales postum membru al Academiei Rom\u00e2ne \u00een anul 1990.<\/p>\n<p>Titlul <strong>Constantin BR\u00c2NCU\u0218I 150<\/strong> &#8211; la fel cum Br\u00e2ncu\u0219i tindea permanent spre esen\u021b\u0103 \u0219i esen\u021bial, la fel s-a g\u00e2ndit \u0219i autorul desenelor, ca numele lui Br\u00e2ncu\u0219i, \u00eempreun\u0103 cu frumosul num\u0103r rotund 150 s\u0103 fie singurele elemente ce marcheaz\u0103 aniversarea.<\/p>\n<p>Cel mai spectaculos element al emisiunii este <strong>coli\u021ba filatelic\u0103<\/strong>, al c\u0103rui timbru cu valoarea nominal\u0103 de <strong>30 lei<\/strong>, pozi\u021bionat central, red\u0103 portretul lui Constantin Br\u00e2ncu\u0219i realizat \u00een tehnica linogravurii, de artistul Mircea Cantor.<\/p>\n<p>Majoritatea elementelor din jurul portretului de pe coli\u021b\u0103 sunt str\u00e2ns legate de Br\u00e2ncu\u0219i: sculpturi, atelierul lui cu elemente ce se \u00eenr\u00e2uresc pentru a face data anivers\u0103rii semnificativ\u0103, ca un fel de portret amplu, unde nu vezi doar cine este, ci mai ales, ce a creat Br\u00e2ncu\u0219i.<\/p>\n<p>Evident, <em>magnum opus<\/em> a lui Br\u00e2ncu\u0219i este f\u0103r\u0103 \u00eendoial\u0103, <em>Coloana infinitului<\/em>. De la st\u00e2lpul funerar p\u00e2n\u0103 la axis mundi de care vorbea Mircea Eliade, acest \u201est\u00e2lp f\u0103r\u0103 de sf\u00e2r\u0219it\u201d, cum \u00eel numea sau acest \u201e\u0219ireag de m\u0103rgele spre cer\u201d, este cea mai emblematic\u0103 oper\u0103 a lui prezent\u0103 \u00een con\u0219tiinta umanit\u0103\u021bii ca o pecete de-a pururea a nemuririi, a av\u00e2ntului \u00eenspre \u00eenalt, peste timp \u0219i spa\u021biu.<\/p>\n<p>Br\u00e2ncu\u0219i e n\u0103scut \u00een zodia pe\u0219tilor, de aceea a fost redat, stilizat, Pe\u0219tele. Br\u00e2ncu\u0219i era atent la ciclurile \u0219i elementele naturii: plantele, animalele, rocile etc. Apoi este stilizat\u0103 sculptura cu <em>Coco\u0219ul<\/em> \u0219i <em>Noul n\u0103scut<\/em>, chiar l\u00e2ng\u0103 numele lui. <em>Noul n\u0103scut<\/em> este una din cele mai enigmatice \u0219i radios de frumoase sculpturi din crea\u021bia lui de \u00eenceput. Coco\u0219ul, animal solar, este prezent pe mai toate bisericile din Fran\u021ba lui adoptiv\u0103 &#8211; despre care zicea la un moment dat: \u201eCoco\u0219ul sunt eu\u201d. <em>Muza adormit\u0103<\/em>, \u00eempreun\u0103 cu <em>Rug\u0103ciunea<\/em>, <em>Domni\u0219oara Pogany<\/em>, <em>Danaide<\/em>, <em>Portretul dnei Meyer<\/em>, <em>Prin\u021besa X<\/em> etc., toate fac parte din suita de personaje feminine ce au jalonat at\u00e2t opera c\u00e2t \u0219i via\u021ba lui Br\u00e2ncu\u0219i.<\/p>\n<p>Atelierul lui, considerat spa\u021biul cel mai sacru, era locul unde \u201ese n\u0103\u0219teau\u201d, \u201ese mo\u0219eau\u201d aceste opere. \u00cen Atelierul unde nu intra oricine, unde toate obiectele casnice erau fabricate de m\u00e2na lui \u0219lefuit\u0103 prin <em>\u0218coala de arte \u0219i meserii Craiova<\/em> \u0219i de <em>Belle Arte din Bucure\u0219ti<\/em> \u0219i <em>Paris<\/em>, \u00een atelier lucra, dormea, primea la ospe\u021be prieteni din lumea parizian\u0103 &#8211; arti\u0219ti, intelectuali sau colec\u021bionari veni\u021bi de departe (din America, India).<\/p>\n<p>Cele dou\u0103 timbre ale emisiunii au valorile nominale de <strong>5,50 lei<\/strong> \u0219i <strong>25 lei<\/strong>. Unul reia portretul lui ca \u0219i pe coli\u021b\u0103 din acela\u0219i motive enumerate mai sus. Iar cel\u0103lalt timbru este un desen stilizat ce \u00eenglobeaz\u0103 cele 3 elemente din ansamblul de la T\u00e2rgu Jiu: <em>Masa T\u0103cerii<\/em>, <em>Poarta s\u0103rutului<\/em> \u0219i <em>Coloana infinitului<\/em>. Este primul ansamblu monumental modern din lume, o oper\u0103 vizionar\u0103 \u00een acei ani (inaugurarea oficial\u0103 a avut loc \u00een 1938).<\/p>\n<p>Recunoa\u0219terea valorii operei sale s-a realizat \u00eenc\u0103 din timpul vie\u021bii, prin prezen\u021ba lucr\u0103rilor sale \u00een marile galerii de art\u0103 modern\u0103, ca \u0219i includerea Ansamblului Monumental de la T\u00e2rgu Jiu, la data de 27 iulie 2024, \u00een lista UNESCO a Patrimoniului Mondial al Umanit\u0103\u021bii.<\/p>\n<p>Pe plicul \u201eprima zi\u201d a emisiunii este redat portretul lui Constantin Br\u00e2ncu\u0219i, la 28 de ani.<\/p>\n<p>Pentru noi, ast\u0103zi, este o normalitate s\u0103 \u00eel vedem \u0219i s\u0103 \u00eel \u0219tim acolo, \u00eens\u0103 trebuie v\u0103zut contextul \u00een acel moment istoric. Ce oper\u0103 \u00eendr\u0103znea\u021b\u0103 a realizat atunci Br\u00e2ncu\u0219i! Pentru asta trebuie v\u0103zute, comparativ, alte momumente din acea perioad\u0103 ale altor arti\u0219ti care au fost solicita\u021bi pentru diverse comenzi. \u0218i atunci realiz\u0103m cu mirare dimensiunea, viziunea \u0219i genialitatea acestui ansamblu unic \u00een lume, pe care avem m\u00e2ndria s\u0103 \u00eel avem la noi \u00een \u021bar\u0103!<\/p>\n<p>\u00cen timpul vie\u021bii, dar \u0219i dup\u0103 moartea sa, \u00een 1957 la Paris, arta lui Br\u00e2ncu\u0219i a devenit un exemplu al marilor sinteze ale universului \u0219i totodat\u0103, o chintesen\u021b\u0103 a sensurilor ad\u00e2nci ale tradi\u021biei na\u021bionale.<\/p>\n<p>Emisiunea a fost realizat\u0103 pe baza operelor originale ce apar\u021bin renumitului artist Mircea Cantor.<\/p>\n<p>Mircea Cantor s-a n\u0103scut \u00een 1977 la Oradea, iar \u00een prezent locuie\u0219te \u00een Fran\u021ba. Este pictor, sculptor, desenator, regizor, un reprezentant al avangardei conceptuale \u0219i un creator ce-\u0219i comunic\u0103 mesajele printr-o gam\u0103 variat\u0103 de mijloace de expresie artistic\u0103. Este pentru a treia oar\u0103 c\u00e2nd artistul colaboreaz\u0103 la realizarea unei emisiuni de m\u0103rci po\u0219tale rom\u00e2ne\u0219ti.<\/p>\n<p><em>Romfilatelia mul\u021bume\u0219te reprezentan\u021bilor Bibliotecii Academiei Rom\u00e2ne pentru sprijinul documentar acordat la realizarea acestei emisiuni de m\u0103rci po\u0219tale.<\/em><\/p>\n<p><a href=\"https:\/\/romfilatelia.ro\/wp-content\/uploads\/2026\/02\/caract.png\"><img decoding=\"async\" loading=\"lazy\" class=\"size-full wp-image-2050041 aligncenter\" src=\"https:\/\/romfilatelia.ro\/wp-content\/uploads\/2026\/02\/caract.png\" alt=\"\" width=\"1058\" height=\"900\" \/><\/a><\/p>\n","protected":false},"excerpt":{"rendered":"<p>\u201eBr\u00e2ncu\u0219i este unul din cei mai mari creatori ai tuturor timpurilor.\u201c (Jean Cassou) \u00a0 \u201eBr\u00e2ncu\u0219i a fost acela care a dat epocii noastre con\u0219tiin\u021ba formei pure.\u201c (Henry Moore) &nbsp; Anul 2026 a fost instituit oficial drept \u201eAnul Constantin Br\u00e2ncu\u0219i\u201d, prin Legea nr. 140\/2025, promulgat\u0103 la data de 24 iulie 2025 de Pre\u0219edintele Rom\u00e2niei, Nicu\u0219or Dan.&hellip;&nbsp;<a href=\"https:\/\/romfilatelia.ro\/magazin\/produs\/colectii-anuale\/2026\/constantin-brancusi-150-de-ani-de-la-nastere\/\" class=\"\" rel=\"bookmark\">Cite\u0219te mai mult &raquo;<span class=\"screen-reader-text\">CONSTANTIN BR\u00c2NCU\u0218I, 150 DE ANI DE LA NA\u0218TERE<\/span><\/a><\/p>\n","protected":false},"featured_media":2037327,"template":"","meta":{"neve_meta_sidebar":"","neve_meta_container":"","neve_meta_enable_content_width":"off","neve_meta_content_width":100,"neve_meta_title_alignment":"","neve_meta_author_avatar":"","neve_post_elements_order":"","neve_meta_disable_header":"","neve_meta_disable_footer":"","neve_meta_disable_title":""},"product_cat":[343,6],"product_tag":[],"_links":{"self":[{"href":"https:\/\/romfilatelia.ro\/magazin\/wp-json\/wp\/v2\/product\/2037326"}],"collection":[{"href":"https:\/\/romfilatelia.ro\/magazin\/wp-json\/wp\/v2\/product"}],"about":[{"href":"https:\/\/romfilatelia.ro\/magazin\/wp-json\/wp\/v2\/types\/product"}],"wp:featuredmedia":[{"embeddable":true,"href":"https:\/\/romfilatelia.ro\/magazin\/wp-json\/wp\/v2\/media\/2037327"}],"wp:attachment":[{"href":"https:\/\/romfilatelia.ro\/magazin\/wp-json\/wp\/v2\/media?parent=2037326"}],"wp:term":[{"taxonomy":"product_cat","embeddable":true,"href":"https:\/\/romfilatelia.ro\/magazin\/wp-json\/wp\/v2\/product_cat?post=2037326"},{"taxonomy":"product_tag","embeddable":true,"href":"https:\/\/romfilatelia.ro\/magazin\/wp-json\/wp\/v2\/product_tag?post=2037326"}],"curies":[{"name":"wp","href":"https:\/\/api.w.org\/{rel}","templated":true}]}}