{"id":2037303,"date":"2026-02-16T11:06:56","date_gmt":"2026-02-16T09:06:56","guid":{"rendered":"https:\/\/romfilatelia.ro\/magazin\/?post_type=product&#038;p=2037303"},"modified":"2026-02-16T11:06:56","modified_gmt":"2026-02-16T09:06:56","slug":"zodiacul-chinezesc-anul-calului-de-foc","status":"publish","type":"product","link":"https:\/\/romfilatelia.ro\/magazin\/produs\/colectii-anuale\/2026\/zodiacul-chinezesc-anul-calului-de-foc\/","title":{"rendered":"Zodiacul chinezesc. Anul Calului de foc"},"content":{"rendered":"<p><a href=\"https:\/\/www.romfilatelia.ro\/wp-content\/uploads\/2026\/02\/SITE_mc_Anul-Calului-de-foc.jpg\"><img decoding=\"async\" loading=\"lazy\" class=\"alignleft wp-image-2050022\" src=\"https:\/\/www.romfilatelia.ro\/wp-content\/uploads\/2026\/02\/SITE_mc_Anul-Calului-de-foc.jpg\" alt=\"\" width=\"600\" height=\"894\" \/><\/a>Pentru colec\u021bionarii de m\u0103rci po\u0219tale \u0219i pentru amatorii de previziuni ale destinelor personale, <strong>Romfilatelia \u0219i Po\u0219ta Rom\u00e2n\u0103<\/strong> introduc \u00een circula\u021bie <em>mar\u021bi, 17 februarie a.c.<\/em>, o emisiune filatelic\u0103 tradi\u021bional\u0103, <strong><em>Zodiacul chinezesc. Anul Calului de foc<\/em><\/strong>, av\u00e2nd \u00een componen\u021b\u0103 o marc\u0103 po\u0219tal\u0103 cu valoarea de <strong>25 lei<\/strong>, un plic \u201eprima zi\u201d \u0219i o carte po\u0219tal\u0103 maxim\u0103 pentru pasiona\u021bii de maximafilie.<\/p>\n<p>Un detaliu ingenios al graficii timbrului este inserarea armonioasa a anului 2026 stilizat in coama nobilului animal.<\/p>\n<p>Pe plicul \u201eprima zi\u201d a emisiunii este\u00a0 redat\u0103 \u0219i o scen\u0103 imaginar\u0103 de lupt\u0103 a calului cu un dragon.<\/p>\n<p>Dac\u0103 \u00een conceptul chinezesc dragonii sunt fiin\u021be benefice care aduc noroc, \u00een mitologiile vestice (greac\u0103, celtic\u0103) sau \u00een mitologia persan\u0103, dragonul (Zahhak) este malefic.<\/p>\n<p>Calul este puternic, simbol al for\u021bei, ajutor de baz\u0103 al lupt\u0103torilor de elit\u0103, purt\u00e2ndu-i \u00een biruin\u021b\u0103.<\/p>\n<p>\u00cen mitologia european\u0103, un osta\u0219 simbol al armatei rom\u00e2ne \u0219i al religiei, Sf. Mare Mucenic Gheorghe &#8211; ocrotitor al 12 \u021b\u0103ri, 2 regiuni \u0219i 41 de ora\u0219e &#8211; \u00eenvinge \u00een lupt\u0103 un dragon care cerea tribut fiin\u021bei umane, socotit \u0219i un simbol al r\u0103ului, \u00eentruchipare a diavolului.<\/p>\n<p>Cu 12 animale \u0219i 5 elemente, Anul Calului de Foc revine o dat\u0103 la 60 de ani \u0219i tinde s\u0103 aduc\u0103 at\u00e2t noroc, c\u00e2t \u0219i ghinion.<\/p>\n<p>\u00cen 2026, Anul Nou Chinezesc, celebrat \u00een mod tradi\u021bional pe baza calendarului lunar, \u00eencepe pe 17 februarie 2026 care se va \u00eencheia pe 20 februarie 2027 \u2013 \u201efoc\u201d fiind elementul \u0219i \u201ecal\u201d semnul zodiacal. Aceast\u0103 combina\u021bie simbolizeaz\u0103 energie \u0219i dinamism.<\/p>\n<p>Calul simbolizeaz\u0103 libertate, mi\u0219care, curaj \u0219i dorin\u021ba de progres. Este un semn care nu r\u0103m\u00e2ne pe loc, ci caut\u0103 mereu s\u0103 avanseze \u0219i s\u0103 exploreze noi orizonturi. Elementul Foc aduce pasiune, energie \u0219i impulsul de a ac\u021biona rapid, iar \u00eempreun\u0103, Calul \u0219i Focul formeaz\u0103 un an \u00een care oamenii devin mai hot\u0103r\u00e2\u021bi, mai curajo\u0219i \u0219i mai dornici s\u0103 fac\u0103 schimb\u0103ri semnificative.<\/p>\n<p>\u00cen astrologia chinez\u0103, Anul Calului de Foc este perceput ca o perioad\u0103 plin\u0103 de oportunit\u0103\u021bi, dar \u0219i de provoc\u0103ri, mai ales dac\u0103 energia nu este canalizat\u0103 eficient. Este un an ideal pentru cei care \u00ee\u0219i stabilesc obiective clare \u0219i sunt dispu\u0219i s\u0103 munceasc\u0103 pentru a le transforma \u00een realitate.<\/p>\n<p>\u00cen astrologia chinez\u0103, fiecare an este asociat cu unul dintre cele 12 animale zodiacale, corelat cu unul dintre cele cinci elemente: metal, lemn, ap\u0103, foc sau p\u0103m\u00e2nt. Aceste elemente se completeaz\u0103 \u0219i se ciocnesc \u00eentre ele, iar prin aceast\u0103 interac\u021biune se crede c\u0103 se promoveaz\u0103 armonia, echilibrul \u0219i ordinea \u00een lumea natural\u0103.<\/p>\n<p>Existen\u021ba a cinci elemente \u0219i a 12 semne zodiacale dicteaz\u0103 apari\u021bia oric\u0103rei combina\u021bii o dat\u0103 la 60 de ani. Ultimul An al Calului de Foc, de exemplu, a fost 1966; \u00cen 2014, a fost Anul Calului de Lemn; 2002 a fost Anul Calului de Ap\u0103; 1990 a fost Anul Calului de Metal, iar 1978 a fost Anul Calului de P\u0103m\u00e2nt.<\/p>\n<p>Zodiacul chinezesc cuprinde 12 semne reprezent\u00e2nd animale, \u00eentr-o ordine fix\u0103: \u0219obolan, bou, tigru, iepure, dragon, \u0219arpe, cal, oaie, maimu\u021b\u0103, coco\u0219, c\u00e2ine \u0219i porc.<\/p>\n<p>Se spune c\u0103 persoanele n\u0103scute \u00een anul Calului de Foc sunt hot\u0103r\u00e2te, proactive \u0219i pline de via\u021b\u0103. Sunt \u00eencrez\u0103toare \u0219i entuziaste la locul de munc\u0103 \u0219i sunt capabile s\u0103 gestioneze simultan diverse probleme. Aceste persoane pline de energie prosper\u0103 \u00een fa\u021ba provoc\u0103rilor \u0219i reu\u0219esc s\u0103 fac\u0103 fa\u021b\u0103 adversit\u0103\u021bilor.<\/p>\n<p>Anul Calului de Foc se preconizeaz\u0103 a fi plin de descoperiri, inova\u021bii \u0219i schimb\u0103ri rapide \u2013 mul\u021bi ghicitori prezic deja progrese tehnologice importante, \u00een special \u00een domeniile inteligen\u021bei artificiale \u0219i medicinei.<\/p>\n<p>Oamenii sunt \u00eencuraja\u021bi s\u0103-\u0219i urmeze visele \u00een anul care vine, deoarece acesta va oferi multe oportunit\u0103\u021bi de aur.<\/p>\n<p><a href=\"https:\/\/www.romfilatelia.ro\/wp-content\/uploads\/2026\/02\/caract_Zodiacul-Chinezesc_anul-Calului-de-foc-e1771231181555.jpg\"><img decoding=\"async\" loading=\"lazy\" class=\"size-full wp-image-2050023 aligncenter\" src=\"https:\/\/www.romfilatelia.ro\/wp-content\/uploads\/2026\/02\/caract_Zodiacul-Chinezesc_anul-Calului-de-foc-e1771231181555.jpg\" alt=\"\" width=\"1200\" height=\"793\" \/><\/a><\/p>\n","protected":false},"excerpt":{"rendered":"<p>Pentru colec\u021bionarii de m\u0103rci po\u0219tale \u0219i pentru amatorii de previziuni ale destinelor personale, Romfilatelia \u0219i Po\u0219ta Rom\u00e2n\u0103 introduc \u00een circula\u021bie mar\u021bi, 17 februarie a.c., o emisiune filatelic\u0103 tradi\u021bional\u0103, Zodiacul chinezesc. Anul Calului de foc, av\u00e2nd \u00een componen\u021b\u0103 o marc\u0103 po\u0219tal\u0103 cu valoarea de 25 lei, un plic \u201eprima zi\u201d \u0219i o carte po\u0219tal\u0103 maxim\u0103 pentru&hellip;&nbsp;<a href=\"https:\/\/romfilatelia.ro\/magazin\/produs\/colectii-anuale\/2026\/zodiacul-chinezesc-anul-calului-de-foc\/\" class=\"\" rel=\"bookmark\">Cite\u0219te mai mult &raquo;<span class=\"screen-reader-text\">Zodiacul chinezesc. Anul Calului de foc<\/span><\/a><\/p>\n","protected":false},"featured_media":2037304,"template":"","meta":{"neve_meta_sidebar":"","neve_meta_container":"","neve_meta_enable_content_width":"off","neve_meta_content_width":100,"neve_meta_title_alignment":"","neve_meta_author_avatar":"","neve_post_elements_order":"","neve_meta_disable_header":"","neve_meta_disable_footer":"","neve_meta_disable_title":""},"product_cat":[343,6],"product_tag":[],"_links":{"self":[{"href":"https:\/\/romfilatelia.ro\/magazin\/wp-json\/wp\/v2\/product\/2037303"}],"collection":[{"href":"https:\/\/romfilatelia.ro\/magazin\/wp-json\/wp\/v2\/product"}],"about":[{"href":"https:\/\/romfilatelia.ro\/magazin\/wp-json\/wp\/v2\/types\/product"}],"wp:featuredmedia":[{"embeddable":true,"href":"https:\/\/romfilatelia.ro\/magazin\/wp-json\/wp\/v2\/media\/2037304"}],"wp:attachment":[{"href":"https:\/\/romfilatelia.ro\/magazin\/wp-json\/wp\/v2\/media?parent=2037303"}],"wp:term":[{"taxonomy":"product_cat","embeddable":true,"href":"https:\/\/romfilatelia.ro\/magazin\/wp-json\/wp\/v2\/product_cat?post=2037303"},{"taxonomy":"product_tag","embeddable":true,"href":"https:\/\/romfilatelia.ro\/magazin\/wp-json\/wp\/v2\/product_tag?post=2037303"}],"curies":[{"name":"wp","href":"https:\/\/api.w.org\/{rel}","templated":true}]}}