{"id":2037258,"date":"2026-02-03T16:38:55","date_gmt":"2026-02-03T14:38:55","guid":{"rendered":"https:\/\/romfilatelia.ro\/magazin\/?post_type=product&#038;p=2037258"},"modified":"2026-02-03T16:38:55","modified_gmt":"2026-02-03T14:38:55","slug":"team-romania-la-jocurile-olimpice-milano-cortina-2026","status":"publish","type":"product","link":"https:\/\/romfilatelia.ro\/magazin\/produs\/colectii-anuale\/2026\/team-romania-la-jocurile-olimpice-milano-cortina-2026\/","title":{"rendered":"Team Romania la Jocurile Olimpice Milano Cortina 2026"},"content":{"rendered":"<p><strong><a href=\"https:\/\/romfilatelia.ro\/wp-content\/uploads\/2026\/02\/SITE_mc_JO-DE-IARNA_2026.jpg\"><img decoding=\"async\" loading=\"lazy\" class=\"alignleft wp-image-2049975\" src=\"https:\/\/romfilatelia.ro\/wp-content\/uploads\/2026\/02\/SITE_mc_JO-DE-IARNA_2026.jpg\" alt=\"\" width=\"650\" height=\"411\" \/><\/a>Romfilatelia<\/strong> \u0219i <strong>Po\u0219ta Rom\u00e2n\u0103<\/strong> sunt al\u0103turi de sportivii rom\u00e2ni participan\u021bi la cea de-a XXV-a edi\u021bie a Jocurilor Olimpice de iarn\u0103, Milano Cortina 2026, prin introducerea \u00een circula\u021bie, <em>miercuri, 4 februarie a.c.<\/em>, a unei emisiuni de m\u0103rci po\u0219tale dedicate acestui eveniment sportiv interna\u021bional \u0219i intitulat\u0103 <strong><em>Team Romania la Jocurile Olimpice Milano Cortina 2026<\/em><\/strong>.<\/p>\n<p>Emisiunea, alc\u0103tuit\u0103 din patru timbre, o coli\u021b\u0103 dantelat\u0103 \u0219i un plic \u201eprima zi\u201d, ilustreaz\u0103 cinci discipline olimpice. <strong>Bobul <\/strong>este reprezentat pe coli\u021ba dantelat\u0103, av\u00e2nd timbrul cu valoarea nominal\u0103 de <strong>30 lei<\/strong>, proba <strong>sanie <\/strong>este redat\u0103 pe timbrul cu valoarea nominal\u0103 de <strong>5,50 lei<\/strong>, proba <strong>de patinaj artistic<\/strong> este ilustrat\u0103 pe timbrul cu valoarea nominal\u0103 de <strong>6 lei<\/strong>, proba de <strong>s\u0103ritura cu schiurile<\/strong> este prezentat\u0103 pe timbrul cu valoarea nominal\u0103 de <strong>7 lei<\/strong>, iar proba de <strong>biatlon<\/strong> este redat\u0103 pe timbrul cu valoarea nominal\u0103 de <strong>9 lei<\/strong>.<\/p>\n<p>Cea de-a XXV-a edi\u021bie a Jocurilor Olimpice de iarn\u0103 va avea loc \u00een perioada 6 &#8211; 22 februarie 2026 \u00een Italia. Peste 3.500 de sportivi din 93 de \u021b\u0103ri sunt a\u0219tepta\u021bi s\u0103 concureze pentru 195 de medalii la 16 discipline sportive olimpice. Rom\u00e2nia va fi reprezentat\u0103 de 29 de sportivi (28 titulari \u0219i o rezerv\u0103), la opt discipline sportive: biatlon, bob, patinaj artistic, sanie, schi alpin, schi fond, schi s\u0103rituri \u0219i snowboard \u0219i vor locui \u00een \u0219ase Sate Olimpice &#8211; Anterselva (biatlon), Bormio (schi alpin masculin), Cortina d\u2019Ampezzo (bob, sanie, schi alpin feminin), Livigno (snowboard), Milano (patinaj artistic), Predazzo (s\u0103rituri cu schiurile), Tesero (schi fond).<\/p>\n<p>Ceremonia de deschidere va avea loc la Milano, iar cea de \u00eenchidere, la Verona, participan\u021bii la Jocuri urm\u00e2nd a fi \u00eenso\u021bi\u021bi de <strong>Tina,<\/strong> mascota Jocurilor Olimpice, <strong>Milo<\/strong>, mascota Jocurilor Paralimpice, \u0219i de \u0219ase ghiocei boteza\u021bi \u201e<strong>The Flo<\/strong>\u201d pe care cele dou\u0103 mascote \u00eei vor avea al\u0103turi \u00een c\u0103l\u0103toria olimpic\u0103.<\/p>\n<p>\u00cen premier\u0103 la o edi\u021bie a Jocurilor Olimpice, deoarece \u00eentrecerile se vor desf\u0103\u0219ura \u00een regiuni aflate la distan\u021be mari, vor fi organizate patru ceremonii de deschidere: una principal\u0103, la Milano, care va fi transmis\u0103 \u00een direct de posturile de televiziune din \u00eentreaga lume, \u0219i trei secundare, la Cortina, Livigno \u0219i Pedrazzo.<\/p>\n<p>\u00cen aceste condi\u021bii, Rom\u00e2nia a desemnat-o purt\u0103tor de drapel la Milano pe Julia Sauter (patinaj artistic).<\/p>\n<p>La Livigno, delega\u021bia Team Romania va fi conndus\u0103 \u00een aren\u0103 de Kata Mandel (snowboard) \u0219i Alexandru \u0218tef\u0103nescu (schi alpin). La Pedrazzo, cei care vor deschide defilarea pentru Rom\u00e2nia vor fi Daniela Toth (schi s\u0103rituri) \u0219i Paul Pepene (schi fond).<\/p>\n<p>La Cortina, unde se afl\u0103 cea mai numeroas\u0103 parte a delega\u021biei tricolore, Mihai Tentea (bob) va fi portdrapel, \u00een timp ce la sanie, Raluca Str\u0103m\u0103turaru este sportivul reprezentativ ajuns la 5 edi\u021bii de Jocuri.<\/p>\n<p>La Milano Cortina, \u00een competi\u021biile de bob, Rom\u00e2nia va fi reprezentat\u0103 numai \u00een \u00eentrecerile masculine de patru sportivi titulari \u0219i o rezerv\u0103, vedeta lotului fiind Mihai Cristian Tentea pentru care Milano Cortina 2026 este cea de-a treia edi\u021bie consecutiv\u0103 de Jocuri Olimpice de iarn\u0103 la care particip\u0103 (dup\u0103 PyongChang 2018 \u0219i Beijing 2022).<\/p>\n<p>La <strong>biatlon,<\/strong> dintre cei cinci tricolori care vor participa la Milano Cortina 2026 la 8 dintre cele 11 probe de concurs, doi au mai sim\u021bit emo\u021biile olimpice, George Col\u021bea, la JO Beijing 2022 \u0219i George R\u0103zvan Buta, la JO PyeongChang 2018.<\/p>\n<p>Fosta biatlonist\u0103 Eva Tofalvi este prima sportiv\u0103 rom\u00e2n\u0103 cu cele mai multe particip\u0103ri olimpice dintre toate disciplinele olimpice de iarn\u0103, 6 edi\u021bii: Nagano 1998, Salt Lake City 2002, Torino 2006, Vancouver 2010, Sochi 2014 \u0219i Pyeongchang 2018. La Milano-Cortina 2026.<\/p>\n<p>Gheorghe Vilmo\u0219 de\u021bine cel mai bun loc ocupat vreodat\u0103 de un biatlonist rom\u00e2n la Jocuri: locul 5, JO Innsbruck 1964.<\/p>\n<p>La <strong>patinaj artistic<\/strong>, Rom\u00e2nia revine \u00een competi\u021bia olimpic\u0103 dup\u0103 12 ani, la Milano Cortina 2026. Julia Franciska Sauter este prima reprezentant\u0103 a Rom\u00e2niei care \u0219i-a asigurat prezen\u021ba la Jocuri \u0219i va evolua pe patinoarul din Milano \u00een competi\u021bia individual\u0103 feminin\u0103 de patinaj artistic.<\/p>\n<p>\u00cen competi\u021biile de <strong>sanie<\/strong>, Rom\u00e2nia va fi reprezentat\u0103 la Milano Cortina 2026 de trei fete \u0219i patru b\u0103ie\u021bi. Dintre ace\u0219tia, Raluca Str\u0103m\u0103turaru \u0219i Valentin Cre\u021bu vor bifa cea de-a 5-a prezen\u021b\u0103 la Jocuri, dup\u0103 Vancouver 2010, Sochi 2014, PyeongChang 2018, Beijing 2022 \u0219i vor dobor\u00ee recordul de particip\u0103ri al lui Ioan Apostol &#8211; patru particip\u0103ri consecutive la Jocurile de iarn\u0103 (Lake Placid 1980, Sarajevo 1984, Albertville 1992, Lillehammer 1994).<\/p>\n<p>La <strong>schi alpin<\/strong>, Rom\u00e2nia a fost reprezentat\u0103 \u00een premier\u0103 la JO la edi\u021bia din 1936, de la Garmisch Partenkirchen, iar p\u00e2n\u0103 ast\u0103zi nu a lipsit dec\u00e2t de la edi\u021biile din 1952, 1960 \u0219i 1964.<\/p>\n<p>La Milano Cortina va fi reprezentat\u0103 \u00een probele de slalom \u0219i slalom uria\u0219, at\u00e2t la feminin c\u00e2t \u0219i la masculin, de Sofia Moldovan, respectiv Alexandru \u0218tefan \u0218tef\u0103nescu, aflat la a doua prezen\u021b\u0103 \u00een competi\u021biile olimpice de schi, dup\u0103 Beijing 2022.<\/p>\n<p>La \u00eentrecerile olimpice de <strong>schi fond<\/strong> de la Milano Cortina 2026, unde Rom\u00e2nia va fi reprezentat\u0103 de o fat\u0103 \u0219i doi b\u0103ie\u021bi, Paul Pepene va deveni primul sportiv rom\u00e2n cu 5 particip\u0103ri \u00een competi\u021biile olimpice de schi fond (dup\u0103 Vancouver 2010, Sochi 2014, PyeongChang 2018, Beijing 2022), nou record de particip\u0103ri la schi fond.<\/p>\n<p>La <strong>s\u0103rituri cu schiurile<\/strong>, la Milano Cortina 2026, cei patru reprezenta\u021bi ai Rom\u00e2niei (dou\u0103 fete, doi b\u0103ie\u021bi) vor evolua \u00een competi\u021bia de la trambulina normal\u0103 at\u00e2t la individual, feminin \u0219i masculin, c\u00e2t \u0219i la echipe mixte.<\/p>\n<p>Cea mai experimentat\u0103 component\u0103 a lotului este Daniela Toth, prima reprezentant\u0103 a Rom\u00e2niei \u00een competi\u021bia olimpic\u0103 feminin\u0103 de s\u0103rituri cu schiurile (PyeongChang 2018) din istorie. La Milano Cortina va deveni \u0219i cea dint\u00e2i rom\u00e2nc\u0103 participant\u0103 la trei edi\u021bii consecutive ale JO, la s\u0103rituri cu schiurile (PyeongChang 2018, Beijing 2022, Milano-Cortina 2026).<\/p>\n<p><strong>Snowboard<\/strong>-ul rom\u00e2nesc va fi prezent \u00een premier\u0103 la Jocurile Olimpice la Milano Cortina 2026. Kata Mandel \u0219i Henrietta Bartalis vor deveni primele reprezentante ale Rom\u00e2niei din istorie care vor concura \u00een \u00eentrecerile de snowboard din cadrul Jocurilor Olimpice.<\/p>\n<p><strong>MAI SUS ROMANIA<\/strong>, este motto-ul care \u00eei va motiva pe componen\u021bii TEAM ROMANIA s\u0103 se se autodep\u0103\u0219easc\u0103 la Milano Cortina 2026.<\/p>\n<p><em>Romfilatelia mul\u021bume\u0219te echipei Comitetului Olimpic \u0219i Sportiv Rom\u00e2n pentru sprijinul documentar, reprezentan\u021bilor Clubului ilustratorilor \u0219i artistei Alina Marinescu pentru realizarea desenelor ilustrate \u00een cadrul acestei emisiuni de m\u0103rci po\u0219tale. <\/em><\/p>\n<p><a href=\"https:\/\/romfilatelia.ro\/wp-content\/uploads\/2026\/02\/Caract_JO-DE-IARNA_2026.jpg\"><img decoding=\"async\" loading=\"lazy\" class=\"size-full wp-image-2049976 aligncenter\" src=\"https:\/\/romfilatelia.ro\/wp-content\/uploads\/2026\/02\/Caract_JO-DE-IARNA_2026.jpg\" alt=\"\" width=\"1711\" height=\"1731\" \/><\/a><\/p>\n","protected":false},"excerpt":{"rendered":"<p>Romfilatelia \u0219i Po\u0219ta Rom\u00e2n\u0103 sunt al\u0103turi de sportivii rom\u00e2ni participan\u021bi la cea de-a XXV-a edi\u021bie a Jocurilor Olimpice de iarn\u0103, Milano Cortina 2026, prin introducerea \u00een circula\u021bie, miercuri, 4 februarie a.c., a unei emisiuni de m\u0103rci po\u0219tale dedicate acestui eveniment sportiv interna\u021bional \u0219i intitulat\u0103 Team Romania la Jocurile Olimpice Milano Cortina 2026. Emisiunea, alc\u0103tuit\u0103 din&hellip;&nbsp;<a href=\"https:\/\/romfilatelia.ro\/magazin\/produs\/colectii-anuale\/2026\/team-romania-la-jocurile-olimpice-milano-cortina-2026\/\" class=\"\" rel=\"bookmark\">Cite\u0219te mai mult &raquo;<span class=\"screen-reader-text\">Team Romania la Jocurile Olimpice Milano Cortina 2026<\/span><\/a><\/p>\n","protected":false},"featured_media":2037259,"template":"","meta":{"neve_meta_sidebar":"","neve_meta_container":"","neve_meta_enable_content_width":"off","neve_meta_content_width":100,"neve_meta_title_alignment":"","neve_meta_author_avatar":"","neve_post_elements_order":"","neve_meta_disable_header":"","neve_meta_disable_footer":"","neve_meta_disable_title":""},"product_cat":[343,6],"product_tag":[],"_links":{"self":[{"href":"https:\/\/romfilatelia.ro\/magazin\/wp-json\/wp\/v2\/product\/2037258"}],"collection":[{"href":"https:\/\/romfilatelia.ro\/magazin\/wp-json\/wp\/v2\/product"}],"about":[{"href":"https:\/\/romfilatelia.ro\/magazin\/wp-json\/wp\/v2\/types\/product"}],"wp:featuredmedia":[{"embeddable":true,"href":"https:\/\/romfilatelia.ro\/magazin\/wp-json\/wp\/v2\/media\/2037259"}],"wp:attachment":[{"href":"https:\/\/romfilatelia.ro\/magazin\/wp-json\/wp\/v2\/media?parent=2037258"}],"wp:term":[{"taxonomy":"product_cat","embeddable":true,"href":"https:\/\/romfilatelia.ro\/magazin\/wp-json\/wp\/v2\/product_cat?post=2037258"},{"taxonomy":"product_tag","embeddable":true,"href":"https:\/\/romfilatelia.ro\/magazin\/wp-json\/wp\/v2\/product_tag?post=2037258"}],"curies":[{"name":"wp","href":"https:\/\/api.w.org\/{rel}","templated":true}]}}