{"id":2037237,"date":"2026-01-30T09:29:48","date_gmt":"2026-01-30T07:29:48","guid":{"rendered":"https:\/\/romfilatelia.ro\/magazin\/?post_type=product&#038;p=2037237"},"modified":"2026-01-30T09:29:48","modified_gmt":"2026-01-30T07:29:48","slug":"cocosi-2","status":"publish","type":"product","link":"https:\/\/romfilatelia.ro\/magazin\/produs\/colectii-anuale\/2026\/cocosi-2\/","title":{"rendered":"Coco\u0219i"},"content":{"rendered":"<p><a href=\"https:\/\/romfilatelia.ro\/wp-content\/uploads\/2026\/01\/SITE_mc_Cocosi-e1769695276388.jpg\"><img decoding=\"async\" loading=\"lazy\" class=\"alignleft wp-image-2049943\" src=\"https:\/\/romfilatelia.ro\/wp-content\/uploads\/2026\/01\/SITE_mc_Cocosi-e1769695276388.jpg\" alt=\"\" width=\"600\" height=\"359\" \/><\/a>Pentru colec\u0163ionarii de m\u0103rci po\u0219tale, fiecare emisiune de timbre cu tematica <em>\u201eP\u0103s\u0103ri\u201d<\/em>, constituie un prilej de bucurie \u0219i interes.<\/p>\n<p>Venind \u00een \u00eent\u00e2mpinarea dorin\u0163ei filateli\u0219tilor din \u0163ar\u0103 dar \u0219i din str\u0103in\u0103tate, <strong>Romfilatelia <\/strong>\u0219i <strong>Po\u0219ta Rom\u00e2n\u0103<\/strong> introduc \u00een circula\u0163ie <em>vineri, 30 ianuarie a.c.,<\/em> emisiunea de m\u0103rci po\u0219tale <strong><em>Coco\u0219i<\/em><\/strong>, format\u0103 din patru timbre, un plic \u201eprima zi\u201d, un bloc filatelic dantelat \u0219i o map\u0103 filatelic\u0103 cu produs special \u00een tiraj limitat.<\/p>\n<p>Conceptul emisiunii <strong>\u201eCoco\u0219i\u201d<\/strong> \u00eembin\u0103 latura artistic\u0103 \u2013 pictura, cu cea \u0219tiintific\u0103, cu men\u021bionarea raselor specifice, astfel:<\/p>\n<p>Pe marca po\u0219tal\u0103 cu valoarea de <strong>5 lei<\/strong> este reprodus\u0103 imaginea operei \u201eCoco\u0219 cu g\u0103ini \u0219i pui\u201d, realizat\u0103 de pictorul olandez Albertus Verhoesen, \u00een anul 1855, iar rasa este Ardennaise.<\/p>\n<p>Rasa Ardennaise este o ras\u0103 veche, de talie medie, de origine din Ardeni (Belgia\/Fran\u021ba), fiind la un moment dat (\u00een perioada celui de-al doilea r\u0103zboi mondial) practic disp\u0103rut\u0103, reselec\u021bionat\u0103 ulterior.<\/p>\n<p>Timbrul cu valoarea de <strong>6,50 lei<\/strong> red\u0103 imaginea picturii \u201eP\u0103s\u0103ri de ferm\u0103\u201d (cca anul 1827) realizat\u0103 de John James Audubon. Rasa reg\u0103sit\u0103 aici este Pavlovskaia, cu exemplare albe. Rasa Pavlovskaia, sau \u201ecrestat\u0103 ruseasc\u0103\u201d, exista la data picturii ornitologului american Audubon, \u0219i probabil fusese deja adus\u0103 \u0219i \u00een America. Este o ras\u0103 veche, de talie medie, originar\u0103 din Rusia, rar\u0103 la ora actual\u0103, cu creasta coco\u0219ului variabil\u0103, uneori \u201eb\u0103tut\u0103\u201d (\u201etrandafir\u201d), alteori de tip obi\u0219nuit, alteori \u00eenlocuit\u0103 de o creast\u0103 de pene.<\/p>\n<p>Pe timbrul cu valoarea nominal\u0103 de <strong>10 lei<\/strong> este prezentat\u0103 imaginea picturii \u201eCoco\u0219 \u0219i g\u0103in\u0103\u201d, realizat\u0103 de pictorul finlandez Ferdinand von Wright, \u00een 1867. &#8211; Rasa\u00a0 Hamburg.<\/p>\n<p>Rasa Hamburg este o ras\u0103 de talie medie, cu creasta variabil\u0103, de origine din Olanda (\u00een pofida numelui), utilizat\u0103 pentru ou\u0103 \u0219i de ornament.<\/p>\n<p>Timbrul cu valoarea de <strong>14 lei<\/strong> reproduce opera \u201eO pisic\u0103 printre coco\u0219i\u201d, realizat\u0103 de pictorul de origine slovac\u0103 (dar care a lucrat mult \u00een Anglia, unde a \u0219i murit) Jakob Bogdani, circa 1710.<\/p>\n<p>Sunt redate rase diverse, coco\u0219ul apar\u021bin\u00e2nd rasei \u201eOld English Gamefowl\u201d. Rasa \u201eOld English Gamefowl\u201d (vechea ras\u0103 combatant\u0103 englez\u0103) a fost ini\u021bial selec\u021bionat\u0103 pentru luptele de coco\u0219i, acum crescut\u0103 \u00een scopuri ornamentale. Rasa este destul de variabil\u0103, cu mai multe tipuri standardizate, cu culori vii, diverse \u0219i creasta coco\u0219ului adesea foarte mic\u0103.<\/p>\n<p><em>Romfilatelia mul\u021bume\u0219te Cercet. \u0218t. Gr. I Luis Ovidiu Popa, Directorul Muzeului Na\u021bional de Istorie Natural\u0103 \u201eGrigore Antipa\u201d \u0219i muzeografului Dr. Alexandru Iftime, pentru consultan\u021ba de specialitate acordat\u0103 la realizarea acestei emisiuni de m\u0103rci po\u0219tale. <\/em><\/p>\n<p><a href=\"https:\/\/romfilatelia.ro\/wp-content\/uploads\/2026\/01\/caract_Cocosi-e1769695319327.jpg\"><img decoding=\"async\" loading=\"lazy\" class=\"size-full wp-image-2049944 aligncenter\" src=\"https:\/\/romfilatelia.ro\/wp-content\/uploads\/2026\/01\/caract_Cocosi-e1769695319327.jpg\" alt=\"\" width=\"1700\" height=\"1749\" \/><\/a><\/p>\n","protected":false},"excerpt":{"rendered":"<p>Pentru colec\u0163ionarii de m\u0103rci po\u0219tale, fiecare emisiune de timbre cu tematica \u201eP\u0103s\u0103ri\u201d, constituie un prilej de bucurie \u0219i interes. Venind \u00een \u00eent\u00e2mpinarea dorin\u0163ei filateli\u0219tilor din \u0163ar\u0103 dar \u0219i din str\u0103in\u0103tate, Romfilatelia \u0219i Po\u0219ta Rom\u00e2n\u0103 introduc \u00een circula\u0163ie vineri, 30 ianuarie a.c., emisiunea de m\u0103rci po\u0219tale Coco\u0219i, format\u0103 din patru timbre, un plic \u201eprima zi\u201d, un&hellip;&nbsp;<a href=\"https:\/\/romfilatelia.ro\/magazin\/produs\/colectii-anuale\/2026\/cocosi-2\/\" class=\"\" rel=\"bookmark\">Cite\u0219te mai mult &raquo;<span class=\"screen-reader-text\">Coco\u0219i<\/span><\/a><\/p>\n","protected":false},"featured_media":2037238,"template":"","meta":{"neve_meta_sidebar":"","neve_meta_container":"","neve_meta_enable_content_width":"off","neve_meta_content_width":100,"neve_meta_title_alignment":"","neve_meta_author_avatar":"","neve_post_elements_order":"","neve_meta_disable_header":"","neve_meta_disable_footer":"","neve_meta_disable_title":""},"product_cat":[343,6],"product_tag":[],"_links":{"self":[{"href":"https:\/\/romfilatelia.ro\/magazin\/wp-json\/wp\/v2\/product\/2037237"}],"collection":[{"href":"https:\/\/romfilatelia.ro\/magazin\/wp-json\/wp\/v2\/product"}],"about":[{"href":"https:\/\/romfilatelia.ro\/magazin\/wp-json\/wp\/v2\/types\/product"}],"wp:featuredmedia":[{"embeddable":true,"href":"https:\/\/romfilatelia.ro\/magazin\/wp-json\/wp\/v2\/media\/2037238"}],"wp:attachment":[{"href":"https:\/\/romfilatelia.ro\/magazin\/wp-json\/wp\/v2\/media?parent=2037237"}],"wp:term":[{"taxonomy":"product_cat","embeddable":true,"href":"https:\/\/romfilatelia.ro\/magazin\/wp-json\/wp\/v2\/product_cat?post=2037237"},{"taxonomy":"product_tag","embeddable":true,"href":"https:\/\/romfilatelia.ro\/magazin\/wp-json\/wp\/v2\/product_tag?post=2037237"}],"curies":[{"name":"wp","href":"https:\/\/api.w.org\/{rel}","templated":true}]}}