{"id":2037193,"date":"2026-01-20T13:06:07","date_gmt":"2026-01-20T11:06:07","guid":{"rendered":"https:\/\/romfilatelia.ro\/magazin\/?post_type=product&#038;p=2037193"},"modified":"2026-01-20T13:06:07","modified_gmt":"2026-01-20T11:06:07","slug":"plante-carnivore","status":"publish","type":"product","link":"https:\/\/romfilatelia.ro\/magazin\/produs\/colectii-anuale\/2026\/plante-carnivore\/","title":{"rendered":"Plante carnivore"},"content":{"rendered":"<p><a href=\"https:\/\/romfilatelia.ro\/wp-content\/uploads\/2026\/01\/SITE_mc_Plante-carnivore.jpg\"><img decoding=\"async\" loading=\"lazy\" class=\"alignleft wp-image-2049896\" src=\"https:\/\/romfilatelia.ro\/wp-content\/uploads\/2026\/01\/SITE_mc_Plante-carnivore.jpg\" alt=\"\" width=\"750\" height=\"284\" \/><\/a>O interesant\u0103 emisiune, cu tematica <em>Flora<\/em>, va fi introdus\u0103 \u00een circula\u021bie de <strong>Romfilatelia<\/strong> \u0219i <strong>Po\u0219ta Rom\u00e2n\u0103<\/strong> \u00een ziua de <em>miercuri, 21 ianuarie a.c.<\/em> sub titlul <strong><em>Plante carnivore<\/em><\/strong>, compus\u0103 din trei m\u0103rci po\u0219tale \u0219i un plic \u201eprima zi\u201d.<\/p>\n<p>Aceste plante trezesc admira\u021bia tuturor observatorilor. Mecanismul atent g\u00e2ndit de capturare a pr\u0103zii \u0219i \u201edigestia\u201d ei ulterioar\u0103 sunt un spectacol fascinant. Nu doar procesul de digestie \u00een sine este interesant la plantele carnivore, ci \u0219i florile splendide.<\/p>\n<p>Conceptul emisiunii este abordat din dou\u0103 perspective: planta \u00een sine realist\u0103, iar ca background este ilustrat ansamblul peisajului stilizat, spectaculos \u0219i plin de meandre.<\/p>\n<p><em>Nepenthes<\/em> (val. nominal\u0103 de <strong>5,50 lei<\/strong>) este singurul gen al familiei <strong>Nepenthaceae<\/strong> \u0219i cuprinde circa 150 de specii insectivore, cu distribu\u021bie nativ\u0103 \u00een Asia de Sud-Est, Australia \u0219i Madagascar. Frunzele \u0219i-au dezvoltat capcane specializate \u00een prinderea insectelor, formate dintr-o urn\u0103 aproximativ cilindric\u0103 \u0219i un opercul (c\u0103p\u0103cel). Insectele sunt atrase de culorile vii ale urnelor, dar \u0219i de nectarul prezent pe marginea acestora \u0219i pe opercul.<\/p>\n<p>Unele specii sunt adaptate s\u0103-\u0219i extrag\u0103 substan\u021bele nutritive din excrementele unor mamifere (\u0219oareci, lilieci) care sunt atrase de nectarul produs la nivelul operculului.<\/p>\n<p><em>Sarracenia<\/em> (val. nominal\u0103 de <strong>6 lei<\/strong>) este unul dintre genurile familiei<strong> Sarraceniaceae <\/strong>care cuprinde 34 de specii erbacee, r\u0103sp\u00e2ndite prin mla\u015ftinile din zonele temperate \u015fi tropicale din nord-estul Americii de Sud, vestul \u015fi estul Americii de Nord. Frunzele bazale sunt transformate \u00een urne tubuloase, pline cu lichid digestiv, av\u00e2nd peri \u00eendrepta\u0163i spre baz\u0103 pentru a \u00eempiedica ie\u015firea insectelor intrate \u00een urn\u0103.<\/p>\n<p>Denumit\u0103 \u0219i <strong>planta ulcior<\/strong>, este deosebit de aspectuoas\u0103 prin capcanele sale sub form\u0103 de ulcior, viu colorate.<\/p>\n<p><em>Drosera<\/em> sau \u201e<strong>roua cerului<\/strong>\u201d (val. nominal\u0103 de <strong>14 lei<\/strong>) apar\u021bine familiei <strong>Droseraceae<\/strong> care are trei genuri \u0219i 130 de specii. Plantele sunt, cu unele excep\u021bii, de talie mic\u0103 \u0219i prezint\u0103 frunze grupate \u00een rozet\u0103 bazal\u0103, adaptate pentru nutri\u021bia insectivor\u0103. Frunzele sunt acoperite cu peri glandulari lipicio\u0219i \u0219i sensibili la mi\u0219care. Cu c\u00e2t o prad\u0103 se agit\u0103 mai mult s\u0103 scape, cu at\u00e2t sunt stimula\u021bi mai mul\u021bi peri glandulari s\u0103 devin\u0103 activi. Astfel, insectele \u00een c\u0103utare de hran\u0103 sunt victime sigure.<\/p>\n<p><em>Drosera<\/em> are specii r\u0103sp\u00e2ndite pe tot globul, dar cea mai mare diversitate a speciilor este \u00eent\u00e2lnit\u0103 \u00een Australia. \u00cen Rom\u00e2nia, cea mai cunoscut\u0103 este <em>Drosera rotundifolia<\/em> (roua cerului). <em>Drosera<\/em> cre\u0219te \u00een turb\u0103rii \u0219i mla\u0219tini oligotrofe, habitate extrem de sensibile la impactul antropic \u0219i la schimb\u0103rile climatice, fiind declarate \u00een mare parte arii protejate.<\/p>\n<p>Pe \u201eplicul prima\u201d zi a emisiunii este prezentat\u0103 planta carnivor\u0103 <em>Dionaea muscipula. <\/em><\/p>\n<p><em>Dionaea muscipula<\/em> se mai nume\u0219te popular <strong>Capcana lui Venus<\/strong> sau <strong>Capcana de o\u021bel<\/strong> \u0219i este cea mai cunoscut\u0103 pentru viteza cu care \u00ee\u0219i \u00eenchide capcana. Planta cre\u0219te \u00een mod spontan \u00een zonele ml\u0103\u0219tinoase de pe coasta nord-estic\u0103 a Americii de Nord (Carolina de Nord \u0219i Carolina de Sud).<\/p>\n<p><em>Romfilatelia mul\u021bume\u0219te Dnei Prof. univ. dr. Paulina Anastasiu, Directorul Gr\u0103dinii Botanice \u201eDimitrie Brandza\u201d a Universit\u0103\u021bii din Bucure\u0219ti pentru sprijinul documentar acordat la realizarea acestei emisiuni de m\u0103rci po\u0219tale. <\/em><\/p>\n<p><a href=\"https:\/\/romfilatelia.ro\/wp-content\/uploads\/2026\/01\/site_caract.png\"><img decoding=\"async\" loading=\"lazy\" class=\"size-full wp-image-2049897 aligncenter\" src=\"https:\/\/romfilatelia.ro\/wp-content\/uploads\/2026\/01\/site_caract.png\" alt=\"\" width=\"1058\" height=\"631\" \/><\/a><\/p>\n","protected":false},"excerpt":{"rendered":"<p>O interesant\u0103 emisiune, cu tematica Flora, va fi introdus\u0103 \u00een circula\u021bie de Romfilatelia \u0219i Po\u0219ta Rom\u00e2n\u0103 \u00een ziua de miercuri, 21 ianuarie a.c. sub titlul Plante carnivore, compus\u0103 din trei m\u0103rci po\u0219tale \u0219i un plic \u201eprima zi\u201d. Aceste plante trezesc admira\u021bia tuturor observatorilor. Mecanismul atent g\u00e2ndit de capturare a pr\u0103zii \u0219i \u201edigestia\u201d ei ulterioar\u0103 sunt&hellip;&nbsp;<a href=\"https:\/\/romfilatelia.ro\/magazin\/produs\/colectii-anuale\/2026\/plante-carnivore\/\" class=\"\" rel=\"bookmark\">Cite\u0219te mai mult &raquo;<span class=\"screen-reader-text\">Plante carnivore<\/span><\/a><\/p>\n","protected":false},"featured_media":2037194,"template":"","meta":{"neve_meta_sidebar":"","neve_meta_container":"","neve_meta_enable_content_width":"off","neve_meta_content_width":100,"neve_meta_title_alignment":"","neve_meta_author_avatar":"","neve_post_elements_order":"","neve_meta_disable_header":"","neve_meta_disable_footer":"","neve_meta_disable_title":""},"product_cat":[343,6],"product_tag":[],"_links":{"self":[{"href":"https:\/\/romfilatelia.ro\/magazin\/wp-json\/wp\/v2\/product\/2037193"}],"collection":[{"href":"https:\/\/romfilatelia.ro\/magazin\/wp-json\/wp\/v2\/product"}],"about":[{"href":"https:\/\/romfilatelia.ro\/magazin\/wp-json\/wp\/v2\/types\/product"}],"wp:featuredmedia":[{"embeddable":true,"href":"https:\/\/romfilatelia.ro\/magazin\/wp-json\/wp\/v2\/media\/2037194"}],"wp:attachment":[{"href":"https:\/\/romfilatelia.ro\/magazin\/wp-json\/wp\/v2\/media?parent=2037193"}],"wp:term":[{"taxonomy":"product_cat","embeddable":true,"href":"https:\/\/romfilatelia.ro\/magazin\/wp-json\/wp\/v2\/product_cat?post=2037193"},{"taxonomy":"product_tag","embeddable":true,"href":"https:\/\/romfilatelia.ro\/magazin\/wp-json\/wp\/v2\/product_tag?post=2037193"}],"curies":[{"name":"wp","href":"https:\/\/api.w.org\/{rel}","templated":true}]}}