{"id":2037170,"date":"2026-01-15T09:57:53","date_gmt":"2026-01-15T07:57:53","guid":{"rendered":"https:\/\/romfilatelia.ro\/magazin\/?post_type=product&#038;p=2037170"},"modified":"2026-01-15T09:57:54","modified_gmt":"2026-01-15T07:57:54","slug":"ziua-culturii-nationale","status":"publish","type":"product","link":"https:\/\/romfilatelia.ro\/magazin\/produs\/colectii-anuale\/2026\/ziua-culturii-nationale\/","title":{"rendered":"Ziua Culturii Na\u021bionale"},"content":{"rendered":"<p><a href=\"https:\/\/www.romfilatelia.ro\/wp-content\/uploads\/2026\/01\/SITE_mc_em-com-Ziua-Culturii-Nationale.jpg\"><img decoding=\"async\" loading=\"lazy\" class=\"alignleft wp-image-2049856\" src=\"https:\/\/www.romfilatelia.ro\/wp-content\/uploads\/2026\/01\/SITE_mc_em-com-Ziua-Culturii-Nationale.jpg\" alt=\"\" width=\"700\" height=\"339\" \/><\/a>Ca \u00een fiecare an, pe <em>15 ianuarie<\/em>, timbrul rom\u00e2nesc aniverseaz\u0103 <strong><em>Ziua Culturii Na\u021bionale<\/em><\/strong>, \u00een emisiunea cu acela\u0219i titlu, prin care aduce un omagiu unor personalit\u0103\u021bi de seam\u0103 ale culturii na\u021bionale: <strong>Nicolae Iorga<\/strong> (valoarea nominal\u0103 de <strong>5,50 Lei<\/strong>), <strong>Andrei Mure\u0219anu<\/strong> (valoarea nominal\u0103 de <strong>10 Lei<\/strong>) \u0219i <strong>\u0218tefan Luchian<\/strong> (valoarea nominal\u0103 de <strong>25 Lei<\/strong>).<\/p>\n<p>Emisiunea din acest an ce are \u00een componen\u021ba sa 3 m\u0103rci po\u0219tale, un plic \u201eprima zi\u201d, un set de 3 c\u0103r\u021bi po\u0219tale maxime pentru pasiona\u021bii de maximafilie \u0219i o map\u0103 filatelic\u0103 cu produs special \u00een tiraj limitat, va fi introdus\u0103 \u00een circula\u021bie de <strong>Romfilatelia<\/strong> \u0219i <strong>Po\u0219ta Rom\u00e2n\u0103<\/strong>, <em>joi, 15 ianuarie<\/em>.<\/p>\n<p><strong>Andrei Mure\u0219anu (1816-1863)<\/strong>, preot greco-catolic, autorul imnului na\u0163ional \u201eDe\u0219teapt\u0103-te, Rom\u00e2ne\u201d, de la a c\u0103rui na\u0219tere se \u00eemplinesc 210 ani, se \u00eenscrie \u00een galeria personalit\u0103\u021bilor de frunte ale \u021b\u0103rii.<\/p>\n<p>S-a n\u0103scut la Bistri\u0163a, la 16 noiembrie 1816, ca fiu al lui Toader \u0219i Eftimia, primele studii f\u0103c\u00e2ndu-le la \u0219coala german\u0103 \u0219i la liceul piarist (catolic) din Bistri\u0163a. Continu\u0103 studiile la Seminarul Greco-Catolic din Blaj, la filozofie \u0219i teologie, av\u00e2nd ca profesor din 1832 pe Timotei Cipariu, p\u0103rintele filologiei rom\u00e2ne \u0219i Simion B\u0103rnu\u0163iu, pre\u0219edintele Comitetului Revolu\u0163ionar Rom\u00e2n din Transilvania.<\/p>\n<p>George Bari\u0163iu, care a ajuns mai t\u00e2rziu pre\u0219edinte al Academiei Rom\u00e2ne, a \u00eenfiin\u0163at la Bra\u0219ov primul ziar rom\u00e2nesc din Transilvania, \u201eFoaie pentru minte, inim\u0103 \u0219i literatur\u0103\u201d. Bun coleg cu Andrei Mure\u0219anu la Blaj, \u00eel cheam\u0103 la Bra\u0219ov ca institutor la \u0219coala rom\u00e2n\u0103, \u0219coal\u0103 condus\u0103 de \u00eensu\u0219i George Bari\u0163iu, \u00een 1838. Apoi s-a angajat \u00een Bra\u0219ov ca profesor de gimnaziu p\u00e2n\u0103 \u00een 1848.<\/p>\n<p>Dup\u0103 Revolu\u0163ia de la 1848 &#8211; 1849, trece \u00een Muntenia cu George Bari\u0163iu. Dar revine \u00een Transilvania la Sibiu, unde este func\u0163ionar \u0219i translator la buletinul oficial al guvernului.<\/p>\n<p>\u00cen poezia sa, Andrei Mure\u0219anu a scris sub influen\u0163a alegoric\u0103 a poe\u0163ilor V\u0103c\u0103re\u0219ti, iar nemuritor r\u0103m\u00e2ne \u201eDe\u0219teapt\u0103-te, Rom\u00e2ne\u201d, un real imn popular, c\u00e2ntat \u00een marile \u00eencerc\u0103ri ale poporului rom\u00e2n precum R\u0103zboiul de Independen\u0163\u0103, primul r\u0103zboi mondial, revenind dup\u0103 evenimentele din decembrie 1989.<\/p>\n<p>Acest imn popular exprima \u00een cel mai \u00eenalt grad ideea de solidaritate na\u0163ional\u0103, de apartenen\u0163\u0103 la latinitate, de noble\u0163e na\u0163ional\u0103, fapt ce a condus dup\u0103 evenimentele din decembrie 1989 ca acesta s\u0103 devin\u0103 imn na\u0163ional, stipulat de Constitu\u0163ia Rom\u00e2niei din 2003, care consfin\u0163ea prin articolul 12 c\u0103 \u201eImnul na\u0163ional al Rom\u00e2niei este <em>De\u0219teapt\u0103-te, Rom\u00e2ne<\/em>\u201d.<\/p>\n<p><strong>Nicolae Iorga (1871-1940)<\/strong>, de la a c\u0103rui na\u0219tere se \u00eemplinesc 155 de ani, a fost istoric, critic literar, documentarist \u0219i enciclopedist \u0219i r\u0103m\u00e2ne o personalitate de prim rang a Rom\u00e2niei \u0219i o figur\u0103 academic\u0103 recunoscut\u0103 unanim de elita cultural\u0103 a Europei.<\/p>\n<p>\u00cen cultura rom\u00e2nesc\u0103 a primelor decenii ale secolului XX, Iorga a jucat \u201erolul lui Voltaire\u201d (George C\u0103linescu). Dotat cu un intelect de excep\u021bie, student al universit\u0103\u021bilor din Paris, Berlin \u0219i Leipzig, ob\u021bine doctoratul \u00een anul 1893 la v\u00e2rsta de 23 de ani. Din 1910 este membru de onoare al Academiei Rom\u00e2ne. A avut o activitate \u0219tiin\u021bific\u0103 excep\u021bional\u0103, reg\u0103sindu-se ca autor a 1.003 volume, a peste 12.000 de articole \u0219i studii, culmin\u00e2nd cu <em>Istoria Rom\u00e2nilor<\/em> \u00een 10 volume, pentru care a fost numit cel mai mare istoric \u0219i savant al Rom\u00e2niei din toate timpurile.<\/p>\n<p>Nicolae Iorga a fost o personalitate care a creat \u0219coal\u0103 \u0219i a dat substan\u021b\u0103 culturii na\u021bionale, a influen\u021bat puternic via\u021ba social &#8211; politic\u0103 a \u021b\u0103rii, manifest\u00e2ndu-se ca un creator \u00een scris \u0219i \u00een cuv\u00e2nt, de o rodnicie f\u0103r\u0103 seam\u0103n.<\/p>\n<p><strong>\u0218tefan Luchian (1868 &#8211; 1916<\/strong>), de la a c\u0103rui comemorare se \u00eemplinesc 110 ani, s-a n\u0103scut la 1 februarie 1868, la \u0218tef\u0103ne\u0219ti, \u00een nordul Moldovei.<\/p>\n<p>\u0218tefan Luchian se \u00eenscrie la clasa de pictur\u0103 a \u0218colii Na\u0163ionale de Arte Frumoase din Bucure\u0219ti, \u00een anul 1885, \u0219coal\u0103 pe care o absolv\u0103 patru ani mai t\u00e2rziu, ob\u0163in\u00e2nd medalia de bronz pentru <em>Cap de expresie<\/em> \u0219i <em>Studiu dup\u0103 natur\u0103<\/em>.<\/p>\n<p>Studiaz\u0103 apoi la M\u00fcnchen, la Academia de Arte Frumoase, iar apoi la Paris, la Academia Julien.<\/p>\n<p>Revine la Bucure\u0219ti \u00een 1896, unde va fi ini\u0163iatorul Expozi\u0163iei Arti\u0219tilor Independen\u0163i al\u0103turi de Alexandru Bogdan-Pite\u0219ti. Anul 1900 \u00eel g\u0103se\u0219te la Paris, la Expozi\u0163ia Universal\u0103, unde expune dou\u0103 pasteluri.<\/p>\n<p>Din cauza unei boli incurabile, din 1909 \u0219i p\u00e2n\u0103 la moarte (1916), va fi \u0163intuit \u00een fotoliu.<\/p>\n<p>Tablourile sale redau splendorile peisajului rom\u00e2nesc realizate cu o m\u0103iestrie neegalat\u0103, demonstr\u00e2nd pasiunea lui nem\u0103rginit\u0103 pentru natur\u0103.<\/p>\n<p><em>Romfilatelia mul\u021bume\u0219te partenerilor institu\u021bionali \u2013 Ministerul Culturii, Academia Rom\u00e2n\u0103, Biblioteca Academiei Rom\u00e2ne, Muzeul Na\u021bional de Art\u0103 al Rom\u00e2niei, Muzeul Na\u021bional al Literaturii Rom\u00e2ne, Muzeul Jude\u021bean de Istorie Bra\u0219ov \u0219i Muzeul \u201eNicolae Iorga\u201d din V\u0103lenii de Munte, sec\u021bie a Muzeului Jude\u021bean de Istorie \u0219i Arheologie Prahova \u2013 pentru frumoasa colaborare \u0219i sprijinul documentar acordat la realizarea acestei emisiuni de m\u0103rci po\u0219tale. <\/em><\/p>\n<p><a href=\"https:\/\/www.romfilatelia.ro\/wp-content\/uploads\/2026\/01\/caract_Ziua-Culturii-Nationale.jpg\"><img decoding=\"async\" loading=\"lazy\" class=\"size-full wp-image-2049857 aligncenter\" src=\"https:\/\/www.romfilatelia.ro\/wp-content\/uploads\/2026\/01\/caract_Ziua-Culturii-Nationale.jpg\" alt=\"\" width=\"1713\" height=\"1765\" \/><\/a><\/p>\n","protected":false},"excerpt":{"rendered":"<p>Ca \u00een fiecare an, pe 15 ianuarie, timbrul rom\u00e2nesc aniverseaz\u0103 Ziua Culturii Na\u021bionale, \u00een emisiunea cu acela\u0219i titlu, prin care aduce un omagiu unor personalit\u0103\u021bi de seam\u0103 ale culturii na\u021bionale: Nicolae Iorga (valoarea nominal\u0103 de 5,50 Lei), Andrei Mure\u0219anu (valoarea nominal\u0103 de 10 Lei) \u0219i \u0218tefan Luchian (valoarea nominal\u0103 de 25 Lei). Emisiunea din acest&hellip;&nbsp;<a href=\"https:\/\/romfilatelia.ro\/magazin\/produs\/colectii-anuale\/2026\/ziua-culturii-nationale\/\" class=\"\" rel=\"bookmark\">Cite\u0219te mai mult &raquo;<span class=\"screen-reader-text\">Ziua Culturii Na\u021bionale<\/span><\/a><\/p>\n","protected":false},"featured_media":2037171,"template":"","meta":{"neve_meta_sidebar":"","neve_meta_container":"","neve_meta_enable_content_width":"off","neve_meta_content_width":100,"neve_meta_title_alignment":"","neve_meta_author_avatar":"","neve_post_elements_order":"","neve_meta_disable_header":"","neve_meta_disable_footer":"","neve_meta_disable_title":""},"product_cat":[343,6],"product_tag":[],"_links":{"self":[{"href":"https:\/\/romfilatelia.ro\/magazin\/wp-json\/wp\/v2\/product\/2037170"}],"collection":[{"href":"https:\/\/romfilatelia.ro\/magazin\/wp-json\/wp\/v2\/product"}],"about":[{"href":"https:\/\/romfilatelia.ro\/magazin\/wp-json\/wp\/v2\/types\/product"}],"wp:featuredmedia":[{"embeddable":true,"href":"https:\/\/romfilatelia.ro\/magazin\/wp-json\/wp\/v2\/media\/2037171"}],"wp:attachment":[{"href":"https:\/\/romfilatelia.ro\/magazin\/wp-json\/wp\/v2\/media?parent=2037170"}],"wp:term":[{"taxonomy":"product_cat","embeddable":true,"href":"https:\/\/romfilatelia.ro\/magazin\/wp-json\/wp\/v2\/product_cat?post=2037170"},{"taxonomy":"product_tag","embeddable":true,"href":"https:\/\/romfilatelia.ro\/magazin\/wp-json\/wp\/v2\/product_tag?post=2037170"}],"curies":[{"name":"wp","href":"https:\/\/api.w.org\/{rel}","templated":true}]}}