{"id":2037113,"date":"2025-12-15T14:03:55","date_gmt":"2025-12-15T12:03:55","guid":{"rendered":"https:\/\/romfilatelia.ro\/magazin\/?post_type=product&#038;p=2037113"},"modified":"2025-12-15T14:03:56","modified_gmt":"2025-12-15T12:03:56","slug":"jandarmeria-romana-175-de-ani","status":"publish","type":"product","link":"https:\/\/romfilatelia.ro\/magazin\/produs\/colectii-anuale\/2025\/jandarmeria-romana-175-de-ani\/","title":{"rendered":"JANDARMERIA ROM\u00c2N\u0102, 175 DE ANI"},"content":{"rendered":"<div class=\"entry-content clear\">\n<p><strong><a href=\"https:\/\/romfilatelia.ro\/wp-content\/uploads\/2025\/12\/SITE_mc_Jandarmeria-Romana.jpg\" data-slb-active=\"1\" data-slb-asset=\"1938180379\"><img decoding=\"async\" loading=\"lazy\" class=\"alignleft wp-image-2049801\" src=\"https:\/\/romfilatelia.ro\/wp-content\/uploads\/2025\/12\/SITE_mc_Jandarmeria-Romana.jpg\" sizes=\"(max-width: 600px) 100vw, 600px\" srcset=\"https:\/\/romfilatelia.ro\/wp-content\/uploads\/2025\/12\/SITE_mc_Jandarmeria-Romana.jpg 794w, https:\/\/romfilatelia.ro\/wp-content\/uploads\/2025\/12\/SITE_mc_Jandarmeria-Romana-768x1096.jpg 768w\" alt=\"\" width=\"600\" height=\"856\" \/><\/a>Romfilatelia<\/strong> \u0219i <strong>Po\u0219ta Rom\u00e2n\u0103<\/strong> introduc \u00een circula\u021bie <em>mar\u021bi, 16 decembrie<\/em> <em>a.c<\/em>. o emisiune filatelic\u0103 aniversar\u0103 sub denumirea <strong><em>Jandarmeria Rom\u00e2n\u0103, 175 de ani<\/em><\/strong>.<\/p>\n<p>Emisiunea are \u00een componen\u021ba sa dou\u0103 m\u0103rci po\u0219tale, un bloc filatelic de 2 timbre dantelate \u0219i un plic \u201eprima zi\u201d.<\/p>\n<p>\u00centemeierea Jandarmeriei Rom\u00e2ne este \u00eenscris\u0103 \u00een calendarul evenimentelor la data de 3 aprilie 1850 c\u00e2nd, prin ofis domnesc, Domnul Moldovei, Grigore Alexandru Ghyka a aprobat hot\u0103r\u00e2rea Divanului ob\u0219tesc, semn\u00e2nd \u201eLegiuirea pentru reforma Corpului slujitorilor de jandarmi\u201d.<\/p>\n<p>Se cuvine s\u0103 amintim cu respect de \u00eentemeietorul Jandarmeriei Rom\u00e2ne, ale c\u0103rui r\u0103m\u0103\u0219i\u021be p\u0103m\u00e2nte\u0219ti au fost repatriate dup\u0103 168 de ani \u0219i depuse \u00een Palatul Culturii din ora\u0219ul Ia\u0219i, Capital\u0103 istoric\u0103 a Rom\u00e2niei.<\/p>\n<p>\u00cen perioada domniei lui Alexandru Ioan Cuza, Jandarmeria a fost supus\u0103 unui amplu proces de modernizare \u0219i scoas\u0103 de sub administra\u021bia Ministerului Trebilor din L\u0103untru (Ministerul de Interne) pentru a trece \u00een subordinea direct\u0103 a Ministerului de R\u0103zboi, cu regim de armat\u0103 permanent\u0103.<\/p>\n<p>\u00cen timpul R\u0103zboiului de Independen\u021b\u0103 din 1877, precum \u0219i \u00een cele dou\u0103 conflagra\u021bii mondiale, Jandarmeria a avut un rol istoric important, at\u00e2t ca for\u021b\u0103 combatant\u0103, c\u00e2t \u0219i ca for\u021b\u0103 de ordine public\u0103.<\/p>\n<p>De remarcat faptul c\u0103 dup\u0103 Legea lui Grigore Alexandru Ghyka, legile (de inspira\u021bie francez\u0103) adoptate \u00een anii 1893 \u0219i 1929 clarific\u0103 pe deplin rolul, locul \u0219i organizarea Jandarmeriei Rurale. Legiuitorul (la anul 1893) Lasc\u0103r Catargiu a pus accentul pe men\u021binerea siguran\u021bei publice, \u00eenso\u021bit\u0103 de respectarea legii.<\/p>\n<p>\u00cen anul 1949, urmare a organiz\u0103rii impuse de regimul comunist, Jandarmeria, pierde o mare parte din atribu\u021bii, fiind \u00eenlocuit\u0103 cu Trupele de Securitate ale Ministerului de Interne. Jandarmeria Rural\u0103 se subordoneaz\u0103 Direc\u021biei Generale a Mili\u021biei.<\/p>\n<p>Remodelarea institu\u021biei a fost posibil\u0103 dup\u0103 1989 pe temeliile statului de drept prin elaborarea unor concep\u021bii noi cu privire la locul \u0219i rolul for\u021belor de ordine intern\u0103. Reorganizat\u0103, dotat\u0103 \u0219i preg\u0103tit\u0103 dup\u0103 modelul Armelor europene similare, Jandarmeria este capabil\u0103 s\u0103 \u00ee\u0219i asume responsabilit\u0103\u021bile ce revin Rom\u00e2niei \u00een calitate de membru al Uniunii Europene.<\/p>\n<p>La nivel central, Jandarmeria Rom\u00e2n\u0103 este coordonat\u0103 de Inspectoratul General al Jandarmeriei. Unitatea de elit\u0103: Brigada Special\u0103 de Interven\u021bie \u201eVlad \u021aepe\u0219\u201d, alc\u0103tuit\u0103 exclusiv din profesioni\u0219ti, \u00ee\u0219i \u00eendepline\u0219te atribu\u021biile pe linie de restabilire a ordinii publice \u0219i de interven\u021bie antiterorist\u0103 pe \u00eentregul teritoriu al \u021b\u0103rii.<\/p>\n<p>Prin acceptarea ca membru cu drepturi depline \u00een <em>Asocia\u021bia Interna\u021bional\u0103 a For\u021belor de Jandarmerie \u0219i Poli\u021bie cu Statut Militar<\/em>, Jandarmeria Rom\u00e2n\u0103 cap\u0103t\u0103 voca\u021bie european\u0103, iar misiunile \u00eendeplinite sub egida ONU, sunt cea mai palpabil\u0103 dovad\u0103 a profesionalismului jandarmilor instrui\u021bi \u0219i educa\u021bi s\u0103 fie furnizori, garan\u021bi \u0219i ap\u0103r\u0103tori ai ordinii de drept \u0219i a principiilor democratice.<\/p>\n<p>Merit\u0103 eviden\u021biat faptul c\u0103 activitatea desf\u0103\u0219urat\u0103 de Jandarmeria Rom\u00e2n\u0103, \u00een plan na\u021bional \u0219i interna\u021bional a determinat recunoa\u0219terea capacit\u0103\u021bii acestei institu\u021bii \u0219i profesionalismul jandarmilor, din partea forurilor na\u021bionale \u0219i interna\u021bionale \u0219i a cet\u0103\u021benilor rom\u00e2ni, principalii beneficiari<br \/>\nai serviciilor prestate de institu\u021bie.<\/p>\n<p>\u00cen acest an aniversar, Jandarmeria Rom\u00e2n\u0103, corp de elit\u0103 modern, se prezint\u0103 ca o for\u021b\u0103 de ordine public\u0103, sigur\u0103, credibil\u0103, stabil\u0103, echidistant\u0103 politic \u0219i preg\u0103tit\u0103 \u00een orice moment s\u0103 \u00eendeplineasc\u0103 \u00een condi\u021bii irepro\u0219abile misiunile \u00eencredin\u021bate, fiind perceput\u0103 ca un pilon de baz\u0103 al siguran\u021bei \u0219i ordinii publice.<\/p>\n<p><em>Romfilatelia mul\u021bume\u0219te conducerii Jandarmeriei Rom\u00e2ne \u0219i speciali\u0219tilor din cadrul Arhivelor Na\u021bionale ale Rom\u00e2niei \u0219i ai Muzeului Na\u021bional Pele\u0219 pentru sprijinul documentar acordat la realizarea acestei emisiuni de m\u0103rci po\u0219tale.\u00a0 <\/em><\/p>\n<p><a href=\"https:\/\/romfilatelia.ro\/wp-content\/uploads\/2025\/12\/pliant_Jandarmeria-Romana_CARACTERISTICI-e1765786609264.jpg\" data-slb-active=\"1\" data-slb-asset=\"1683373997\"><img decoding=\"async\" loading=\"lazy\" class=\"size-full wp-image-2049802 aligncenter\" src=\"https:\/\/romfilatelia.ro\/wp-content\/uploads\/2025\/12\/pliant_Jandarmeria-Romana_CARACTERISTICI-e1765786609264.jpg\" alt=\"\" width=\"1200\" height=\"743\" \/><\/a><\/p>\n<\/div>\n","protected":false},"excerpt":{"rendered":"<p>Romfilatelia \u0219i Po\u0219ta Rom\u00e2n\u0103 introduc \u00een circula\u021bie mar\u021bi, 16 decembrie a.c. o emisiune filatelic\u0103 aniversar\u0103 sub denumirea Jandarmeria Rom\u00e2n\u0103, 175 de ani. Emisiunea are \u00een componen\u021ba sa dou\u0103 m\u0103rci po\u0219tale, un bloc filatelic de 2 timbre dantelate \u0219i un plic \u201eprima zi\u201d. \u00centemeierea Jandarmeriei Rom\u00e2ne este \u00eenscris\u0103 \u00een calendarul evenimentelor la data de 3 aprilie&hellip;&nbsp;<a href=\"https:\/\/romfilatelia.ro\/magazin\/produs\/colectii-anuale\/2025\/jandarmeria-romana-175-de-ani\/\" class=\"\" rel=\"bookmark\">Cite\u0219te mai mult &raquo;<span class=\"screen-reader-text\">JANDARMERIA ROM\u00c2N\u0102, 175 DE ANI<\/span><\/a><\/p>\n","protected":false},"featured_media":2037114,"template":"","meta":{"neve_meta_sidebar":"","neve_meta_container":"","neve_meta_enable_content_width":"off","neve_meta_content_width":100,"neve_meta_title_alignment":"","neve_meta_author_avatar":"","neve_post_elements_order":"","neve_meta_disable_header":"","neve_meta_disable_footer":"","neve_meta_disable_title":""},"product_cat":[340,6],"product_tag":[],"_links":{"self":[{"href":"https:\/\/romfilatelia.ro\/magazin\/wp-json\/wp\/v2\/product\/2037113"}],"collection":[{"href":"https:\/\/romfilatelia.ro\/magazin\/wp-json\/wp\/v2\/product"}],"about":[{"href":"https:\/\/romfilatelia.ro\/magazin\/wp-json\/wp\/v2\/types\/product"}],"wp:featuredmedia":[{"embeddable":true,"href":"https:\/\/romfilatelia.ro\/magazin\/wp-json\/wp\/v2\/media\/2037114"}],"wp:attachment":[{"href":"https:\/\/romfilatelia.ro\/magazin\/wp-json\/wp\/v2\/media?parent=2037113"}],"wp:term":[{"taxonomy":"product_cat","embeddable":true,"href":"https:\/\/romfilatelia.ro\/magazin\/wp-json\/wp\/v2\/product_cat?post=2037113"},{"taxonomy":"product_tag","embeddable":true,"href":"https:\/\/romfilatelia.ro\/magazin\/wp-json\/wp\/v2\/product_tag?post=2037113"}],"curies":[{"name":"wp","href":"https:\/\/api.w.org\/{rel}","templated":true}]}}