{"id":2037073,"date":"2025-12-04T12:39:08","date_gmt":"2025-12-04T10:39:08","guid":{"rendered":"https:\/\/romfilatelia.ro\/magazin\/?post_type=product&#038;p=2037073"},"modified":"2025-12-04T12:39:08","modified_gmt":"2025-12-04T10:39:08","slug":"emisiune-comuna-romania-uruguay-rase-de-cai","status":"publish","type":"product","link":"https:\/\/romfilatelia.ro\/magazin\/produs\/colectii-anuale\/2025\/emisiune-comuna-romania-uruguay-rase-de-cai\/","title":{"rendered":"Emisiune comun\u0103 Rom\u00e2nia \u2013 Uruguay RASE DE CAI"},"content":{"rendered":"<p><strong><a href=\"https:\/\/romfilatelia.ro\/wp-content\/uploads\/2025\/12\/SITE_mc_em-com-RO-Uruguay_Rase-de-cai-e1764843040713.jpg\"><img decoding=\"async\" loading=\"lazy\" class=\"size-full wp-image-2049747 alignleft\" src=\"https:\/\/romfilatelia.ro\/wp-content\/uploads\/2025\/12\/SITE_mc_em-com-RO-Uruguay_Rase-de-cai-e1764843040713.jpg\" alt=\"\" width=\"600\" height=\"856\" \/><\/a>Romfilatelia<\/strong> \u0219i <strong>Po\u0219ta Rom\u00e2n\u0103<\/strong> introduc \u00een circula\u021bie <em>vineri, 5 decembrie a.c<\/em>. emisiunea filatelic\u0103 comun\u0103 <strong><em>Rom\u00e2nia-Uruguay<\/em><\/strong>, av\u00e2nd ca subiect tematic de colec\u021bie: <strong><em>RASE DE CAI<\/em><\/strong>. Emisiunea menit\u0103 s\u0103 marcheze aniversarea a <em>90 de ani de rela\u021bii diplomatice<\/em>, are \u00een componen\u021ba sa dou\u0103 m\u0103rci po\u0219tale, un bloc de dou\u0103 m\u0103rci po\u0219tale dantelate, un plic \u201eprima zi\u201d \u0219i o map\u0103 filatelic\u0103 av\u00e2nd un produs special de colec\u021bie, \u00een tiraj limitat.<\/p>\n<p>Dintre numeroasele rase de cai cunoscute, m\u0103rcile po\u0219tale cu valorile nominale de <strong>14 Lei<\/strong> \u0219i <strong>8 Lei<\/strong>, ilustreaz\u0103 \u00een imaginile lor dou\u0103 dintre ele: <em>Lipi\u021banul<\/em> rom\u00e2nesc \u0219i calul <em>Criollo<\/em> din Uruguay.<\/p>\n<p>Originari din Lipica (Lipizza) Slovenia, lipi\u021banii sunt aprecia\u021bi drept \u201ebalerinii din lumea cailor\u201d \u0219i admira\u021bi \u00een demonstra\u021biile de dresaj din Rom\u00e2nia \u0219i, \u00een special, la \u0218coala Spaniol\u0103 de C\u0103l\u0103rie de la Viena. Sunt cunoscu\u021bi pentru gra\u021bia cu care execut\u0103 cele mai complicate exerci\u021bii de dresaj.<\/p>\n<p>Dovad\u0103 a importan\u021bei de care se bucur\u0103 caii apar\u021bin\u00e2nd rasei lipi\u021banilor, o reprezint\u0103 \u00eenscrierea \u00een Lista Reprezentativ\u0103 a Patrimoniului Cultural Imaterial al Umanit\u0103\u021bii (2022), sub titulatura \u201eTradi\u021bia de cre\u0219tere a cailor lipi\u021bani\u201d.<\/p>\n<p>Prima herghelie de lipi\u021bani a fost \u00eenfiin\u021bat\u0103 la porunca Arhiducelui Carol al II-lea al Austriei, \u00een anul 1580, \u00een localitatea transilv\u0103nean\u0103 Lipova. Zona aleas\u0103 oferea condi\u021bii similare cu cele din Andaluzia (Spania) de unde proveneau primele exemplare de cai menite s\u0103 asigure formarea unei rase ameliorate, autohtone. \u00cen anul 1874 parlamentul de la Budapesta dispune ca Herghelia Imperial\u0103 s\u0103 fie reorganizat\u0103 la F\u0103g\u0103ra\u0219, av\u00e2nd ca sediu administrativ Castelul Contelui Brukenthal.<\/p>\n<p>Urmeaz\u0103 o nou\u0103 mutare, la B\u00e1balna (Ungaria) \u00een anul 1913. Dup\u0103 formarea Regatului Rom\u00e2niei Mari s-a decis re\u00eenfiin\u021barea hergheliei de <em>lipi\u021bani<\/em> la S\u00e2mb\u0103ta de Jos (1920), pun\u00e2ndu-se bazele \u00eenmul\u021birii \u0219i cre\u0219terii <em>Lipi\u021banului rom\u00e2nesc<\/em>. Herghelia apar\u021bine Statului Rom\u00e2n \u0219i este \u00een administrarea Regiei Na\u021bionale a P\u0103durilor \u2013 Romsilva. Separat, Regia de\u021bine \u0219i Herghelia Beclean, unde este practicat\u0103 selec\u021bia \u0219i conservarea culorii agreate pe pia\u021ba cailor de ras\u0103.<\/p>\n<p>Apar\u021bin\u00e2nd cailor de ras\u0103 cu alur\u0103 nobil\u0103, lipi\u021banul adun\u0103 la un loc \u00eensu\u0219iri selecte: bl\u00e2nde\u021be, inteligen\u021b\u0103, docilitate, temperament activ, elegan\u021b\u0103, amator de mi\u0219care \u0219i munc\u0103. Asociat cu dresajul de \u00eenalt\u0103 clas\u0103 este prezent la spectacole demonstrative \u0219i \u00een realizarea produc\u021biilor cinematografice.<\/p>\n<p><em>Criollo<\/em>, ras\u0103 a Uruguayului, are la origine primii cai adu\u0219i \u00een anul 1536 de Petro de Mendoza \u00een Pampas, (c\u00e2nd s-au pus bazele ora\u0219ului Buenos Aires), folosi\u021bi pentru c\u0103l\u0103torii lungi, pentru muncile la ferm\u0103 sau pentru v\u00e2nat.<\/p>\n<p>Peste trei secole, mul\u021bi cai Purs\u00e2nge Englez au fost adu\u0219i \u00een America de Sud, influen\u021b\u00e2nd benefic formarea unei rase av\u00e2nd drept caracteristici elegan\u021ba \u0219i puterea, cunoscut\u0103 drept rasa <em>Criollo<\/em>. Caii acestei rase sunt activi, energici, agili \u00een mi\u0219care, robu\u0219ti \u0219i rezisten\u021bi, ad\u0103ug\u00e2nd la acestea curajul, loialitatea \u0219i longevitatea.<\/p>\n<p>De remarcat c\u0103 exemplare ale acestei rase se reg\u0103sesc \u0219i \u00een Argentina, Brazilia, Peru \u0219i Paraguay, aprecia\u021bi drept campioni ai anduran\u021bei al\u0103turi de caii Arabi. Datorit\u0103 migra\u021biei pe arii extinse, rasa cailor afla\u021bi \u00een libertate, a fost influen\u021bat\u0103 \u0219i de caii portughezi, Lusitano.<\/p>\n<p><em>Romfilatelia mul\u021bume\u0219te reprezentan\u021bilor Regiei Na\u021bionale a P\u0103durilor \u2013 Romsilva, Ministerului Afacerilor Externe din Rom\u00e2nia, Administra\u021biei Po\u0219tale din Uruguay (Correo Uruguayo), Ambasadei Rom\u00e2niei \u00een Republica Oriental\u0103 a Uruguayului \u0219i Ambasadei Republicii Orientale Uruguay \u00een Rom\u00e2nia, pentru sprijinul documentar \u0219i colaborarea la realizarea acestei emisiuni comune de m\u0103rci po\u0219tale. <\/em><\/p>\n<p><a href=\"https:\/\/romfilatelia.ro\/wp-content\/uploads\/2025\/12\/caract_Em-Com-RO_URUGUAY_Rase-de-cai_tript-1-e1764843075588.jpg\"><img decoding=\"async\" loading=\"lazy\" class=\"size-full wp-image-2049748 aligncenter\" src=\"https:\/\/romfilatelia.ro\/wp-content\/uploads\/2025\/12\/caract_Em-Com-RO_URUGUAY_Rase-de-cai_tript-1-e1764843075588.jpg\" alt=\"\" width=\"1200\" height=\"1261\" \/><\/a><\/p>\n","protected":false},"excerpt":{"rendered":"<p>Romfilatelia \u0219i Po\u0219ta Rom\u00e2n\u0103 introduc \u00een circula\u021bie vineri, 5 decembrie a.c. emisiunea filatelic\u0103 comun\u0103 Rom\u00e2nia-Uruguay, av\u00e2nd ca subiect tematic de colec\u021bie: RASE DE CAI. Emisiunea menit\u0103 s\u0103 marcheze aniversarea a 90 de ani de rela\u021bii diplomatice, are \u00een componen\u021ba sa dou\u0103 m\u0103rci po\u0219tale, un bloc de dou\u0103 m\u0103rci po\u0219tale dantelate, un plic \u201eprima zi\u201d \u0219i&hellip;&nbsp;<a href=\"https:\/\/romfilatelia.ro\/magazin\/produs\/colectii-anuale\/2025\/emisiune-comuna-romania-uruguay-rase-de-cai\/\" class=\"\" rel=\"bookmark\">Cite\u0219te mai mult &raquo;<span class=\"screen-reader-text\">Emisiune comun\u0103 Rom\u00e2nia \u2013 Uruguay RASE DE CAI<\/span><\/a><\/p>\n","protected":false},"featured_media":2037074,"template":"","meta":{"neve_meta_sidebar":"","neve_meta_container":"","neve_meta_enable_content_width":"off","neve_meta_content_width":100,"neve_meta_title_alignment":"","neve_meta_author_avatar":"","neve_post_elements_order":"","neve_meta_disable_header":"","neve_meta_disable_footer":"","neve_meta_disable_title":""},"product_cat":[340,6],"product_tag":[],"_links":{"self":[{"href":"https:\/\/romfilatelia.ro\/magazin\/wp-json\/wp\/v2\/product\/2037073"}],"collection":[{"href":"https:\/\/romfilatelia.ro\/magazin\/wp-json\/wp\/v2\/product"}],"about":[{"href":"https:\/\/romfilatelia.ro\/magazin\/wp-json\/wp\/v2\/types\/product"}],"wp:featuredmedia":[{"embeddable":true,"href":"https:\/\/romfilatelia.ro\/magazin\/wp-json\/wp\/v2\/media\/2037074"}],"wp:attachment":[{"href":"https:\/\/romfilatelia.ro\/magazin\/wp-json\/wp\/v2\/media?parent=2037073"}],"wp:term":[{"taxonomy":"product_cat","embeddable":true,"href":"https:\/\/romfilatelia.ro\/magazin\/wp-json\/wp\/v2\/product_cat?post=2037073"},{"taxonomy":"product_tag","embeddable":true,"href":"https:\/\/romfilatelia.ro\/magazin\/wp-json\/wp\/v2\/product_tag?post=2037073"}],"curies":[{"name":"wp","href":"https:\/\/api.w.org\/{rel}","templated":true}]}}