{"id":2037059,"date":"2025-12-03T11:35:38","date_gmt":"2025-12-03T09:35:38","guid":{"rendered":"https:\/\/romfilatelia.ro\/magazin\/?post_type=product&#038;p=2037059"},"modified":"2025-12-03T11:35:38","modified_gmt":"2025-12-03T09:35:38","slug":"bucuriile-iernii","status":"publish","type":"product","link":"https:\/\/romfilatelia.ro\/magazin\/produs\/colectii-anuale\/2025\/bucuriile-iernii\/","title":{"rendered":"Bucuriile iernii"},"content":{"rendered":"<p><strong><a href=\"https:\/\/romfilatelia.ro\/wp-content\/uploads\/2025\/12\/SITE_MC_Bucuriile-iernii.jpg\"><img decoding=\"async\" loading=\"lazy\" class=\"alignleft wp-image-2049736\" src=\"https:\/\/romfilatelia.ro\/wp-content\/uploads\/2025\/12\/SITE_MC_Bucuriile-iernii.jpg\" alt=\"\" width=\"600\" height=\"954\" \/><\/a>Romfilatelia<\/strong> \u0219i <strong>Po\u0219ta Rom\u00e2n\u0103 <\/strong>introduc \u00een circula\u021bie <em>joi, 4 decembrie a.c.,<\/em> emisiunea de m\u0103rci po\u0219tale <strong><em>\u201eBucuriile iernii\u201d.<\/em><\/strong> Componentele emisiunii, dou\u0103 m\u0103rci po\u0219tale \u0219i un plic \u201eprima zi\u201d ilustreaz\u0103 \u00een imaginile lor atmosfera caracteristic\u0103 lunii decembrie, o lun\u0103 \u00een care anotimpul z\u0103pezilor, vacan\u021bele \u0219colarilor \u0219i a\u0219teptarea darurilor se reunesc \u00eentr-o tr\u0103ire \u00een care optimismul \u0219i bucuriile se reg\u0103sesc mai mult ca oric\u00e2nd.<\/p>\n<p>Prezen\u021b\u0103 remarcabil\u0103 \u00een lumea desenelor, simbol al copil\u0103riei, Veronica Neac\u0219u, talentat artist ilustrator, membru al <em>Clubului ilustratorilor<\/em> (\u00eenfiin\u021bat \u00een anul 2006), a g\u00e2ndit \u0219i executat grafica reg\u0103sit\u0103 \u00een imaginile m\u0103rcilor po\u0219tale ale emisiunii men\u021bionate.<\/p>\n<p>Dansul fulgilor de nea, cetina bradului, omul de z\u0103pad\u0103, pomul Cr\u0103ciunului, cele mai cunoscute daruri primite de cei mici \u0219i Steaua Na\u0219terii Domnului, reg\u0103site \u00eentr-o imagistic\u0103 cu o cromatic\u0103 \u0219i un\u00a0 design care reflect\u0103 conceptual lumea copiilor, prezint\u0103 \u00eentr-un mod original momentul s\u0103rb\u0103torii Cr\u0103ciunului, \u00eentr-o convie\u021buire cu sentimentul d\u0103ruirii c\u0103tre semeni care s\u0103 materializeze sim\u021b\u0103mintele de pre\u021buire \u0219i \u00eentrajutorare.<\/p>\n<p>Iarna este un anotimp rece. Ce bucurii ar putea s\u0103 aduc\u0103 iarna? se \u00eentreab\u0103 unii pesimi\u0219ti. R\u0103spunsuri de sus\u021binere a defini\u021biei titlului emisiunii sunt mai multe, dintre care amintim c\u00e2teva: bucuria truditorilor c\u00e2mpurilor roditoare pentru c\u0103 mantaua alb\u0103 a z\u0103pezilor se materializeaz\u0103 ca o plapum\u0103 a gr\u00e2ului \u0219i o condi\u021bie decisiv\u0103 pentru lucr\u0103rile preg\u0103titoare ale ogorului de prim\u0103var\u0103; bucuria tuturor copiilor, pentru care b\u0103taia cu bulg\u0103ri de nea, s\u0103niu\u0219ul \u0219i construirea oamenilor de z\u0103pad\u0103 readuc optimismul \u0219i dragostea de via\u021b\u0103 \u00een toate familiile; ghirlandele luminoase care aduc aievea, \u00een preajma noastr\u0103, feeria celor mai frumoase basme cu z\u00e2ne, cu fe\u021bi-frumo\u0219i \u0219i stelu\u021be plimb\u0103toare care lumineaz\u0103 bolta cerului nop\u021bilor lungi de iarn\u0103; \u00eempodobirea bradului, care readuce l\u00e2ng\u0103 globurile \u0219i beteala lui sclipitoare pe to\u021bi membrii familiei \u0219i prime\u0219te sub cetina lui numeroase daruri ale c\u0103ror valoare este calculat\u0103 dup\u0103 gradul de cumin\u021benie al copiilor, c\u0103rora le sunt destinate. Ad\u0103ug\u0103m la aceste succinte argumente, lumea tradi\u021biilor Cr\u0103ciunului religios \u00een care se reg\u0103sesc cetele de colind\u0103tori, mersul cu \u201eSteaua\u201d, ur\u0103rile de bine, bucurii \u0219i noroc, adresate de purt\u0103torii sorcovei, aroma merelor, nucilor \u0219i cozonacilor nelipsi\u021bi de la masa festiv\u0103 a marii s\u0103rb\u0103tori a Na\u0219terii Domnului.<\/p>\n<p>Imaginile celor dou\u0103 m\u0103rci po\u0219tale expun cu claritate povestea <em>Bucuriilor iernii<\/em>. Un om de z\u0103pad\u0103 transformat \u00een iepura\u0219 (valoarea nominal\u0103 de <strong>5,50 Lei<\/strong>), o parad\u0103 simbolic\u0103 a juc\u0103riilor tradi\u021bionale, \u00een care un elefant este folosit s\u0103 suporte greutatea numeroaselor daruri \u0219i Steaua Na\u0219terii Domnului (valoarea nominal\u0103 de <strong>8 Lei<\/strong>) compun cu fine\u021be \u0219i emo\u021bie atmosfera definit\u0103 de titlul emisiunii.<\/p>\n<p>Plicul \u201eprima zi\u201d imagineaz\u0103, \u00een desenul s\u0103u, un Mo\u0219 Cr\u0103ciun deghizat \u00eentr-un brad \u00eempodobit cu globuri luminoase, constituindu-se \u00eentr-un simbol definitoriu ca o reuniune a s\u0103rb\u0103torii Na\u0219terii Domnului cu s\u0103rb\u0103toarea darurilor de la care nu lipse\u0219te Pomul Cr\u0103ciunului.<\/p>\n<p><em>Romfilatelia mul\u021bume\u0219te reprezentan\u021bilor Clubului ilustratorilor pentru frumoasa colaborare \u00een cadrul acestei emisiuni de m\u0103rci po\u0219tale. <\/em><\/p>\n<p><a href=\"https:\/\/romfilatelia.ro\/wp-content\/uploads\/2025\/12\/caract_Bucuriile-iernii.jpg\"><img decoding=\"async\" loading=\"lazy\" class=\"aligncenter wp-image-2049737 size-full\" src=\"https:\/\/romfilatelia.ro\/wp-content\/uploads\/2025\/12\/caract_Bucuriile-iernii-e1764753930380.jpg\" alt=\"\" width=\"1100\" height=\"682\" \/><\/a><\/p>\n","protected":false},"excerpt":{"rendered":"<p>Romfilatelia \u0219i Po\u0219ta Rom\u00e2n\u0103 introduc \u00een circula\u021bie joi, 4 decembrie a.c., emisiunea de m\u0103rci po\u0219tale \u201eBucuriile iernii\u201d. Componentele emisiunii, dou\u0103 m\u0103rci po\u0219tale \u0219i un plic \u201eprima zi\u201d ilustreaz\u0103 \u00een imaginile lor atmosfera caracteristic\u0103 lunii decembrie, o lun\u0103 \u00een care anotimpul z\u0103pezilor, vacan\u021bele \u0219colarilor \u0219i a\u0219teptarea darurilor se reunesc \u00eentr-o tr\u0103ire \u00een care optimismul \u0219i bucuriile&hellip;&nbsp;<a href=\"https:\/\/romfilatelia.ro\/magazin\/produs\/colectii-anuale\/2025\/bucuriile-iernii\/\" class=\"\" rel=\"bookmark\">Cite\u0219te mai mult &raquo;<span class=\"screen-reader-text\">Bucuriile iernii<\/span><\/a><\/p>\n","protected":false},"featured_media":2037060,"template":"","meta":{"neve_meta_sidebar":"","neve_meta_container":"","neve_meta_enable_content_width":"off","neve_meta_content_width":100,"neve_meta_title_alignment":"","neve_meta_author_avatar":"","neve_post_elements_order":"","neve_meta_disable_header":"","neve_meta_disable_footer":"","neve_meta_disable_title":""},"product_cat":[340,6],"product_tag":[],"_links":{"self":[{"href":"https:\/\/romfilatelia.ro\/magazin\/wp-json\/wp\/v2\/product\/2037059"}],"collection":[{"href":"https:\/\/romfilatelia.ro\/magazin\/wp-json\/wp\/v2\/product"}],"about":[{"href":"https:\/\/romfilatelia.ro\/magazin\/wp-json\/wp\/v2\/types\/product"}],"wp:featuredmedia":[{"embeddable":true,"href":"https:\/\/romfilatelia.ro\/magazin\/wp-json\/wp\/v2\/media\/2037060"}],"wp:attachment":[{"href":"https:\/\/romfilatelia.ro\/magazin\/wp-json\/wp\/v2\/media?parent=2037059"}],"wp:term":[{"taxonomy":"product_cat","embeddable":true,"href":"https:\/\/romfilatelia.ro\/magazin\/wp-json\/wp\/v2\/product_cat?post=2037059"},{"taxonomy":"product_tag","embeddable":true,"href":"https:\/\/romfilatelia.ro\/magazin\/wp-json\/wp\/v2\/product_tag?post=2037059"}],"curies":[{"name":"wp","href":"https:\/\/api.w.org\/{rel}","templated":true}]}}