{"id":2037014,"date":"2025-11-27T16:55:44","date_gmt":"2025-11-27T14:55:44","guid":{"rendered":"https:\/\/romfilatelia.ro\/magazin\/?post_type=product&#038;p=2037014"},"modified":"2026-03-23T19:51:06","modified_gmt":"2026-03-23T17:51:06","slug":"mapa-filatelica-jockey-club-roman-150-de-ani","status":"publish","type":"product","link":"https:\/\/romfilatelia.ro\/magazin\/produs\/mapa-filatelica\/mapa-filatelica-jockey-club-roman-150-de-ani\/","title":{"rendered":"Map\u0103 filatelic\u0103 Jockey Club Rom\u00e2n, 150 de ani"},"content":{"rendered":"","protected":false},"excerpt":{"rendered":"","protected":false},"featured_media":2037016,"template":"","meta":{"neve_meta_sidebar":"","neve_meta_container":"","neve_meta_enable_content_width":"off","neve_meta_content_width":100,"neve_meta_title_alignment":"","neve_meta_author_avatar":"","neve_post_elements_order":"","neve_meta_disable_header":"","neve_meta_disable_footer":"","neve_meta_disable_title":""},"product_cat":[124],"product_tag":[],"_links":{"self":[{"href":"https:\/\/romfilatelia.ro\/magazin\/wp-json\/wp\/v2\/product\/2037014"}],"collection":[{"href":"https:\/\/romfilatelia.ro\/magazin\/wp-json\/wp\/v2\/product"}],"about":[{"href":"https:\/\/romfilatelia.ro\/magazin\/wp-json\/wp\/v2\/types\/product"}],"wp:featuredmedia":[{"embeddable":true,"href":"https:\/\/romfilatelia.ro\/magazin\/wp-json\/wp\/v2\/media\/2037016"}],"wp:attachment":[{"href":"https:\/\/romfilatelia.ro\/magazin\/wp-json\/wp\/v2\/media?parent=2037014"}],"wp:term":[{"taxonomy":"product_cat","embeddable":true,"href":"https:\/\/romfilatelia.ro\/magazin\/wp-json\/wp\/v2\/product_cat?post=2037014"},{"taxonomy":"product_tag","embeddable":true,"href":"https:\/\/romfilatelia.ro\/magazin\/wp-json\/wp\/v2\/product_tag?post=2037014"}],"curies":[{"name":"wp","href":"https:\/\/api.w.org\/{rel}","templated":true}]}}