{"id":2036979,"date":"2025-11-25T12:31:09","date_gmt":"2025-11-25T10:31:09","guid":{"rendered":"https:\/\/romfilatelia.ro\/magazin\/?post_type=product&#038;p=2036979"},"modified":"2025-11-25T15:27:43","modified_gmt":"2025-11-25T13:27:43","slug":"teatrul-national-de-opereta-si-musical-ion-dacian-75-de-ani","status":"publish","type":"product","link":"https:\/\/romfilatelia.ro\/magazin\/produs\/colectii-anuale\/2025\/teatrul-national-de-opereta-si-musical-ion-dacian-75-de-ani\/","title":{"rendered":"TEATRUL NA\u021aIONAL DE OPERET\u0102 \u0218I MUSICAL \u201eION DACIAN\u201d, 75 DE ANI"},"content":{"rendered":"<p><a href=\"https:\/\/www.romfilatelia.ro\/wp-content\/uploads\/2025\/11\/SITE_mc_OPERETA_ION_DACIAN.jpg\"><img decoding=\"async\" loading=\"lazy\" class=\"wp-image-2049635 alignleft\" src=\"https:\/\/www.romfilatelia.ro\/wp-content\/uploads\/2025\/11\/SITE_mc_OPERETA_ION_DACIAN.jpg\" alt=\"\" width=\"275\" height=\"109\" \/><\/a><strong>Romfilatelia <\/strong>\u0219i <strong>Po\u0219ta Rom\u00e2n\u0103<\/strong> introduc \u00een circula\u021bie <em>miercuri, 26 noiembrie a.c.<\/em>, emisiunea aniversar\u0103 de m\u0103rci po\u0219tale intitulat\u0103 <strong>Teatrul Na\u021bional de Operet\u0103 \u0219i Musical \u201eIon Dacian\u201d, 75 de ani<\/strong>, dedicat\u0103 unei institu\u021bii culturale de elit\u0103 a Rom\u00e2niei.<\/p>\n<p>Emisiunea are \u00een componen\u021b\u0103 o marc\u0103 po\u0219tal\u0103, o coli\u021b\u0103 dantelat\u0103 \u0219i un plic \u201eprima zi\u201d.<\/p>\n<p>Aniversarea a 75 de ani de la \u00eenfiin\u021barea Teatrului de Stat de Operet\u0103 se al\u0103tur\u0103 unor evenimente, reprezentate de bicentenarul na\u0219terii marelui Johann Strauss \u0219i de comemorarea a 145 de ani de la moartea lui Jaques Offenbach, \u00eentemeietorul operetei moderne ca gen de sine st\u0103t\u0103tor al teatrului muzical.<\/p>\n<p>Prezen\u021ba genului muzical specific operetei \u00eencepe \u00een anul 1835, c\u00e2nd la Bucure\u0219ti, spectatorii teatrului \u201eMomulo\u201d au vizionat primul vodevil rom\u00e2nesc <em>Triumful Amorului<\/em>, a c\u0103rui adaptare muzical\u0103 a apar\u021binut compozitorului Ioan Andrei Wachmann. \u00cen Moldova, odat\u0103 cu \u00eenfiin\u021barea teatrului na\u021bional din Ia\u0219i (1846), se remarc\u0103 vodevilul, av\u00e2nd ca v\u00e2rf al genului \u201eopereta feerie\u201d <em>Baba H\u00e2rca<\/em> de Matei Millo, cu muzica lui Alexandru Flechtenmacher (premiera pe 26 decembrie 1848). Devin celebre libretele scrise de Vasile Alecsandri, Matei Millo, Costache Negri sau Eugeniu Carada. \u00cen anul 1882, prima operet\u0103 rom\u00e2neasc\u0103 <em>Crai Nou<\/em>, a lui Ciprian Porumbescu marcheaz\u0103 un moment de succes al genului teatrului muzical.<\/p>\n<p>Experien\u021ba c\u0103p\u0103tat\u0103 de-a lungul anilor, cu contribu\u021bia unor valoroase genera\u021bii de actori \u0219i interpre\u021bi, este materializat\u0103 \u00een anul 1950 prin \u00eenfiin\u021barea Teatrului de Stat de Operet\u0103, la a c\u0103rui inaugurare a fost prezentat\u0103 publicului premiera <em>V\u00e2nt de libertate<\/em> a lui Isaac Dunaevski.<\/p>\n<p>Numele celor care au jucat \u00een acest spectacol, vedete de prim\u0103 m\u0103rime, au intrat pentru totdeauna \u00een Cartea de Aur a Operetei rom\u00e2ne\u0219ti: Silly Popescu, \u0218erban assian, Maria Wauvrina, Nae Roman, Bimbo M\u0103rculescu, Mygri Avram Nicolau, Toni Buiacici, Petre \u0218tef\u0103nescu Goang\u0103, Virginia Romanovsky, Tiberiu Simionescu. La pupitru s-a aflat dirijorul Liviu Cavassi, coregrafia a apar\u021binut Elenei Penescu Liciu, iar regia a fost semnat\u0103 de <em>Sic\u0103 Alexandrescu<\/em>.<\/p>\n<p>Apari\u021bia la conducerea Teatrului de Stat de Operet\u0103 din Bucure\u0219ti, a marelui tenor Ion Dacian, \u00een anul 1961, a contribuit vizibil la cre\u0219terea calit\u0103\u021bii artistice a repertoriului. Timp de un deceniu s-au remarcat succese. Operele <em>\u021aara sur\u00e2sului<\/em> de Franz Leh\u00e1r, <em>Secretul lui Marco Polo<\/em> de Francis L\u00f3pez, <em>S\u00e2nge vienez <\/em>de Johann Strauss, <em>Contesa Maritza <\/em>de Emmerich K\u00e1lm\u00e1n, men\u021bin un prestigiu deosebit al teatrului care se bucur\u0103 de o deosebit\u0103 apreciere din partea unui numeros public.<\/p>\n<p>\u00cen anul 1968, c\u00e2nd a avut loc premiera musicalului <em>My Fair Lady<\/em>, se \u00eenscrie un moment de referin\u021b\u0103 \u00een istoria teatrului muzical rom\u00e2nesc, reprezentat de prima montare a unui musical pe o scen\u0103 a Rom\u00e2niei. Ion Dacian a reu\u0219it s\u0103 aduc\u0103 \u00een \u021bar\u0103 <em>My Fair Lady<\/em> la 12 ani de la premiera absolut\u0103 (New York, 15 martie 1956), dovedind o viziune artistic\u0103 de aleas\u0103 valoare \u0219i \u021binut\u0103 artistic\u0103. De altfel, sub conducerea marelui tenor, Teatrul de Stat de Operet\u0103 din Bucure\u0219ti a reu\u0219it s\u0103 asigure un echilibru, bine ales, \u00eentre tradi\u021bia operetei clasice, promovarea crea\u021biilor rom\u00e2ne\u0219ti contemporane \u0219i deschiderea spre viitorul geniului &#8211; musicalul.<\/p>\n<p>Ca o recunoa\u0219tere a rolului \u0219i activit\u0103\u021bilor sale, Teatrul de Operet\u0103 a primit \u00een anul 2001, prin Hot\u0103r\u00e2re de Guvern, titulatura de Teatru Na\u021bional, stagiunea fiind marcat\u0103 de premiera \u201eMiss Virtute\u201d de Jean Gilbert. Dup\u0103 un deceniu, a \u00eenceput construirea primului sediu destinat exclusiv <em>Teatrului Na\u021bional de Operet\u0103 \u0219i Musical \u201eIon Dacian\u201d,<\/em> fiind \u0219i prima cl\u0103dire destinat\u0103 artelor spectacolului muzical, construit\u0103 \u00een Rom\u00e2nia, dup\u0103 1989.<\/p>\n<p>\u00cen ziua de 24 ianuarie 2015, c\u00e2nd noul sediu a fost inaugurat, evenimentul a fost marcat de o premier\u0103 absolut\u0103 \u00een Rom\u00e2nia, <em>Fantoma de la Oper\u0103<\/em> de Andrew Loyd Webber, unul dintre cele mai iubite musicaluri din lume.<\/p>\n<p>La aniversarea celor 75 de ani de la \u00eenfiin\u021bare, Teatrul de Operet\u0103 este ast\u0103zi o institu\u021bie etalon, cu un repertoriu vast care \u00eenscrie pe l\u00e2ng\u0103 spectacole de operet\u0103, de musical \u0219i evenimente menite s\u0103 se ridice la nivelul marilor institu\u021bii de gen din lume. La fiecare reprezenta\u021bie echipa teatrului se bucur\u0103 de un real succes, r\u0103splat\u0103 a strategiei g\u00e2ndite s\u0103 men\u021bin\u0103 institu\u021bia la cel mai \u00eenalt nivel al artei teatrului muzical.<\/p>\n<p>Drumul deschis de Ion Dacian trebuie continuat. A\u0219a cum, \u00een 1968, introducerea musicalului \u00eentr-o lume dominat\u0103 aproape exclusiv de operet\u0103, a fost un act vizionar, spectacolele vizionare \u0219i curajoase trebuie s\u0103 continue.<\/p>\n<p>Marca po\u0219tal\u0103 cu valoarea nominal\u0103 de<strong> 8 Lei<\/strong> ilustreaz\u0103 scena Teatrului Na\u021bional de Operet\u0103 \u0219i Musical \u201eIon Dacian\u201d av\u00e2nd \u00een prim-plan portretul marelui tenor.<\/p>\n<p>Coli\u021ba filatelic\u0103 dantelat\u0103 prezint\u0103 \u00een conturul perforat al m\u0103rcii po\u0219tale cu valoarea nominal\u0103 de <strong>30 lei<\/strong>, ansamblul actorilor interpre\u021bi din opereta <em>My Fair Lady <\/em>\u0219i un portret reprezentativ al lui Ion Dacian, interpret al personajului profesorului Higgins.<\/p>\n<p>Plicul \u201eprima zi\u201d are \u00een grafica sa o asociere definitorie a unei atmosfere\u00a0 muzicale: tenorul Ion Dacian \u00een fa\u021ba unei partituri, al\u0103turi de un pian, instrument nelipsit din orchestra teatrelor muzicale.<\/p>\n<p><em>Romfilatelia mul\u021bume\u0219te Ministerului Culturii \u0219i Teatrului Na\u021bional de Operet\u0103 \u0219i Musical \u201eIon Dacian\u201d, precum <\/em><em>\u0219<\/em><em>i Doamnei Elena (Leni) Dacian \u0219i Domnului Stephan Poen, pentru sprijinul documentar \u0219i fotografic acordat la realizarea acestei emisiuni de m\u0103rci po\u0219tale.<\/em><\/p>\n<p><a href=\"https:\/\/www.romfilatelia.ro\/wp-content\/uploads\/2025\/11\/caract_pliant_Teatrul-Nat-de-Opereta-75-ani_tript-2.jpg\"><img decoding=\"async\" loading=\"lazy\" class=\"size-full wp-image-2049652 aligncenter\" src=\"https:\/\/www.romfilatelia.ro\/wp-content\/uploads\/2025\/11\/caract_pliant_Teatrul-Nat-de-Opereta-75-ani_tript-2.jpg\" alt=\"\" width=\"1720\" height=\"1745\" \/><\/a><\/p>\n","protected":false},"excerpt":{"rendered":"<p>Romfilatelia \u0219i Po\u0219ta Rom\u00e2n\u0103 introduc \u00een circula\u021bie miercuri, 26 noiembrie a.c., emisiunea aniversar\u0103 de m\u0103rci po\u0219tale intitulat\u0103 Teatrul Na\u021bional de Operet\u0103 \u0219i Musical \u201eIon Dacian\u201d, 75 de ani, dedicat\u0103 unei institu\u021bii culturale de elit\u0103 a Rom\u00e2niei. Emisiunea are \u00een componen\u021b\u0103 o marc\u0103 po\u0219tal\u0103, o coli\u021b\u0103 dantelat\u0103 \u0219i un plic \u201eprima zi\u201d. Aniversarea a 75 de&hellip;&nbsp;<a href=\"https:\/\/romfilatelia.ro\/magazin\/produs\/colectii-anuale\/2025\/teatrul-national-de-opereta-si-musical-ion-dacian-75-de-ani\/\" class=\"\" rel=\"bookmark\">Cite\u0219te mai mult &raquo;<span class=\"screen-reader-text\">TEATRUL NA\u021aIONAL DE OPERET\u0102 \u0218I MUSICAL \u201eION DACIAN\u201d, 75 DE ANI<\/span><\/a><\/p>\n","protected":false},"featured_media":2036986,"template":"","meta":{"neve_meta_sidebar":"","neve_meta_container":"","neve_meta_enable_content_width":"off","neve_meta_content_width":100,"neve_meta_title_alignment":"","neve_meta_author_avatar":"","neve_post_elements_order":"","neve_meta_disable_header":"","neve_meta_disable_footer":"","neve_meta_disable_title":""},"product_cat":[340,6],"product_tag":[],"_links":{"self":[{"href":"https:\/\/romfilatelia.ro\/magazin\/wp-json\/wp\/v2\/product\/2036979"}],"collection":[{"href":"https:\/\/romfilatelia.ro\/magazin\/wp-json\/wp\/v2\/product"}],"about":[{"href":"https:\/\/romfilatelia.ro\/magazin\/wp-json\/wp\/v2\/types\/product"}],"wp:featuredmedia":[{"embeddable":true,"href":"https:\/\/romfilatelia.ro\/magazin\/wp-json\/wp\/v2\/media\/2036986"}],"wp:attachment":[{"href":"https:\/\/romfilatelia.ro\/magazin\/wp-json\/wp\/v2\/media?parent=2036979"}],"wp:term":[{"taxonomy":"product_cat","embeddable":true,"href":"https:\/\/romfilatelia.ro\/magazin\/wp-json\/wp\/v2\/product_cat?post=2036979"},{"taxonomy":"product_tag","embeddable":true,"href":"https:\/\/romfilatelia.ro\/magazin\/wp-json\/wp\/v2\/product_tag?post=2036979"}],"curies":[{"name":"wp","href":"https:\/\/api.w.org\/{rel}","templated":true}]}}