{"id":2036920,"date":"2025-11-21T12:11:13","date_gmt":"2025-11-21T10:11:13","guid":{"rendered":"https:\/\/romfilatelia.ro\/magazin\/?post_type=product&#038;p=2036920"},"modified":"2025-11-21T12:11:14","modified_gmt":"2025-11-21T10:11:14","slug":"craciun-2025","status":"publish","type":"product","link":"https:\/\/romfilatelia.ro\/magazin\/produs\/colectii-anuale\/2025\/craciun-2025\/","title":{"rendered":"CR\u0102CIUN 2025"},"content":{"rendered":"<p><a href=\"https:\/\/www.romfilatelia.ro\/wp-content\/uploads\/2025\/11\/SITE_mc_Craciun-2025-e1763719126351.jpg\"><img decoding=\"async\" loading=\"lazy\" class=\"alignleft wp-image-2049580\" src=\"https:\/\/www.romfilatelia.ro\/wp-content\/uploads\/2025\/11\/SITE_mc_Craciun-2025-e1763719126351.jpg\" alt=\"\" width=\"600\" height=\"391\" \/><\/a>\u00cen premier\u0103 \u00een Rom\u00e2nia, <strong><em>timbrele poart\u0103 miros de brad!<\/em><\/strong><\/p>\n<p><strong>Romfilatelia<\/strong> \u0219i <strong>Po\u0219ta Rom\u00e2n\u0103<\/strong> introduc \u00een circula\u021bie <em>vineri, 21 noiembrie a.c<\/em>. o emisiune filatelic\u0103 <strong><em>Cr\u0103ciun 2025<\/em><\/strong> dedicat\u0103 s\u0103rb\u0103torilor bucuriei, Cr\u0103ciunul \u0219i Anul Nou, prezente, \u00eentr-un anotimp al darurilor, a\u0219teptate cu ner\u0103bdare de copii \u0219i de cei reveni\u021bi cu g\u00e2ndul la copil\u0103rie \u0219i la speran\u021bele ce se vor \u00eemplinite. Sunt s\u0103rb\u0103torile inimilor deschise \u00eendemnului de a d\u0103rui \u0219i de a ajuta semenii.<\/p>\n<p>\u00cen premier\u0103 na\u021bional\u0103, m\u0103rcile po\u0219tale adaug\u0103 la frumuse\u021bea imaginilor aroma inegalabil\u0103 a crengilor de brad topit\u0103 \u00een cerneala tiparului, spre bucuria celor care vor primi scrisorile s\u0103rb\u0103torilor Cr\u0103ciunului \u0219i ale Anului Nou.<\/p>\n<p>Emisiunea are \u00een componen\u021b\u0103 dou\u0103 m\u0103rci po\u0219tale, o coli\u021b\u0103 filatelic\u0103 dantelat\u0103, un plic \u201eprima zi\u201d \u0219i o map\u0103 filatelic\u0103 av\u00e2nd un produs special de colec\u021bie, \u00een tiraj limitat.<\/p>\n<p>Cea mai a\u0219teptat\u0103 \u0219i \u00eendr\u0103git\u0103 tradi\u021bie a s\u0103rb\u0103torilor sf\u00e2r\u0219itului de An, simbol al generozit\u0103\u021bii care aduce familiile \u0219i prietenii \u00eempreun\u0103 este \u00eenv\u0103luit\u0103 \u00een noianul darurilor de Cr\u0103ciun.<\/p>\n<p>Primele daruri oferite cu ocazia evenimentului biblic, retr\u0103it odat\u0103 cu s\u0103rb\u0103toarea Cr\u0103ciunului, Na\u0219terea Domnului, au fost cele aduse pruncului Iisus de c\u0103tre cei Trei Magi, dup\u0103 na\u0219terea sa. Urm\u00e2nd o stea c\u0103l\u0103uzitoare, au ajuns \u00een Bethleemul Iudeii, aduc\u00e2nd ca daruri aur, t\u0103m\u00e2ie \u0219i smirn\u0103.<\/p>\n<p>Formarea tradi\u021biei cadourilor de Cr\u0103ciun are ca fundament generozitatea Sf\u00e2ntului Nicolae, cunoscut pentru modul \u00een care \u00een\u021belegea s\u0103 acorde, sub anonimat, daruri pentru copii \u0219i nevoia\u0219i.<\/p>\n<p>Mo\u0219 Cr\u0103ciun este o figur\u0103 \u00eentr-o ipostaz\u0103 de simbol al Cr\u0103ciunului modern, transpus \u00eentr-o imagine a unui personaj cu barb\u0103 alb\u0103 \u0219i figur\u0103 de b\u0103tr\u00e2n vesel care-\u0219i strune\u0219te renii \u00eenh\u0103ma\u021bi la o sanie care \u00eel transport\u0103 \u00een zbor p\u00e2n\u0103 la cele mai \u00eendep\u0103rtate destina\u021bii la care trebuie aduse darurile mult a\u0219teptate.<\/p>\n<p>\u00cen preajma s\u0103rb\u0103torilor Cr\u0103ciunului, tradi\u021biile str\u0103vechi ale oferirii darurilor reapar \u00eentr-o lume a luminilor feerice ale c\u0103ror raze r\u0103zbat prin aroma neasemuit\u0103 a crengilor de brad, prezente \u00een fiecare cas\u0103 ca simbol al ve\u0219niciei \u0219i vie\u021bii \u00eendelungate. Globurile argintii sau aurii \u0219i beteala sclipitoare reflect\u0103 lumini\u021bele care alung\u0103 \u00eentunericul nop\u021bilor lungi de iarn\u0103, \u00eenso\u021bite de melodii vesele \u00een care acompaniamentul zurg\u0103l\u0103ilor veste\u0219te c\u0103 Mo\u0219 Cr\u0103ciun este undeva, prin apropiere, preg\u0103tit s\u0103 aduc\u0103 darurile.<\/p>\n<p>Marca po\u0219tal\u0103 cu valoarea nominal\u0103 de <strong>5 Lei<\/strong> prezint\u0103 imagini ale darurilor tradi\u021bionale al\u0103turi de fructele oferite colind\u0103torilor.<\/p>\n<p>Reg\u0103sim un sold\u0103\u021bel, copie miniatur\u0103 a lui Pene\u0219 Curcanul, un c\u0103lu\u021b \u0219i o p\u0103pu\u0219\u0103 costumat\u0103 \u00een straiele str\u0103mo\u0219e\u0219ti cu cus\u0103turi \u0219i ales\u0103turi, toate plasate \u00eentr-un co\u0219ule\u021b de nuiele \u00eempletite, a\u0219ezat pe un \u0219tergar cu cus\u0103turi tradi\u021bionale menit s\u0103 completeze atmosfera s\u0103rb\u0103toreasc\u0103.<\/p>\n<p>Marca po\u0219tal\u0103 cu valoarea nominal\u0103 de <strong>14 Lei<\/strong> ilustreaz\u0103 un detaliu al podoabelor Pomului de Cr\u0103ciun \u00een care un glob cu imaginea unui \u00eenger desprins dintr-o ipostaz\u0103 a Na\u0219terii Domnului, \u00eenso\u021be\u0219te un glob al darurilor care prezint\u0103 imaginea unui Mo\u0219 Cr\u0103ciun tradi\u021bional.<\/p>\n<p>\u00cen grafica de poveste a coli\u021bei filatelice, un peisaj hibernal asociaz\u0103 animale, un om de z\u0103pad\u0103, o cas\u0103 \u00eempodobit\u0103 iluminat\u0103 festiv, cu o salb\u0103 de leduri care scriu pe fundalul cerului \u00eenstelat cuv\u00e2ntul ROM\u00c2NIA.<\/p>\n<p>Plicul \u201eprima zi\u201d eviden\u021biaz\u0103 frumuse\u021bea crengilor de brad, completat\u0103 cu un glob tradi\u021bional din ale c\u0103rui sclipiri apare Steaua Magilor \u0219i cuv\u00e2ntul <em>Cr\u0103ciun<\/em>.<\/p>\n<p><a href=\"https:\/\/www.romfilatelia.ro\/wp-content\/uploads\/2025\/11\/pliant_Craciun-2025_tript-1-e1763719201117.jpg\"><img decoding=\"async\" loading=\"lazy\" class=\"size-full wp-image-2049581 aligncenter\" src=\"https:\/\/www.romfilatelia.ro\/wp-content\/uploads\/2025\/11\/pliant_Craciun-2025_tript-1-e1763719201117.jpg\" alt=\"\" width=\"1000\" height=\"1033\" \/><\/a><\/p>\n","protected":false},"excerpt":{"rendered":"<p>\u00cen premier\u0103 \u00een Rom\u00e2nia, timbrele poart\u0103 miros de brad! Romfilatelia \u0219i Po\u0219ta Rom\u00e2n\u0103 introduc \u00een circula\u021bie vineri, 21 noiembrie a.c. o emisiune filatelic\u0103 Cr\u0103ciun 2025 dedicat\u0103 s\u0103rb\u0103torilor bucuriei, Cr\u0103ciunul \u0219i Anul Nou, prezente, \u00eentr-un anotimp al darurilor, a\u0219teptate cu ner\u0103bdare de copii \u0219i de cei reveni\u021bi cu g\u00e2ndul la copil\u0103rie \u0219i la speran\u021bele ce se&hellip;&nbsp;<a href=\"https:\/\/romfilatelia.ro\/magazin\/produs\/colectii-anuale\/2025\/craciun-2025\/\" class=\"\" rel=\"bookmark\">Cite\u0219te mai mult &raquo;<span class=\"screen-reader-text\">CR\u0102CIUN 2025<\/span><\/a><\/p>\n","protected":false},"featured_media":2036926,"template":"","meta":{"neve_meta_sidebar":"","neve_meta_container":"","neve_meta_enable_content_width":"off","neve_meta_content_width":100,"neve_meta_title_alignment":"","neve_meta_author_avatar":"","neve_post_elements_order":"","neve_meta_disable_header":"","neve_meta_disable_footer":"","neve_meta_disable_title":""},"product_cat":[340,6],"product_tag":[],"_links":{"self":[{"href":"https:\/\/romfilatelia.ro\/magazin\/wp-json\/wp\/v2\/product\/2036920"}],"collection":[{"href":"https:\/\/romfilatelia.ro\/magazin\/wp-json\/wp\/v2\/product"}],"about":[{"href":"https:\/\/romfilatelia.ro\/magazin\/wp-json\/wp\/v2\/types\/product"}],"wp:featuredmedia":[{"embeddable":true,"href":"https:\/\/romfilatelia.ro\/magazin\/wp-json\/wp\/v2\/media\/2036926"}],"wp:attachment":[{"href":"https:\/\/romfilatelia.ro\/magazin\/wp-json\/wp\/v2\/media?parent=2036920"}],"wp:term":[{"taxonomy":"product_cat","embeddable":true,"href":"https:\/\/romfilatelia.ro\/magazin\/wp-json\/wp\/v2\/product_cat?post=2036920"},{"taxonomy":"product_tag","embeddable":true,"href":"https:\/\/romfilatelia.ro\/magazin\/wp-json\/wp\/v2\/product_tag?post=2036920"}],"curies":[{"name":"wp","href":"https:\/\/api.w.org\/{rel}","templated":true}]}}