{"id":2036881,"date":"2025-11-14T20:20:36","date_gmt":"2025-11-14T18:20:36","guid":{"rendered":"https:\/\/romfilatelia.ro\/magazin\/?post_type=product&#038;p=2036881"},"modified":"2025-11-14T20:32:24","modified_gmt":"2025-11-14T18:32:24","slug":"sportivi-de-aur-gabriela-szabo","status":"publish","type":"product","link":"https:\/\/romfilatelia.ro\/magazin\/produs\/colectii-anuale\/2025\/sportivi-de-aur-gabriela-szabo\/","title":{"rendered":"SPORTIVI DE AUR. GABRIELA SZAB\u00d3"},"content":{"rendered":"<p><a href=\"https:\/\/romfilatelia.ro\/magazin\/wp-content\/uploads\/2025\/11\/SITE_mc_Sportivi-de-aur.jpg\"><img decoding=\"async\" loading=\"lazy\" class=\"alignleft wp-image-2036882 size-medium\" src=\"https:\/\/romfilatelia.ro\/magazin\/wp-content\/uploads\/2025\/11\/SITE_mc_Sportivi-de-aur-300x256.jpg\" alt=\"\" width=\"300\" height=\"256\" srcset=\"https:\/\/romfilatelia.ro\/magazin\/wp-content\/uploads\/2025\/11\/SITE_mc_Sportivi-de-aur-300x256.jpg 300w, https:\/\/romfilatelia.ro\/magazin\/wp-content\/uploads\/2025\/11\/SITE_mc_Sportivi-de-aur-768x656.jpg 768w, https:\/\/romfilatelia.ro\/magazin\/wp-content\/uploads\/2025\/11\/SITE_mc_Sportivi-de-aur-500x427.jpg 500w, https:\/\/romfilatelia.ro\/magazin\/wp-content\/uploads\/2025\/11\/SITE_mc_Sportivi-de-aur-64x55.jpg 64w, https:\/\/romfilatelia.ro\/magazin\/wp-content\/uploads\/2025\/11\/SITE_mc_Sportivi-de-aur.jpg 950w\" sizes=\"(max-width: 300px) 100vw, 300px\" \/><\/a><strong>Romfilatelia<\/strong> \u0219i <strong>Po\u0219ta Rom\u00e2n\u0103<\/strong> introduc \u00een circula\u021bie <em>vineri, 14 noiembrie a.c<\/em>. o emisiune de m\u0103rci po\u0219tale dedicat\u0103 unei sportive de valoare mondial\u0103.<\/p>\n<p>Sub titlul <strong><em>Sportivi de aur. Gabriela Szab\u00f3<\/em><\/strong>, emisiunea are \u00een componen\u021b\u0103 un timbru (cu valoarea nominal\u0103 de <strong>25 Lei<\/strong>), o coli\u021b\u0103 filatelic\u0103 dantelat\u0103 (cu valoarea nominal\u0103 de <strong>30 Lei<\/strong>), un plic \u201eprima zi\u201d, o carte maxim\u0103 pentru pasiona\u021bii de maximafilie \u0219i o map\u0103 filatelic\u0103 cu produs special \u00een tiraj limitat.<\/p>\n<p>Marea sportiv\u0103 s-a n\u0103scut la 14 noiembrie 1975, la Bistri\u021ba. Calit\u0103\u021bile sportive pentru atletism au fost descoperite \u00eent\u00e2mpl\u0103tor, la v\u00e2rsta de 12 ani, cu ocazia unui cros \u0219colar.<\/p>\n<p>Licen\u021biat\u0103 a Facult\u0103\u021bii de Educa\u021bie fizic\u0103 \u0219i Sport din cadrul Universit\u0103\u021bii <em>\u201eBabe\u0219-Bolyai\u201d<\/em>, Cluj-Napoca, a avut un singur antrenor, Zsolt Gy\u00f6ngy\u00f6ssy, care i-a devenit so\u021b \u00een anul 2004.<\/p>\n<p>Gabriela Szab\u00f3, cea care a str\u0103lucit la intensitate maxim\u0103 ca sportiv\u0103, din 1994 p\u00e2n\u0103 \u00een 2002, a ob\u021binut aproape \u00een fiecare an cel pu\u021bin o medalie la competi\u021biile de marc\u0103. Este cunoscut\u0103 ca prima \u0219i singura atlet\u0103 din Rom\u00e2nia, de\u021bin\u0103toare a medaliilor olimpice de toate culorile: aur (5000 metri la Sydney 2000), argint (1500 metri la Atlanta 1996), bronz (1500 metri la Sydney 2000). Dup\u0103 Lia Manoliu, este a doua atlet\u0103 care a urcat de trei ori pe podiumul olimpic.<\/p>\n<p>La Mondialele de atletism din 1997, a devenit prima rom\u00e2nc\u0103 medaliat\u0103 cu aur la o competi\u021bie de acest nivel, iar \u00een 1998 a devenit prima sportiv\u0103 din lume care, \u00eentr-un singur an, a ob\u021binut cea mai bun\u0103 performan\u021b\u0103 mondial\u0103 la cinci probe: 1500 metri, o mil\u0103, 2000 metri, 3000 metri, 5000 metri.<\/p>\n<p>\u00cen anul 1999, c\u00e2\u0219tig\u0103toare a trei titluri mondiale la trei probe diferite, (5000 metri \u00een aer liber, la Sevilla, 1500 metri \u0219i 3000 metri \u00een sal\u0103, la Maebashi) a fost desemnat\u0103 \u201eAtleta Anului\u201d de IAAF (\u00een prezent World Athletics) \u0219i \u201eSportiva Anului \u00een lume\u201d (Asocia\u021bia Presei Sportive Mondiale).<\/p>\n<p>Cea mai bun\u0103 atlet\u0103 a lumii \u0219i-a confirmat valoarea prin performan\u021ba de la J.O. Sydney 2000 c\u00e2nd a c\u00e2\u0219tigat cursa de 5000 metri, cu un record olimpic de 14:40.79 minute, care nu a fost dobor\u00e2t timp de 16 ani.<\/p>\n<p>Reamintim c\u0103 Gabriela Szab\u00f3, a devenit la doar 19 ani, la Barcelona (1995), cea mai t\u00e2n\u0103r\u0103 campioan\u0103 mondial\u0103 de sal\u0103, disciplin\u0103 la care ulterior a dobor\u00e2t trei recorduri mondiale: 2000 metri (1998), 5000 metri (1999), 3000 metri (2001), ad\u0103ug\u00e2nd la acestea \u0219i proba de 3000 metri \u00een aer liber (2002).<\/p>\n<p>\u00cen 1999, Gabriela Szab\u00f3, c\u00e2\u0219tig\u0103toare al\u0103turi de Wilson Kipketer, a turneului Golden League, a \u00eemp\u0103r\u021bit cu acesta premiul cel mare: 50 kg de aur.<\/p>\n<p>\u00cen lumea sportului autohton, de zece ori consecutiv, a fost desemnat\u0103 cea mai bun\u0103 atlet\u0103 din Rom\u00e2nia.<\/p>\n<p>Retras\u0103 din activitate din anul 2004, Gabriela Szab\u00f3 a activat ca secretar federal pe probleme de marketing \u0219i dezvoltare \u00een cadrul Federa\u021biei Rom\u00e2ne de Atletism \u0219i ca vicepre\u0219edinte al aceluia\u0219i for. Apoi, \u00een anul 2014, a fost numit\u0103 ministru al Tineretului \u0219i Sportului.<\/p>\n<p>Ora\u0219ele Bistri\u021ba, Cluj-Napoca \u0219i Bucure\u0219ti, i-au conferit titlul de \u201eCet\u0103\u021bean de Onoare\u201d.<\/p>\n<p>La distinc\u021bia primit\u0103 din partea Comitetului Olimpic \u0219i Sportiv Rom\u00e2n \u201eColanul Olimpic\u201d s-au mai ad\u0103ugat titlul de \u201eMaestru Emerit al Sportului\u201d \u0219i ordinul na\u021bional \u201eServiciul credincios\u201d, \u00een grad de comandor.<\/p>\n<p>\u00cen prezent \u201eatleta de aur\u201d face parte din Comitetul executiv al Federa\u021biei de Canotaj, \u00een calitate de membr\u0103 aleas\u0103 pentru un mandat de patru ani, av\u00e2nd ca responsabilitate conducerea Comisiei pentru medii de Informare \u0219i Marketing.<\/p>\n<p><em>Mul\u021bumim Doamnei Gabriela Szab\u00f3 \u0219i reprezentan\u021bilor Comitetului Olimpic \u0219i Sportiv Rom\u00e2n pentru sprijinul documentar acordat la realizarea acestei emisiuni de m\u0103rci po\u0219tale.<\/em><\/p>\n<p><strong><em>Mapa filatelic\u0103 <\/em><\/strong><em>este realizat\u0103 \u00een tiraj limitat de <strong>213 <\/strong>exemplare \u0219i este echipat\u0103 cu blocul filatelic special al emisiunii ce con\u021bine 2 timbre nedantelate \u0219i o medalie de aur \u00eencadrat\u0103 \u00eentr-un cerc perforat. Blocul filatelic special este numerotat de la <strong>001<\/strong> la <strong>213<\/strong><\/em>.<\/p>\n<p><a href=\"https:\/\/romfilatelia.ro\/magazin\/wp-content\/uploads\/2025\/11\/caract_Sportivi-de-aur.jpg\"><img decoding=\"async\" loading=\"lazy\" class=\"aligncenter wp-image-2036883 size-full\" src=\"https:\/\/romfilatelia.ro\/magazin\/wp-content\/uploads\/2025\/11\/caract_Sportivi-de-aur.jpg\" alt=\"\" width=\"1716\" height=\"1753\" srcset=\"https:\/\/romfilatelia.ro\/magazin\/wp-content\/uploads\/2025\/11\/caract_Sportivi-de-aur.jpg 1716w, https:\/\/romfilatelia.ro\/magazin\/wp-content\/uploads\/2025\/11\/caract_Sportivi-de-aur-294x300.jpg 294w, https:\/\/romfilatelia.ro\/magazin\/wp-content\/uploads\/2025\/11\/caract_Sportivi-de-aur-768x785.jpg 768w, https:\/\/romfilatelia.ro\/magazin\/wp-content\/uploads\/2025\/11\/caract_Sportivi-de-aur-1504x1536.jpg 1504w, https:\/\/romfilatelia.ro\/magazin\/wp-content\/uploads\/2025\/11\/caract_Sportivi-de-aur-500x511.jpg 500w, https:\/\/romfilatelia.ro\/magazin\/wp-content\/uploads\/2025\/11\/caract_Sportivi-de-aur-64x65.jpg 64w\" sizes=\"(max-width: 1716px) 100vw, 1716px\" \/><\/a><\/p>\n<p>&nbsp;<\/p>\n","protected":false},"excerpt":{"rendered":"<p>Romfilatelia \u0219i Po\u0219ta Rom\u00e2n\u0103 introduc \u00een circula\u021bie vineri, 14 noiembrie a.c. o emisiune de m\u0103rci po\u0219tale dedicat\u0103 unei sportive de valoare mondial\u0103. Sub titlul Sportivi de aur. Gabriela Szab\u00f3, emisiunea are \u00een componen\u021b\u0103 un timbru (cu valoarea nominal\u0103 de 25 Lei), o coli\u021b\u0103 filatelic\u0103 dantelat\u0103 (cu valoarea nominal\u0103 de 30 Lei), un plic \u201eprima zi\u201d,&hellip;&nbsp;<a href=\"https:\/\/romfilatelia.ro\/magazin\/produs\/colectii-anuale\/2025\/sportivi-de-aur-gabriela-szabo\/\" class=\"\" rel=\"bookmark\">Cite\u0219te mai mult &raquo;<span class=\"screen-reader-text\">SPORTIVI DE AUR. GABRIELA SZAB\u00d3<\/span><\/a><\/p>\n","protected":false},"featured_media":2036884,"template":"","meta":{"neve_meta_sidebar":"","neve_meta_container":"","neve_meta_enable_content_width":"off","neve_meta_content_width":100,"neve_meta_title_alignment":"","neve_meta_author_avatar":"","neve_post_elements_order":"","neve_meta_disable_header":"","neve_meta_disable_footer":"","neve_meta_disable_title":""},"product_cat":[340,6],"product_tag":[],"_links":{"self":[{"href":"https:\/\/romfilatelia.ro\/magazin\/wp-json\/wp\/v2\/product\/2036881"}],"collection":[{"href":"https:\/\/romfilatelia.ro\/magazin\/wp-json\/wp\/v2\/product"}],"about":[{"href":"https:\/\/romfilatelia.ro\/magazin\/wp-json\/wp\/v2\/types\/product"}],"wp:featuredmedia":[{"embeddable":true,"href":"https:\/\/romfilatelia.ro\/magazin\/wp-json\/wp\/v2\/media\/2036884"}],"wp:attachment":[{"href":"https:\/\/romfilatelia.ro\/magazin\/wp-json\/wp\/v2\/media?parent=2036881"}],"wp:term":[{"taxonomy":"product_cat","embeddable":true,"href":"https:\/\/romfilatelia.ro\/magazin\/wp-json\/wp\/v2\/product_cat?post=2036881"},{"taxonomy":"product_tag","embeddable":true,"href":"https:\/\/romfilatelia.ro\/magazin\/wp-json\/wp\/v2\/product_tag?post=2036881"}],"curies":[{"name":"wp","href":"https:\/\/api.w.org\/{rel}","templated":true}]}}