{"id":2036852,"date":"2025-11-10T14:46:00","date_gmt":"2025-11-10T12:46:00","guid":{"rendered":"https:\/\/romfilatelia.ro\/magazin\/?post_type=product&#038;p=2036852"},"modified":"2025-11-10T14:46:01","modified_gmt":"2025-11-10T12:46:01","slug":"aviatori-de-legenda-constantin-cantacuzino","status":"publish","type":"product","link":"https:\/\/romfilatelia.ro\/magazin\/produs\/colectii-anuale\/2025\/aviatori-de-legenda-constantin-cantacuzino\/","title":{"rendered":"AVIATORI DE LEGEND\u0102.  CONSTANTIN CANTACUZINO"},"content":{"rendered":"<p><strong><a href=\"https:\/\/www.romfilatelia.ro\/wp-content\/uploads\/2025\/11\/SITE_mc_Aviatori-de-legenda-e1762775544526.jpg\"><img decoding=\"async\" loading=\"lazy\" class=\"alignleft wp-image-2049476\" src=\"https:\/\/www.romfilatelia.ro\/wp-content\/uploads\/2025\/11\/SITE_mc_Aviatori-de-legenda-e1762775544526.jpg\" alt=\"\" width=\"600\" height=\"340\" \/><\/a>Romfilatelia<\/strong> \u0219i <strong>Po\u0219ta Rom\u00e2n\u0103<\/strong> introduc \u00een circula\u021bie <em>mar\u021bi, 11 noiembrie 2025<\/em> o emisiune filatelic\u0103 omagial\u0103, sub denumirea <strong><em>\u201eAviatori de legend\u0103. Constantin Cantacuzino\u201d<\/em><\/strong>, dedicat\u0103 unui pilot-erou al avia\u021biei militare rom\u00e2ne\u0219ti, personalitate emblematic\u0103 \u00een care s-au reg\u0103sit curajul, sacrificiul \u0219i dorin\u021ba pentru libertate \u0219i suveranitate na\u021bional\u0103.<\/p>\n<p>Emisiunea are \u00een componen\u021b\u0103 o marc\u0103 po\u0219tal\u0103, o coli\u021b\u0103 filatelic\u0103 dantelat\u0103, un plic \u201eprima zi\u201d \u0219i o map\u0103 filatelic\u0103 cu produs special \u00een tiraj limitat.<\/p>\n<p>Constantin Cantacuzino, fiu al lui Mihai Cantacuzino \u0219i al Mariei Rosetti (c\u0103s\u0103torit\u0103 dup\u0103 moartea so\u021bului, cu George Enescu), a fost considerat, admirativ, prin\u021bul avia\u021biei rom\u00e2ne\u0219ti. N\u0103scut la Bucure\u0219ti \u00een anul 1905 era descendent al unei familii boiere\u0219ti de tradi\u021bie.<\/p>\n<p>Al\u0103turi de pasiunile lui sportive, automobilism \u0219i motociclism, s-a reg\u0103sit din fraged\u0103 tinere\u021be, avia\u021bia.<\/p>\n<p>La 25 de ani a ob\u021binut brevetul de pilot. \u00cen 1939 era c\u00e2\u0219tig\u0103torul Campionatului Na\u021bional de Acroba\u021bie Aerian\u0103.<\/p>\n<p>A f\u0103cut parte din echipa pilo\u021bilor companiei aeriene na\u021bionale LARES (Liniile Aeriene Rom\u00e2ne \u00een Exploatarea Statului) \u0219i datorit\u0103 profesionalismului s\u0103u ajunge \u0219eful Companiei LARES. P\u0103r\u0103se\u0219te acest post relativ comod \u0219i cere voluntar s\u0103 fie \u00eencadrat \u00een r\u00e2ndul aviatorilor de v\u00e2n\u0103toare pe frontul de Est, \u00een vara anului 1941. A f\u0103cut parte din Escadrila 53 V\u00e2n\u0103toare \u0219i a participat la b\u0103t\u0103liile aeriene reu\u0219ind s\u0103 doboare 5 bombardiere sovietice. O perioad\u0103, ca pilot-\u0219ef al Companiei LARES a executat peste 30 de misiuni de transport \u00een zona de r\u0103zboi.<\/p>\n<p>\u00cen luna mai 1942 este concentrat la Pipera pentru instruire \u0219i trecere ca pilot pe avionul de v\u00e2n\u0103toare Messerschmitt 109E. Revine, \u00een anul 1943 \u00een componen\u021ba escadrilelor combatante, apar\u021bin\u00e2nd Grupului 7 V\u00e2n\u0103toare. Grupul a ac\u021bionat pe teritoriul sovietic particip\u00e2nd la misiuni de protec\u021bie a avioanelor de cercetare \u0219i de bombardament. Constantin Cantacuzino s-a remarcat \u00een cadrul acestor ac\u021biuni \u0219i ca primul \u0219i singurul pilot rom\u00e2n care a efectuat misiuni de v\u00e2n\u0103toare pe timp de noapte (\u00een total optsprezece).<\/p>\n<p>Dup\u0103 o perioad\u0103 cuprins\u0103 \u00eentre aprilie 1943 \u0219i mai 1944, c\u00e2nd a fost angajat \u00een spa\u021biul aerian de lupt\u0103 \u00eempotriva URSS, este prezent \u00een Grupul 9 V\u00e2n\u0103toare, \u00een luptele \u00eempotriva Ungariei hortiste \u0219i a Germaniei naziste.<\/p>\n<p>Cumul\u00e2nd peste 600 misiuni de lupt\u0103 \u0219i av\u00e2nd la activ peste 60 de avioane dobor\u00e2te, Constantin Cantacuzino se plaseaz\u0103 \u00een r\u00e2ndul celor mai buni aviatori ai vremii.<\/p>\n<p>Dup\u0103 r\u0103zboi, a revenit la Compania LARES ac\u021bion\u00e2nd ca pilot. De remarcat faptul c\u0103 \u00een anul 1947, a fost pilotul care a dus la Conferin\u021ba de Pace de la Paris Delega\u021bia Rom\u00e2niei. \u00centre timp \u00eencepe s\u0103 resimt\u0103 dur persecu\u021biile regimului comunist, mai \u00eent\u00e2i confiscarea propriet\u0103\u021bilor \u0219i mai apoi supravegherea \u0219i interdic\u021biile temporare de a mai zbura \u00een afara grani\u021belor \u021b\u0103rii.<\/p>\n<p>Intuind un iminent pericol de arestare, profit\u0103 de aprobarea de a efectua un zbor Bucure\u0219ti-Milano \u0219i r\u0103m\u00e2ne \u00een Italia, pred\u00e2nd avionul secundului s\u0103u \u0219i cer\u00e2nd azil politic.<\/p>\n<p>S-a stabilit pentru \u00eenceput \u00een Fran\u021ba, mai apoi \u00een Spania, unde a r\u0103mas p\u00e2n\u0103 la sf\u00e2r\u0219itul vie\u021bii. \u0218i-a demonstrat \u0219i \u00een \u021bara adoptiv\u0103 m\u0103iestria de pilot, particip\u00e2nd la mitinguri aviatice, apreciat \u00een mod deosebit at\u00e2t de rom\u00e2nii din diaspor\u0103 c\u00e2t \u0219i de speciali\u0219tii \u00een domeniu.<\/p>\n<p>Pentru a avea mijloace de subzisten\u021b\u0103 s-a angajat la o companie aerian\u0103 din categoria avia\u021biei utilitare. S-a stins din via\u021b\u0103, la numai 52 de ani, dup\u0103 ce s-a \u00eemboln\u0103vit de ulcer. A fost \u00eenmorm\u00e2ntat \u00eentr-un cimitir din Madrid, departe de \u021bara pe care a iubit-o \u0219i a servit-o cu curaj \u00een cel de al II-lea R\u0103zboi Mondial.<\/p>\n<p>Marca po\u0219tal\u0103 cu valoarea nominal\u0103 de <strong>11 Lei<\/strong> reproduce o imagine fotografic\u0103 a pilotului Constantin Cantacuzino \u00een uniforma avia\u021biei militare, asociat\u0103 cu cea a avionului de v\u00e2n\u0103toare Messerschmitt Bf 109 G, cu \u00eensemnele For\u021belor Aeriene ale Statelor Unite ale Americii, tip de avion cu care \u201eprin\u021bul avia\u021biei\u201d a ob\u021binut cele mai multe victorii.<\/p>\n<p>Coli\u021ba filatelic\u0103 dantelat\u0103, cu valoarea nominal\u0103 a m\u0103rcii po\u0219tale de <strong>30 Lei <\/strong>(cu perfor de siguran\u021b\u0103), \u00eel prezint\u0103 pe Constantin Cantacuzino \u00een costum de pilot al avia\u021biei de v\u00e2n\u0103toare, asociind \u0219i panorama unui spa\u021biu \u00een care se profileaz\u0103 pozi\u021bia unui avion care execut\u0103 o bucl\u0103 de \u201elooping\u201d a unui zbor acrobatic.<\/p>\n<p>Plicul \u201eprima zi\u201d reproduce avionul folosit de Constantin Cantacuzino pentru acroba\u021bie aerian\u0103.<\/p>\n<p><em>Romfilatelia mul\u021bume\u0219te speciali\u0219tilor din cadrul Ministerului Ap\u0103r\u0103rii Na\u021bionale, For\u021belor Aeriene Rom\u00e2ne \u0219i ai Muzeului Na\u021bional al Avia\u021biei Rom\u00e2ne pentru sprijinul documentar acordat la realizarea acestei emisiuni de m\u0103rci po\u0219tale.<\/em><\/p>\n<p><a href=\"https:\/\/www.romfilatelia.ro\/wp-content\/uploads\/2025\/11\/caract_Aviatori-de-legenda-e1762775592775.jpg\"><img decoding=\"async\" loading=\"lazy\" class=\"size-full wp-image-2049477 aligncenter\" src=\"https:\/\/www.romfilatelia.ro\/wp-content\/uploads\/2025\/11\/caract_Aviatori-de-legenda-e1762775592775.jpg\" alt=\"\" width=\"1200\" height=\"1195\" \/><\/a><\/p>\n","protected":false},"excerpt":{"rendered":"<p>Romfilatelia \u0219i Po\u0219ta Rom\u00e2n\u0103 introduc \u00een circula\u021bie mar\u021bi, 11 noiembrie 2025 o emisiune filatelic\u0103 omagial\u0103, sub denumirea \u201eAviatori de legend\u0103. Constantin Cantacuzino\u201d, dedicat\u0103 unui pilot-erou al avia\u021biei militare rom\u00e2ne\u0219ti, personalitate emblematic\u0103 \u00een care s-au reg\u0103sit curajul, sacrificiul \u0219i dorin\u021ba pentru libertate \u0219i suveranitate na\u021bional\u0103. Emisiunea are \u00een componen\u021b\u0103 o marc\u0103 po\u0219tal\u0103, o coli\u021b\u0103 filatelic\u0103 dantelat\u0103,&hellip;&nbsp;<a href=\"https:\/\/romfilatelia.ro\/magazin\/produs\/colectii-anuale\/2025\/aviatori-de-legenda-constantin-cantacuzino\/\" class=\"\" rel=\"bookmark\">Cite\u0219te mai mult &raquo;<span class=\"screen-reader-text\">AVIATORI DE LEGEND\u0102.  CONSTANTIN CANTACUZINO<\/span><\/a><\/p>\n","protected":false},"featured_media":2036853,"template":"","meta":{"neve_meta_sidebar":"","neve_meta_container":"","neve_meta_enable_content_width":"off","neve_meta_content_width":100,"neve_meta_title_alignment":"","neve_meta_author_avatar":"","neve_post_elements_order":"","neve_meta_disable_header":"","neve_meta_disable_footer":"","neve_meta_disable_title":""},"product_cat":[340,6],"product_tag":[],"_links":{"self":[{"href":"https:\/\/romfilatelia.ro\/magazin\/wp-json\/wp\/v2\/product\/2036852"}],"collection":[{"href":"https:\/\/romfilatelia.ro\/magazin\/wp-json\/wp\/v2\/product"}],"about":[{"href":"https:\/\/romfilatelia.ro\/magazin\/wp-json\/wp\/v2\/types\/product"}],"wp:featuredmedia":[{"embeddable":true,"href":"https:\/\/romfilatelia.ro\/magazin\/wp-json\/wp\/v2\/media\/2036853"}],"wp:attachment":[{"href":"https:\/\/romfilatelia.ro\/magazin\/wp-json\/wp\/v2\/media?parent=2036852"}],"wp:term":[{"taxonomy":"product_cat","embeddable":true,"href":"https:\/\/romfilatelia.ro\/magazin\/wp-json\/wp\/v2\/product_cat?post=2036852"},{"taxonomy":"product_tag","embeddable":true,"href":"https:\/\/romfilatelia.ro\/magazin\/wp-json\/wp\/v2\/product_tag?post=2036852"}],"curies":[{"name":"wp","href":"https:\/\/api.w.org\/{rel}","templated":true}]}}