{"id":2036825,"date":"2025-11-04T11:44:38","date_gmt":"2025-11-04T09:44:38","guid":{"rendered":"https:\/\/romfilatelia.ro\/magazin\/?post_type=product&#038;p=2036825"},"modified":"2025-11-04T11:44:38","modified_gmt":"2025-11-04T09:44:38","slug":"colectii-romanesti-samovare-si-ceainice","status":"publish","type":"product","link":"https:\/\/romfilatelia.ro\/magazin\/produs\/colectii-anuale\/2025\/colectii-romanesti-samovare-si-ceainice\/","title":{"rendered":"COLEC\u021aII ROM\u00c2NE\u0218TI. SAMOVARE \u0218I CEAINICE"},"content":{"rendered":"<p><strong><a href=\"https:\/\/www.romfilatelia.ro\/wp-content\/uploads\/2025\/11\/SITE_mc-51_Colectii-Romanesti_Samovare-si-ceainice-e1762248300373.jpg\"><img decoding=\"async\" loading=\"lazy\" class=\"alignleft wp-image-2049468\" src=\"https:\/\/www.romfilatelia.ro\/wp-content\/uploads\/2025\/11\/SITE_mc-51_Colectii-Romanesti_Samovare-si-ceainice-e1762248300373.jpg\" alt=\"\" width=\"650\" height=\"549\" \/><\/a>Romfilatelia<\/strong> \u0219i <strong>Po\u0219ta Rom\u00e2n\u0103<\/strong> introduc \u00een circula\u021bie <em>miercuri, 5 noiembrie a.c<\/em>. o emisiune filatelic\u0103 sub titlul generic <strong><em>Colec\u021bii Rom\u00e2ne\u0219ti,<\/em><\/strong> cu tema <em>Samovare \u0219i ceainice<\/em>, care adaug\u0103 la imaginile unor m\u0103rci po\u0219tale din anii anteriori un subiect original dedicat samovarelor \u0219i ceainicelor. Emisiunea are \u00een componen\u021ba sa 6 m\u0103rci po\u0219tale, o coli\u021b\u0103 dantelat\u0103 \u0219i dou\u0103 plicuri \u201eprima zi\u201d.<\/p>\n<p>Este greu de spus cine a f\u0103cut primul samovar. Majoritatea \u00eel asociaz\u0103 cu ora\u0219ul Tula, unde fra\u0163ii Lisitsyn au \u00eenfiin\u021bat prima fabric\u0103 \u00een 1778.<\/p>\n<p>\u00cen Rom\u00e2nia, samovarul a fost utilizat \u00een zona Dobrogei, \u00een special \u00een Tulcea. Ini\u0163ial, samovarele erau realizate \u00een totalitate manual, iar costul de produc\u021bie era foarte mare. De aceea, prezen\u021ba unui samovar \u00eentr-o cas\u0103 ar\u0103ta condi\u0163ia financiar\u0103 a proprietarilor.<\/p>\n<p>Romanii \u0219i grecii foloseau dispozitive asem\u0103n\u0103toare \u00eenc\u0103 din Antichitate. Exist\u0103 posibilitatea ca primele samovare s\u0103 fi fost derivate ale \u00eenc\u0103lzitoarelor cu c\u0103rbuni folosite de nomazii asiatici. Ulterior, au ap\u0103rut \u0219i modele electrice, foarte utilizate \u00een restaurante, pentru c\u0103 fierbeau apa mult mai rapid.<\/p>\n<p>Chiar dac\u0103 \u00een prezent samovarul nu mai este at\u00e2t de popular, el ocup\u0103 un loc de cinste \u00een casele multor oameni.<\/p>\n<p>Istoria fascinant\u0103 a ceainicului \u00eencepe \u00een China, \u00een timpul dinastiei Yuan (sec. XIII \u2013 XIV). Ceainicele sunt vase esen\u021biale pentru prepararea \u0219i servirea ceaiului, iar acestea variaz\u0103 \u00een form\u0103, material \u0219i func\u021bionalite, influen\u021b\u00e2nd gustul dar \u0219i ritualul de preg\u0103tire a b\u0103uturii. \u00cen Europa, ceainicele au ap\u0103rut mult mai t\u00e2rziu, la sf\u00e2r\u0219itul secolului al XVII-lea, odat\u0103 cu importul de ceai din China.<\/p>\n<p>\u00cen cadrul emisiunii sunt redate obiecte tradi\u021bionale din secolele XVIII\u2013XX, dedicate prepar\u0103rii ceaiului.<\/p>\n<p>Samovarul din <strong><em>sec. XIX<\/em><\/strong>, ilustrat pe marca po\u0219tal\u0103 cu valoarea nominal\u0103 de <strong>3 Lei<\/strong>, este fabricat din bronz aurit, cu forma clasic\u0103 de urn\u0103. Dateaz\u0103 din secolul XIX \u0219i era folosit at\u00e2t \u00een casele aristrocrate, c\u00e2t \u0219i \u00een cele ale clasei de mijloc. Dup\u0103 designul specific \u0219i elementele decorative, samovarul pare s\u0103 fi fost fabricat de atelierul Alenchikov \u0219i Zimin, una dintre cele mai prestigioase manufacturi de samovare din Tula. Acest samovar reprezint\u0103 un exemplu excelent al m\u0103iestriei me\u0219terilor din Tula \u0219i \u00een special al standardelor \u00eenalte men\u021binute de manufactura Alenchikov \u0219i Zimin.<\/p>\n<p>Samovarul din<strong><em> Anglia<\/em> <em>\u2013 sec. XIX,<\/em> <\/strong>reprodus pe marca po\u0219tal\u0103 cu valoarea nominal\u0103 de <strong>6,50 Lei<\/strong>, destinat pentru ceai, fabricat din cupru ro\u0219u, cu accente de alam\u0103, fabricat \u00een Anglia, la \u00eenceputul anilor 1800. Are o form\u0103 sferic\u0103, caracteristic\u0103 stilului englezesc \u0219i era folosit la \u00eenc\u0103lzirea apei pentru ceai. Fabricat \u00een perioada de regen\u021b\u0103, c\u00e2nd regele George al III-lea a fost inapt s\u0103 conduc\u0103 \u0219i fiul s\u0103u a domnit ca prin\u021b regent, acest tip de samovar era folosit \u00een casele din clasa de mijloc \u0219i cea \u00eenalt\u0103 fiind un simbol al rafinamentului \u0219i al bunului gust \u00een cultura britanic\u0103 a ceaiului.<\/p>\n<p>Samovarul din<strong><em> Germania \u2013 sec. XX<\/em><\/strong><em>,<\/em> redat pe marca po\u0219tal\u0103 cu valoarea nominal\u0103 de <strong>7 Lei<\/strong>, produs \u00een 1910, de c\u0103tre Neues M\u00fcnchner Kunstgewerbe, o important\u0103 manufactur\u0103 de art\u0103 \u0219i meserii din M\u00fcnchen, specializat\u0103 \u00een producerea de obiecte decorative din metal, precum vase, l\u0103mpi, ceasuri \u0219i, desigur, samovare. Emblema de pe samovar indic\u0103 fabricarea lui \u00een perioada \u00een care stilul Jugendstil (omologul german al Art Nouveau) era la mod\u0103. De aici \u0219i forma octagonal\u0103 neobi\u0219nuit\u0103, tipic\u0103 pentru designul german modernist, diferit\u0103 de forma tradi\u021bional\u0103 de urn\u0103.<\/p>\n<p>Samovarul din<strong> <em>Anglia \u2013 sec. XIX<\/em><\/strong><em>,<\/em> reprodus pe marca po\u0219tal\u0103 cu valoarea nominal\u0103 de <strong>8 Lei<\/strong>, este confec\u021bionat din cupru, fabricat la mijocul secolului XIX. Acest samovar are forma clasica a unei \u201eurne de ceai\u201d dar construc\u021bia intern\u0103 este a unui samovar func\u021bional. Este realizat \u00eentr-un stil ornamental, cu un corp rotunjit \u0219i bombat, m\u00e2nerele laterale sunt ornamentate \u00een stil decorativ, baza elegant\u0103 cu picioare decorative. \u00cen interior, peretele sobei este conic, de\u0219i forma tipic\u0103 este cea cilindric\u0103.<\/p>\n<p>Ceainicul din<strong><em> Maroc \u2013 sec. XIX<\/em><\/strong><em>,<\/em> ilustrat pe marca po\u0219tal\u0103 cu valoarea nominal\u0103 de <strong>9 Lei<\/strong>, este un obiect de mari dimensiuni, fabricat din alpaca argintat\u0103 cu arz\u0103tor compus din dou\u0103 piese, recipientul pentru ceai \u0219i arz\u0103torul. Pe capacul ceainicului a fost aplicat simbolul coroanei de o\u021bel a regilor Rom\u00e2niei. Coroana de O\u021bel reprezint\u0103 coroana regal\u0103 a Rom\u00e2niei, care a fost turnat\u0103 din \u021beava unui tun turcesc capturat \u00een timpul R\u0103zboiului de Independen\u021b\u0103 din 1877 &#8211; 1878, \u00een b\u0103t\u0103lia de la Plevna din 30 august 1877.<\/p>\n<p>O tradi\u021bie foarte veche \u00een Maroc implic\u0103 ritualul de \u201esp\u0103lare a m\u00e2inilor\u201d efectuat \u00eenainte de fiecare mas\u0103 \u0219i nimic nu poate face treaba mai bine dec\u00e2t un ceainic din alpaca, fabricat \u00een Maroc. Ceainicul este umplut cu ap\u0103 cald\u0103, de obicei parfumat\u0103 cu trandafir sau portocal\u0103, \u0219i se toarn\u0103 pe m\u00e2inile oaspe\u021bilor pentru o senza\u021bie mai curat\u0103 \u0219i mai proasp\u0103t\u0103.<\/p>\n<p>Samovarul din<strong><em> Anglia \u2013 sec. XIX<\/em><\/strong><em>, <\/em>prezentat pe marca po\u0219tal\u0103 cu valoarea nominal\u0103 de <strong>25 Lei<\/strong>, realizat \u00een secolul XIX \u00een perioada de regen\u021b\u0103, din alam\u0103. Piesa prezint\u0103 elemente decorative elaborate, tipice perioadei de regen\u021b\u0103: un capac cu finisaj floral, marginea decorat\u0103 cu frunze de acant.<\/p>\n<p>Samovarele ca acesta, erau folosite pentru a \u00eenc\u0103lzi \u0219i servi ap\u0103 pentru ceai fiind at\u00e2t obiecte func\u021bionale c\u00e2t \u0219i decorative indic\u00e2nd statutul \u0219i rafinamentul proprietarului.<\/p>\n<p>Samovarul din<strong> <em>Maroc \u2013 sec. XX<\/em><\/strong><em>, <\/em>redat pe coli\u021ba dantelat\u0103 cu marca po\u0219tal\u0103 av\u00e2nd valoarea nominal\u0103 de <strong>30 Lei<\/strong>, fabricat \u00een secolul XX din alam\u0103 nichelat\u0103. Corpul samovarului este realizat sub form\u0103 de vaz\u0103 cu g\u00e2t \u00eenalt. Peretele este neted, cu modele geometrice \u00een relief. M\u00e2nerele sunt formate din pl\u0103ci pereche curbate \u00een sus. Capacul este convex, cu v\u00e2rful neted, \u00eenalt, ornamentat cu elemente tradi\u021bionale marocane. G\u00e2tul este \u00eenalt, cu dou\u0103 trepte de suflare. Baza este rotund\u0103 iar picioarele sunt stilizate. Jonc\u021biunea picioarelor cu baza are form\u0103 de aripi. \u00cen partea de jos exist\u0103 o inscrip\u021bie \u0219tan\u021bat\u0103: \u201eFabriqu\u00e9 au Maroc V\u201d. Finisajele \u0219i ornamentele elaborate sunt caracteristice artizanatului marocan, care este renumit pentru aten\u021bia la detalii \u0219i preferin\u021ba pentru decora\u021biuni bogate.<\/p>\n<p><a href=\"https:\/\/www.romfilatelia.ro\/wp-content\/uploads\/2025\/11\/caract_Colectii-romanesti_Samovare-si-ceainice_tript-1-e1762248348980.jpg\"><img decoding=\"async\" loading=\"lazy\" class=\"size-full wp-image-2049469 aligncenter\" src=\"https:\/\/www.romfilatelia.ro\/wp-content\/uploads\/2025\/11\/caract_Colectii-romanesti_Samovare-si-ceainice_tript-1-e1762248348980.jpg\" alt=\"\" width=\"1000\" height=\"998\" \/><\/a><\/p>\n","protected":false},"excerpt":{"rendered":"<p>Romfilatelia \u0219i Po\u0219ta Rom\u00e2n\u0103 introduc \u00een circula\u021bie miercuri, 5 noiembrie a.c. o emisiune filatelic\u0103 sub titlul generic Colec\u021bii Rom\u00e2ne\u0219ti, cu tema Samovare \u0219i ceainice, care adaug\u0103 la imaginile unor m\u0103rci po\u0219tale din anii anteriori un subiect original dedicat samovarelor \u0219i ceainicelor. Emisiunea are \u00een componen\u021ba sa 6 m\u0103rci po\u0219tale, o coli\u021b\u0103 dantelat\u0103 \u0219i dou\u0103 plicuri&hellip;&nbsp;<a href=\"https:\/\/romfilatelia.ro\/magazin\/produs\/colectii-anuale\/2025\/colectii-romanesti-samovare-si-ceainice\/\" class=\"\" rel=\"bookmark\">Cite\u0219te mai mult &raquo;<span class=\"screen-reader-text\">COLEC\u021aII ROM\u00c2NE\u0218TI. SAMOVARE \u0218I CEAINICE<\/span><\/a><\/p>\n","protected":false},"featured_media":2036826,"template":"","meta":{"neve_meta_sidebar":"","neve_meta_container":"","neve_meta_enable_content_width":"off","neve_meta_content_width":100,"neve_meta_title_alignment":"","neve_meta_author_avatar":"","neve_post_elements_order":"","neve_meta_disable_header":"","neve_meta_disable_footer":"","neve_meta_disable_title":""},"product_cat":[340,6],"product_tag":[],"_links":{"self":[{"href":"https:\/\/romfilatelia.ro\/magazin\/wp-json\/wp\/v2\/product\/2036825"}],"collection":[{"href":"https:\/\/romfilatelia.ro\/magazin\/wp-json\/wp\/v2\/product"}],"about":[{"href":"https:\/\/romfilatelia.ro\/magazin\/wp-json\/wp\/v2\/types\/product"}],"wp:featuredmedia":[{"embeddable":true,"href":"https:\/\/romfilatelia.ro\/magazin\/wp-json\/wp\/v2\/media\/2036826"}],"wp:attachment":[{"href":"https:\/\/romfilatelia.ro\/magazin\/wp-json\/wp\/v2\/media?parent=2036825"}],"wp:term":[{"taxonomy":"product_cat","embeddable":true,"href":"https:\/\/romfilatelia.ro\/magazin\/wp-json\/wp\/v2\/product_cat?post=2036825"},{"taxonomy":"product_tag","embeddable":true,"href":"https:\/\/romfilatelia.ro\/magazin\/wp-json\/wp\/v2\/product_tag?post=2036825"}],"curies":[{"name":"wp","href":"https:\/\/api.w.org\/{rel}","templated":true}]}}