{"id":2036777,"date":"2025-10-27T11:23:21","date_gmt":"2025-10-27T09:23:21","guid":{"rendered":"https:\/\/romfilatelia.ro\/magazin\/?post_type=product&#038;p=2036777"},"modified":"2025-10-27T11:26:50","modified_gmt":"2025-10-27T09:26:50","slug":"personalitati-ale-stiintei-universale-andre-marie-ampere","status":"publish","type":"product","link":"https:\/\/romfilatelia.ro\/magazin\/produs\/colectii-anuale\/2025\/personalitati-ale-stiintei-universale-andre-marie-ampere\/","title":{"rendered":"PERSONALIT\u0102\u021aI ALE \u0218TIIN\u021aEI UNIVERSALE. ANDR\u00c9-MARIE AMP\u00c8RE"},"content":{"rendered":"<p><a href=\"https:\/\/romfilatelia.ro\/magazin\/wp-content\/uploads\/2025\/10\/SITE_mc_Pers-stiintei-Ampere.jpg\"><img decoding=\"async\" loading=\"lazy\" class=\"size-medium wp-image-2036778 alignleft\" src=\"https:\/\/romfilatelia.ro\/magazin\/wp-content\/uploads\/2025\/10\/SITE_mc_Pers-stiintei-Ampere-219x300.jpg\" alt=\"\" width=\"219\" height=\"300\" srcset=\"https:\/\/romfilatelia.ro\/magazin\/wp-content\/uploads\/2025\/10\/SITE_mc_Pers-stiintei-Ampere-219x300.jpg 219w, https:\/\/romfilatelia.ro\/magazin\/wp-content\/uploads\/2025\/10\/SITE_mc_Pers-stiintei-Ampere-768x1051.jpg 768w, https:\/\/romfilatelia.ro\/magazin\/wp-content\/uploads\/2025\/10\/SITE_mc_Pers-stiintei-Ampere-1123x1536.jpg 1123w, https:\/\/romfilatelia.ro\/magazin\/wp-content\/uploads\/2025\/10\/SITE_mc_Pers-stiintei-Ampere-500x684.jpg 500w, https:\/\/romfilatelia.ro\/magazin\/wp-content\/uploads\/2025\/10\/SITE_mc_Pers-stiintei-Ampere-64x88.jpg 64w, https:\/\/romfilatelia.ro\/magazin\/wp-content\/uploads\/2025\/10\/SITE_mc_Pers-stiintei-Ampere.jpg 1233w\" sizes=\"(max-width: 219px) 100vw, 219px\" \/><\/a><strong>Romfilatelia<\/strong> \u0219i <strong>Po\u0219ta Rom\u00e2n\u0103<\/strong> introduc \u00een circula\u021bie <em>mar\u021bi, 28 octombrie a.c.,<\/em> o emisiune aniversar\u0103 dedicat\u0103 unui mare savant francez sub titlul generic <strong><em>Personalit\u0103\u021bi ale \u0219tiin\u021bei universale. Andr\u00e9-Marie Amp\u00e8re<\/em><\/strong>, compus\u0103 din o marc\u0103 po\u0219tal\u0103 \u0219i un plic \u201eprima zi\u201d.<\/p>\n<p>Renumit fizician \u0219i matematician, fondator al electromagnetismului, Andr\u00e9-Marie Amp\u00e8re s-a n\u0103scut \u00een 1775 la Lyon, Fran\u021ba.<\/p>\n<p>A fost profesor de fizic\u0103-chimie la liceul de stat din Bourg-en-Bresse (1801) \u0219i profesor de matematic\u0103 la liceul din Lyon. Ulterior a preluat catedra de Analiz\u0103 la \u201e\u00c9cole polytechnique\u201d din Paris. A devenit membru al \u201eAcad\u00e9mi\u00e9 des Sciences\u201d \u00een anul 1814. A fost un autodidact, pasionat de matematic\u0103, fizic\u0103, chimie \u0219i \u0219tiin\u021bele naturii, al\u0103tur\u00e2nd la acestea filosofia \u0219i sociologia.<\/p>\n<p>Amp\u00e8re a realizat studii privind interac\u021biunea reciproc\u0103 dintre curentul electric \u0219i c\u00e2mpul magnetic, stabilind expresia matematic\u0103 a for\u021bei electrodinamice, care se \u00eenscrie mai apoi,ca lege de baz\u0103 a Electrodinamicii. El a fost primul care a ar\u0103tat c\u0103 dou\u0103 fire conductoare paralele se atrag sau se resping reciproc, \u00een func\u0163ie de sensul de curgere a curentului electric. Define\u0219te clar no\u021biunile de <em>curent electric<\/em> \u0219i <em>tensiune electric\u0103<\/em>. Lucrarea sa (publicat\u0103 \u00een 1827), <em>Memoriu asupra teoriei matematice a fenomenelor electrodinamice<\/em>, este recunoscut\u0103 drept certificat de na\u0219tere a unei noi \u0219tiin\u021be: <em>Electrodinamica<\/em>.<\/p>\n<p>Amp\u00e8re a fost un pionier al fizicii experimentale, juc\u00e2nd un rol esen\u021bial \u00een construirea galvanometrului (aparat pentru m\u0103surarea curentului electric). De asemenea, a realizat un electromagnet \u0219i, \u00eempreun\u0103 cu Fran\u00e7ois Arago, a construit, \u00een 1820, un prim model de aparat telegrafic.<\/p>\n<p>Recunoa\u0219terea contribu\u021biei sale deosebite la crearea \u0219tiin\u021bei moderne a electricit\u0103\u021bii a stat la baza stabilirii, ca unitate de m\u0103sur\u0103 standard a electricit\u0103\u021bii, a ceea ce definim ca <em>amper,<\/em> al\u0103turi de <em>coulomb, volt, ohm,<\/em> \u0219i <em>watt<\/em> denumiri date dup\u0103 numele unor contemporani: Charles Coulomb, Alessandro Volta, George Ohm \u0219i James Watt. De asemenea, socotit drept om de \u0219tiin\u021b\u0103 cu contribu\u021bii excep\u021bionale \u00een domeniul electromagnetismului, Amp\u00e8re, a fost \u00eenscris \u00eentre cei 72 de oameni de \u0219tiin\u021b\u0103 francezi, ale\u0219i \u00een 1889, pentru a fi comemora\u021bi pe <em>Turnul Eiffel<\/em>.<\/p>\n<p>Fizicianul francez care a \u00eentemeiat \u0219i denumit \u0219tiin\u021ba electrodinamicii a murit \u00een anul 1836 (61 de ani) din cauza unei pneumonii. A fost \u00eenmorm\u00e2ntat \u00een ora\u0219ul \u00een care a tr\u0103it ultimii ani ai vie\u021bii, Marsilia, r\u0103m\u0103\u0219i\u021bele sale fiind mutate ulterior \u00een Cimitirul Montmartre din Paris.<\/p>\n<p>Marca po\u0219tal\u0103, cu valoarea nominal\u0103 de <strong>25 Lei<\/strong>, red\u0103 un portret-gravur\u0103 al fizicianului francez, reprodus de publica\u021bia enciclopedic\u0103 german\u0103 \u201eMeyers Konversations-Lexicon\u201d, edi\u021bia a VI-a (1902-1908).<\/p>\n<p>O grafic\u0103 sugestiv\u0103, reprezent\u00e2nd un simbol al c\u00e2mpului magnetic \u0219i al curentului electric, este imprimat\u0103 cu cerneal\u0103 vizibil\u0103 \u00een raze UV, pe suprafa\u021ba m\u0103rcilor po\u0219tale.<\/p>\n<p>Grafica plicului \u201eprima zi\u201d reproduce imaginea foto a unui aparat pentru demonstrarea leg\u0103turii dintre curentul electric \u0219i c\u00e2mpul magnetic.<em>\u00a0<\/em><\/p>\n<p><em>Romfilatelia mul\u021bume\u0219te Domnului Academician Marius Andruh, Vicepre\u0219edinte al Academiei Rom\u00e2ne, pentru sprijinul documentar acordat la realizarea acestei emisiuni de m\u0103rci po\u0219tale.<\/em><\/p>\n<p><a href=\"https:\/\/romfilatelia.ro\/magazin\/wp-content\/uploads\/2025\/10\/caract_Personalitati-ale-stiinte.-Ampere.jpg\"><img decoding=\"async\" loading=\"lazy\" class=\"aligncenter wp-image-2036779 size-full\" src=\"https:\/\/romfilatelia.ro\/magazin\/wp-content\/uploads\/2025\/10\/caract_Personalitati-ale-stiinte.-Ampere.jpg\" alt=\"\" width=\"1687\" height=\"1092\" srcset=\"https:\/\/romfilatelia.ro\/magazin\/wp-content\/uploads\/2025\/10\/caract_Personalitati-ale-stiinte.-Ampere.jpg 1687w, https:\/\/romfilatelia.ro\/magazin\/wp-content\/uploads\/2025\/10\/caract_Personalitati-ale-stiinte.-Ampere-300x194.jpg 300w, https:\/\/romfilatelia.ro\/magazin\/wp-content\/uploads\/2025\/10\/caract_Personalitati-ale-stiinte.-Ampere-768x497.jpg 768w, https:\/\/romfilatelia.ro\/magazin\/wp-content\/uploads\/2025\/10\/caract_Personalitati-ale-stiinte.-Ampere-1536x994.jpg 1536w, https:\/\/romfilatelia.ro\/magazin\/wp-content\/uploads\/2025\/10\/caract_Personalitati-ale-stiinte.-Ampere-500x324.jpg 500w, https:\/\/romfilatelia.ro\/magazin\/wp-content\/uploads\/2025\/10\/caract_Personalitati-ale-stiinte.-Ampere-64x41.jpg 64w\" sizes=\"(max-width: 1687px) 100vw, 1687px\" \/><\/a><\/p>\n","protected":false},"excerpt":{"rendered":"<p>Romfilatelia \u0219i Po\u0219ta Rom\u00e2n\u0103 introduc \u00een circula\u021bie mar\u021bi, 28 octombrie a.c., o emisiune aniversar\u0103 dedicat\u0103 unui mare savant francez sub titlul generic Personalit\u0103\u021bi ale \u0219tiin\u021bei universale. Andr\u00e9-Marie Amp\u00e8re, compus\u0103 din o marc\u0103 po\u0219tal\u0103 \u0219i un plic \u201eprima zi\u201d. Renumit fizician \u0219i matematician, fondator al electromagnetismului, Andr\u00e9-Marie Amp\u00e8re s-a n\u0103scut \u00een 1775 la Lyon, Fran\u021ba. A&hellip;&nbsp;<a href=\"https:\/\/romfilatelia.ro\/magazin\/produs\/colectii-anuale\/2025\/personalitati-ale-stiintei-universale-andre-marie-ampere\/\" class=\"\" rel=\"bookmark\">Cite\u0219te mai mult &raquo;<span class=\"screen-reader-text\">PERSONALIT\u0102\u021aI ALE \u0218TIIN\u021aEI UNIVERSALE. ANDR\u00c9-MARIE AMP\u00c8RE<\/span><\/a><\/p>\n","protected":false},"featured_media":2036780,"template":"","meta":{"neve_meta_sidebar":"","neve_meta_container":"","neve_meta_enable_content_width":"off","neve_meta_content_width":100,"neve_meta_title_alignment":"","neve_meta_author_avatar":"","neve_post_elements_order":"","neve_meta_disable_header":"","neve_meta_disable_footer":"","neve_meta_disable_title":""},"product_cat":[340,6],"product_tag":[],"_links":{"self":[{"href":"https:\/\/romfilatelia.ro\/magazin\/wp-json\/wp\/v2\/product\/2036777"}],"collection":[{"href":"https:\/\/romfilatelia.ro\/magazin\/wp-json\/wp\/v2\/product"}],"about":[{"href":"https:\/\/romfilatelia.ro\/magazin\/wp-json\/wp\/v2\/types\/product"}],"wp:featuredmedia":[{"embeddable":true,"href":"https:\/\/romfilatelia.ro\/magazin\/wp-json\/wp\/v2\/media\/2036780"}],"wp:attachment":[{"href":"https:\/\/romfilatelia.ro\/magazin\/wp-json\/wp\/v2\/media?parent=2036777"}],"wp:term":[{"taxonomy":"product_cat","embeddable":true,"href":"https:\/\/romfilatelia.ro\/magazin\/wp-json\/wp\/v2\/product_cat?post=2036777"},{"taxonomy":"product_tag","embeddable":true,"href":"https:\/\/romfilatelia.ro\/magazin\/wp-json\/wp\/v2\/product_tag?post=2036777"}],"curies":[{"name":"wp","href":"https:\/\/api.w.org\/{rel}","templated":true}]}}