{"id":2036723,"date":"2025-10-23T14:24:51","date_gmt":"2025-10-23T12:24:51","guid":{"rendered":"https:\/\/romfilatelia.ro\/magazin\/?post_type=product&#038;p=2036723"},"modified":"2025-10-24T14:18:17","modified_gmt":"2025-10-24T12:18:17","slug":"sfintirea-catedralei-nationale","status":"publish","type":"product","link":"https:\/\/romfilatelia.ro\/magazin\/produs\/colectii-anuale\/2025\/sfintirea-catedralei-nationale\/","title":{"rendered":"SFIN\u021aIREA CATEDRALEI NA\u021aIONALE"},"content":{"rendered":"<p><a href=\"https:\/\/www.romfilatelia.ro\/wp-content\/uploads\/2025\/10\/SITE_mc_Sfintirea-Catedralei-Nationale-1-e1761301532145.jpg\"><img decoding=\"async\" loading=\"lazy\" class=\"alignleft wp-image-2049432\" src=\"https:\/\/www.romfilatelia.ro\/wp-content\/uploads\/2025\/10\/SITE_mc_Sfintirea-Catedralei-Nationale-1-e1761301532145.jpg\" alt=\"\" width=\"600\" height=\"775\" \/><\/a><strong>Romfilatelia<\/strong> \u0219i<strong> Po\u0219ta Rom\u00e2n\u0103<\/strong> dedic\u0103 evenimentului care marcheaz\u0103 sfin\u021birea celui mai reprezentativ edificiu al ortodoxiei rom\u00e2ne\u0219ti, o emisiune filatelic\u0103 prezentat\u0103 sub titlul generic <strong><em>Sfin\u021birea Catedralei Na\u021bionale<\/em><\/strong>, ce va fi introdus\u0103 \u00een circula\u021bie <em>vineri,<br \/>\n24 octombrie a.c.<\/em> Emisiunea are \u00een componen\u021ba sa o marc\u0103 po\u0219tal\u0103, o coli\u021b\u0103 dantelat\u0103, dou\u0103 plicuri \u201eprima zi\u201d \u0219i o carte po\u0219tal\u0103 maxim\u0103 pentru pasiona\u021bii de maximafilie.<\/p>\n<p>Catedrala Na\u021bional\u0103 din Bucure\u0219ti se \u00eenscrie \u00een r\u00e2ndul celor mai de seam\u0103 \u0219i impun\u0103toare monumente ale istoriei \u0219i credin\u021bei str\u0103mo\u0219e\u0219ti. Reprezint\u0103 materializarea unuia dintre cele mai ambi\u021bioase proiecte legate de fiin\u021ba Na\u021biunii Rom\u00e2ne. Ap\u0103rut\u0103 \u00een timpul domniei regelui Carol I, ideea construirii unei \u201eCatedrale a M\u00e2ntuirii Neamului\u201d, sus\u021binut\u0103 temeinic de Mihai Eminescu \u0219i Ioan Slavici, a stat la baza edific\u0103rii unui simbol al Rom\u00e2niei.<\/p>\n<p>Preafericitul P\u0103rinte Daniel a oficiat slujba de punere a pietrei de temelie \u0219i a sfin\u021birii locului destinat construirii Catedralei, la 29 noiembrie 2007.<\/p>\n<p>Prima Sf\u00e2nt\u0103 Liturghie a fost oficiat\u0103 \u00een spa\u021biul care m\u0103rgine\u0219te fa\u021bada principal\u0103 a Sfintei Zidiri, la 4 septembrie 2016 cu ocazia \u00cent\u00e2lnirii Tinerilor Ortodoc\u0219i din \u00eentreaga lume (ITO).<\/p>\n<p>Altarul Sf\u00e2ntului l\u0103ca\u0219, sfin\u021bit \u00een anul 2018, cu ocazia s\u0103rb\u0103toririi Centenarului Marii Uniri, de c\u0103tre Patriarhul Ecumenic Bartolomeu I \u0219i Preafericitul P\u0103rinte Patriarh Daniel, a \u00eencorporat \u00een Sf\u00e2nta Mas\u0103, lista cu numele tuturor eroilor cunoscu\u021bi din istorie (aproximativ 350.000), marc\u00e2nd simbolic actul zidirii, ca jertf\u0103 istoric\u0103 a \u00eentregului popor rom\u00e2n pentru p\u0103strarea ne\u0219tirbit\u0103 a credin\u021bei str\u0103mo\u0219e\u0219ti, pentru libertatea \u0219i independen\u021ba na\u021bional\u0103 c\u00e2\u0219tigate prin necontenite lupte, str\u0103danii \u0219i suferin\u021be.<\/p>\n<p>La data de 26 octombrie a.c., ziua de pomenire a Sf. Mare Mucenic Dimitrie, Izvor\u00e2torul de Mir din Tesalonic, Catedrala Na\u021bional\u0103 va fi sfin\u021bit\u0103 de c\u0103tre Patriarhul Ecumenic Bartolomeu I al Constantinopolului \u0219i Preafericitul P\u0103rinte Daniel, Patriarhul Bisericii Ortodoxe Rom\u00e2ne.<\/p>\n<p>Momentul special va fi dedicat, de asemenea, celebr\u0103rii a 100 de ani de la ridicarea Bisericii Ortodoxe Rom\u00e2ne la rangul de Patriarhie \u0219i actul de ob\u021binere a Independen\u021bei Rom\u00e2niei.<\/p>\n<p>\u00cen urma sfin\u021birii, cea mai mare Catedral\u0103 ortodox\u0103 din lume, cu cea mai mare catapeteasm\u0103<br \/>\na ortodoxiei, unic\u0103 \u00een lume prin dimensiunile \u0219i tehnica de realizare \u00een mozaic, va fi deschis\u0103 publicului, credincio\u0219ii av\u00e2nd acces permanent la slujbele liturgice.<\/p>\n<p>Marca po\u0219tal\u0103 a emisiunii, cu valoarea nominal\u0103 de <strong>5 Lei<\/strong>, reproduce imaginea unei icoane din mozaicul catapetesmei Catedralei Na\u021bionale cu imaginea Sf\u00e2ntului Andrei \u201eocrotitorul tuturor rom\u00e2nilor\u201d. Este Sf\u00e2ntul care a prop\u0103v\u0103duit \u00een \u021binuturile sci\u021bilor afla\u021bi pe teritoriul Dobrogei actuale, unde credincio\u0219ii au ca loc de venerare \u201ePe\u0219tera Sf\u00e2ntului Andrei\u201d, socotit\u0103 drept ad\u0103post al apostolului \u0219i \u00eenso\u021bitorilor s\u0103i, ca propov\u0103duitori ai cre\u0219tinismului \u00een zonele aferente M\u0103rii Negre.<\/p>\n<p>Marca po\u0219tal\u0103 cu dimensiunile de (252\u00d736 mm) a coli\u021bei filatelice, cu valoarea nominal\u0103 de <strong>30 Lei<\/strong>, reproduce o ampl\u0103 panoram\u0103 a spa\u021biului \u00een care este zidit\u0103 Catedrala, flancat\u0103 de dou\u0103 imagini cu icoanele care reprezint\u0103 pe Iisus Hristos \u0219i Fecioara cu Pruncul. M\u0103re\u021bia Catedralei, cea mai mare Catedral\u0103 Ortodox\u0103 din lume, este reflectat\u0103 simbolic de marca po\u0219tal\u0103 ale c\u0103rei dimensiuni dep\u0103\u0219esc pe cele ale ultimului record filatelic publicat de Guinness World Records.<\/p>\n<p>Plicul \u201eprima zi\u201d al emisiunii este realizat \u00een dou\u0103 variante grafice, unul echipat cu timbrul emisiunii, al\u0103turi de reproducerea imaginii de ansamblu a Catedralei Na\u021bionale, iar al doilea plic \u201eprima zi\u201d cu o grafic\u0103 de detaliu a iconografiei plafonului Catedralei Na\u021bionale, echipat cu coli\u021ba dantelat\u0103 a emisiunii.<\/p>\n<p><em>Romfilatelia mul\u021bume\u0219te Preafericitului P\u0103rinte Patriarh Daniel pentru \u00cenalta Rezolu\u021bie \u0219i Binecuv\u00e2ntare, precum \u0219i reprezentan\u021bilor Patriarhiei Rom\u00e2ne pentru sprijinul documentar acordat la realizarea acestei emisiuni de m\u0103rci po\u0219tale. <\/em><\/p>\n<p><a href=\"https:\/\/www.romfilatelia.ro\/wp-content\/uploads\/2025\/10\/caract-tiraj-mod_Centenarul-Catedralei-Nationale_tript.jpg\"><img decoding=\"async\" loading=\"lazy\" class=\"size-full wp-image-2049437 aligncenter\" src=\"https:\/\/www.romfilatelia.ro\/wp-content\/uploads\/2025\/10\/caract-tiraj-mod_Centenarul-Catedralei-Nationale_tript.jpg\" alt=\"\" width=\"1715\" height=\"1800\" \/><\/a><\/p>\n","protected":false},"excerpt":{"rendered":"<p>Romfilatelia \u0219i Po\u0219ta Rom\u00e2n\u0103 dedic\u0103 evenimentului care marcheaz\u0103 sfin\u021birea celui mai reprezentativ edificiu al ortodoxiei rom\u00e2ne\u0219ti, o emisiune filatelic\u0103 prezentat\u0103 sub titlul generic Sfin\u021birea Catedralei Na\u021bionale, ce va fi introdus\u0103 \u00een circula\u021bie vineri, 24 octombrie a.c. Emisiunea are \u00een componen\u021ba sa o marc\u0103 po\u0219tal\u0103, o coli\u021b\u0103 dantelat\u0103, dou\u0103 plicuri \u201eprima zi\u201d \u0219i o carte po\u0219tal\u0103&hellip;&nbsp;<a href=\"https:\/\/romfilatelia.ro\/magazin\/produs\/colectii-anuale\/2025\/sfintirea-catedralei-nationale\/\" class=\"\" rel=\"bookmark\">Cite\u0219te mai mult &raquo;<span class=\"screen-reader-text\">SFIN\u021aIREA CATEDRALEI NA\u021aIONALE<\/span><\/a><\/p>\n","protected":false},"featured_media":2036726,"template":"","meta":{"neve_meta_sidebar":"","neve_meta_container":"","neve_meta_enable_content_width":"off","neve_meta_content_width":100,"neve_meta_title_alignment":"","neve_meta_author_avatar":"","neve_post_elements_order":"","neve_meta_disable_header":"","neve_meta_disable_footer":"","neve_meta_disable_title":""},"product_cat":[340,6],"product_tag":[],"_links":{"self":[{"href":"https:\/\/romfilatelia.ro\/magazin\/wp-json\/wp\/v2\/product\/2036723"}],"collection":[{"href":"https:\/\/romfilatelia.ro\/magazin\/wp-json\/wp\/v2\/product"}],"about":[{"href":"https:\/\/romfilatelia.ro\/magazin\/wp-json\/wp\/v2\/types\/product"}],"wp:featuredmedia":[{"embeddable":true,"href":"https:\/\/romfilatelia.ro\/magazin\/wp-json\/wp\/v2\/media\/2036726"}],"wp:attachment":[{"href":"https:\/\/romfilatelia.ro\/magazin\/wp-json\/wp\/v2\/media?parent=2036723"}],"wp:term":[{"taxonomy":"product_cat","embeddable":true,"href":"https:\/\/romfilatelia.ro\/magazin\/wp-json\/wp\/v2\/product_cat?post=2036723"},{"taxonomy":"product_tag","embeddable":true,"href":"https:\/\/romfilatelia.ro\/magazin\/wp-json\/wp\/v2\/product_tag?post=2036723"}],"curies":[{"name":"wp","href":"https:\/\/api.w.org\/{rel}","templated":true}]}}