{"id":2036700,"date":"2025-10-16T07:39:17","date_gmt":"2025-10-16T05:39:17","guid":{"rendered":"https:\/\/romfilatelia.ro\/magazin\/?post_type=product&#038;p=2036700"},"modified":"2025-10-16T07:42:36","modified_gmt":"2025-10-16T05:42:36","slug":"specii-de-pesti","status":"publish","type":"product","link":"https:\/\/romfilatelia.ro\/magazin\/produs\/colectii-anuale\/2025\/specii-de-pesti\/","title":{"rendered":"SPECII DE PE\u0218TI"},"content":{"rendered":"<p><a href=\"https:\/\/romfilatelia.ro\/magazin\/wp-content\/uploads\/2025\/10\/SITE_mc_Specii-de-pesti.jpg\"><img decoding=\"async\" loading=\"lazy\" class=\"alignleft wp-image-2036701 size-medium\" src=\"https:\/\/romfilatelia.ro\/magazin\/wp-content\/uploads\/2025\/10\/SITE_mc_Specii-de-pesti-300x298.jpg\" alt=\"\" width=\"300\" height=\"298\" srcset=\"https:\/\/romfilatelia.ro\/magazin\/wp-content\/uploads\/2025\/10\/SITE_mc_Specii-de-pesti-300x298.jpg 300w, https:\/\/romfilatelia.ro\/magazin\/wp-content\/uploads\/2025\/10\/SITE_mc_Specii-de-pesti-150x150.jpg 150w, https:\/\/romfilatelia.ro\/magazin\/wp-content\/uploads\/2025\/10\/SITE_mc_Specii-de-pesti-768x762.jpg 768w, https:\/\/romfilatelia.ro\/magazin\/wp-content\/uploads\/2025\/10\/SITE_mc_Specii-de-pesti-500x496.jpg 500w, https:\/\/romfilatelia.ro\/magazin\/wp-content\/uploads\/2025\/10\/SITE_mc_Specii-de-pesti-100x100.jpg 100w, https:\/\/romfilatelia.ro\/magazin\/wp-content\/uploads\/2025\/10\/SITE_mc_Specii-de-pesti-64x63.jpg 64w, https:\/\/romfilatelia.ro\/magazin\/wp-content\/uploads\/2025\/10\/SITE_mc_Specii-de-pesti.jpg 1449w\" sizes=\"(max-width: 300px) 100vw, 300px\" \/><\/a><\/p>\n<p><strong>Romfilatelia<\/strong> \u0219i <strong>Po\u0219ta Rom\u00e2n\u0103<\/strong> introduc \u00een circula\u021bie<em> vineri, 17 octombrie a.c.<\/em> o emisiune filatelic\u0103 cu un subiect din tematica <em>Faun\u0103<\/em>, sub titlul generic <strong><em>Specii de pe\u0219ti. <\/em><\/strong>Emisiunea este compus\u0103 din patru m\u0103rci po\u0219tale \u0219i un plic \u201eprima zi\u201d.<\/p>\n<p>Vie\u021buitoare arhicunoscute, pe\u0219tii sunt animale vertebrate, craniate, care tr\u0103iesc \u00een mediu acvatic, respir\u00e2nd cu ajutorul branhiilor oxigenul dizolvat \u00een ap\u0103. \u0218tiin\u021ba care are ca obiect studiul pe\u0219tilor se nume\u0219te <em>Ihtiologie<\/em>.<\/p>\n<p>Corpul pe\u0219tilor este cel mai adesea fusiform, cu construc\u021bie hidrodinamic\u0103, dar poate fi \u0219i turtit dorsoventral (pisica de mare) sau lateral (calcanul), sau cu diverse alte forme (c\u0103lu\u021bul de mare). Poate fi acoperit cu solzi protectori sau pl\u0103ci osoase de origine dermic\u0103 \u2013 sau gola\u0219.<\/p>\n<p>Coloritul pe\u0219tilor este determinat de <em>cromatofori<\/em>, celule aflate sub piele \u0219i care con\u021bin granule de substan\u021be pigmentare.<\/p>\n<p>Ochii pe\u0219tilor au o structur\u0103 globular\u0103 complet\u0103; majoritatea pe\u0219tilor nu au pleoape, unii \u00eens\u0103 au o pleoap\u0103 adipoas\u0103 (scrumbia, chefalul&#8230;), sau a\u0219a-numita membran\u0103 nictitant\u0103, protectiv\u0103 (majoritatea rechinilor). Majoritatea pe\u0219tilor acomodeaz\u0103 vederea prin deplasarea cristalinului (nu prin modificarea curburii lui ca la p\u0103s\u0103ri \u0219i mamifere).<\/p>\n<p>Branhiile pe\u0219tilor sunt organe respiratorii capabile s\u0103 preia oxigenul din ap\u0103. La marea majoritate a pe\u0219tilor oso\u0219i exist\u0103 cinci perechi de branhii dispuse pe laturile capului, ad\u0103postite \u00een camere branhiale \u0219i acoperite de capace osoase (opercule).<\/p>\n<p>Pe\u0219tii reprezint\u0103 o surs\u0103 important\u0103 de hran\u0103. La cantit\u0103\u021bile pescuite \u00een apele libere se adaug\u0103 cele produse \u00een cresc\u0103torii. Acvacultura, aflat\u0103 \u00eentr-o continu\u0103 dezvoltare, tinde s\u0103 dep\u0103\u0219easc\u0103 pescuitul tradi\u021bional.<\/p>\n<p>De remarcat c\u0103 m\u0103rcile po\u0219tale ilustreaz\u0103 specii ale unor pe\u0219ti de ap\u0103 dulce. \u00cen Rom\u00e2nia, printre cele mai cunoscute specii de pe\u0219ti de ap\u0103 dulce se num\u0103r\u0103 p\u0103str\u0103vul, \u0219al\u0103ul, \u0219tiuca, somnul, bibanul, pl\u0103tica, acatul, carasul, cleanul \u0219i crapul.<\/p>\n<p><strong><em>Bibanul<\/em><\/strong> <em>(Perca fluviatilis) <\/em>prezentat pe marca po\u0219tal\u0103 cu valoarea nominal\u0103 de <strong>5 Lei<\/strong>, este un r\u0103pitor de ap\u0103 dulce, pescuit pe scar\u0103 larg\u0103. Are corpul acoperit cu solzi ctenoizi (aspri datorit\u0103 unor zim\u021bi\u0219ori ce sugereaz\u0103 un pieptene). Este r\u0103sp\u00e2ndit \u00een lacurile \u0219i apele lin curg\u0103toare ale emisferei nordice (a fost declarat pe\u0219tele na\u021bional al Finlandei). Se hr\u0103ne\u0219te cu nevertebrate \u0219i pe\u0219ti de talie mic\u0103; este adesea pescuit \u0219i consumat.<\/p>\n<p><strong><em>Bibanul soare<\/em><\/strong> <em>(Lepomis gibbosus)<\/em>, cunoscut \u0219i sub numele de regina b\u0103l\u021bii sau sorete, ilustrat pe marca po\u0219tal\u0103 cu valoarea nominal\u0103 de <strong>6,50 Lei<\/strong>, este o specie originar\u0103 din America de Nord, aclimatizat\u0103 cu succes \u00een Europa. Este prezent \u00een lacuri, iazuri, ape lin curg\u0103toare, inclusiv \u00een Delta Dun\u0103rii. Are un colorit frumos \u0219i atractiv. Se hr\u0103ne\u0219te cu nevertebrate, icre \u0219i puiet de pe\u0219te. De\u0219i se pescuie\u0219te, nu este printre speciile cele mai apreciate.<\/p>\n<p><strong><em>Lipanul<\/em><\/strong> <em>(Thymallus thymallus)<\/em> redat pe marca po\u0219tal\u0103 cu valoarea nominal\u0103 de <strong>8 Lei<\/strong>. R\u0103sp\u00e2ndit \u00een zonele nordice \u0219i centrale ale Europei, lipanul este, \u00een Rom\u00e2nia, o specie a apelor curg\u0103toare de munte, ad\u00e2nci, curate \u0219i reci. Consum\u0103 insecte acvatice, pe\u0219ti mici \u0219i uneori materii vegetale. Apreciat de pescarii sportivi, dar amenin\u021bat de poluare, construc\u021bii \u0219i braconaj, \u00een Rom\u00e2nia este o specie periclitat\u0103.<\/p>\n<p><strong><em>Aspretele<\/em><\/strong> <em>(Romanichthys valsanicola<\/em>) ilustrat pe marca po\u0219tal\u0103 cu valoarea nominal\u0103 de <strong>14 Lei<\/strong>, este un pe\u0219te dulcicol din apele repezi de munte. \u00cen prezent se reg\u0103se\u0219te doar pe o por\u021biune a cursului r\u00e2ului V\u00e2lsan. Specie endemic\u0103 \u00een Rom\u00e2nia, critic periclitat\u0103, aflat\u0103 sub protec\u021bie strict\u0103, este printre cei mai rari pe\u0219ti din Europa (\u0219i probabil \u0219i din lume).<\/p>\n<p>Plicul \u201eprima zi\u201d ilustreaz\u0103 \u00een grafica sa un mediu subacvatic sugestiv \u00een care se reg\u0103sesc diverse specii de pe\u0219ti de ap\u0103 dulce, \u00eentr-un decor \u00een care apa \u0219i prezen\u021ba plantelor ofer\u0103 o imagine definitorie a subiectului emisiunii filatelice.<\/p>\n<p><em>Romfilatelia mul\u021bume\u0219te Cercet. \u0218t. Gr. I Luis Ovidiu Popa, Directorul Muzeului Na\u021bional de Istorie Natural\u0103 \u201eGrigore Antipa\u201d \u0219i muzeografului Dr. Alexandru Iftime, pentru consultan\u021ba de specialitate acordat\u0103 la realizarea acestei emisiuni de m\u0103rci po\u0219tale. <\/em><\/p>\n<p><a href=\"https:\/\/romfilatelia.ro\/magazin\/wp-content\/uploads\/2025\/10\/caract_Specii-de-pesti.jpg\"><img decoding=\"async\" loading=\"lazy\" class=\"aligncenter wp-image-2036702 size-full\" src=\"https:\/\/romfilatelia.ro\/magazin\/wp-content\/uploads\/2025\/10\/caract_Specii-de-pesti.jpg\" alt=\"\" width=\"1677\" height=\"1074\" srcset=\"https:\/\/romfilatelia.ro\/magazin\/wp-content\/uploads\/2025\/10\/caract_Specii-de-pesti.jpg 1677w, https:\/\/romfilatelia.ro\/magazin\/wp-content\/uploads\/2025\/10\/caract_Specii-de-pesti-300x192.jpg 300w, https:\/\/romfilatelia.ro\/magazin\/wp-content\/uploads\/2025\/10\/caract_Specii-de-pesti-768x492.jpg 768w, https:\/\/romfilatelia.ro\/magazin\/wp-content\/uploads\/2025\/10\/caract_Specii-de-pesti-1536x984.jpg 1536w, https:\/\/romfilatelia.ro\/magazin\/wp-content\/uploads\/2025\/10\/caract_Specii-de-pesti-500x320.jpg 500w, https:\/\/romfilatelia.ro\/magazin\/wp-content\/uploads\/2025\/10\/caract_Specii-de-pesti-64x41.jpg 64w\" sizes=\"(max-width: 1677px) 100vw, 1677px\" \/><\/a><\/p>\n","protected":false},"excerpt":{"rendered":"<p>Romfilatelia \u0219i Po\u0219ta Rom\u00e2n\u0103 introduc \u00een circula\u021bie vineri, 17 octombrie a.c. o emisiune filatelic\u0103 cu un subiect din tematica Faun\u0103, sub titlul generic Specii de pe\u0219ti. Emisiunea este compus\u0103 din patru m\u0103rci po\u0219tale \u0219i un plic \u201eprima zi\u201d. Vie\u021buitoare arhicunoscute, pe\u0219tii sunt animale vertebrate, craniate, care tr\u0103iesc \u00een mediu acvatic, respir\u00e2nd cu ajutorul branhiilor oxigenul&hellip;&nbsp;<a href=\"https:\/\/romfilatelia.ro\/magazin\/produs\/colectii-anuale\/2025\/specii-de-pesti\/\" class=\"\" rel=\"bookmark\">Cite\u0219te mai mult &raquo;<span class=\"screen-reader-text\">SPECII DE PE\u0218TI<\/span><\/a><\/p>\n","protected":false},"featured_media":2036703,"template":"","meta":{"neve_meta_sidebar":"","neve_meta_container":"","neve_meta_enable_content_width":"off","neve_meta_content_width":100,"neve_meta_title_alignment":"","neve_meta_author_avatar":"","neve_post_elements_order":"","neve_meta_disable_header":"","neve_meta_disable_footer":"","neve_meta_disable_title":""},"product_cat":[340,6],"product_tag":[],"_links":{"self":[{"href":"https:\/\/romfilatelia.ro\/magazin\/wp-json\/wp\/v2\/product\/2036700"}],"collection":[{"href":"https:\/\/romfilatelia.ro\/magazin\/wp-json\/wp\/v2\/product"}],"about":[{"href":"https:\/\/romfilatelia.ro\/magazin\/wp-json\/wp\/v2\/types\/product"}],"wp:featuredmedia":[{"embeddable":true,"href":"https:\/\/romfilatelia.ro\/magazin\/wp-json\/wp\/v2\/media\/2036703"}],"wp:attachment":[{"href":"https:\/\/romfilatelia.ro\/magazin\/wp-json\/wp\/v2\/media?parent=2036700"}],"wp:term":[{"taxonomy":"product_cat","embeddable":true,"href":"https:\/\/romfilatelia.ro\/magazin\/wp-json\/wp\/v2\/product_cat?post=2036700"},{"taxonomy":"product_tag","embeddable":true,"href":"https:\/\/romfilatelia.ro\/magazin\/wp-json\/wp\/v2\/product_tag?post=2036700"}],"curies":[{"name":"wp","href":"https:\/\/api.w.org\/{rel}","templated":true}]}}