{"id":2036609,"date":"2025-09-30T13:11:29","date_gmt":"2025-09-30T11:11:29","guid":{"rendered":"https:\/\/romfilatelia.ro\/magazin\/?post_type=product&#038;p=2036609"},"modified":"2025-09-30T13:11:29","modified_gmt":"2025-09-30T11:11:29","slug":"veverite-2","status":"publish","type":"product","link":"https:\/\/romfilatelia.ro\/magazin\/produs\/colectii-anuale\/2025\/veverite-2\/","title":{"rendered":"Veveri\u021be"},"content":{"rendered":"<p><strong><a href=\"https:\/\/www.romfilatelia.ro\/wp-content\/uploads\/2025\/09\/SITE_mc_Veverite-e1759226067602.jpg\"><img decoding=\"async\" loading=\"lazy\" class=\"alignleft wp-image-2049179\" src=\"https:\/\/www.romfilatelia.ro\/wp-content\/uploads\/2025\/09\/SITE_mc_Veverite-e1759226067602.jpg\" alt=\"\" width=\"600\" height=\"595\" \/><\/a>Romfilatelia<\/strong> \u0219i <strong>Po\u0219ta Rom\u00e2n\u0103<\/strong> introduc \u00een circula\u021bie <em>miercuri, 1 octombrie a.c.<\/em> o emisiune de m\u0103rci po\u0219tale cu un subiect apar\u021bin\u00e2nd tematicii<em> Fauna<\/em>, sub titlul generic <strong><em>Veveri\u021be<\/em><\/strong>.<\/p>\n<p>Emisiunea are \u00een componen\u021b\u0103 patru m\u0103rci po\u0219tale, un plic \u201eprima zi\u201d, 4 c\u0103r\u021bi maxime pentru pasiona\u021bii de maximafilie \u0219i o map\u0103 filatelic\u0103 cu produs special, \u00een tiraj limitat.<\/p>\n<p>Mamifere roz\u0103toare, veveri\u021bele sunt r\u0103sp\u00e2ndite pe aproape toate continentele, fiind cunoscute pentru agilitatea \u0219i abilitatea de escaladare. Sunt u\u0219or de identificat dup\u0103 coada stufoas\u0103.<\/p>\n<p>Apar\u021bin familiei<em> Sciuridae <\/em>\u00een care se reg\u0103sesc \u0219i marmotele, pop\u00e2nd\u0103ii \u0219i veveri\u021bele zbur\u0103toare. Sunt animale omnivore, hrana lor fiind compus\u0103 din nuci, ghinde, alune, semin\u021be, ciuperci, fructe, dar \u0219i ou\u0103 de p\u0103s\u0103ri, insecte \u0219i animale mici.<\/p>\n<p>Habitatul obi\u0219nuit al veveri\u021belor eurasiatice \u00eel reprezint\u0103 p\u0103durile de conifere \u0219i foioase, dar s-au adaptat \u0219i la condi\u021biile oferite de parcurile \u0219i gr\u0103dinile urbane.<\/p>\n<p>Au un rol benefic \u00een ecosistem prin r\u0103sp\u00e2ndirea semin\u021belor \u0219i consumul de mici nevertebrate, reduc\u00e2nd utilizarea pesticidelor pentru combaterea lor.<\/p>\n<p>\u00cen stare de libertate veveri\u021bele tr\u0103iesc 3 &#8211; 6 ani, iar \u00een condi\u021biile cre\u0219terii \u0219i \u00eengrijirii \u00een spa\u021bii amenajate speciale, p\u00e2n\u0103 la 10 \u0219i chiar 20 ani.<\/p>\n<p>\u00cen imaginile celor patru m\u0103rci po\u0219tale sunt reprezentate urm\u0103toarele specii de veveri\u021be:<\/p>\n<p><strong><em>Veveri\u021ba ro\u0219ie din nordul Amazonului<\/em><\/strong> &#8211; <em>Sciurus <\/em>(<em>Hadrosciurus<\/em>) <em>igniventris <\/em>(pe marca po\u0219tal\u0103 cu valoarea nominal\u0103 de <strong>6,50 Lei<\/strong>). Este r\u0103sp\u00e2ndit\u0103 \u00een vestul \u0219i nord-vestul bazinului Amazon-Orinoco, precum \u0219i \u00een Anzii Columbieni. Tr\u0103ie\u0219te \u00een p\u0103duri tropicale, hr\u0103nindu-se adesea cu fructele tari ale unor specii de palmieri.<\/p>\n<p><strong><em>Veveri\u021ba cenu\u0219ie de Arizona &#8211;<\/em><\/strong> <em>Sciurus <\/em>(<em>Parasciurus<\/em>) <em>arizonensis <\/em>(pe marca po\u0219tal\u0103 cu valoarea nominal\u0103 de <strong>7 Lei<\/strong>), are ca arie de r\u0103sp\u00e2ndire statele Arizona \u0219i New Mexico (S.U.A.) precum \u0219i Sonora (Mexic). Se hr\u0103ne\u0219te mai ales cu ghind\u0103 \u0219i semin\u021be de pin.<\/p>\n<p><strong><em>Veveri\u021ba brazilian\u0103 <\/em><\/strong><em>&#8211;<\/em> <em>Sciurus <\/em>(<em>Guerlinguetus<\/em>) <em>aestuans <\/em>(pe marca po\u0219tal\u0103 cu valoarea nominal\u0103 de <strong>9 Lei<\/strong>) este o specie endemic\u0103 din America de Sud \u00eent\u00e2lnit\u0103 \u00een nordul \u0219i centrul Braziliei, precum \u0219i \u00een unele zone \u00eenvecinate (Columbia, Venezuela, regiunea Guianelor). Se reg\u0103se\u0219te \u00een diverse tipuri de p\u0103dure, av\u00e2nd ca hran\u0103 ghind\u0103, muguri, semin\u021be de pin, fructe diverse, dar \u0219i insecte.<\/p>\n<p><strong><em>Veveri\u021ba vulpe &#8211; <\/em><\/strong>\u00a0<em>Sciurus <\/em>(<em>Parasciurus<\/em>)<em> niger<\/em> (pe marca po\u0219tal\u0103 cu valoarea nominal\u0103 de <strong>11 Lei<\/strong>), numit\u0103 \u0219i veveri\u021ba negricioas\u0103, este \u00eent\u00e2lnit\u0103 \u00een zonele centrale, sudice \u0219i estice ale Americii de Nord, din sudul Canadei \u0219i nordul Mexicului. Este cea mai mare specie de veveri\u021b\u0103 de pe continentul nord-american. Hrana include ghind\u0103, muguri, semin\u021be de pin, fructe dar \u0219i insecte.<\/p>\n<p>Plicul \u201eprima zi\u201d ilustreaz\u0103 un moment sugestiv al prezen\u021bei veveri\u021belor \u00eentr-un spa\u021biu ambiental al p\u0103durilor de foioase.<\/p>\n<p><em>Romfilatelia mul\u021bume\u0219te Cercet. \u0218t. Gr. I Luis Ovidiu Popa, Directorul Muzeului Na\u021bional de Istorie Natural\u0103 \u201eGrigore Antipa\u201d \u0219i muzeografului Dr. Alexandru Iftime, pentru consultan\u021ba de specialitate acordat\u0103 la realizarea acestei emisiuni de m\u0103rci po\u0219tale. <\/em><\/p>\n<p><a href=\"https:\/\/www.romfilatelia.ro\/wp-content\/uploads\/2025\/09\/caract-digital_Veverite-e1759226125664.jpg\"><img decoding=\"async\" loading=\"lazy\" class=\"size-full wp-image-2049180 aligncenter\" src=\"https:\/\/www.romfilatelia.ro\/wp-content\/uploads\/2025\/09\/caract-digital_Veverite-e1759226125664.jpg\" alt=\"\" width=\"1200\" height=\"1125\" \/><\/a><\/p>\n","protected":false},"excerpt":{"rendered":"<p>Romfilatelia \u0219i Po\u0219ta Rom\u00e2n\u0103 introduc \u00een circula\u021bie miercuri, 1 octombrie a.c. o emisiune de m\u0103rci po\u0219tale cu un subiect apar\u021bin\u00e2nd tematicii Fauna, sub titlul generic Veveri\u021be. Emisiunea are \u00een componen\u021b\u0103 patru m\u0103rci po\u0219tale, un plic \u201eprima zi\u201d, 4 c\u0103r\u021bi maxime pentru pasiona\u021bii de maximafilie \u0219i o map\u0103 filatelic\u0103 cu produs special, \u00een tiraj limitat. Mamifere&hellip;&nbsp;<a href=\"https:\/\/romfilatelia.ro\/magazin\/produs\/colectii-anuale\/2025\/veverite-2\/\" class=\"\" rel=\"bookmark\">Cite\u0219te mai mult &raquo;<span class=\"screen-reader-text\">Veveri\u021be<\/span><\/a><\/p>\n","protected":false},"featured_media":2036610,"template":"","meta":{"neve_meta_sidebar":"","neve_meta_container":"","neve_meta_enable_content_width":"off","neve_meta_content_width":100,"neve_meta_title_alignment":"","neve_meta_author_avatar":"","neve_post_elements_order":"","neve_meta_disable_header":"","neve_meta_disable_footer":"","neve_meta_disable_title":""},"product_cat":[340,6],"product_tag":[],"_links":{"self":[{"href":"https:\/\/romfilatelia.ro\/magazin\/wp-json\/wp\/v2\/product\/2036609"}],"collection":[{"href":"https:\/\/romfilatelia.ro\/magazin\/wp-json\/wp\/v2\/product"}],"about":[{"href":"https:\/\/romfilatelia.ro\/magazin\/wp-json\/wp\/v2\/types\/product"}],"wp:featuredmedia":[{"embeddable":true,"href":"https:\/\/romfilatelia.ro\/magazin\/wp-json\/wp\/v2\/media\/2036610"}],"wp:attachment":[{"href":"https:\/\/romfilatelia.ro\/magazin\/wp-json\/wp\/v2\/media?parent=2036609"}],"wp:term":[{"taxonomy":"product_cat","embeddable":true,"href":"https:\/\/romfilatelia.ro\/magazin\/wp-json\/wp\/v2\/product_cat?post=2036609"},{"taxonomy":"product_tag","embeddable":true,"href":"https:\/\/romfilatelia.ro\/magazin\/wp-json\/wp\/v2\/product_tag?post=2036609"}],"curies":[{"name":"wp","href":"https:\/\/api.w.org\/{rel}","templated":true}]}}