{"id":2036527,"date":"2025-09-15T13:26:26","date_gmt":"2025-09-15T11:26:26","guid":{"rendered":"https:\/\/romfilatelia.ro\/magazin\/?post_type=product&#038;p=2036527"},"modified":"2025-09-15T13:27:38","modified_gmt":"2025-09-15T11:27:38","slug":"expo-osaka-1970-2025","status":"publish","type":"product","link":"https:\/\/romfilatelia.ro\/magazin\/produs\/colectii-anuale\/2025\/expo-osaka-1970-2025\/","title":{"rendered":"EXPO OSAKA 1970 &#8211; 2025"},"content":{"rendered":"<p><strong><a href=\"https:\/\/www.romfilatelia.ro\/wp-content\/uploads\/2025\/09\/SITE_FDC_EXPO-OSAKA-1970-2025-e1757933680487.jpg\"><img decoding=\"async\" loading=\"lazy\" class=\"alignleft wp-image-2049112\" src=\"https:\/\/www.romfilatelia.ro\/wp-content\/uploads\/2025\/09\/SITE_FDC_EXPO-OSAKA-1970-2025-e1757933680487.jpg\" alt=\"\" width=\"600\" height=\"464\" \/><\/a>Romfilatelia<\/strong> \u0219i <strong>Po\u0219ta Rom\u00e2n\u0103 <\/strong>introduc \u00een circula\u021bie <em>luni, 15 septembrie a.c., emisiunea <\/em>filatelic\u0103 <strong><em>\u201eEXPO OSAKA 1970 &#8211; 2025<\/em>\u201d<\/strong>, con\u021bin\u00e2nd o coli\u021b\u0103 filatelic\u0103 \u0219i un plic \u201eprima zi\u201d, pentru a marca un eveniment de importan\u021b\u0103 expozi\u021bional\u0103 mondial\u0103 \u0219i o aniversare din cronologia filateliei rom\u00e2ne\u0219ti: 55 de ani de la prima emisiune tematic\u0103 <em>EXPO\u201970 OSAKA<\/em> din 1970. Emisiunea filatelic\u0103 compus\u0103 din dou\u0103 m\u0103rci po\u0219tale \u0219i o coli\u021b\u0103 filatelic\u0103 dantelat\u0103 a fost pus\u0103 \u00een circula\u021bie la 24 martie 1970 (m\u0103rcile po\u0219tale) \u0219i 1 decembrie 1970 (coli\u021b\u0103 filatelic\u0103 dantelat\u0103).<\/p>\n<p>Expozi\u021bia Mondial\u0103 organizat\u0103 \u00een Japonia marca al treilea eveniment mondial expozi\u021bional, succed\u00e2nd expozi\u021biilor de la Bruxelles din 1958 \u0219i Montreal din 1967. Tema expozi\u021biei japoneze: \u201eProgres \u0219i Armonie pentru Omenire\u201d a marcat o realizare major\u0103 pentru Japonia postbelic\u0103, care s-a reg\u0103sit \u00een domeniile tehnologiei \u0219i economiei, explor\u00e2nd solu\u021bii pentru probleme globale cum ar fi s\u0103r\u0103cia \u0219i degradarea mediului. Expozi\u021bia a \u00eenregistrat un num\u0103r record de peste 64 de milioane de vizitatori din 77 de \u021b\u0103ri, num\u0103r dep\u0103\u0219it abia la EXPO SHANGHAI 2010.<\/p>\n<p>Cele dou\u0103 m\u0103rci po\u0219tale ale emisiunii rom\u00e2ne\u0219ti <em>EXPO\u201970 OSAKA din 1970<\/em>, a c\u0103ror grafic\u0103 a fost realizat\u0103 de un foarte cunoscut artist desenator \u0219i gravor Ion Dumitrana, reproduceau o imagine a unei tinere japoneze cu o p\u0103l\u0103rie cu flori (valoarea nominal\u0103 de 20 bani) \u0219i a unei pagode (valoarea nominal\u0103 de 1 Leu).<\/p>\n<p>Coli\u021ba emisiunii, imprimat\u0103 \u00een Japonia \u00eentr-un tiraj de 350.000 exemplare, cu \u00eenseriere computerizat\u0103 a fost adus\u0103 \u00een Rom\u00e2nia \u00een noiembrie 1970 \u0219i pus\u0103 \u00een circula\u021bie la 1 decembrie, \u00een acela\u0219i an.<\/p>\n<p>Imaginea timbrului care reproduce o pagod\u0103 cu 7 etaje, \u00een care s-a organizat Pavilionul Furukawa. Ca o \u201eabatere\u201d de la normele de baz\u0103 ale realiz\u0103rii coli\u021belor filatelice, imaginea \u00eencadrat\u0103 de perforul tradi\u021bional nu are \u00eenscris\u0103 nici o valoare nominal\u0103, aceasta fiind imprimat\u0103 \u00een spa\u021biul exterior care are un desen-fundal cu siluete de tinere japoneze, cu costuma\u021bie divers\u0103. Desenul a fost realizat cu ajutorul unui computer FACOM 270\/30, reprezentant al tehnicii de v\u00e2rf, al firmei Fujitsu.<\/p>\n<p>Coli\u021ba emisiunii <strong><em>EXPO OSAKA 1970 &#8211; 2025<\/em><\/strong> are un supratipar \u00een care se reg\u0103sesc valoarea nominal\u0103 de <strong>55 Lei,<\/strong> imprimat\u0103 pe marca po\u0219tal\u0103, o stelu\u021b\u0103 perforat\u0103 (ca element de siguran\u021b\u0103) \u0219i o grafic\u0103 tematic\u0103 realizat\u0103 de cunoscutul desenator \u0219i pictor Mircea Cantor.<\/p>\n<p>Plicul \u201eprima zi\u201d reproduce un desen stilizat al Pavilionului Expozi\u021bional al Rom\u00e2niei la Expo Osaka 2025; de asemenea, are aplicat\u0103 marca po\u0219tal\u0103 a coli\u021bei cu supratipar \u0219i \u0219tampila \u201eprima zi\u201d bicolor\u0103, simboliz\u00e2nd steagul Japoniei.<\/p>\n<p><a href=\"https:\/\/www.romfilatelia.ro\/wp-content\/uploads\/2025\/09\/caract_Expo-Osaka-1970-2025.jpg\"><img decoding=\"async\" loading=\"lazy\" class=\"size-full wp-image-2049113 aligncenter\" src=\"https:\/\/www.romfilatelia.ro\/wp-content\/uploads\/2025\/09\/caract_Expo-Osaka-1970-2025.jpg\" alt=\"\" width=\"1702\" height=\"1026\" \/><\/a><\/p>\n","protected":false},"excerpt":{"rendered":"<p>Romfilatelia \u0219i Po\u0219ta Rom\u00e2n\u0103 introduc \u00een circula\u021bie luni, 15 septembrie a.c., emisiunea filatelic\u0103 \u201eEXPO OSAKA 1970 &#8211; 2025\u201d, con\u021bin\u00e2nd o coli\u021b\u0103 filatelic\u0103 \u0219i un plic \u201eprima zi\u201d, pentru a marca un eveniment de importan\u021b\u0103 expozi\u021bional\u0103 mondial\u0103 \u0219i o aniversare din cronologia filateliei rom\u00e2ne\u0219ti: 55 de ani de la prima emisiune tematic\u0103 EXPO\u201970 OSAKA din 1970.&hellip;&nbsp;<a href=\"https:\/\/romfilatelia.ro\/magazin\/produs\/colectii-anuale\/2025\/expo-osaka-1970-2025\/\" class=\"\" rel=\"bookmark\">Cite\u0219te mai mult &raquo;<span class=\"screen-reader-text\">EXPO OSAKA 1970 &#8211; 2025<\/span><\/a><\/p>\n","protected":false},"featured_media":2036531,"template":"","meta":{"neve_meta_sidebar":"","neve_meta_container":"","neve_meta_enable_content_width":"off","neve_meta_content_width":100,"neve_meta_title_alignment":"","neve_meta_author_avatar":"","neve_post_elements_order":"","neve_meta_disable_header":"","neve_meta_disable_footer":"","neve_meta_disable_title":""},"product_cat":[340,6],"product_tag":[],"_links":{"self":[{"href":"https:\/\/romfilatelia.ro\/magazin\/wp-json\/wp\/v2\/product\/2036527"}],"collection":[{"href":"https:\/\/romfilatelia.ro\/magazin\/wp-json\/wp\/v2\/product"}],"about":[{"href":"https:\/\/romfilatelia.ro\/magazin\/wp-json\/wp\/v2\/types\/product"}],"wp:featuredmedia":[{"embeddable":true,"href":"https:\/\/romfilatelia.ro\/magazin\/wp-json\/wp\/v2\/media\/2036531"}],"wp:attachment":[{"href":"https:\/\/romfilatelia.ro\/magazin\/wp-json\/wp\/v2\/media?parent=2036527"}],"wp:term":[{"taxonomy":"product_cat","embeddable":true,"href":"https:\/\/romfilatelia.ro\/magazin\/wp-json\/wp\/v2\/product_cat?post=2036527"},{"taxonomy":"product_tag","embeddable":true,"href":"https:\/\/romfilatelia.ro\/magazin\/wp-json\/wp\/v2\/product_tag?post=2036527"}],"curies":[{"name":"wp","href":"https:\/\/api.w.org\/{rel}","templated":true}]}}