{"id":2036513,"date":"2025-09-10T09:16:28","date_gmt":"2025-09-10T07:16:28","guid":{"rendered":"https:\/\/romfilatelia.ro\/magazin\/?post_type=product&#038;p=2036513"},"modified":"2025-09-10T09:16:28","modified_gmt":"2025-09-10T07:16:28","slug":"compozitori-celebri-george-enescu","status":"publish","type":"product","link":"https:\/\/romfilatelia.ro\/magazin\/produs\/colectii-anuale\/2025\/compozitori-celebri-george-enescu\/","title":{"rendered":"Compozitori celebri. George Enescu"},"content":{"rendered":"<p><em><a href=\"https:\/\/www.romfilatelia.ro\/wp-content\/uploads\/2025\/09\/SITE_mc_Compozitori-celebri_G.jpg\"><img decoding=\"async\" loading=\"lazy\" class=\"alignleft wp-image-2049096\" src=\"https:\/\/www.romfilatelia.ro\/wp-content\/uploads\/2025\/09\/SITE_mc_Compozitori-celebri_G.jpg\" alt=\"\" width=\"650\" height=\"884\" \/><\/a>Ceea ce e important \u00een art\u0103, e s\u0103 vibrezi tu \u00eensu\u021bi \u0219i s\u0103 \u00eei faci pe al\u021bii s\u0103 vibreze.\u201d<\/em> <strong>George Enescu <\/strong><\/p>\n<p><strong>Compania Na\u021bional\u0103 Po\u0219ta Rom\u00e2n\u0103<\/strong> \u0219i <strong>Romfilatelia <\/strong>introduc \u00een circula\u021bie <em>miercuri, 10 septembrie a.c<\/em>. emisiunea <strong><em>Compozitori celebri. George Enescu<\/em><\/strong>, cu ocazia marc\u0103rii a 70 de ani de la trecerea \u00een eternitate a geniului muzicii rom\u00e2ne\u0219ti. Emisiunea este format\u0103 din o marc\u0103 po\u0219tal\u0103 cu valoarea nominal\u0103 de <strong>25 Lei<\/strong> \u0219i un plic \u201eprima zi\u201d.<\/p>\n<p>Compozitor, violonist, pianist, dirijor \u0219i profesor, personalitate incontestabil\u0103 a culturii rom\u00e2ne\u0219ti \u00eenscris \u00een galeria marilor figuri ale umanit\u0103\u021bii, George Enescu este, f\u0103r\u0103 \u00eendoial\u0103, brand de \u021bar\u0103.<\/p>\n<p>N\u0103scut \u00een 1881 \u00een satul Liveni-V\u00e2rnav, l\u00e2ng\u0103 ora\u0219ul moldovenesc Dorohoi, a \u00eenceput s\u0103 c\u00e2nte la vioar\u0103 la v\u00e2rsta de patru ani, iar \u00een urm\u0103torul an a sus\u021binut deja primul s\u0103u concert. A studiat compozi\u021bia, av\u00e2ndu-lca \u00eendrum\u0103tor pe Eduard Caudella, cunoscut compozitor de muzic\u0103 de oper\u0103, violonist \u0219i dirijor. La \u00eendemnul acestuia, George Enescu se \u00eenscrie la Conservatorul din Viena, \u00eenainte de a \u00eemplini opt ani \u0219i studiaz\u0103 vioara cu Joseph Hellmesberger Jr., iar compozi\u021bia cu Robert Fuchs. \u00cen memoriile sale m\u0103rturisea: \u201eCum a\u0219 putea uita c\u0103 la v\u00e2rsta de opt ani m\u0103 aflam la Viena, nu ca turist, ci ca un copil care venise s\u0103 studieze muzica \u00een acela\u0219i loc \u00een care at\u00e2t de mul\u021bi compozitori celebri \u0219i-au scris operele?\u201d<\/p>\n<p>La numai doisprezece ani, Enescu f\u0103cea deja parte din via\u021ba muzical\u0103 a Vienei, concertele sale trezind entuziasmul at\u00e2t al publicului c\u00e2t \u0219i al presei, maniera sa de interpretare a compozi\u021biilor lui Johannes Brahms, Felix Mendelssohn \u0219i Pablo Sarasate apropiindu-se de perfec\u021biune.<\/p>\n<p>La recomandarea lui Josef Hellmesberger Jr., profesor de vioar\u0103 \u0219i fiul directorului Conservatorului din Viena, George Enescu este trimis de tat\u0103l s\u0103u s\u0103 studieze la Paris. Astfel, se perfec\u021bioneaz\u0103 la Conservatorul din Paris (1895 \u2013 1899) sub \u00eendrumarea profesorilor Jos\u00e9 White \u0219i Martin-Pierre-Joseph Marsick la vioar\u0103, Jules Massenet \u0219i Gabriel Faur\u00e9 la compozi\u021bie, Ambroise Thomas \u0219i Th\u00e9odore Dubois la armonie \u0219i Andr\u00e9 G\u00e9dalge la contrapunct.<\/p>\n<p>Pe 6 februarie 1898, la Paris are loc prima audi\u021bie a \u201ePoemei Rom\u00e2ne\u201d op.1, interpretat\u0103 de ansamblul lui \u00c9douard Colonne.<\/p>\n<p>A \u00eenfiin\u021bat \u0219i condus, la Paris, dou\u0103 forma\u021bii de muzic\u0103 instrumental\u0103: un trio cu pian (1902) \u0219i un cvartet de coarde (1904). De-a lungul vie\u021bii, \u00een calitate de violonist, dirijor, pianist a sus\u021binut nenum\u0103rate concerte \u0219i recitaluri \u00een Europa, dar \u0219i pe continentul american, \u00een compania unor mari ansambluri orchestrale \u0219i soli\u0219ti de marc\u0103.<\/p>\n<p>Cea mai \u00eendr\u0103git\u0103 lucrare a compozitorului, \u00eendelungat proces creator \u00eenceput \u00een 1910 (prima schi\u021b\u0103 este datat\u0103 1 ianuarie 1910), este opera <em>Oedipe<\/em>, op. 23. Terminat\u0103 \u00een 1931, aceasta i-a fost dedicat\u0103 Mariei Rosetti-Tescanu, cea care va deveni, \u00een 1937, so\u021bia lui George Enescu. Premiera absolut\u0103 a capodoperei enesciene a avut loc la Opera Garnier din Paris, \u00een 13 martie 1936.<\/p>\n<p>Printre distinc\u021biile ce i s-au acordat \u00een semn de pre\u021buire \u0219i recunoa\u0219tere se reg\u0103sesc: titlurile de ofi\u021ber \u0219i cavaler al Legiunii de Onoare a Fran\u021bei (1913, 1936), Membru de onoare (1916) \u0219i Membru activ (1933) al Academiei Rom\u00e2ne din Bucure\u0219ti, Membru corespondent la Acad\u00e9mie des Beaux Arts din Paris (1929), Accademia Nazionale di Santa Cecilia din Roma (1931), Institut de France din Paris (1936) \u0219i Academia de Arte \u0219i \u0218tiin\u021be din Praga (1937).<\/p>\n<p>George Enescu r\u0103m\u00e2ne \u00een istorie drept unul dintre cei mai de seam\u0103 oameni de cultur\u0103 ai secolului XX; \u0219i-a asumat rolul de ambasador al muzicii at\u00e2t \u00een \u021bar\u0103, c\u00e2t \u0219i \u00een lume, contribuind la recunoa\u0219terea interna\u021bional\u0103 a compozitorilor, dirijorilor \u0219i interpre\u021bilor din Rom\u00e2nia.<\/p>\n<p>Marca po\u0219tal\u0103 a emisiunii reproduce o fotografie-portret a compozitorului realizat\u0103 la finalizarea studiilor de la Paris, asociat\u0103 cu imaginea fa\u021badei Ateneului Rom\u00e2n, monument emblem\u0103 al capitalei, unde Enescu a concertat adesea \u0219i a c\u0103rui org\u0103 a fost achizi\u021bionat\u0103 cu sprijinul nemijlocit al muzicianului.<\/p>\n<p>Prin accesarea <strong>codului QR<\/strong> de pe minicolile cu timbre ve\u021bi descoperi povestea emisiunii filatelice <strong><em>Compozitori celebri. George Enescu<\/em><\/strong>.<\/p>\n<p><em>Romfilatelia mul\u021bume\u0219te reprezentan\u021bilor Academiei Rom\u00e2ne, ai Muzeului Na\u021bional \u201eGeorge Enescu\u201d \u0219i ai Filarmonicii \u201eGeorge Enescu\u201d<\/em> <em>pentru colaborare\u00a0 la realizarea acestei emisiuni filatelice comemorative.<\/em><\/p>\n<p><a href=\"https:\/\/www.romfilatelia.ro\/wp-content\/uploads\/2025\/09\/caract_Compozitori-celebri-e1757486748148.jpg\"><img decoding=\"async\" loading=\"lazy\" class=\"size-full wp-image-2049097 aligncenter\" src=\"https:\/\/www.romfilatelia.ro\/wp-content\/uploads\/2025\/09\/caract_Compozitori-celebri-e1757486748148.jpg\" alt=\"\" width=\"1000\" height=\"589\" \/><\/a><\/p>\n","protected":false},"excerpt":{"rendered":"<p>Ceea ce e important \u00een art\u0103, e s\u0103 vibrezi tu \u00eensu\u021bi \u0219i s\u0103 \u00eei faci pe al\u021bii s\u0103 vibreze.\u201d George Enescu Compania Na\u021bional\u0103 Po\u0219ta Rom\u00e2n\u0103 \u0219i Romfilatelia introduc \u00een circula\u021bie miercuri, 10 septembrie a.c. emisiunea Compozitori celebri. George Enescu, cu ocazia marc\u0103rii a 70 de ani de la trecerea \u00een eternitate a geniului muzicii rom\u00e2ne\u0219ti.&hellip;&nbsp;<a href=\"https:\/\/romfilatelia.ro\/magazin\/produs\/colectii-anuale\/2025\/compozitori-celebri-george-enescu\/\" class=\"\" rel=\"bookmark\">Cite\u0219te mai mult &raquo;<span class=\"screen-reader-text\">Compozitori celebri. George Enescu<\/span><\/a><\/p>\n","protected":false},"featured_media":2036514,"template":"","meta":{"neve_meta_sidebar":"","neve_meta_container":"","neve_meta_enable_content_width":"off","neve_meta_content_width":100,"neve_meta_title_alignment":"","neve_meta_author_avatar":"","neve_post_elements_order":"","neve_meta_disable_header":"","neve_meta_disable_footer":"","neve_meta_disable_title":""},"product_cat":[340,6],"product_tag":[],"_links":{"self":[{"href":"https:\/\/romfilatelia.ro\/magazin\/wp-json\/wp\/v2\/product\/2036513"}],"collection":[{"href":"https:\/\/romfilatelia.ro\/magazin\/wp-json\/wp\/v2\/product"}],"about":[{"href":"https:\/\/romfilatelia.ro\/magazin\/wp-json\/wp\/v2\/types\/product"}],"wp:featuredmedia":[{"embeddable":true,"href":"https:\/\/romfilatelia.ro\/magazin\/wp-json\/wp\/v2\/media\/2036514"}],"wp:attachment":[{"href":"https:\/\/romfilatelia.ro\/magazin\/wp-json\/wp\/v2\/media?parent=2036513"}],"wp:term":[{"taxonomy":"product_cat","embeddable":true,"href":"https:\/\/romfilatelia.ro\/magazin\/wp-json\/wp\/v2\/product_cat?post=2036513"},{"taxonomy":"product_tag","embeddable":true,"href":"https:\/\/romfilatelia.ro\/magazin\/wp-json\/wp\/v2\/product_tag?post=2036513"}],"curies":[{"name":"wp","href":"https:\/\/api.w.org\/{rel}","templated":true}]}}