{"id":2036488,"date":"2025-09-01T08:46:02","date_gmt":"2025-09-01T06:46:02","guid":{"rendered":"https:\/\/romfilatelia.ro\/magazin\/?post_type=product&#038;p=2036488"},"modified":"2025-09-01T13:25:28","modified_gmt":"2025-09-01T11:25:28","slug":"rezervatia-biosferei-delta-dunarii","status":"publish","type":"product","link":"https:\/\/romfilatelia.ro\/magazin\/produs\/colectii-anuale\/2025\/rezervatia-biosferei-delta-dunarii\/","title":{"rendered":"Rezerva\u021bia Biosferei Delta Dun\u0103rii"},"content":{"rendered":"<div id=\"attachment_2049035\" style=\"width: 610px\" class=\"wp-caption alignleft\"><a href=\"https:\/\/www.romfilatelia.ro\/wp-content\/uploads\/2025\/09\/mc-1_Rez.-Biosferei-Delta-Dunarii.jpg\"><img aria-describedby=\"caption-attachment-2049035\" decoding=\"async\" loading=\"lazy\" class=\"wp-image-2049035\" src=\"https:\/\/www.romfilatelia.ro\/wp-content\/uploads\/2025\/09\/mc-1_Rez.-Biosferei-Delta-Dunarii.jpg\" alt=\"\" width=\"600\" height=\"528\" \/><\/a><p id=\"caption-attachment-2049035\" class=\"wp-caption-text\">image description<\/p><\/div>\n<p><strong>Romfilatelia<\/strong> introduce \u00een circula\u021bie <em>mar\u021bi, 2 septembrie a.c<\/em>. emisiunea de m\u0103rci po\u0219tale <strong><em>Rezerva\u021bia Biosferei Delta Dun\u0103rii,<\/em> <\/strong>dedicat\u0103 \u201ecelui mai t\u00e2n\u0103r p\u0103m\u00e2nt rom\u00e2nesc\u201d &#8211; Delta Dun\u0103rii, care este \u00een continu\u0103 schimbare, av\u00e2nd o valoare ecologic\u0103, \u0219tiin\u021bific\u0103 \u0219i turistic\u0103 deosebit\u0103. Emisiunea este format\u0103 din patru m\u0103rci po\u0219tale \u0219i un plic \u201eprima zi\u201d.<\/p>\n<p>Delta Dun\u0103rii este un adev\u0103rat sanctuar al biodiversit\u0103\u021bii europene, ad\u0103postind peste 5.000 de specii de flor\u0103 \u0219i faun\u0103. Cu o vechime estimat\u0103 la peste 12.000 de ani, aceasta continu\u0103 s\u0103 se extind\u0103, fiind cunoscut\u0103 pentru cea mai \u00eentins\u0103 zon\u0103 de stuf\u0103ri\u0219 din Europa, pentru p\u0103durea subtropical\u0103 Letea \u2013 cea mai nordic\u0103 de acest fel \u2013 dar \u0219i pentru prezen\u021ba morunului, cel mai mare pe\u0219te de ap\u0103 dulce din lume.<\/p>\n<p>\u00cen 1990, Delta a fost inclus\u0103 \u00een programul \u201eOmul \u0219i Biosfera\u201d (MAB), iar un an mai t\u00e2rziu, \u00een 1991, a fost desemnat\u0103 sit Ramsar \u2013 zon\u0103 umed\u0103 de importan\u021b\u0103 interna\u021bional\u0103 \u2013 \u0219i inclus\u0103 \u00een Patrimoniul Mondial UNESCO. Totodat\u0103, face parte din re\u021beaua ecologic\u0103 european\u0103 Natura 2000.<\/p>\n<p>Rom\u00e2nia este singura \u021bar\u0103 din lume care de\u021bine aproape integral o delt\u0103 declarat\u0103 rezerva\u021bie a biosferei, cu recunoa\u0219tere \u0219i statut interna\u021bional.<\/p>\n<p>Pentru a eviden\u021bia importan\u021ba acestui col\u021b unic de natur\u0103, prin Ordinul nr. 539\/2008 emis de Ministerul Mediului \u0219i Dezvolt\u0103rii Durabile, data de 1 septembrie a fost stabilit\u0103 ca <em>Ziua Rezerva\u021biei Biosferei Delta Dun\u0103rii<\/em>.<\/p>\n<p>Cele patru timbre ale emisiunii prezint\u0103 specii emblematice ale Deltei Dun\u0103rii, cu un rol important \u00een men\u021binerea echilibrului ecologic al acestui habitat unic.<\/p>\n<p><strong>Egreta mare (<em>Ardea alba<\/em>), <\/strong>este ilustrat\u0103 pe timbrul cu valoarea nominal\u0103 de <strong>3 Lei<\/strong>. Este o specie migratoare, declarat\u0103 monument al naturii. Cu penaj alb imaculat \u0219i o siluet\u0103 elegant\u0103, apare vara \u00een stuf\u0103ri\u0219urile \u0219i mla\u0219tinile din Delta Dun\u0103rii. Prim\u0103vara, \u00een penajul nup\u021bial se remarc\u0103 prezen\u021ba unor pene lungi, fine, care au fost colec\u021bionate de-a lungul timpului pentru \u00eempodobirea obiectelor vestimentare. Se hr\u0103ne\u0219te cu pe\u0219ti, amfibieni, reptile.<\/p>\n<p><strong>Pesc\u0103ra\u0219ul albastru (<em>Alcedo atthis<\/em>) <\/strong>este redat pe timbrul cu valoarea nominal\u0103 de <strong>6,50 Lei<\/strong>. Mic\u0103, dar spectaculoas\u0103, aceast\u0103 pas\u0103re are cap \u0219i spate albastre cu reflexe metalice albastre sau verzui \u0219i abdomen portocaliu. Cuib\u0103re\u0219te pe malurile apelor curg\u0103toare sau st\u0103t\u0103toare cu ap\u0103 clar\u0103, de unde plonjeaz\u0103 pentru a prinde pe\u0219ti mici \u0219i mormoloci.<\/p>\n<p><strong>Vidra (<em>Lutra lutra<\/em>)<\/strong>, din familia mustelidelor, este prezentat\u0103 pe timbrul cu valoarea nominal\u0103 de <strong>8 Lei<\/strong>. Mamifer semi-acvatic carnivor, vidra este activ\u0103 mai ales noaptea, dar poate fi observat\u0103 \u0219i ziua \u00een zonele lini\u0219tite ale Deltei. Se hr\u0103ne\u0219te \u00een special cu pe\u0219ti, crustacei \u0219i alte nevertebrate, fiind un indicator al s\u0103n\u0103t\u0103\u021bii\u00a0 ecosistemelor acvatice.<\/p>\n<p><strong>Ra\u021ba mare (<em>Anas platyrhynchos<\/em>)<\/strong> este ilustrat\u0103 pe timbrul cu valoarea nominal\u0103 de <strong>14 Lei<\/strong>. Specie sedentar\u0103, ra\u021ba mare este prezent\u0103 \u00een num\u0103r mare \u00een Delta Dun\u0103rii. Masculul are cap verde \u0219i guler alb, iar femela \u2013 penaj brun-pestri\u021b. Este str\u0103mo\u0219ul ra\u021bei domestice \u0219i un element-cheie al ecosistemelor acvatice. Se hr\u0103ne\u0219te cu insecte, crustacei, viermi, semin\u021be \u0219i materii vegetale.<\/p>\n<p>\u00cen grafica plicului \u201eprima zi\u201d se reg\u0103se\u0219te ilustrat un specimen al familiei <em>Ciconiidae<\/em>, barza alb\u0103, sau cocost\u00e2rcul alb. Este o pas\u0103re migratoare.<\/p>\n<p><em>Romfilatelia mul\u021bume\u0219te domnului dr. Marian Tudor, Directorul General al Institutului Na\u021bional de Cercetare-Dezvoltare Delta Dun\u0103rii, colectivului de ornitologie din cadrul aceluia\u0219i institut \u0219i Administra\u021biei Rezerva\u021biei Biosferei Delta Dun\u0103rii, pentru consultan\u021ba de specialitate acordat\u0103 la realizarea acestei emisiuni de m\u0103rci po\u0219tale. <\/em><\/p>\n<p><a href=\"https:\/\/www.romfilatelia.ro\/wp-content\/uploads\/2025\/09\/caract_Rez-Biosferei-Delta-Dunarii.jpg\"><img decoding=\"async\" loading=\"lazy\" class=\"size-full wp-image-2049036 aligncenter\" src=\"https:\/\/www.romfilatelia.ro\/wp-content\/uploads\/2025\/09\/caract_Rez-Biosferei-Delta-Dunarii.jpg\" alt=\"\" width=\"1674\" height=\"1017\" \/><\/a><\/p>\n","protected":false},"excerpt":{"rendered":"<p>Romfilatelia introduce \u00een circula\u021bie mar\u021bi, 2 septembrie a.c. emisiunea de m\u0103rci po\u0219tale Rezerva\u021bia Biosferei Delta Dun\u0103rii, dedicat\u0103 \u201ecelui mai t\u00e2n\u0103r p\u0103m\u00e2nt rom\u00e2nesc\u201d &#8211; Delta Dun\u0103rii, care este \u00een continu\u0103 schimbare, av\u00e2nd o valoare ecologic\u0103, \u0219tiin\u021bific\u0103 \u0219i turistic\u0103 deosebit\u0103. Emisiunea este format\u0103 din patru m\u0103rci po\u0219tale \u0219i un plic \u201eprima zi\u201d. Delta Dun\u0103rii este un adev\u0103rat&hellip;&nbsp;<a href=\"https:\/\/romfilatelia.ro\/magazin\/produs\/colectii-anuale\/2025\/rezervatia-biosferei-delta-dunarii\/\" class=\"\" rel=\"bookmark\">Cite\u0219te mai mult &raquo;<span class=\"screen-reader-text\">Rezerva\u021bia Biosferei Delta Dun\u0103rii<\/span><\/a><\/p>\n","protected":false},"featured_media":2036493,"template":"","meta":{"neve_meta_sidebar":"","neve_meta_container":"","neve_meta_enable_content_width":"off","neve_meta_content_width":100,"neve_meta_title_alignment":"","neve_meta_author_avatar":"","neve_post_elements_order":"","neve_meta_disable_header":"","neve_meta_disable_footer":"","neve_meta_disable_title":""},"product_cat":[340,6],"product_tag":[],"_links":{"self":[{"href":"https:\/\/romfilatelia.ro\/magazin\/wp-json\/wp\/v2\/product\/2036488"}],"collection":[{"href":"https:\/\/romfilatelia.ro\/magazin\/wp-json\/wp\/v2\/product"}],"about":[{"href":"https:\/\/romfilatelia.ro\/magazin\/wp-json\/wp\/v2\/types\/product"}],"wp:featuredmedia":[{"embeddable":true,"href":"https:\/\/romfilatelia.ro\/magazin\/wp-json\/wp\/v2\/media\/2036493"}],"wp:attachment":[{"href":"https:\/\/romfilatelia.ro\/magazin\/wp-json\/wp\/v2\/media?parent=2036488"}],"wp:term":[{"taxonomy":"product_cat","embeddable":true,"href":"https:\/\/romfilatelia.ro\/magazin\/wp-json\/wp\/v2\/product_cat?post=2036488"},{"taxonomy":"product_tag","embeddable":true,"href":"https:\/\/romfilatelia.ro\/magazin\/wp-json\/wp\/v2\/product_tag?post=2036488"}],"curies":[{"name":"wp","href":"https:\/\/api.w.org\/{rel}","templated":true}]}}