{"id":2036457,"date":"2025-08-21T09:02:03","date_gmt":"2025-08-21T07:02:03","guid":{"rendered":"https:\/\/romfilatelia.ro\/magazin\/?post_type=product&#038;p=2036457"},"modified":"2025-08-21T09:02:04","modified_gmt":"2025-08-21T07:02:04","slug":"iepuri","status":"publish","type":"product","link":"https:\/\/romfilatelia.ro\/magazin\/produs\/colectii-anuale\/2025\/iepuri\/","title":{"rendered":"Iepuri"},"content":{"rendered":"<p><strong><a href=\"https:\/\/www.romfilatelia.ro\/wp-content\/uploads\/2025\/08\/SITE_mc_Iepuri-1.jpg\"><img decoding=\"async\" loading=\"lazy\" class=\"wp-image-2048939 alignleft\" src=\"https:\/\/www.romfilatelia.ro\/wp-content\/uploads\/2025\/08\/SITE_mc_Iepuri-1.jpg\" alt=\"\" width=\"394\" height=\"391\" \/><\/a>Romfilatelia<\/strong> introduce \u00een circula\u021bie <em>joi, 21 august<\/em> o emisiune filatelic\u0103 apar\u021bin\u00e2nd unei tematici tradi\u021bionale de colec\u021bie: <em>Fauna<\/em>. Sub titlul generic <strong><em>Iepuri<\/em><\/strong>, emisiunea are drept componente patru m\u0103rci po\u0219tale, un plic \u201eprima zi\u201d, 4 c\u0103r\u021bi maxime pentru pasiona\u021bii de maximafilie \u0219i o map\u0103 filatelic\u0103 cu produs special \u00een tiraj limitat.<\/p>\n<p>Iepurii apar\u021bin mamiferelor familiei <em>Leporidae<\/em>, ordinul <em>Lagomorpha<\/em>. Unele specii de iepuri nasc pui acoperi\u021bi cu p\u0103r \u0219i ochii deschi\u0219i; altele nasc pui gola\u0219i \u0219i orbi. \u00cen prima categorie se \u00eenscrie ca reprezentant tipic <strong>Iepurele de c\u00e2mp <\/strong>(<em>Lepus europaeus<\/em>), iar \u00een a doua ceea ce numim <strong>Iepurele de vizuin\u0103<\/strong> (<em>Oryctolagus cuniculus<\/em>), str\u0103mo\u0219ul tuturor raselor de <strong>iepuri de cas\u0103<\/strong>.<\/p>\n<p>Spre deosebire de limba rom\u00e2n\u0103 \u00een care se folose\u0219te doar cuv\u00e2ntul generic \u201eiepure\u201d, \u00een alte limbi se utilizeaz\u0103 curent dou\u0103 denumiri: <em>hare<\/em> \u0219i <em>rabbit<\/em> (\u00een englez\u0103), <em>li\u00e8vre <\/em>\u0219i <em>lapin<\/em> (\u00een francez\u0103), <em>liebre<\/em> \u0219i <em>conejo<\/em> (\u00een spaniol\u0103), <em>Hase <\/em>\u0219i<em> Kaninchen<\/em> (\u00een german\u0103) etc.<\/p>\n<p>Iepurii sunt r\u0103sp\u00e2ndi\u021bi \u00een Eurasia, Americi (cu excep\u021bia sudului Americii de Sud) \u0219i Africa; au fost introdu\u0219i \u00een Australia, precum \u0219i \u00een Noua Zeeland\u0103 \u0219i numeroase alte insule ale Atlanticului, Pacificului \u0219i Oceanului Indian. Sunt mamifere care se \u00eenmul\u021besc rapid. De\u0219i sunt caracteriza\u021bi drept frico\u0219i \u0219i tem\u0103tori, iepurii devin sociabili cu persoanele care manifest\u0103 grij\u0103 \u0219i ata\u0219ament fa\u021b\u0103 de ei.<\/p>\n<p>Iepurii de c\u00e2mp sunt capabili s\u0103 atrag\u0103 viteza de 70 kilometri pe or\u0103 \u0219i s\u0103 execute salturi de peste trei metri. Unghiul de vedere al unui iepure se apropie de 360 de grade (poate vedea \u0219i \u00een spate).<\/p>\n<p>Considerat un simbol al rena\u0219terii naturii \u00een anotimpul prim\u0103verii, iepurele a fost asociat cu s\u0103rb\u0103toarea Pa\u0219tilor. Iepurii pot tr\u0103i p\u00e2n\u0103 la circa 10 ani, v\u00e2rst\u0103 atins\u0103 de unii iepuri de cas\u0103.<\/p>\n<p>Iepurii sunt activi mai mult diminea\u021ba \u0219i seara. Iepurii de vizuin\u0103 tr\u0103iesc \u00een colonii. Iepurii se hr\u0103nesc cu iarb\u0103, frunze, scoar\u021b\u0103 de copac, legume (\u00eentre care se remarc\u0103 tradi\u021bionalul morcov) \u0219i cereale.<\/p>\n<p>\u00centre curiozit\u0103\u021bile iepurilor amintim: c\u00e2nd sunt mul\u021bumi\u021bi \u0219i relaxa\u021bi, torc (dar nu ca \u0219i pisica, ci cu ajutorul din\u021bilor); din\u021bii lor nu se opresc niciodat\u0103 din cre\u0219tere, trebuind uza\u021bi roz\u00e2nd hran\u0103 tare; urechile iepurilor ajut\u0103 la reglarea temperaturii corpului; \u00een timpul salturilor iepurii se pot roti complet \u00een aer; alearg\u0103 de obicei \u00een zig-zag pentru a-\u0219i deruta urm\u0103ritorii.<\/p>\n<p>M\u0103rcile po\u0219tale ale emisiunii prezint\u0103 desene de autor \u00een care reg\u0103sim imagini ale unor iepuri de companie, cum sunt: <strong>Iepure pitic <\/strong>(<em>Dwarf rabbit<\/em>), pe marca po\u0219tal\u0103 cu valoarea nominal\u0103 de<strong> 5 lei<\/strong>, <strong>Iepure alb<\/strong> (<em>White rabbit<\/em>), pe marca po\u0219tal\u0103 cu valoarea nominal\u0103 de <strong>6,50 lei<\/strong>, <strong>Iepurele Angora<\/strong> (<em>Angora rabbit<\/em>), pe marca po\u0219tal\u0103 cu valoarea nominal\u0103 de <strong>9 lei<\/strong> \u0219i <strong>Iepurele cap de leu<\/strong> (<em>Lionhead rabbit<\/em>), pe marca po\u0219tal\u0103 cu valoarea nominal\u0103 de <strong>14 lei<\/strong>.<\/p>\n<p>Plicul \u201eprima zi\u201d reproduce imaginea unui <strong>Iepure pitic negru<\/strong> (<em>Dwarf black rabit<\/em>).<\/p>\n<p><em>Romfilatelia mul\u021bume\u0219te Cercet. \u0218t. Gr. I Luis Ovidiu Popa, Directorul Muzeului Na\u021bional de Istorie Natural\u0103 \u201eGrigore Antipa\u201d \u0219i muzeografului Dr. Alexandru Iftime, pentru consultan\u021ba de specialitate acordat\u0103 la realizarea acestei emisiuni de m\u0103rci po\u0219tale.<\/em><\/p>\n<p>&nbsp;<\/p>\n<p><img decoding=\"async\" loading=\"lazy\" class=\"alignnone size-full wp-image-2048940\" src=\"https:\/\/www.romfilatelia.ro\/wp-content\/uploads\/2025\/08\/Caracteritistici-emisiune-Iepuri-prod.-speciale-scaled.jpg\" alt=\"\" width=\"2560\" height=\"2225\" \/><\/p>\n","protected":false},"excerpt":{"rendered":"<p>Romfilatelia introduce \u00een circula\u021bie joi, 21 august o emisiune filatelic\u0103 apar\u021bin\u00e2nd unei tematici tradi\u021bionale de colec\u021bie: Fauna. Sub titlul generic Iepuri, emisiunea are drept componente patru m\u0103rci po\u0219tale, un plic \u201eprima zi\u201d, 4 c\u0103r\u021bi maxime pentru pasiona\u021bii de maximafilie \u0219i o map\u0103 filatelic\u0103 cu produs special \u00een tiraj limitat. Iepurii apar\u021bin mamiferelor familiei Leporidae, ordinul&hellip;&nbsp;<a href=\"https:\/\/romfilatelia.ro\/magazin\/produs\/colectii-anuale\/2025\/iepuri\/\" class=\"\" rel=\"bookmark\">Cite\u0219te mai mult &raquo;<span class=\"screen-reader-text\">Iepuri<\/span><\/a><\/p>\n","protected":false},"featured_media":2036458,"template":"","meta":{"neve_meta_sidebar":"","neve_meta_container":"","neve_meta_enable_content_width":"off","neve_meta_content_width":100,"neve_meta_title_alignment":"","neve_meta_author_avatar":"","neve_post_elements_order":"","neve_meta_disable_header":"","neve_meta_disable_footer":"","neve_meta_disable_title":""},"product_cat":[340,6],"product_tag":[],"_links":{"self":[{"href":"https:\/\/romfilatelia.ro\/magazin\/wp-json\/wp\/v2\/product\/2036457"}],"collection":[{"href":"https:\/\/romfilatelia.ro\/magazin\/wp-json\/wp\/v2\/product"}],"about":[{"href":"https:\/\/romfilatelia.ro\/magazin\/wp-json\/wp\/v2\/types\/product"}],"wp:featuredmedia":[{"embeddable":true,"href":"https:\/\/romfilatelia.ro\/magazin\/wp-json\/wp\/v2\/media\/2036458"}],"wp:attachment":[{"href":"https:\/\/romfilatelia.ro\/magazin\/wp-json\/wp\/v2\/media?parent=2036457"}],"wp:term":[{"taxonomy":"product_cat","embeddable":true,"href":"https:\/\/romfilatelia.ro\/magazin\/wp-json\/wp\/v2\/product_cat?post=2036457"},{"taxonomy":"product_tag","embeddable":true,"href":"https:\/\/romfilatelia.ro\/magazin\/wp-json\/wp\/v2\/product_tag?post=2036457"}],"curies":[{"name":"wp","href":"https:\/\/api.w.org\/{rel}","templated":true}]}}