{"id":2036432,"date":"2025-08-12T07:28:57","date_gmt":"2025-08-12T05:28:57","guid":{"rendered":"https:\/\/romfilatelia.ro\/magazin\/?post_type=product&#038;p=2036432"},"modified":"2025-08-12T07:28:57","modified_gmt":"2025-08-12T05:28:57","slug":"parcuri-nationale-defileul-jiului","status":"publish","type":"product","link":"https:\/\/romfilatelia.ro\/magazin\/produs\/colectii-anuale\/2025\/parcuri-nationale-defileul-jiului\/","title":{"rendered":"Parcuri Na\u021bionale. Defileul Jiului"},"content":{"rendered":"<p><strong><a href=\"https:\/\/www.romfilatelia.ro\/wp-content\/uploads\/2025\/08\/SITE_mc_Parc_National_Defileul_Jiului-e1754975806652.jpg\"><img decoding=\"async\" loading=\"lazy\" class=\"alignleft wp-image-2048920\" src=\"https:\/\/www.romfilatelia.ro\/wp-content\/uploads\/2025\/08\/SITE_mc_Parc_National_Defileul_Jiului-e1754975806652.jpg\" alt=\"\" width=\"600\" height=\"391\" \/><\/a>Romfilatelia<\/strong> introduce \u00een circula\u021bie <em>mar\u021bi, 12 august a.c.<\/em> emisiunea filatelic\u0103 <strong><em>Parcuri Na\u021bionale. Defileul Jiului<\/em><\/strong> av\u00e2nd ca subiect elemente ale faunei din arealul natural al \u201eParcului Na\u021bional Defileul Jiului\u201d declarat arie protejat\u0103 \u00een anul 2005. Emisiunea este format\u0103 din patru m\u0103rci po\u0219tale \u0219i un plic \u201eprima zi\u201d.<\/p>\n<p>Cumul\u00e2nd o suprafa\u021b\u0103 de peste 11.000 de hectare, zona protejat\u0103 este situat\u0103 \u00een sud-vestul Rom\u00e2niei, \u00een jude\u021bele Gorj \u0219i Hunedoara, de-a lungul Defileului Jiului. Teritoriul acestei zone este acoperit aproape \u00een totalitate de p\u0103duri (85%): p\u0103duri dacice de fag, p\u0103duri aluviale, p\u0103duri de stejar, \u00een asociere cu carpen \u0219i frasin, p\u0103duri de amestec foioase \u0219i r\u0103\u0219inoase.<\/p>\n<p>Fauna este bogat reprezentat\u0103 de mamifere, p\u0103s\u0103ri, amfibieni, reptile, pe\u0219ti \u0219i insecte. \u00cen Lista Directivei Consiliului Europei privind conservarea speciilor de faun\u0103 \u0219i flor\u0103 s\u0103lbatic\u0103 sunt men\u021bionate \u0219apte specii de mamifere: ursul brun, r\u00e2sul euroasiatic, vidra de r\u00e2u, liliacul mare cu potcoav\u0103, liliacul comun, liliacul cu urechi de \u0219oarece \u0219i liliacul cu aripi lungi. \u00cen multitudinea de specii semnalate \u00een arealul Parcului Na\u021bional Defileul Jiului se mai \u00eent\u00e2lnesc capra neagr\u0103, c\u0103prioara, pisica s\u0103lbatic\u0103, jderul de copac, p\u00e2r\u0219ul de alun, p\u00e2r\u0219ul comun, \u0219arpele de alun etc.<\/p>\n<p>Defileul Jiului, care str\u0103bate Parcul, cunoscut \u0219i ca <em>Pasul Surduc<\/em> este o trec\u0103toare pe care apa a s\u0103pat-o prin piatra mun\u021bilor Retezat, V\u00e2lcan, Par\u00e2ng \u0219i \u0218ureanu, care face leg\u0103tura \u00eentre Transilvania \u0219i Oltenia. Zona protejat\u0103 a Parcului ofer\u0103 vizitatorilor o sum\u0103 de locuri \u0219i peisaje de o frumuse\u021be aparte, un ansamblu inedit de conace (gospod\u0103rii tradi\u021bionale autentice), monumente ale spiritualit\u0103\u021bii (M\u0103n\u0103stirile Lainici \u0219i Vi\u0219ina, Schitul Locurele) \u0219i un important Muzeu al Arhitecturii Populare Gorjene\u0219ti din Bumbe\u0219ti-Jiu, \u00een vecin\u0103tatea ariei naturale protejate. \u00centre atrac\u021biile turistice spectaculoase se reg\u0103sesc Sfinxul Lainicilor \u0219i Cascada Murga.<\/p>\n<p>M\u0103rcile po\u0219tale reproduc imagini ale faunei zonei: <strong>C\u0103prior <\/strong>(<em>Capreolus capreolus<\/em>), marca po\u0219tal\u0103 cu valoarea nominal\u0103 de <strong>4 lei<\/strong>.<\/p>\n<p><strong>Huhurez mare<\/strong> (<em>Strix uralensis<\/em>, familia Strigidae), marca po\u0219tal\u0103 cu valoare nominal\u0103 de <strong>8 lei<\/strong>.<\/p>\n<p><strong>R\u00e2s<\/strong> (<em>Lynx lynx<\/em>, familia Lynx), marca po\u0219tal\u0103 cu valoarea nominal\u0103 de <strong>10 lei<\/strong>.<\/p>\n<p><strong>Capra Neagr\u0103<\/strong> (<em>Rupicapra rupicapra<\/em>, familia Bovidae) marca po\u0219tal\u0103 cu valoare nominal\u0103 de <strong>14 lei<\/strong>.<\/p>\n<p>Grafica plicului \u201eprima zi\u201d reproduce imaginea cunoscutei cascade Murga din Mun\u021bii V\u00e2lcan.<\/p>\n<p>Imaginile peisajelor panoramice spectaculoase care m\u0103rginesc defileul Jiului sunt folosite \u00een concep\u021bia grafic\u0103, drept fundal armonizat pentru speciile de faun\u0103 \u0219i avifaun\u0103 prezentate pe m\u0103rcile po\u0219tale.<\/p>\n<p><em>Romfilatelia mul\u021bume\u0219te reprezentan\u021bilor Parcului Na\u021bional Defileul Jiului, pentru sprijinul documentar acordat la realizarea acestei emisiuni de m\u0103rci po\u0219tale. <\/em><\/p>\n<p><a href=\"https:\/\/www.romfilatelia.ro\/wp-content\/uploads\/2025\/08\/caract-e1754975910109.png\"><img decoding=\"async\" loading=\"lazy\" class=\" wp-image-2048921 aligncenter\" src=\"https:\/\/www.romfilatelia.ro\/wp-content\/uploads\/2025\/08\/caract-e1754975910109.png\" alt=\"\" width=\"1243\" height=\"716\" \/><\/a><\/p>\n","protected":false},"excerpt":{"rendered":"<p>Romfilatelia introduce \u00een circula\u021bie mar\u021bi, 12 august a.c. emisiunea filatelic\u0103 Parcuri Na\u021bionale. Defileul Jiului av\u00e2nd ca subiect elemente ale faunei din arealul natural al \u201eParcului Na\u021bional Defileul Jiului\u201d declarat arie protejat\u0103 \u00een anul 2005. Emisiunea este format\u0103 din patru m\u0103rci po\u0219tale \u0219i un plic \u201eprima zi\u201d. Cumul\u00e2nd o suprafa\u021b\u0103 de peste 11.000 de hectare, zona&hellip;&nbsp;<a href=\"https:\/\/romfilatelia.ro\/magazin\/produs\/colectii-anuale\/2025\/parcuri-nationale-defileul-jiului\/\" class=\"\" rel=\"bookmark\">Cite\u0219te mai mult &raquo;<span class=\"screen-reader-text\">Parcuri Na\u021bionale. Defileul Jiului<\/span><\/a><\/p>\n","protected":false},"featured_media":2036433,"template":"","meta":{"neve_meta_sidebar":"","neve_meta_container":"","neve_meta_enable_content_width":"off","neve_meta_content_width":100,"neve_meta_title_alignment":"","neve_meta_author_avatar":"","neve_post_elements_order":"","neve_meta_disable_header":"","neve_meta_disable_footer":"","neve_meta_disable_title":""},"product_cat":[340,6],"product_tag":[],"_links":{"self":[{"href":"https:\/\/romfilatelia.ro\/magazin\/wp-json\/wp\/v2\/product\/2036432"}],"collection":[{"href":"https:\/\/romfilatelia.ro\/magazin\/wp-json\/wp\/v2\/product"}],"about":[{"href":"https:\/\/romfilatelia.ro\/magazin\/wp-json\/wp\/v2\/types\/product"}],"wp:featuredmedia":[{"embeddable":true,"href":"https:\/\/romfilatelia.ro\/magazin\/wp-json\/wp\/v2\/media\/2036433"}],"wp:attachment":[{"href":"https:\/\/romfilatelia.ro\/magazin\/wp-json\/wp\/v2\/media?parent=2036432"}],"wp:term":[{"taxonomy":"product_cat","embeddable":true,"href":"https:\/\/romfilatelia.ro\/magazin\/wp-json\/wp\/v2\/product_cat?post=2036432"},{"taxonomy":"product_tag","embeddable":true,"href":"https:\/\/romfilatelia.ro\/magazin\/wp-json\/wp\/v2\/product_tag?post=2036432"}],"curies":[{"name":"wp","href":"https:\/\/api.w.org\/{rel}","templated":true}]}}