{"id":2036391,"date":"2025-07-31T10:23:22","date_gmt":"2025-07-31T08:23:22","guid":{"rendered":"https:\/\/romfilatelia.ro\/magazin\/?post_type=product&#038;p=2036391"},"modified":"2025-07-31T10:23:22","modified_gmt":"2025-07-31T08:23:22","slug":"galeria-de-arta-europeana-iasi","status":"publish","type":"product","link":"https:\/\/romfilatelia.ro\/magazin\/produs\/colectii-anuale\/2025\/galeria-de-arta-europeana-iasi\/","title":{"rendered":"Galeria de Art\u0103 European\u0103, Ia\u0219i"},"content":{"rendered":"<p><strong><a href=\"https:\/\/www.romfilatelia.ro\/wp-content\/uploads\/2025\/07\/SITE_mc_Galeria-eruopeana_Iasi.jpg\"><img decoding=\"async\" loading=\"lazy\" class=\"alignleft wp-image-2048869\" src=\"https:\/\/www.romfilatelia.ro\/wp-content\/uploads\/2025\/07\/SITE_mc_Galeria-eruopeana_Iasi.jpg\" alt=\"\" width=\"650\" height=\"645\" \/><\/a>Romfilatelia<\/strong> introduce \u00een circula\u021bie o emisiune de m\u0103rci po\u0219tale, <strong><em>Galeria de Art\u0103 European\u0103, Ia\u0219i, <\/em><\/strong>av\u00e2nd ca subiect arta plastic\u0103 universal\u0103. Imaginile reproduse apar\u021bin unor tablouri din patrimoniul Muzeului de Art\u0103 Ia\u0219i, panotate \u00eentr-un spa\u021biu special amenajat drept Galeria de Art\u0103 European\u0103.<\/p>\n<p>Emisiunea filatelic\u0103 compus\u0103 din patru m\u0103rci po\u0219tale, o coli\u021b\u0103 dantelat\u0103 \u0219i dou\u0103 plicuri \u201eprima zi\u201d, va fi pus\u0103 la dispozi\u021bia publicului \u0219i colec\u021bionarilor <em>vineri, 1 august a.c.<\/em><\/p>\n<p>\u00cenceputurile organiz\u0103rii unui Muzeu de Art\u0103 la Ia\u0219i se reg\u0103sesc \u00een anul 1846, c\u00e2nd revolu\u021bionarul pa\u0219optist Scarlat V\u00e2rnav a donat pentru Pinacoteca Moldovei dou\u0103sprezece picturi achizi\u021bionate din capitala Fran\u021bei, p\u0103strate p\u00e2n\u0103 \u00een anul 1860, c\u00e2nd este aprobat\u0103 oficial organizarea unui muzeu de art\u0103. Pinacoteca Na\u021bional\u0103, denumit\u0103 astfel \u00een anul 1865, a avut mai multe sedii provizorii: casele lui Constantin Teodor Ghica din Copou, \u0218coala central\u0103 de fete (azi Colegiul \u201eMihai Eminescu\u201d), vechea cl\u0103dire a Academiei Mih\u0103ilene. \u00cen anul 1957 Pinacoteca se mut\u0103 \u00een edificiul simbol al ora\u0219ului, Palatul Culturii din Ia\u0219i.<\/p>\n<p>\u00cen data de 26 octombrie 2024, la sediul Complexului Muzeal Na\u021bional \u201eMoldova\u201d, \u00een cadrul Muzeului de Art\u0103 s-a deschis pentru public Galeria de Art\u0103 European\u0103, expozi\u021bie cu caracter permanent, \u00een care se reg\u0103sesc optzeci de opere (pictur\u0103 \u0219i sculptur\u0103), aranjate dup\u0103 criteriul \u0219colilor na\u021bionale. Operele donate sunt atribuite unor arti\u0219ti celebri dintre care amintim: Peter Paul Rubens (\u201eCezar primind capul lui Pompei\u201d), Bartolom\u00e9 Esteban Murillo (\u201ePieta\u201d), Pietro Liberi (\u201eJudith \u0219i Holofern\u201d), Eustache Le Sueur (\u201ePhaeton\u201d), Henri Felix Emmanuel Philippoteaux (\u201eBerezina\u201d), Philippe de Champaigne (\u201eAutoportret\u201d) etc.<\/p>\n<p>Patrimoniul de art\u0103 european\u0103 al Muzeului de Art\u0103 s-a \u00eembog\u0103\u021bit treptat, urmare a dona\u021biilor, achizi\u021biilor \u0219i transferurilor.<\/p>\n<p>\u00cen anul 1963 Pinacoteca din Ia\u0219i a primit, prin transfer, un num\u0103r important de tablouri semnate de arti\u0219ti europeni, precum: Ricciarelli Daniele da Volterra, F\u00e9lix Ziem, Peter van Bloemen, J. Cornelisz Droochloot, Johann Roos, Albert Decker \u0219i al\u021bii.<\/p>\n<p>\u00cen cele cinci s\u0103li ale Galeriei de Art\u0103 European\u0103, Ia\u0219i, vizitatorii pot admira piese de mare rafinament, ale artei din Italia, Fran\u021ba, Spania, Olanda, Austria, Cehia, Germania, Rusia \u0219i Polonia.<\/p>\n<p>M\u0103rcile po\u0219tale reproduc imagini ale unor tablouri apar\u021bin\u00e2nd pictorilor <strong><em>Eustache Le Sueur <\/em><\/strong>(\u201ePhaeton\u201d, marca po\u0219tal\u0103 cu valoarea nominal\u0103 de <strong>3 Lei<\/strong>), <strong><em>Henri<\/em><\/strong> <strong><em>Felix Emmanuel Philippoteaux<\/em><\/strong> (\u201eBerezina\u201d, marca po\u0219tal\u0103 cu valoarea nominal\u0103 de <strong>5 Lei<\/strong>), <strong><em>Pietro Liberi<\/em><\/strong> (\u201eJudith \u0219i Holofern\u201d, marca po\u0219tal\u0103 cu valoarea nominal\u0103 de <strong>8 Lei<\/strong>) \u0219i <strong><em>Bartolom\u00e9 Esteban Murillo<\/em><\/strong> (\u201ePieta\u201d, marca po\u0219tal\u0103 cu valoarea nominal\u0103 de <strong>25 Lei<\/strong>).<\/p>\n<p>Marca po\u0219tal\u0103 a coli\u021bei filatelice dantelate (cu valoarea nominal\u0103 de <strong>30 Lei<\/strong>) reproduce opera lui <strong><em>Peter Paul Rubens <\/em><\/strong>\u201eCezar primind capul lui Pompei\u201d.<\/p>\n<p>De eviden\u021biat faptul c\u0103 pictura apar\u021bin\u00e2nd lui <strong><em>Peter Paul Rubens<\/em><\/strong>, reprezint\u0103 cel mai valoros tablou din patrimoniul muzeal na\u021bional cotat la peste 40 milioane de euro.<\/p>\n<p>Plicurile \u201eprima zi\u201d reproduc dou\u0103 exponate ale Galeriei de Art\u0103 Europene, Ia\u0219i apar\u021bin\u00e2nd sec\u021biilor de pictur\u0103 \u201eArt\u0103 austriac\u0103, german\u0103, polonez\u0103, rus\u0103\u201d \u0219i respectiv \u201ePictur\u0103 flamand\u0103 \u0219i neerlandez\u0103\u201d.<\/p>\n<p><em>Romfilatelia mul\u021bume\u0219te speciali\u0219tilor Complexului Muzeal Na\u021bional \u201eMoldova\u201d, Muzeului de Art\u0103 Ia\u0219i \u0219i Prim\u0103riei Municipiului Ia\u0219i, pentru sprijinul documentar acordat la realizarea acestei emisiuni de m\u0103rci po\u0219tale.<\/em><\/p>\n<p><a href=\"https:\/\/www.romfilatelia.ro\/wp-content\/uploads\/2025\/07\/caract_Galeria-de-arta-europeana-Iasi-2-e1753948498151.jpg\"><img decoding=\"async\" loading=\"lazy\" class=\"size-full wp-image-2048870 aligncenter\" src=\"https:\/\/www.romfilatelia.ro\/wp-content\/uploads\/2025\/07\/caract_Galeria-de-arta-europeana-Iasi-2-e1753948498151.jpg\" alt=\"\" width=\"1500\" height=\"1074\" \/><\/a><\/p>\n","protected":false},"excerpt":{"rendered":"<p>Romfilatelia introduce \u00een circula\u021bie o emisiune de m\u0103rci po\u0219tale, Galeria de Art\u0103 European\u0103, Ia\u0219i, av\u00e2nd ca subiect arta plastic\u0103 universal\u0103. Imaginile reproduse apar\u021bin unor tablouri din patrimoniul Muzeului de Art\u0103 Ia\u0219i, panotate \u00eentr-un spa\u021biu special amenajat drept Galeria de Art\u0103 European\u0103. Emisiunea filatelic\u0103 compus\u0103 din patru m\u0103rci po\u0219tale, o coli\u021b\u0103 dantelat\u0103 \u0219i dou\u0103 plicuri \u201eprima&hellip;&nbsp;<a href=\"https:\/\/romfilatelia.ro\/magazin\/produs\/colectii-anuale\/2025\/galeria-de-arta-europeana-iasi\/\" class=\"\" rel=\"bookmark\">Cite\u0219te mai mult &raquo;<span class=\"screen-reader-text\">Galeria de Art\u0103 European\u0103, Ia\u0219i<\/span><\/a><\/p>\n","protected":false},"featured_media":2036392,"template":"","meta":{"neve_meta_sidebar":"","neve_meta_container":"","neve_meta_enable_content_width":"off","neve_meta_content_width":100,"neve_meta_title_alignment":"","neve_meta_author_avatar":"","neve_post_elements_order":"","neve_meta_disable_header":"","neve_meta_disable_footer":"","neve_meta_disable_title":""},"product_cat":[340,6],"product_tag":[],"_links":{"self":[{"href":"https:\/\/romfilatelia.ro\/magazin\/wp-json\/wp\/v2\/product\/2036391"}],"collection":[{"href":"https:\/\/romfilatelia.ro\/magazin\/wp-json\/wp\/v2\/product"}],"about":[{"href":"https:\/\/romfilatelia.ro\/magazin\/wp-json\/wp\/v2\/types\/product"}],"wp:featuredmedia":[{"embeddable":true,"href":"https:\/\/romfilatelia.ro\/magazin\/wp-json\/wp\/v2\/media\/2036392"}],"wp:attachment":[{"href":"https:\/\/romfilatelia.ro\/magazin\/wp-json\/wp\/v2\/media?parent=2036391"}],"wp:term":[{"taxonomy":"product_cat","embeddable":true,"href":"https:\/\/romfilatelia.ro\/magazin\/wp-json\/wp\/v2\/product_cat?post=2036391"},{"taxonomy":"product_tag","embeddable":true,"href":"https:\/\/romfilatelia.ro\/magazin\/wp-json\/wp\/v2\/product_tag?post=2036391"}],"curies":[{"name":"wp","href":"https:\/\/api.w.org\/{rel}","templated":true}]}}