{"id":2036333,"date":"2025-07-23T14:41:18","date_gmt":"2025-07-23T12:41:18","guid":{"rendered":"https:\/\/romfilatelia.ro\/magazin\/?post_type=product&#038;p=2036333"},"modified":"2025-07-23T14:49:08","modified_gmt":"2025-07-23T12:49:08","slug":"devotament-regal","status":"publish","type":"product","link":"https:\/\/romfilatelia.ro\/magazin\/produs\/colectii-anuale\/2025\/devotament-regal\/","title":{"rendered":"DEVOTAMENT REGAL"},"content":{"rendered":"<p><a href=\"https:\/\/romfilatelia.ro\/magazin\/wp-content\/uploads\/2025\/07\/SITE_mc_Devotament-regal-1.jpg\"><img decoding=\"async\" loading=\"lazy\" class=\"alignleft wp-image-2036334 size-medium\" src=\"https:\/\/romfilatelia.ro\/magazin\/wp-content\/uploads\/2025\/07\/SITE_mc_Devotament-regal-1-290x300.jpg\" alt=\"\" width=\"290\" height=\"300\" srcset=\"https:\/\/romfilatelia.ro\/magazin\/wp-content\/uploads\/2025\/07\/SITE_mc_Devotament-regal-1-290x300.jpg 290w, https:\/\/romfilatelia.ro\/magazin\/wp-content\/uploads\/2025\/07\/SITE_mc_Devotament-regal-1-768x793.jpg 768w, https:\/\/romfilatelia.ro\/magazin\/wp-content\/uploads\/2025\/07\/SITE_mc_Devotament-regal-1-500x516.jpg 500w, https:\/\/romfilatelia.ro\/magazin\/wp-content\/uploads\/2025\/07\/SITE_mc_Devotament-regal-1-64x66.jpg 64w, https:\/\/romfilatelia.ro\/magazin\/wp-content\/uploads\/2025\/07\/SITE_mc_Devotament-regal-1.jpg 1433w\" sizes=\"(max-width: 290px) 100vw, 290px\" \/><\/a>O emisiune cu un subiect original prezentat sub titlul <strong><em>Devotament regal<\/em><\/strong> va fi introdus\u0103 \u00een circula\u021bie de Romfilatelia joi, 24 iulie a. c. Este compus\u0103 din patru m\u0103rci po\u0219tale, un plic prima zi, 4 c\u0103r\u021bi maxime pentru pasiona\u021bii de maximafilie \u0219i o map\u0103 filatelic\u0103 cu produs special \u00een tiraj limitat.<\/p>\n<p>\u00cen istoria civiliza\u021biei, c\u00e2inele \u00eenregistreaz\u0103 un parcurs fascinant \u00een rela\u021bia sa cu omul, ajung\u00e2nd ca \u00een zilele noastre s\u0103 fie prezentat ca personaj celebru al literaturii \u0219i cinematografiei, av\u00e2nd printre semenii lui exemplare care ne-au dat adev\u0103rate lec\u021bii de via\u021b\u0103 despre ceea ce \u00eenseamn\u0103 loialitate, devotament \u0219i dragoste. C\u00e2inele iube\u0219te cel mai mult omul, fiind \u00eenzestrat cu numeroase calit\u0103\u021bi. O reputat\u0103 romancier\u0103 american\u0103, Agnes Sligh Turnbull, afirma: \u201eVia\u021ba c\u00e2inilor este foarte scurt\u0103. De fapt singurul defect pe care \u00eel au\u201d.<\/p>\n<p>C\u00e2inii sunt observatori aten\u021bi \u0219i atunci c\u00e2nd st\u0103p\u00e2nii lor sunt afecta\u021bi de triste\u021be sau de boal\u0103, ei se implic\u0103 activ drept p\u0103rta\u0219i la ajutor \u0219i alinare. Dar ceea ce r\u0103m\u00e2ne ca o valoare universal\u0103 a comportamentului lor este ata\u0219amentul \u0219i devotamentul. Dintre miile de \u00eent\u00e2mpl\u0103ri care sus\u021bin afirma\u021bia, prezent\u0103m doar una.<\/p>\n<p>\u00cen gara japonez\u0103 Shibuya, o statuie imortalizeaz\u0103 un c\u00e2ine, Hachiko, simbol al loialit\u0103\u021bii \u0219i iubirii. C\u00e2inele \u00ee\u0219i a\u0219tepta st\u0103p\u00e2nul \u00een fiecare zi, pe peron, c\u00e2nd acesta revenea de la serviciu. Ani de-a r\u00e2ndul p\u00e2n\u0103 c\u00e2nd acesta nu s-a mai \u00eentors, fiind decedat ca urmare a unei hemoragii cerebrale. Timp de 10 ani, p\u00e2n\u0103 c\u00e2nd a murit de b\u0103tr\u00e2ne\u021be, Hachiko \u0219i-a a\u0219teptat st\u0103p\u00e2nul, \u00een acela\u0219i loc, pe peronul sta\u021biei.<\/p>\n<p>Desigur, trebuie s\u0103 vorbim \u0219i de obliga\u021bia oamenilor\u00a0 fa\u021b\u0103 de acest animal inteligent. Cum se realizeaz\u0103 aceasta? R\u0103spunsul ni-l d\u0103 un erudit american, Richard Friedman: <em>\u201eCu banii po\u021bi cump\u0103ra un c\u00e2ine minunat, dar numai dragostea \u00eel poate face s\u0103 dea din coad\u0103.\u201d <\/em><em>\u00a0<\/em><\/p>\n<p>\u00cen familiile regale, c\u00e2inii au avut o prezen\u021b\u0103 important\u0103, fiind nu doar animale de companie, ci \u0219i simboluri ale statutului social \u0219i afec\u021biunii personale. Al\u0103turi de companie, c\u00e2inii ofereau bucurie \u0219i alinare \u00een via\u021ba st\u0103p\u00e2nilor lor, adesea tr\u0103it\u0103 \u00een izolare. C\u00e2inii erau prezen\u021bi la evenimente sociale \u0219i ceremonii, contribuind la imaginea public\u0103 a monarhilor.<\/p>\n<p>\u00cen existen\u021ba membrilor familiei dinastice a Rom\u00e2niei, prezen\u021ba c\u00e2inilor a fost remarcat\u0103 \u0219i imortalizat\u0103 \u00een numeroase fotografii de epoc\u0103. Este \u0219tiut c\u0103 o ras\u0103 de c\u00e2ini unanim agreat\u0103 era cea cunoscut\u0103 sub numele de \u201eCavalier\u201d (<em>Cavalier King Charles Spaniel<\/em>).<\/p>\n<p>C\u00e2inii rasei erau deosebit de afectuo\u0219i \u0219i puternic ata\u0219a\u021bi de st\u0103p\u00e2nii lor. \u00cen afara acestei rase, Regina Maria era str\u00e2ns ata\u0219at\u0103 de rasa de ogari Barzoi (c\u00e2ine iute, rapid \u00een limba slavon\u0103).<\/p>\n<p>Prelu\u00e2nd de la bunica sa dragostea pentru c\u00e2ini, Regele Mihai era pasionat deopotriv\u0103 de ciob\u0103nescul german, dogul german, Saint-Bernard \u0219i cockerul &#8211; spaniel. Despre c\u00e2inii Reginei Ana se \u0219tie c\u0103 ultimii r\u0103ma\u0219i \u00een Elve\u021bia apar\u021bineau rasei Chihuahua.<\/p>\n<p>Cele patru m\u0103rci po\u0219tale ale emisiunii ilustreaz\u0103 sugestiv sentimentele de ata\u0219ament \u0219i dragoste ale membrilor Casei Regale a Rom\u00e2niei fa\u021b\u0103 de cele mai devotate animale prezente la curtea regal\u0103. Regele Ferdinand I (marca po\u0219tal\u0103 cu valoarea nominal\u0103 de <strong>3 Lei<\/strong>), Regina Maria (marca po\u0219tal\u0103 cu valoarea nominal\u0103 de <strong>6,50 Lei<\/strong>), Regele Mihai I (marca po\u0219tal\u0103 cu valoarea nominal\u0103 de <strong>11 Lei<\/strong>) \u0219i Regina Ana (marca po\u0219tal\u0103 cu valoarea nominal\u0103 de <strong>14 Lei<\/strong>), apar \u00een imaginile m\u0103rcilor po\u0219tale, \u00een ipostazele surprinse de fotografii vremii, al\u0103turi de animalele lor preferate. F\u0103r\u0103 a avea inten\u021bia de a eviden\u021bia \u00een mod deosebit rasele canine imortalizate, m\u0103rcile po\u0219tale ale acestei emisiuni creeaz\u0103 o atmosfer\u0103 emo\u021bionant\u0103 \u0219i dovedesc ceea ce este acceptat \u00een unanimitate: \u201eC\u00e2inele este cel mai bun prieten al omului.\u201d<\/p>\n<p>Plicul \u201eprima zi\u201d reproduce o fotografie cu o imagine definitorie \u00een care c\u00e2inele de companie este flancat de Regina-mam\u0103 Elena \u0219i Regele-copil Mihai I.<\/p>\n<p>Prin accesarea codului QR de pe minicolile cu timbre ve\u021bi descoperi povestea emisiunii filatelice <strong><em>Devotament regal.<\/em><\/strong><em>\u00a0<\/em><\/p>\n<p><em>Romfilatelia mul\u021bume\u0219te reprezentan\u021bilor Bibliotecii Academiei Rom\u00e2ne, Casei Regale a Rom\u00e2niei, Muzeului Na\u021bional Pele\u0219<\/em> <em>\u0219i<\/em> <em>Arhivelor Na\u021bionale ale Rom\u00e2niei pentru sprijinul documentar acordat la realizarea acestei emisiuni de m\u0103rci po\u0219tale.<br \/>\n<\/em><\/p>\n<p><a href=\"https:\/\/romfilatelia.ro\/magazin\/wp-content\/uploads\/2025\/07\/caract_Devotament-regal.jpg\"><img decoding=\"async\" loading=\"lazy\" class=\"aligncenter wp-image-2036335 size-full\" src=\"https:\/\/romfilatelia.ro\/magazin\/wp-content\/uploads\/2025\/07\/caract_Devotament-regal.jpg\" alt=\"\" width=\"1677\" height=\"1465\" srcset=\"https:\/\/romfilatelia.ro\/magazin\/wp-content\/uploads\/2025\/07\/caract_Devotament-regal.jpg 1677w, https:\/\/romfilatelia.ro\/magazin\/wp-content\/uploads\/2025\/07\/caract_Devotament-regal-300x262.jpg 300w, https:\/\/romfilatelia.ro\/magazin\/wp-content\/uploads\/2025\/07\/caract_Devotament-regal-768x671.jpg 768w, https:\/\/romfilatelia.ro\/magazin\/wp-content\/uploads\/2025\/07\/caract_Devotament-regal-1536x1342.jpg 1536w, https:\/\/romfilatelia.ro\/magazin\/wp-content\/uploads\/2025\/07\/caract_Devotament-regal-500x437.jpg 500w, https:\/\/romfilatelia.ro\/magazin\/wp-content\/uploads\/2025\/07\/caract_Devotament-regal-64x56.jpg 64w\" sizes=\"(max-width: 1677px) 100vw, 1677px\" \/><\/a><\/p>\n","protected":false},"excerpt":{"rendered":"<p>O emisiune cu un subiect original prezentat sub titlul Devotament regal va fi introdus\u0103 \u00een circula\u021bie de Romfilatelia joi, 24 iulie a. c. Este compus\u0103 din patru m\u0103rci po\u0219tale, un plic prima zi, 4 c\u0103r\u021bi maxime pentru pasiona\u021bii de maximafilie \u0219i o map\u0103 filatelic\u0103 cu produs special \u00een tiraj limitat. \u00cen istoria civiliza\u021biei, c\u00e2inele \u00eenregistreaz\u0103&hellip;&nbsp;<a href=\"https:\/\/romfilatelia.ro\/magazin\/produs\/colectii-anuale\/2025\/devotament-regal\/\" class=\"\" rel=\"bookmark\">Cite\u0219te mai mult &raquo;<span class=\"screen-reader-text\">DEVOTAMENT REGAL<\/span><\/a><\/p>\n","protected":false},"featured_media":2036336,"template":"","meta":{"neve_meta_sidebar":"","neve_meta_container":"","neve_meta_enable_content_width":"off","neve_meta_content_width":100,"neve_meta_title_alignment":"","neve_meta_author_avatar":"","neve_post_elements_order":"","neve_meta_disable_header":"","neve_meta_disable_footer":"","neve_meta_disable_title":""},"product_cat":[340,6],"product_tag":[],"_links":{"self":[{"href":"https:\/\/romfilatelia.ro\/magazin\/wp-json\/wp\/v2\/product\/2036333"}],"collection":[{"href":"https:\/\/romfilatelia.ro\/magazin\/wp-json\/wp\/v2\/product"}],"about":[{"href":"https:\/\/romfilatelia.ro\/magazin\/wp-json\/wp\/v2\/types\/product"}],"wp:featuredmedia":[{"embeddable":true,"href":"https:\/\/romfilatelia.ro\/magazin\/wp-json\/wp\/v2\/media\/2036336"}],"wp:attachment":[{"href":"https:\/\/romfilatelia.ro\/magazin\/wp-json\/wp\/v2\/media?parent=2036333"}],"wp:term":[{"taxonomy":"product_cat","embeddable":true,"href":"https:\/\/romfilatelia.ro\/magazin\/wp-json\/wp\/v2\/product_cat?post=2036333"},{"taxonomy":"product_tag","embeddable":true,"href":"https:\/\/romfilatelia.ro\/magazin\/wp-json\/wp\/v2\/product_tag?post=2036333"}],"curies":[{"name":"wp","href":"https:\/\/api.w.org\/{rel}","templated":true}]}}