{"id":2036312,"date":"2025-07-17T09:52:51","date_gmt":"2025-07-17T07:52:51","guid":{"rendered":"https:\/\/romfilatelia.ro\/magazin\/?post_type=product&#038;p=2036312"},"modified":"2025-07-17T09:52:52","modified_gmt":"2025-07-17T07:52:52","slug":"pictori-impresionisti-ion-andreescu","status":"publish","type":"product","link":"https:\/\/romfilatelia.ro\/magazin\/produs\/colectii-anuale\/2025\/pictori-impresionisti-ion-andreescu\/","title":{"rendered":"PICTORI IMPRESIONI\u0218TI. ION ANDREESCU"},"content":{"rendered":"<p><strong><a href=\"https:\/\/www.romfilatelia.ro\/wp-content\/uploads\/2025\/07\/SITE_mc_Pictori-impresionisti-e1752736285320.jpg\"><img decoding=\"async\" loading=\"lazy\" class=\"size-full wp-image-2048801 alignleft\" src=\"https:\/\/www.romfilatelia.ro\/wp-content\/uploads\/2025\/07\/SITE_mc_Pictori-impresionisti-e1752736285320.jpg\" alt=\"\" width=\"650\" height=\"612\" \/><\/a>Romfilatelia<\/strong> introduce \u00een circula\u021bie <em>vineri, 18 iulie a.c.<\/em> o emisiune filatelic\u0103 dedicat\u0103 unui reprezentant de frunte al artei plastice rom\u00e2ne\u0219ti, Ion Andreescu. Sub titulatura <strong><em>Pictori impresioni\u0219ti. Ion Andreescu<\/em><\/strong>, emisiunea este compus\u0103 din patru m\u0103rci po\u0219tale \u0219i dou\u0103 plicuri \u201eprima zi\u201d.<\/p>\n<p>N\u0103scut la 15 februarie 1850, la Bucure\u0219ti, Ion Andreescu a urmat, pe r\u00e2nd, cursul primar la pensionul particular al lui Andreas Apostolas, Gimnaziul \u201eGheorghe Laz\u0103r\u201d \u0219i Liceul \u201eSf\u00e2ntul Sava\u201d din Bucure\u0219ti. \u00cencep\u00e2nd cu anul 1869, este cursant al \u201e\u0218colii de Arte Frumoase\u201d, condus\u0103 de Theodor Aman.<\/p>\n<p>Dup\u0103 absolvire, \u00een anul 1872, Ion Andreescu devine profesor de Desen liniar \u0219i Caligrafie la Seminarul Teologic din Buz\u0103u care era condus de Episcopul Dionisie Romano, cunoscut c\u0103rturar \u0219i ctitor de \u0219coal\u0103 rom\u00e2neasc\u0103, doritor s\u0103 aib\u0103 \u00een \u0219coli pe cei mai preg\u0103ti\u021bi profesori.<\/p>\n<p>Dintre cei zece profesori ai Seminarului, Ion Andreescu este perceput, la cei 22 de ani, drept un t\u00e2n\u0103r cu studii str\u0103lucite \u0219i mari calit\u0103\u021bi artistice.<\/p>\n<p>\u00cen completarea normei didactice, va preda din 1873 la Gimnaziul \u201eTudor Vladimirescu\u201d \u0219i din 1875 la \u0218coala de Meserii a ora\u0219ului Buz\u0103u. Perioada de profesorat coincide cu perioada debutului \u0219i form\u0103rii sale ca pictor, realiz\u00e2nd pe meleagurile buzoiene unele dintre cele mai cunoscute lucr\u0103ri ale sale, printre care <strong><em>Stejarul<\/em>, <em>B\u00e2lci de Dr\u0103gaic\u0103<\/em>, <em>Pia\u021b\u0103 la Buz\u0103u<\/em>, <em>Strad\u0103 \u00een Buz\u0103u<\/em><\/strong>.<\/p>\n<p>Caracteriz\u00e2nd activitatea pictorului, \u00een perioada sa de formare, \u00een atmosfera peisajelor buzoiene, marele critic de art\u0103 Henri Focillon \u00eel descrie pe Andreescu ca \u201eacest modest profesor de desen ce avea din plin\u00a0 darurile poetului \u0219i ale pictorului\u201d.<\/p>\n<p>La sf\u00e2r\u0219itul anului 1878, pictorul pleac\u0103 la Paris ca bursier, unde a frecventat cursurile Academiei \u201eJulian\u201d. \u00cen mai 1879, particip\u0103 la Salonul din Paris cu dou\u0103 lucr\u0103ri: \u201e\u00cenceputul prim\u0103verii\u201d \u0219i \u201eB\u00e2lci \u00een Rom\u00e2nia\u201d. Dup\u0103 \u00eenchiderea Salonului, a plecat la Barbizon unde a lucrat al\u0103turi de Grigorescu.<\/p>\n<p>Un an mai t\u00e2rziu particip\u0103 din nou la Salonul din Paris cu dou\u0103 lucr\u0103ri: \u201eDrumul mare\u201d \u0219i \u201eP\u0103durea de fagi \u201d(tablou cump\u0103rat de Take Ionescu).<\/p>\n<p>\u00cen critica de specialitate se apreciaz\u0103 faptul c\u0103 pictura \u00een aer liber a lui Andreescu este cea care a f\u0103cut leg\u0103tura \u00eentre peisagistica barbizonist\u0103 \u0219i impresionismul deplin configurat.<\/p>\n<p>O expozi\u021bie deschis\u0103 \u00een prim\u0103vara anului 1882 poate fi considerat\u0103 singura retrospectiv\u0103 ampl\u0103 a crea\u021biei lui, ce a avut loc \u00een timpul vie\u021bii artistului, la care au fost expuse 60 de lucr\u0103ri, achizi\u021bionate mai apoi de stat\u00a0 \u0219i de colec\u021bionari priva\u021bi.<\/p>\n<p>Pictorul s-a stins din via\u021b\u0103 \u00een 1882, la numai 32 de ani, bolnav de ftizie.<\/p>\n<p>M\u0103rcile po\u0219tale ale emisiunii filatelice reproduc patru lucr\u0103ri ale pictorului Ion Andreescu aflate \u00een patrimoniul Muzeului Na\u021bional de Art\u0103 al Rom\u00e2niei (<strong><em>Cus\u0103torese \u00een p\u0103dure<\/em><\/strong>, valoarea nominal\u0103 <strong>8 lei<\/strong>, <strong><em>Ulcic\u0103 cu tuf\u0103nele<\/em><\/strong>, valoarea nominal\u0103 <strong>11 lei<\/strong>); \u00een Muzeul Municipiului Bucure\u0219ti <strong><em>Cap de t\u00e2n\u0103r<\/em><\/strong>, (valoarea nominal\u0103 <strong>6 lei<\/strong>) \u0219i \u00een Muzeul de Art\u0103 \u201eIon Ionescu Quintus\u201d (<strong><em>Ghiveci cu Garoafe<\/em><\/strong>, valoarea nominal\u0103 de <strong>5 Lei<\/strong>).<\/p>\n<p>Plicurile \u201eprima zi\u201d asorteaz\u0103 \u00een fundalurile ce reproduc tablourile <strong><em>C\u00e2mp \u00een amurg<\/em><\/strong> \u0219i <strong><em>T\u00e2rg la Buz\u0103u<\/em><\/strong> (aflate \u00een patrimoniul Muzeului de Art\u0103 \u201eIon Ionescu Quintus\u201d \u2013\u00a0 Prahova) \u2013 dou\u0103 m\u0103rci po\u0219tale, emise \u00een anul 1972 \u0219i 1975 cu dou\u0103 autoportrete.<\/p>\n<p><em>Romfilatelia mul\u021bume\u0219te reprezentan\u021bilor Muzeului Na\u021bional de Art\u0103 al Rom\u00e2niei, Muzeului Municipiului Bucure\u0219ti \u0219i ai Muzeului de Art\u0103 \u201eIon Ionescu Quintus, pentru sprijinul documentar acordat la realizarea acestei emisiuni de m\u0103rci po\u0219tale<\/em><\/p>\n<p><a href=\"https:\/\/www.romfilatelia.ro\/wp-content\/uploads\/2025\/07\/caract_Pictori-impresionisti.-Ion-Andreescu-e1752736375629.jpg\"><img decoding=\"async\" loading=\"lazy\" class=\"size-full wp-image-2048802 aligncenter\" src=\"https:\/\/www.romfilatelia.ro\/wp-content\/uploads\/2025\/07\/caract_Pictori-impresionisti.-Ion-Andreescu-e1752736375629.jpg\" alt=\"\" width=\"1000\" height=\"621\" \/><\/a><\/p>\n","protected":false},"excerpt":{"rendered":"<p>Romfilatelia introduce \u00een circula\u021bie vineri, 18 iulie a.c. o emisiune filatelic\u0103 dedicat\u0103 unui reprezentant de frunte al artei plastice rom\u00e2ne\u0219ti, Ion Andreescu. Sub titulatura Pictori impresioni\u0219ti. Ion Andreescu, emisiunea este compus\u0103 din patru m\u0103rci po\u0219tale \u0219i dou\u0103 plicuri \u201eprima zi\u201d. N\u0103scut la 15 februarie 1850, la Bucure\u0219ti, Ion Andreescu a urmat, pe r\u00e2nd, cursul primar&hellip;&nbsp;<a href=\"https:\/\/romfilatelia.ro\/magazin\/produs\/colectii-anuale\/2025\/pictori-impresionisti-ion-andreescu\/\" class=\"\" rel=\"bookmark\">Cite\u0219te mai mult &raquo;<span class=\"screen-reader-text\">PICTORI IMPRESIONI\u0218TI. ION ANDREESCU<\/span><\/a><\/p>\n","protected":false},"featured_media":2036313,"template":"","meta":{"neve_meta_sidebar":"","neve_meta_container":"","neve_meta_enable_content_width":"off","neve_meta_content_width":100,"neve_meta_title_alignment":"","neve_meta_author_avatar":"","neve_post_elements_order":"","neve_meta_disable_header":"","neve_meta_disable_footer":"","neve_meta_disable_title":""},"product_cat":[340,6],"product_tag":[],"_links":{"self":[{"href":"https:\/\/romfilatelia.ro\/magazin\/wp-json\/wp\/v2\/product\/2036312"}],"collection":[{"href":"https:\/\/romfilatelia.ro\/magazin\/wp-json\/wp\/v2\/product"}],"about":[{"href":"https:\/\/romfilatelia.ro\/magazin\/wp-json\/wp\/v2\/types\/product"}],"wp:featuredmedia":[{"embeddable":true,"href":"https:\/\/romfilatelia.ro\/magazin\/wp-json\/wp\/v2\/media\/2036313"}],"wp:attachment":[{"href":"https:\/\/romfilatelia.ro\/magazin\/wp-json\/wp\/v2\/media?parent=2036312"}],"wp:term":[{"taxonomy":"product_cat","embeddable":true,"href":"https:\/\/romfilatelia.ro\/magazin\/wp-json\/wp\/v2\/product_cat?post=2036312"},{"taxonomy":"product_tag","embeddable":true,"href":"https:\/\/romfilatelia.ro\/magazin\/wp-json\/wp\/v2\/product_tag?post=2036312"}],"curies":[{"name":"wp","href":"https:\/\/api.w.org\/{rel}","templated":true}]}}