{"id":2036279,"date":"2025-07-14T08:38:49","date_gmt":"2025-07-14T06:38:49","guid":{"rendered":"https:\/\/romfilatelia.ro\/magazin\/?post_type=product&#038;p=2036279"},"modified":"2025-07-14T08:38:49","modified_gmt":"2025-07-14T06:38:49","slug":"ziua-marcii-postale-romanesti-regina-maria-a-romaniei","status":"publish","type":"product","link":"https:\/\/romfilatelia.ro\/magazin\/produs\/colectii-anuale\/2025\/ziua-marcii-postale-romanesti-regina-maria-a-romaniei\/","title":{"rendered":"ZIUA M\u0102RCII PO\u0218TALE ROM\u00c2NE\u0218TI. REGINA MARIA A ROM\u00c2NIEI"},"content":{"rendered":"<p><strong><a href=\"https:\/\/www.romfilatelia.ro\/wp-content\/uploads\/2025\/07\/SITE_mc_ZMPR_Reg-Maria-a-Romaniei.jpg\"><img decoding=\"async\" loading=\"lazy\" class=\"alignleft wp-image-2048756\" src=\"https:\/\/www.romfilatelia.ro\/wp-content\/uploads\/2025\/07\/SITE_mc_ZMPR_Reg-Maria-a-Romaniei.jpg\" alt=\"\" width=\"700\" height=\"573\" \/><\/a>Ziua M\u0103rcii Po\u0219tale Rom\u00e2ne\u0219ti<\/strong> este s\u0103rb\u0103torit\u0103 pe 15 iulie, conform Legii nr. 62\/2024. Aceast\u0103 dat\u0103 marcheaz\u0103 apari\u021bia primului timbru po\u0219tal rom\u00e2nesc, \u201eCapul de bour\u201d, tip\u0103rit la Ia\u0219i, la 15 iulie 1858, sub egida Po\u0219tei Domne\u0219ti a Principatului Moldovei. Al\u0103turi de alte simboluri na\u021bionale, timbrul po\u0219tal a devenit un simbol identitar al activit\u0103\u021bii social-politice, economice \u0219i culturale a Rom\u00e2niei. De-a lungul timpului, a promovat personalit\u0103\u021bi, evenimente \u0219i realiz\u0103ri rom\u00e2ne\u0219ti pe plan intern \u0219i interna\u021bional. Astfel, marca po\u0219tal\u0103 rom\u00e2neasc\u0103 s-a impus ca un reper valoros al patrimoniului cultural \u0219i spiritual na\u021bional.<\/p>\n<p>Produsul filatelic special din acest an, realizat pentru a marca <strong>Ziua M\u0103rcii Po\u0219tale Rom\u00e2ne\u0219ti,<\/strong> este dedicat singurei Regine \u00eencoronate a Rom\u00e2niei Mari, de la a c\u0103rei na\u0219tere se \u00eemplinesc 150 de ani.<\/p>\n<p><strong>Romfilatelia<\/strong> introduce \u00een circula\u021bie <em>mar\u021bi, 15 iulie a.c.<\/em> emisiunea filatelic\u0103 <strong><em>Ziua M\u0103rcii Po\u0219tale Rom\u00e2ne\u0219ti. Regina Maria a Rom\u00e2niei<\/em><\/strong>. Emisiunea este format\u0103 din o marc\u0103 po\u0219tal\u0103, o coli\u021b\u0103 filatelic\u0103 nedantelat\u0103 \u0219i un plic \u201eprima zi\u201d, la care se adaug\u0103 \u0219i o map\u0103 filatelic\u0103 special\u0103 \u00een tiraj limitat.<\/p>\n<p>Maria Alexandra Victoria de Saxa-Coburg \u0219i Gotha, Principes\u0103 a Marii Britanii \u0219i Irlandei, s-a n\u0103scut pe 29 octombrie 1875 la Eastwell Park, Kent, Marea Britanie. Tat\u0103l, Alfred, Duce de Edinburgh era cel de-al doilea fiu al Reginei Victoria a Marii Britanii, iar mama, Marea Duces\u0103 Maria Alexandrovna Romanova era fiica \u021aarului Alexandru al II-lea al Rusiei.<\/p>\n<p>Aranjamente \u021bin\u00e2nd de statutul caselor regale fac ca \u00een anul 1892, c\u00e2nd Maria avea 17 ani, viitorul Rege Ferdinand I \u0219i frumoasa principes\u0103 s\u0103 se logodeasc\u0103. C\u0103s\u0103toria a avut loc la 10 ianuarie 1893, la Sigmaringen, martor al unirii fiind chiar \u00eemp\u0103ratul Germaniei Wilhelm al II-lea.<\/p>\n<p>\u00cen Rom\u00e2nia, p\u00e2n\u0103 \u00een anul c\u00e2nd va fi Regin\u0103 (1914) Maria devine mam\u0103 a \u0219ase copii: Carol (1893), Elisabeta (1894), Maria (1900), Nicolae (1903), Ileana (1909), Mircea (1913). Despre ei Regina spune: \u201eCopiii mei erau punctul central al vie\u021bii mele. Femeile din rasa mea sunt mame p\u0103tima\u0219e \u0219i nu ne putem \u00eenchipui lumea f\u0103r\u0103 copii.\u201d<\/p>\n<p>\u00cen calitate de suveran\u0103, Regina Maria a cucerit inimile tuturor rom\u00e2nilor prin naturale\u021be, elegan\u021b\u0103 \u0219i inteligen\u021b\u0103, prin d\u0103ruire \u0219i bun\u0103tate, dar mai presus de toate, prin iubirea fa\u021b\u0103 de \u021bara sa. A \u0219tiut \u00eentotdeauna s\u0103 se fac\u0103 remarcat\u0103, apreciat\u0103 \u0219i \u00eendr\u0103git\u0103. Aprecia \u00een mod deosebit costumul popular pe care \u00eel purta adesea la ceremoniile publice \u0219i c\u0103l\u0103toriile \u00een \u021bar\u0103.<\/p>\n<p>Prezen\u021ba sa activ\u0103 pe frontul din Moldova (1917-1918), precum \u0219i implicarea direct\u0103 a suveranei \u00een spitalele de campanie pentru a \u00eengriji r\u0103ni\u021bii i-au conferit dou\u0103 nume cunoscute \u0219i \u00een afara grani\u021belor \u021b\u0103rii: \u201eRegina soldat\u201d \u0219i \u201eMama r\u0103ni\u021bilor\u201d. Rolul ei \u00een f\u0103urirea Rom\u00e2niei \u00centregite este astfel definit de un cunoscut politician al vremii, Constantin Argetoianu: \u201e&#8230;a \u00eentrupat aspira\u021biile cele mai \u00eenalte ale con\u0219tiin\u021bei rom\u00e2ne\u0219ti. Prin modul cum a influen\u021bat \u00een 1916 intrarea Rom\u00e2niei \u00een r\u0103zboi \u0219i din nou \u00een 1918, c\u00e2nd aproape numai datorit\u0103 ei, Regele Ferdinand I nu a ratificat dezastruoasa pace de la Bucure\u0219ti, Regina s-a a\u0219ezat ca ctitori\u021b\u0103 a Rom\u00e2niei \u00centregite \u0219i ca una din cele mai mari figuri ale istoriei noastre na\u021bionale\u201d.<\/p>\n<p>Regina s-a stins din via\u021b\u0103 la data de 18 iulie 1938 la Castelul Peli\u0219or. Ne-au r\u0103mas ca amintire frumoasele cuvinte scrise \u00een testamentul s\u0103u: \u201efrumoas\u0103 \u021bar\u0103 pe care am visat-o \u00eentregit\u0103, a c\u0103rei soart\u0103 am \u00eemp\u0103rt\u0103\u0219it-o at\u00e2\u021bia ani, al c\u0103rei vis str\u0103mo\u0219esc l-am visat \u0219i eu \u0219i mi-a fost \u00eeng\u0103duit s\u0103-l v\u0103d \u00eemplinit. Fii tu ve\u0219nic \u00eembel\u0219ugat\u0103, fii tu mare \u0219i plin\u0103 de cinste, s\u0103 stai ve\u0219nic falnic\u0103 printre alte na\u021biuni, s\u0103 fii cinstit\u0103, iubit\u0103 \u0219i priceput\u0103\u201d.<\/p>\n<p>Marca po\u0219tal\u0103 (valoare nominal\u0103 de <strong>14 Lei<\/strong>), coli\u021ba filatelic\u0103 (cu timbrul av\u00e2nd valoarea nominal\u0103 de <strong>30 Lei<\/strong>) \u0219i plicul \u201eprima zi\u201d reproduc portrete ale Principesei Maria \u00eenainte de a deveni Regin\u0103 (1914). Al\u0103turi de portret, coli\u021ba filatelic\u0103 reproduce chipul, monograma \u0219i semn\u0103tura Reginei Maria (blocul special din mapa filatelic\u0103 are acelea\u0219i elemente imprimate \u00een folio-aur).<\/p>\n<p>Componentele emisiunii filatelice se constituie ca o ilustrare a personalit\u0103\u021bii unei Regine care ne-a d\u0103ruit lec\u021bii despre sacrificiu, curaj, patriotism, diploma\u021bie \u0219i cinstirea f\u0103uritorilor de neam \u0219i \u021bar\u0103.<\/p>\n<p>Prin accesarea <strong>codului QR<\/strong> de pe minicoala cu timbre ve\u021bi descoperi povestea emisiunii <strong>Ziua M\u0103rcii Po\u0219tale Rom\u00e2ne\u0219ti. Regina Maria a Rom\u00e2niei. <\/strong><\/p>\n<p><em>Romfilatelia mul\u021bume\u0219te reprezentan\u021bilor Bibliotecii Academiei Rom\u00e2ne, Arhivelor Na\u021bionale ale Rom\u00e2niei, Muzeului Na\u021bional Pele\u0219 \u0219i Prim\u0103riei Ia\u0219i pentru sprijinul documentar acordat la realizarea acestei emisiuni de m\u0103rci po\u0219tale. <\/em><\/p>\n<p><a href=\"https:\/\/www.romfilatelia.ro\/wp-content\/uploads\/2025\/07\/caract_ZMPR_Regina-Maria-A-Romaniei.jpg\"><img decoding=\"async\" loading=\"lazy\" class=\"size-full wp-image-2048757 aligncenter\" src=\"https:\/\/www.romfilatelia.ro\/wp-content\/uploads\/2025\/07\/caract_ZMPR_Regina-Maria-A-Romaniei.jpg\" alt=\"\" width=\"1716\" height=\"1795\" \/><\/a><\/p>\n","protected":false},"excerpt":{"rendered":"<p>Ziua M\u0103rcii Po\u0219tale Rom\u00e2ne\u0219ti este s\u0103rb\u0103torit\u0103 pe 15 iulie, conform Legii nr. 62\/2024. Aceast\u0103 dat\u0103 marcheaz\u0103 apari\u021bia primului timbru po\u0219tal rom\u00e2nesc, \u201eCapul de bour\u201d, tip\u0103rit la Ia\u0219i, la 15 iulie 1858, sub egida Po\u0219tei Domne\u0219ti a Principatului Moldovei. Al\u0103turi de alte simboluri na\u021bionale, timbrul po\u0219tal a devenit un simbol identitar al activit\u0103\u021bii social-politice, economice \u0219i&hellip;&nbsp;<a href=\"https:\/\/romfilatelia.ro\/magazin\/produs\/colectii-anuale\/2025\/ziua-marcii-postale-romanesti-regina-maria-a-romaniei\/\" class=\"\" rel=\"bookmark\">Cite\u0219te mai mult &raquo;<span class=\"screen-reader-text\">ZIUA M\u0102RCII PO\u0218TALE ROM\u00c2NE\u0218TI. REGINA MARIA A ROM\u00c2NIEI<\/span><\/a><\/p>\n","protected":false},"featured_media":2036280,"template":"","meta":{"neve_meta_sidebar":"","neve_meta_container":"","neve_meta_enable_content_width":"off","neve_meta_content_width":100,"neve_meta_title_alignment":"","neve_meta_author_avatar":"","neve_post_elements_order":"","neve_meta_disable_header":"","neve_meta_disable_footer":"","neve_meta_disable_title":""},"product_cat":[340,6],"product_tag":[],"_links":{"self":[{"href":"https:\/\/romfilatelia.ro\/magazin\/wp-json\/wp\/v2\/product\/2036279"}],"collection":[{"href":"https:\/\/romfilatelia.ro\/magazin\/wp-json\/wp\/v2\/product"}],"about":[{"href":"https:\/\/romfilatelia.ro\/magazin\/wp-json\/wp\/v2\/types\/product"}],"wp:featuredmedia":[{"embeddable":true,"href":"https:\/\/romfilatelia.ro\/magazin\/wp-json\/wp\/v2\/media\/2036280"}],"wp:attachment":[{"href":"https:\/\/romfilatelia.ro\/magazin\/wp-json\/wp\/v2\/media?parent=2036279"}],"wp:term":[{"taxonomy":"product_cat","embeddable":true,"href":"https:\/\/romfilatelia.ro\/magazin\/wp-json\/wp\/v2\/product_cat?post=2036279"},{"taxonomy":"product_tag","embeddable":true,"href":"https:\/\/romfilatelia.ro\/magazin\/wp-json\/wp\/v2\/product_tag?post=2036279"}],"curies":[{"name":"wp","href":"https:\/\/api.w.org\/{rel}","templated":true}]}}