{"id":2036241,"date":"2025-07-02T08:54:49","date_gmt":"2025-07-02T06:54:49","guid":{"rendered":"https:\/\/romfilatelia.ro\/magazin\/?post_type=product&#038;p=2036241"},"modified":"2025-07-02T08:54:49","modified_gmt":"2025-07-02T06:54:49","slug":"hortensii","status":"publish","type":"product","link":"https:\/\/romfilatelia.ro\/magazin\/produs\/colectii-anuale\/2025\/hortensii\/","title":{"rendered":"Hortensii"},"content":{"rendered":"<p><a href=\"https:\/\/www.romfilatelia.ro\/wp-content\/uploads\/2025\/07\/SITE_mc_Hortensii.jpg\"><img decoding=\"async\" loading=\"lazy\" class=\"alignleft wp-image-2048730\" src=\"https:\/\/www.romfilatelia.ro\/wp-content\/uploads\/2025\/07\/SITE_mc_Hortensii.jpg\" alt=\"\" width=\"600\" height=\"634\" \/><\/a>\u00cen tematica general\u0103 <em>FLORA<\/em>, <strong>Romfilatelia<\/strong> a \u00eenscris emisiunea filatelic\u0103 <strong><em>Hortensii<\/em><\/strong>, format\u0103 din patru m\u0103rci po\u0219tale, un plic \u201eprima zi\u201d \u0219i o map\u0103 filatelic\u0103 cu un produs special \u00een tiraj limitat care va fi introdus\u0103 \u00een circula\u021bie <em>miercuri, 2 iulie a.c. <\/em><\/p>\n<p>M\u0103rcile emisiunii filatelice (cu valorile nominale de <strong>4 Lei, 6,50 Lei, 8 Lei<\/strong> \u0219i respectiv<strong> 14 Lei<\/strong>), reproduc imagini ale diverselor flori ale speciei <em>Hortensia macrophylla<\/em> \u0219i scot \u00een eviden\u021b\u0103 forma \u00eenflorescen\u021bei \u0219i nuan\u021bele culorilor.<\/p>\n<p><em>Hydrangea macrophylla <\/em>sau <em>hortensia <\/em>(vesiunea latinizat\u0103 a prenumelui francez Hortense, \u00een onoarea astronomei \u0219i matematicienei Nicole-Reine Lepaute, propus\u0103 de botanistul Philibert Commerson), este un arbust decorativ, din familia <em>Hydrangeaceae<\/em>.<\/p>\n<p>Originar\u0103 din Japonia \u0219i China, hortensia s-a r\u0103sp\u00e2ndit ini\u021bial, \u00een America Central\u0103 \u0219i de Sud, urm\u00e2nd s\u0103 se cultive ulterior \u00een zone din toate continentele.<\/p>\n<p>Florile plantei \u00ee\u0219i fac apari\u021bia la jum\u0103tatea prim\u0103verii \u0219i se men\u021bin p\u00e2n\u0103 la sf\u00e2r\u0219itul verii \u0219i, \u00een func\u021bie de condi\u021biile meteorologice, p\u00e2n\u0103 la jum\u0103tatea lunii septembrie.<\/p>\n<p>\u00cen \u021bara noastr\u0103 cele mai cunoscute specii de hortensii sunt: hortensia arbustiv\u0103, hortensia paniculat\u0103 \u0219i hortensia cu frunze mari.<\/p>\n<p><strong>Hortensia arbustiv\u0103<\/strong> (<em>Hydrangea arborescens<\/em>) este o specie arbustiv\u0103 cunoscut\u0103 pentru inflorescen\u021bele mari, sferice, \u00een tonuri alb, roz sau chiar verde. Coroana rotunjit\u0103 atinge \u00een general \u00een\u0103l\u021bimi de 1-3 metri. Frunzele sunt ovale cu margini zim\u021bate. Prefer\u0103 locurile cu alternan\u021b\u0103 soare-umbr\u0103. Se adapteaz\u0103 la o gam\u0103 larg\u0103 de condi\u021bii de sol, iar culoarea florilor nu este afectat\u0103 de aciditatea sau alcalinitatea solurilor.<\/p>\n<p><strong>Hortensia paniculat\u0103<\/strong> (<em>Hydrangea paniculata<\/em>), originar\u0103 din sud-estul Chinei, este un arbust de talie mare, caracterizat prin florile mari, conice. Are flori albe la \u00eenceput, care se schimb\u0103 treptat \u00een roz delicat \u0219i mai apoi \u00eentr-un ro\u0219u c\u0103p\u0219un\u0103, spre sf\u00e2r\u0219itul verii. \u00cen afara gr\u0103dinilor amenajate, se preteaz\u0103 a fi plantat\u0103 \u00een ghivece mari, pe terase \u0219i balcoane. Prefer\u0103 solurile cu aciditate sc\u0103zut\u0103.<\/p>\n<p><strong>Hortensia cu frunz\u0103 mare <\/strong>(<em>Hydrangea macrophylla<\/em>) are flori bogate, de obicei \u00een nuan\u021be roz, albastru, mov, alb, condi\u021bionate de aciditatea sau alcalinitatea solului; un sol acid favorizeaz\u0103 apari\u021bia florilor albastre sau mov deschis, iar un sol alcalin favorizeaz\u0103 apari\u021bia florilor roze \u0219i ro\u0219ii.<\/p>\n<p>Ca origine, provine din Japonia \u0219i Asia de Sud-Est, este adaptabil\u0103 la diverse tipuri de sol, ceea ce \u00eei confer\u0103 o larg\u0103 r\u0103sp\u00e2ndire.<\/p>\n<p>\u00cen\u0103l\u021bimea arbu\u0219tilor este de 1-1,5 metri, \u00een func\u021bie de condi\u021biile de cre\u0219tere. \u00cen general are nevoie de mai mult\u0103 ap\u0103. Rezist\u0103 la temperaturi sc\u0103zute \u0219i este rezistent\u0103 la bolile plantelor. Florile plantei sunt parfumate, apar \u00een luna iunie \u0219i \u00eenfloresc p\u00e2n\u0103 la sf\u00e2r\u0219itul lunii august.<\/p>\n<p>Plicul \u201eprima zi\u201d reproduce un aranjament floral asortat cu imaginea unui frumos spa\u021biu de gr\u0103din\u0103.<\/p>\n<p><em>Romfilatelia mul\u021bume\u0219te Dnei. Prof. dr. Paulina Anastasiu, Directorul Gr\u0103dinii Botanice \u201eDimitrie Brandza\u201d a Universit\u0103\u021bii din Bucure\u0219ti, pentru sprijinul documentar la realizarea acestei emisiuni de m\u0103rci po\u0219tale.<\/em><\/p>\n<p><a href=\"https:\/\/www.romfilatelia.ro\/wp-content\/uploads\/2025\/07\/caract_Hortensii.jpg\"><img decoding=\"async\" loading=\"lazy\" class=\"size-full wp-image-2048731 aligncenter\" src=\"https:\/\/www.romfilatelia.ro\/wp-content\/uploads\/2025\/07\/caract_Hortensii.jpg\" alt=\"\" width=\"1677\" height=\"1152\" \/><\/a><\/p>\n","protected":false},"excerpt":{"rendered":"<p>\u00cen tematica general\u0103 FLORA, Romfilatelia a \u00eenscris emisiunea filatelic\u0103 Hortensii, format\u0103 din patru m\u0103rci po\u0219tale, un plic \u201eprima zi\u201d \u0219i o map\u0103 filatelic\u0103 cu un produs special \u00een tiraj limitat care va fi introdus\u0103 \u00een circula\u021bie miercuri, 2 iulie a.c. M\u0103rcile emisiunii filatelice (cu valorile nominale de 4 Lei, 6,50 Lei, 8 Lei \u0219i respectiv&hellip;&nbsp;<a href=\"https:\/\/romfilatelia.ro\/magazin\/produs\/colectii-anuale\/2025\/hortensii\/\" class=\"\" rel=\"bookmark\">Cite\u0219te mai mult &raquo;<span class=\"screen-reader-text\">Hortensii<\/span><\/a><\/p>\n","protected":false},"featured_media":2036242,"template":"","meta":{"neve_meta_sidebar":"","neve_meta_container":"","neve_meta_enable_content_width":"off","neve_meta_content_width":100,"neve_meta_title_alignment":"","neve_meta_author_avatar":"","neve_post_elements_order":"","neve_meta_disable_header":"","neve_meta_disable_footer":"","neve_meta_disable_title":""},"product_cat":[340,6],"product_tag":[],"_links":{"self":[{"href":"https:\/\/romfilatelia.ro\/magazin\/wp-json\/wp\/v2\/product\/2036241"}],"collection":[{"href":"https:\/\/romfilatelia.ro\/magazin\/wp-json\/wp\/v2\/product"}],"about":[{"href":"https:\/\/romfilatelia.ro\/magazin\/wp-json\/wp\/v2\/types\/product"}],"wp:featuredmedia":[{"embeddable":true,"href":"https:\/\/romfilatelia.ro\/magazin\/wp-json\/wp\/v2\/media\/2036242"}],"wp:attachment":[{"href":"https:\/\/romfilatelia.ro\/magazin\/wp-json\/wp\/v2\/media?parent=2036241"}],"wp:term":[{"taxonomy":"product_cat","embeddable":true,"href":"https:\/\/romfilatelia.ro\/magazin\/wp-json\/wp\/v2\/product_cat?post=2036241"},{"taxonomy":"product_tag","embeddable":true,"href":"https:\/\/romfilatelia.ro\/magazin\/wp-json\/wp\/v2\/product_tag?post=2036241"}],"curies":[{"name":"wp","href":"https:\/\/api.w.org\/{rel}","templated":true}]}}