{"id":2036202,"date":"2025-06-19T10:08:18","date_gmt":"2025-06-19T08:08:18","guid":{"rendered":"https:\/\/romfilatelia.ro\/magazin\/?post_type=product&#038;p=2036202"},"modified":"2025-06-19T10:08:46","modified_gmt":"2025-06-19T08:08:46","slug":"fructe-exotice","status":"publish","type":"product","link":"https:\/\/romfilatelia.ro\/magazin\/produs\/colectii-anuale\/2025\/fructe-exotice\/","title":{"rendered":"FRUCTE EXOTICE"},"content":{"rendered":"<p><a href=\"https:\/\/www.romfilatelia.ro\/wp-content\/uploads\/2025\/06\/SITE_mc_Fructe-exotice-e1750231548313.jpg\"><img decoding=\"async\" loading=\"lazy\" class=\"size-full wp-image-2048655 alignleft\" src=\"https:\/\/www.romfilatelia.ro\/wp-content\/uploads\/2025\/06\/SITE_mc_Fructe-exotice-e1750231548313.jpg\" alt=\"\" width=\"600\" height=\"405\" \/><\/a>O miniexpozi\u021bie a lumii fructelor din zone geografice cu clim\u0103 bl\u00e2nd\u0103 este ilustrat\u0103 \u00een imaginile m\u0103rcilor po\u0219tale ale emisiunii <strong><em>Fructe exotice<\/em><\/strong> pe care <strong>Romfilatelia<\/strong> o introduce \u00een circula\u021bie <em>Joi, 19 iunie a.c.<\/em> Are \u00een componen\u021ba ei patru m\u0103rci po\u0219tale \u0219i un plic \u201eprima zi\u201d.<\/p>\n<p>Termenul <em>exotic<\/em> este definit \u00een dic\u021bionar ca fiind ceva neobi\u0219nuit sau provenit din \u021b\u0103ri aflate la mare distan\u021b\u0103 de \u021bara \u00een care locuim. Fructele exotice definesc, pentru europeni, soiuri provenite din regiuni geografice unde clima cald\u0103 \u0219i umed\u0103 ofer\u0103 condi\u021bii adecvate pentru cultura lor. \u00cen principal e vorba de zonele Mediteranei, zonele tropicale ale Americii Centrale \u0219i de Sud, Africii, Asiei de Sud-Est \u0219i a mai multor insule din Pacific.<\/p>\n<p>De-a lungul secolelor, aceste fructe aduse \u00een Europa, au devenit o surs\u0103 de inspira\u021bie pentru buc\u0103tari \u0219i iubitori ai produselor naturii. Fiecare fruct exotic are drept caracteristici: forma, textura, gustul \u0219i culoarea.<\/p>\n<p>Pe l\u00e2ng\u0103 bog\u0103\u021bia culorilor \u0219i satisfac\u021bia gustativ\u0103 oferit\u0103 de fructele exotice, se reg\u0103sesc numeroase beneficii pentru s\u0103n\u0103tate. Sursele excelente de vitamine, minerale \u0219i antioxidan\u021bi, se remarc\u0103 a fi un mod de sus\u021binere a func\u021bion\u0103rii corecte a organismului.<\/p>\n<p>Consumul de fructe exotice nu reprezint\u0103 doar o experien\u021b\u0103 culinar\u0103, ci \u0219i o c\u0103l\u0103torie imaginar\u0103 \u00een lumea culturilor \u0219i tradi\u021biilor. Fiecare regiune are fructele ei specifice, asociate la istoria \u0219i identitatea ei cultural\u0103. \u00cen majoritatea zonelor geografice fructele exotice sunt folosite la ceremonii, \u00een preparate tradi\u021bionale, la festivaluri anuale, permanentiz\u00e2nd sentimentele de conexiune cu trecutul \u0219i str\u0103mo\u0219ii.<\/p>\n<p>Fructele exotice, \u00een majoritate, se prezint\u0103 ca bijuterii ale naturii, cu o lume neasemuit\u0103 a aromelor \u0219i culorilor. Redau optimismul, odat\u0103 cu savoarea lor unic\u0103, deschiz\u00e2nd o fereastr\u0103 c\u0103tre diversitatea cultural\u0103 \u0219i botanic\u0103 a lumii \u00een care tr\u0103im.<\/p>\n<p>Marca po\u0219tal\u0103 cu valoarea nominal\u0103 de <strong>3 Lei<\/strong>, reproduce imaginea fructului <strong><em>Pitaya<\/em><\/strong> (fructul dragonului). Originar din America Central\u0103 \u0219i de Sud este fructul unui cactus. Are un gust aparte, este bogat \u00een nutrien\u021bi, mai ales vitamina C, magneziu \u0219i fibre. Gustul se resimte ca un mix \u00eentre kiwi \u0219i pere. Aspectul atr\u0103g\u0103tor \u0219i aroma special\u0103 \u00eel recomand\u0103 \u0219i pentru decorarea unor preparate culinare.<\/p>\n<p>Marca po\u0219tal\u0103 cu valoarea nominal\u0103 de <strong>5 Lei<\/strong>, reproduce imaginea fructului <strong><em>Carambola<\/em><\/strong> (fructul stea), rod al unui copac originar din Asia de Sud-Est. T\u0103iat \u00een sec\u021biune seam\u0103n\u0103 cu o stea. Cu gust dulce-amar, surs\u0103 de potasiu \u0219i fibre, al\u0103turi de fosfor, zinc \u0219i fier este recomandat ca benefic pentru s\u0103n\u0103tate. Este tolerat de diabetici.<\/p>\n<p>Marca po\u0219tal\u0103 cu valoarea nominal\u0103 de <strong>8 Lei<\/strong> reproduce imaginea fructului <strong><em>Litchi<\/em><\/strong>, fruct tropical de sezon cultivat \u00een China, Thailanda \u0219i Vietnam. Atrage aten\u021bia prin culoarea \u0219i textura sa unic\u0103. Bogat \u00een Vitamina C, potasiu \u0219i fibre, este cunoscut ca benefic pentru sistemul imunitar \u0219i pentu s\u0103n\u0103tatea pielii.<\/p>\n<p>Marca po\u0219tal\u0103 cu valoarea nominal\u0103 de <strong>25 Lei<\/strong> reproduce imaginea fructului <strong><em>Papaya<\/em><\/strong> (pepenele de copac), originar din Mexicul de Sud \u0219i America Central\u0103, furnizor al unei enzime numit\u0103 <em>papain\u0103<\/em>, folositoare la fr\u0103gezirea c\u0103rnurilor \u0219i component\u0103 a pulberilor comercializate pentru scopul amintit.<\/p>\n<p>Semin\u021bele negre, comestibile, cu gust iute sunt m\u0103cinate \u0219i \u00eenlocuiesc piperul negru. Fructul con\u021bine vitaminele B, C, \u0219i D, betacaroten \u0219i flavonoide. Benefic pentru s\u0103n\u0103tate \u0219i sistemul imunitar. Gustul fructului este dulce \u0219i u\u0219or parfumat.<\/p>\n<p>Plicul \u201eprima zi\u201d prezint\u0103 o imagine sugestiv\u0103 care asociaz\u0103, \u00eentr-un aranjament g\u00e2ndit mai multe fructe exotice, sco\u021b\u00e2nd \u00een eviden\u021b\u0103 armonia dintre forme, textur\u0103 \u0219i culori.<\/p>\n<p><em>Romfilatelia mul\u021bume\u0219te Dnei. Prof. dr. Paulina Anastasiu, Directorul Gr\u0103dinii Botanice \u201eDimitrie Brandza\u201d a Universit\u0103\u021bii din Bucure\u0219ti, pentru sprijinul documentar la realizarea acestei emisiuni de m\u0103rci po\u0219tale. <\/em><\/p>\n<p><a href=\"https:\/\/www.romfilatelia.ro\/wp-content\/uploads\/2025\/06\/caract_Fructe-exotice.jpg\"><img decoding=\"async\" loading=\"lazy\" class=\"size-full wp-image-2048656 aligncenter\" src=\"https:\/\/www.romfilatelia.ro\/wp-content\/uploads\/2025\/06\/caract_Fructe-exotice.jpg\" alt=\"\" width=\"1705\" height=\"1019\" \/><\/a><\/p>\n","protected":false},"excerpt":{"rendered":"<p>O miniexpozi\u021bie a lumii fructelor din zone geografice cu clim\u0103 bl\u00e2nd\u0103 este ilustrat\u0103 \u00een imaginile m\u0103rcilor po\u0219tale ale emisiunii Fructe exotice pe care Romfilatelia o introduce \u00een circula\u021bie Joi, 19 iunie a.c. Are \u00een componen\u021ba ei patru m\u0103rci po\u0219tale \u0219i un plic \u201eprima zi\u201d. Termenul exotic este definit \u00een dic\u021bionar ca fiind ceva neobi\u0219nuit sau&hellip;&nbsp;<a href=\"https:\/\/romfilatelia.ro\/magazin\/produs\/colectii-anuale\/2025\/fructe-exotice\/\" class=\"\" rel=\"bookmark\">Cite\u0219te mai mult &raquo;<span class=\"screen-reader-text\">FRUCTE EXOTICE<\/span><\/a><\/p>\n","protected":false},"featured_media":2036206,"template":"","meta":{"neve_meta_sidebar":"","neve_meta_container":"","neve_meta_enable_content_width":"off","neve_meta_content_width":100,"neve_meta_title_alignment":"","neve_meta_author_avatar":"","neve_post_elements_order":"","neve_meta_disable_header":"","neve_meta_disable_footer":"","neve_meta_disable_title":""},"product_cat":[340,6],"product_tag":[],"_links":{"self":[{"href":"https:\/\/romfilatelia.ro\/magazin\/wp-json\/wp\/v2\/product\/2036202"}],"collection":[{"href":"https:\/\/romfilatelia.ro\/magazin\/wp-json\/wp\/v2\/product"}],"about":[{"href":"https:\/\/romfilatelia.ro\/magazin\/wp-json\/wp\/v2\/types\/product"}],"wp:featuredmedia":[{"embeddable":true,"href":"https:\/\/romfilatelia.ro\/magazin\/wp-json\/wp\/v2\/media\/2036206"}],"wp:attachment":[{"href":"https:\/\/romfilatelia.ro\/magazin\/wp-json\/wp\/v2\/media?parent=2036202"}],"wp:term":[{"taxonomy":"product_cat","embeddable":true,"href":"https:\/\/romfilatelia.ro\/magazin\/wp-json\/wp\/v2\/product_cat?post=2036202"},{"taxonomy":"product_tag","embeddable":true,"href":"https:\/\/romfilatelia.ro\/magazin\/wp-json\/wp\/v2\/product_tag?post=2036202"}],"curies":[{"name":"wp","href":"https:\/\/api.w.org\/{rel}","templated":true}]}}