{"id":2036179,"date":"2025-06-12T09:42:10","date_gmt":"2025-06-12T07:42:10","guid":{"rendered":"https:\/\/romfilatelia.ro\/magazin\/?post_type=product&#038;p=2036179"},"modified":"2025-06-12T09:42:10","modified_gmt":"2025-06-12T07:42:10","slug":"banatul-montan","status":"publish","type":"product","link":"https:\/\/romfilatelia.ro\/magazin\/produs\/colectii-anuale\/2025\/banatul-montan\/","title":{"rendered":"BANATUL MONTAN"},"content":{"rendered":"<p><a href=\"https:\/\/www.romfilatelia.ro\/wp-content\/uploads\/2025\/06\/SITE_mc_Banatul-Montan-1-e1749712517478.jpg\"><img decoding=\"async\" loading=\"lazy\" class=\"size-full wp-image-2048570 alignleft\" src=\"https:\/\/www.romfilatelia.ro\/wp-content\/uploads\/2025\/06\/SITE_mc_Banatul-Montan-1-e1749712517478.jpg\" alt=\"\" width=\"600\" height=\"520\" \/><\/a>Emisiunea filatelic\u0103 <strong><em>Banatul Montan,<\/em><\/strong> care va fi introdus\u0103 \u00een circula\u021bie <em>Joi, 12 iunie<\/em> <em>a.c<\/em>., este dedicat\u0103 Zilei Banatului Montan, instituit\u0103 prin Legea 60\/2025 pentru a fi s\u0103rb\u0103torit\u0103 anual la data de 15 iunie. Data a fost aleas\u0103 av\u00e2nd motiva\u021bie ziua de 15 iunie 1848, c\u00e2nd la Adunarea de la Lugoj, Eftimie Murgu, un militant cunoscut pentru ap\u0103rarea drepturilor rom\u00e2nilor b\u0103n\u0103\u021beni, a fost ales ca \u201esuprem c\u0103pitan al Banatului\u201d. Acest lider de seam\u0103 al Banatului de Munte, s-a n\u0103scut la 28 decembrie 1805 \u00een comuna Rud\u0103ria (ast\u0103zi \u201eEftimie Murgu\u201d), aflat\u0103 \u00een \u201e\u021aara\u201d Alm\u0103jului \u0219i renumit\u0103 prin salba morilor de ap\u0103 care alc\u0103tuiesc cel mai mare parc mulinologic din Rom\u00e2nia \u0219i unic \u00een Europa. Absolvent al Universit\u0103\u021bii din Pesta, ob\u021bin\u00e2nd titlul de doctor \u00een drept, revine \u00een \u021bar\u0103, indentific\u00e2ndu-se cu interesele rom\u00e2nilor b\u0103n\u0103\u021beni, ob\u021bin\u00e2nd pentru ei dreptul de a fi reprezenta\u021bi \u00een Parlamentul de la Pesta. Ziua de 15 iunie 1848, constituie un moment istoric deosebit pentru afirmarea dorin\u021bei locuitorilor Banatului de Munte de a deveni o na\u021biune liber\u0103 \u0219i independent\u0103, av\u00e2nd \u00een final scopul reunirii \u00eentr-un stat rom\u00e2nesc puternic.<\/p>\n<p>Eftimie Murgu a fost o perioad\u0103 prezent la Bucure\u0219ti \u0219i Ia\u0219i ca profesor la Colegiul Sf. Sava, respectiv la Academia Mih\u0103ilean\u0103. Printre elevii s\u0103i s-au reg\u0103sit Nicolae B\u0103lcescu \u0219i Constantin A. Rosetti. S-a stins din via\u021b\u0103 la 12 mai 1870, la Budapesta.<\/p>\n<p>Banatul Montan, o frumoas\u0103 zon\u0103 a \u021b\u0103rii reg\u0103sit\u0103 \u00een grani\u021bele jude\u021bului Cara\u0219-Severin, se afirm\u0103 ca un \u021binut cu o istorie bogat\u0103, cu tradi\u021bii p\u0103strate cu pasiune, cu un patrimoniu cultural bogat, cu peisaje rarisime \u0219i cu o diversitate etnic\u0103 multicultural\u0103. Defileul Dun\u0103rii adaug\u0103 un plus de farmec unui teritoriu cu identitate bine definit\u0103. Mun\u021bii acoperi\u021bi cu p\u0103duri multiseculare, Cheile Nerei \u0219i ale Semenicului cu pere\u021bi st\u00e2nco\u0219i \u0219i cascade impresionante, uimesc privitorul prin frumuse\u021be \u0219i unicitate. O sta\u021biune cu existen\u021b\u0103 milenar\u0103, B\u0103ile Herculane, adaug\u0103 apelor sale termale, benefice s\u0103n\u0103t\u0103\u021bii, peisaje pitore\u0219ti care atrag turi\u0219tii din lumea \u00eentreag\u0103. Banatul Montan este arealul cu cele mai multe rezerva\u021bii naturale \u0219i monumente ale naturii din Rom\u00e2nia: Domogled-Cheile Cara\u0219ului, Cheile Nerei-Beu\u0219ni\u021ba, cascadele Big\u0103r \u0219i Beu\u0219ni\u021ba, Parcul Na\u021bional Por\u021bile de Fier, Semeringul B\u0103n\u0103\u021bean, prima cale ferat\u0103 construit\u0103 \u00een Rom\u00e2nia, \u0219.a.<\/p>\n<p>Emisiunea filatelic\u0103, compus\u0103 din patru m\u0103rci po\u0219tale, o coli\u021b\u0103 filatelic\u0103 dantelat\u0103 \u0219i un plic \u201eprima zi\u201d, ilustreaz\u0103 sugestiv \u00een imaginile acestora o mic\u0103 parte din frumuse\u021bile neasemuite ale Banatului Montan, al\u0103turi de personalitatea lui Eftimie Murgu, \u201ec\u0103pitan suprem al Banatului\u201d, al c\u0103rui portret se reg\u0103se\u0219te pe marca po\u0219tal\u0103 cu valoarea nominal\u0103 de <strong>30 lei<\/strong>, a coli\u021bei filatelice, \u00eentr-o compozi\u021bie grafic\u0103 \u00een care se afl\u0103 una din morile de ap\u0103 de la Rud\u0103ria.<\/p>\n<p>M\u0103rcile po\u0219tale ilustreaz\u0103 <em>Cascada Big\u0103r<\/em> (marca po\u0219tal\u0103 cu valoarea nominal\u0103 de <strong>4 lei<\/strong>), o imagine panoramic\u0103 a <em>defileului Dun\u0103rii<\/em> cu <em>st\u00e2nca Baba Caia,<\/em> (marca po\u0219tal\u0103 cu valoarea nominal\u0103 de <strong>6,50 lei<\/strong>), <em>Sta\u021biunea Herculane<\/em>, unde, ca semn al prezen\u021bei rom\u00e2nilor \u00een primii ani ai secolului II-lea, se afl\u0103 o sta\u021biune a lui Hercules (marca po\u0219tal\u0103 cu valoarea de <strong>8 lei<\/strong>), <em>Muntele Mic<\/em>, \u00eentr-un peisaj de iarn\u0103 (marca po\u0219tal\u0103 cu valoarea nominal\u0103 de <strong>14 lei)<\/strong>.<\/p>\n<p>Plicul \u201eprima zi\u201d prezint\u0103 o panoram\u0103 sugestiv\u0103 a peisajului montan al Cara\u0219-Severinului.<\/p>\n<p>Prin accesarea <strong>codului QR<\/strong> de pe minicolile de timbre, ve\u021bi descoperi povestea emisiunii <strong><em>Banatul Montan<\/em><\/strong>.<\/p>\n<p><em>Romfilatelia mul\u021bume\u0219te doamnei Deputat Silvia Claudia Mihalcea, Parlamentul Rom\u00e2niei, pentru sprijinul acordat la realizarea acestei emisiuni de m\u0103rci po\u0219tale. <\/em><\/p>\n<p><em>Mul\u021bumiri \u0219i domnului Georgian Popovici\u00a0 pentru fotografiile puse la dispozi\u021bie<\/em><\/p>\n<p><a href=\"https:\/\/www.romfilatelia.ro\/wp-content\/uploads\/2025\/06\/caract_Banatul-Montan.jpg\"><img decoding=\"async\" loading=\"lazy\" class=\"alignnone size-full wp-image-2048569\" src=\"https:\/\/www.romfilatelia.ro\/wp-content\/uploads\/2025\/06\/caract_Banatul-Montan.jpg\" alt=\"\" width=\"1665\" height=\"1149\" \/><\/a><\/p>\n","protected":false},"excerpt":{"rendered":"<p>Emisiunea filatelic\u0103 Banatul Montan, care va fi introdus\u0103 \u00een circula\u021bie Joi, 12 iunie a.c., este dedicat\u0103 Zilei Banatului Montan, instituit\u0103 prin Legea 60\/2025 pentru a fi s\u0103rb\u0103torit\u0103 anual la data de 15 iunie. Data a fost aleas\u0103 av\u00e2nd motiva\u021bie ziua de 15 iunie 1848, c\u00e2nd la Adunarea de la Lugoj, Eftimie Murgu, un militant cunoscut&hellip;&nbsp;<a href=\"https:\/\/romfilatelia.ro\/magazin\/produs\/colectii-anuale\/2025\/banatul-montan\/\" class=\"\" rel=\"bookmark\">Cite\u0219te mai mult &raquo;<span class=\"screen-reader-text\">BANATUL MONTAN<\/span><\/a><\/p>\n","protected":false},"featured_media":2036184,"template":"","meta":{"neve_meta_sidebar":"","neve_meta_container":"","neve_meta_enable_content_width":"off","neve_meta_content_width":100,"neve_meta_title_alignment":"","neve_meta_author_avatar":"","neve_post_elements_order":"","neve_meta_disable_header":"","neve_meta_disable_footer":"","neve_meta_disable_title":""},"product_cat":[340,6],"product_tag":[],"_links":{"self":[{"href":"https:\/\/romfilatelia.ro\/magazin\/wp-json\/wp\/v2\/product\/2036179"}],"collection":[{"href":"https:\/\/romfilatelia.ro\/magazin\/wp-json\/wp\/v2\/product"}],"about":[{"href":"https:\/\/romfilatelia.ro\/magazin\/wp-json\/wp\/v2\/types\/product"}],"wp:featuredmedia":[{"embeddable":true,"href":"https:\/\/romfilatelia.ro\/magazin\/wp-json\/wp\/v2\/media\/2036184"}],"wp:attachment":[{"href":"https:\/\/romfilatelia.ro\/magazin\/wp-json\/wp\/v2\/media?parent=2036179"}],"wp:term":[{"taxonomy":"product_cat","embeddable":true,"href":"https:\/\/romfilatelia.ro\/magazin\/wp-json\/wp\/v2\/product_cat?post=2036179"},{"taxonomy":"product_tag","embeddable":true,"href":"https:\/\/romfilatelia.ro\/magazin\/wp-json\/wp\/v2\/product_tag?post=2036179"}],"curies":[{"name":"wp","href":"https:\/\/api.w.org\/{rel}","templated":true}]}}