{"id":2036143,"date":"2025-05-30T14:50:49","date_gmt":"2025-05-30T12:50:49","guid":{"rendered":"https:\/\/romfilatelia.ro\/magazin\/?post_type=product&#038;p=2036143"},"modified":"2025-05-30T14:50:50","modified_gmt":"2025-05-30T12:50:50","slug":"ziua-copilului","status":"publish","type":"product","link":"https:\/\/romfilatelia.ro\/magazin\/produs\/colectii-anuale\/2025\/ziua-copilului\/","title":{"rendered":"Ziua Copilului"},"content":{"rendered":"<p><a href=\"https:\/\/www.romfilatelia.ro\/wp-content\/uploads\/2025\/05\/SITE_mc_Ziua-copilului.jpg\"><img decoding=\"async\" loading=\"lazy\" class=\"alignleft wp-image-2048520\" src=\"https:\/\/www.romfilatelia.ro\/wp-content\/uploads\/2025\/05\/SITE_mc_Ziua-copilului.jpg\" alt=\"\" width=\"600\" height=\"818\" \/><\/a>Romfilatelia dedic\u0103 o emisiune de m\u0103rci po\u0219tale unui eveniment cu rezonan\u021b\u0103 interna\u021bional\u0103 ocazionat de s\u0103rb\u0103torirea unei zile cu semnifica\u021bii deosebite pentru cei mici \u0219i pentru oamenii mari. Emisiunea Ziua Copilului, care are \u00een componen\u021ba sa o marc\u0103 po\u0219tal\u0103 \u0219i un plic \u201eprima zi\u201d va fi introdus\u0103 \u00een circula\u021bie luni, 2 iunie a.c.<\/p>\n<p>Oficial, Ziua Copilului a fost men\u021bionat\u0103 pentru prima oar\u0103 la Geneva \u00een cadrul lucr\u0103rilor Conferin\u021bei Mondiale pentru Protejarea \u0219i Bun\u0103starea Copilului, \u00een ziua de 1 august 1925, c\u00e2nd 54 de reprezentan\u021bi din diferite \u021b\u0103ri au adoptat Declara\u021bia pentru Protec\u021bia Copilului. Dup\u0103 aceast\u0103 conferin\u021b\u0103, multe guverne au declarat \u201eZiua Copilului\u201d ca o s\u0103rb\u0103toare oficial\u0103.<\/p>\n<p>\u00cen Rom\u00e2nia \u201eZiua Interna\u021bional\u0103 a Copilului\u201d se s\u0103rb\u0103tore\u0219te la data de 1 iunie, zi care a fost declarat\u0103 din anul 2017 \u0219i ca s\u0103rb\u0103toare legal\u0103 (nelucr\u0103toare), iar prin legea nr. 264\/2024 se instituie anul 2025 ca \u201eAnul Na\u0163ional al Copilului\u201d.<\/p>\n<p>Ziua Copilului este o ocazie de a celebra lumea copil\u0103riei, miracolul na\u0219terii \u0219i purit\u0103\u021bii, dreptul tuturor copiilor de a se bucura de atotcuprinz\u0103toare protec\u021bie. Este o zi a darurilor pentru copii: dulciuri, juc\u0103rii, baloane colorate, h\u0103inu\u021be \u0219i alte lucruri pe care copiii le doresc.<\/p>\n<p>Petrecerile-surpriz\u0103, activit\u0103\u021bi festive dedicate lumii copiilor, \u00eentreceri sportive \u0219i excursii, sunt c\u00e2teva din componentele programelor dedicate zilei de 1 iunie. Aceast\u0103 zi se constituie \u0219i ca un prilej de deosebit\u0103 bucurie pentru to\u021bi oamenii: p\u0103rin\u021bi, dasc\u0103li \u0219i copii, deopotriv\u0103. Maturii \u00ee\u0219i vor retr\u0103i copil\u0103ria, av\u00e2nd \u00een vedere c\u0103 \u00een sufletul fiec\u0103ruia se reg\u0103se\u0219te mai tot timpul, un copil. Este o zi plin\u0103 de magie, de emo\u021bii puternice, individuale \u0219i cu adev\u0103rat speciale.<\/p>\n<p>De 1 iunie, visul oric\u0103rui copil este dorin\u021ba ca adul\u021bii s\u0103 renun\u021be la r\u0103utate \u0219i la ac\u021biunile lor care aduc durere \u0219i suferin\u021b\u0103, s\u0103 d\u0103ruiasc\u0103 o p\u0103rticic\u0103 din bun\u0103starea lor tuturor copiilor, pentru c\u0103 nu trebuie uitat faptul c\u0103 viitorul omenirii \u00eel reprezint\u0103 copiii.<\/p>\n<p>Marca po\u0219tal\u0103 cu valoarea nominal\u0103 de 8 lei, ilustreaz\u0103 alegoric dorin\u021ba copiilor de a \u201eevada\u201d \u00eentr-o lume liber\u0103, plin\u0103 de lumina soarelui, sub un cer senin, simbol al lini\u0219tii \u0219i p\u0103cii. Nu lipse\u0219te o juc\u0103rie tradi\u021bional\u0103 care a prins via\u021b\u0103 \u0219i s-a ag\u0103\u021bat de rochi\u021ba unei feti\u021be, simbol al prezen\u021bei permanente a juc\u0103riilor \u00een lumea copil\u0103riei.<\/p>\n<p>Plicul \u201eprima zi\u201d, prezint\u0103 o imagine original\u0103 a unei excursii \u00een lumea larg\u0103, av\u00e2nd drept trofee drapelele \u021b\u0103rilor vizitate. Optimismul personajelor \u0219i prezen\u021ba unui c\u0103\u021belu\u0219 de companie, prieten nelipsit al copiilor, respir\u0103 speran\u021ba unei lumi lipsite de griji \u0219i pericole.<\/p>\n<p>La mul\u021bi ani, dragi copii!<\/p>\n<p>S\u0103 fi\u021bi s\u0103n\u0103to\u0219i \u0219i s\u0103 v\u0103 bucura\u021bi de o via\u021b\u0103 plin\u0103 de iubire \u0219i ocrotire \u00eentr-o lume a p\u0103cii!<\/p>\n<p><a href=\"https:\/\/www.romfilatelia.ro\/wp-content\/uploads\/2025\/05\/caract_Ziua-Copilului.jpg\"><img decoding=\"async\" loading=\"lazy\" class=\"aligncenter wp-image-2048521 size-full\" src=\"https:\/\/www.romfilatelia.ro\/wp-content\/uploads\/2025\/05\/caract_Ziua-Copilului.jpg\" alt=\"\" width=\"1705\" height=\"1023\" \/><\/a><\/p>\n","protected":false},"excerpt":{"rendered":"<p>Romfilatelia dedic\u0103 o emisiune de m\u0103rci po\u0219tale unui eveniment cu rezonan\u021b\u0103 interna\u021bional\u0103 ocazionat de s\u0103rb\u0103torirea unei zile cu semnifica\u021bii deosebite pentru cei mici \u0219i pentru oamenii mari. Emisiunea Ziua Copilului, care are \u00een componen\u021ba sa o marc\u0103 po\u0219tal\u0103 \u0219i un plic \u201eprima zi\u201d va fi introdus\u0103 \u00een circula\u021bie luni, 2 iunie a.c. Oficial, Ziua Copilului&hellip;&nbsp;<a href=\"https:\/\/romfilatelia.ro\/magazin\/produs\/colectii-anuale\/2025\/ziua-copilului\/\" class=\"\" rel=\"bookmark\">Cite\u0219te mai mult &raquo;<span class=\"screen-reader-text\">Ziua Copilului<\/span><\/a><\/p>\n","protected":false},"featured_media":2036148,"template":"","meta":{"neve_meta_sidebar":"","neve_meta_container":"","neve_meta_enable_content_width":"off","neve_meta_content_width":100,"neve_meta_title_alignment":"","neve_meta_author_avatar":"","neve_post_elements_order":"","neve_meta_disable_header":"","neve_meta_disable_footer":"","neve_meta_disable_title":""},"product_cat":[340,6],"product_tag":[],"_links":{"self":[{"href":"https:\/\/romfilatelia.ro\/magazin\/wp-json\/wp\/v2\/product\/2036143"}],"collection":[{"href":"https:\/\/romfilatelia.ro\/magazin\/wp-json\/wp\/v2\/product"}],"about":[{"href":"https:\/\/romfilatelia.ro\/magazin\/wp-json\/wp\/v2\/types\/product"}],"wp:featuredmedia":[{"embeddable":true,"href":"https:\/\/romfilatelia.ro\/magazin\/wp-json\/wp\/v2\/media\/2036148"}],"wp:attachment":[{"href":"https:\/\/romfilatelia.ro\/magazin\/wp-json\/wp\/v2\/media?parent=2036143"}],"wp:term":[{"taxonomy":"product_cat","embeddable":true,"href":"https:\/\/romfilatelia.ro\/magazin\/wp-json\/wp\/v2\/product_cat?post=2036143"},{"taxonomy":"product_tag","embeddable":true,"href":"https:\/\/romfilatelia.ro\/magazin\/wp-json\/wp\/v2\/product_tag?post=2036143"}],"curies":[{"name":"wp","href":"https:\/\/api.w.org\/{rel}","templated":true}]}}