{"id":2036087,"date":"2025-05-15T11:29:51","date_gmt":"2025-05-15T09:29:51","guid":{"rendered":"https:\/\/romfilatelia.ro\/magazin\/?post_type=product&#038;p=2036087"},"modified":"2025-05-15T11:41:43","modified_gmt":"2025-05-15T09:41:43","slug":"aniversari-academia-de-stiinte-medicale","status":"publish","type":"product","link":"https:\/\/romfilatelia.ro\/magazin\/produs\/colectii-anuale\/2025\/aniversari-academia-de-stiinte-medicale\/","title":{"rendered":"ANIVERS\u0102RI. ACADEMIA DE \u0218TIIN\u021aE MEDICALE"},"content":{"rendered":"<p><a href=\"https:\/\/romfilatelia.ro\/magazin\/wp-content\/uploads\/2025\/05\/SITE_mc_Aniversari.-Acad.jpg\"><img decoding=\"async\" loading=\"lazy\" class=\"alignleft wp-image-2036088 size-medium\" src=\"https:\/\/romfilatelia.ro\/magazin\/wp-content\/uploads\/2025\/05\/SITE_mc_Aniversari.-Acad-300x255.jpg\" alt=\"\" width=\"300\" height=\"255\" srcset=\"https:\/\/romfilatelia.ro\/magazin\/wp-content\/uploads\/2025\/05\/SITE_mc_Aniversari.-Acad-300x255.jpg 300w, https:\/\/romfilatelia.ro\/magazin\/wp-content\/uploads\/2025\/05\/SITE_mc_Aniversari.-Acad-768x653.jpg 768w, https:\/\/romfilatelia.ro\/magazin\/wp-content\/uploads\/2025\/05\/SITE_mc_Aniversari.-Acad-500x425.jpg 500w, https:\/\/romfilatelia.ro\/magazin\/wp-content\/uploads\/2025\/05\/SITE_mc_Aniversari.-Acad-64x54.jpg 64w, https:\/\/romfilatelia.ro\/magazin\/wp-content\/uploads\/2025\/05\/SITE_mc_Aniversari.-Acad.jpg 1233w\" sizes=\"(max-width: 300px) 100vw, 300px\" \/><\/a>Cu prilejul celebr\u0103rii unei institu\u021bii care reprezint\u0103 valorile practicii \u0219i cercet\u0103rii medicale rom\u00e2ne\u0219ti, emisiunea filatelic\u0103 <strong><em>\u201eAnivers\u0103ri. Academia de \u0218tiin\u021be Medicale\u201d<\/em><\/strong>, introdus\u0103 \u00een circula\u021bie de <strong>Romfilatelia<\/strong>, <em>vineri, 16 mai a.c.<\/em>, marcheaz\u0103 \u00eemplinirea a 90 de ani de la \u00eenfiin\u021barea unui for \u0219tiin\u021bific de \u00eenalt\u0103 \u021binut\u0103 \u0219i autoritate, component activ al patrimoniului interna\u021bional al \u0219tiin\u021belor medicale.<\/p>\n<p>Fondat\u0103 \u00een anul 1935, Academia de \u0218tiin\u021be Medicale din Rom\u00e2nia se \u00eenscria \u00een r\u00e2ndul elitelor europene dup\u0103 Fran\u021ba, Belgia, Spania \u0219i Italia, conform cronologiei existen\u021bei unor forme academice de \u00eenalt\u0103 \u021binut\u0103 pentru cercetarea medical\u0103.<\/p>\n<p>Primul pre\u0219edinte al Academiei de \u0218tiin\u021be Medicale a fost Prof. Dr. Constantin Angelescu, medic chirurg cu studii la Paris, o personalitate de prestigiu a \u0219tiin\u021bei \u0219i educa\u021biei rom\u00e2ne\u0219ti, primul rom\u00e2n care a \u00eendeplinit func\u021bia de ministru plenipoten\u021biar al Rom\u00e2niei la Washington (1918). Al\u0103turi de el \u00een \u00eenfiin\u021barea \u0219i func\u021bionarea Academiei s-a reg\u0103sit ca Secretar general Prof. Dr. Daniel Danielopolu, fondatorul farmacodinamiei nespecifice, autor al teoriei care a anticipat concep\u021biile actuale ale ciberneticii biologice. Pre\u0219edin\u021bii Academiei de \u0218tiin\u021be Medicale care l-au succedat pe Prof. Dr. Constantin Angelescu, respectiv academicienii Aurel Moga, Constantin Arseni, \u0218tefan Milcu, Nicolae Cajal, Prof. Dr. Dan En\u0103chescu, Acad. Lauren\u021biu Mircea Popescu, Prof. Dr. Irinel Popescu, Prof. Mircea Ifrim \u0219i actualul pre\u0219edinte, Prof. Emerit Dr. Mircea Beuran, s-au remarcat prin realiz\u0103ri de excep\u021bie \u00een domeniul practicii \u0219i \u0219tiin\u021belor medicale, beneficiind de o binemeritat\u0103 apreciere pe plan interna\u021bional pentru contribu\u021bii originale \u0219i inovatoare.<\/p>\n<p>Activitatea Academiei de \u015etiin\u0163e Medicale reflect\u0103 rezultatele cercet\u0103rilor ob\u021binute \u00een institutele de profil din Rom\u00e2nia \u0219i de peste hotare, dar \u0219i colaborarea cu alte institu\u021bii din str\u0103in\u0103tate cu care se afl\u0103 \u00een str\u00e2ns\u0103 leg\u0103tur\u0103, prezentate \u00een cadrul conferin\u021belor \u0219i dezbaterilor \u0219tiin\u021bifice, organizate de Biroul Executiv al Academiei de \u015etiin\u0163e Medicale. Rodul ultimei realiz\u0103ri \u00een domeniul cercet\u0103rii interdisciplinare conceput \u00een proiectul ARMIN este Proteza cu interfa\u021b\u0103 neural\u0103 bidirec\u021bional\u0103 fabricat\u0103 \u00een Rom\u00e2nia selectat\u0103 pentru Expozi\u021bia Mondial\u0103 2025 \u2013 Osaka.<\/p>\n<p>Academia de \u0218tiin\u021be Medicale reprezint\u0103 ast\u0103zi institu\u021bia academic\u0103 a medicilor, farmaci\u0219tilor \u0219i a cercet\u0103torilor rom\u00e2ni din \u021bar\u0103 \u0219i din str\u0103in\u0103tate, entitate a elitei din multiplele specialit\u0103\u021bi ale vie\u021bii medicale \u0219i \u00een acela\u0219i timp, autoritate cu rol lucrativ, colabor\u00e2nd cu Ministerul S\u0103n\u0103t\u0103\u021bii \u00een desf\u0103\u0219urarea cercet\u0103rii \u0219tiin\u021bifice medicale \u0219i \u00een stabilirea strategiilor na\u021bionale \u00een domeniul s\u0103n\u0103t\u0103\u021bii, cu numeroase cooper\u0103ri cu academii similare din \u00eentreaga lume, etc.<\/p>\n<p>Emisiunea filatelic\u0103 este compus\u0103 din o marc\u0103 po\u0219tal\u0103, o coli\u021b\u0103 filatelic\u0103 dantelat\u0103 \u0219i un plic \u201eprima zi\u201d.<\/p>\n<p>Marca po\u0219tal\u0103 cu valoarea nominal\u0103 de <strong>14 Lei<\/strong>, reproduce portretul Prof. Dr. Daniel Danielopolu, primul Secretar general al Academiei de \u0218tiin\u021be Medicale.<\/p>\n<p>Coli\u021ba filatelic\u0103 dantelat\u0103 reproduce pe marca po\u0219tal\u0103 cu valoarea nominal\u0103 de <strong>30 Lei<\/strong>, portretul Prof. Dr. Constantin Angelescu primul pre\u0219edinte al Academiei de \u0218tiin\u021be Medicale, al\u0103turi de o compozi\u021bie grafic\u0103 \u00een care se reg\u0103se\u0219te imaginea cl\u0103dirii \u00een care func\u021bioneaz\u0103 Academia de \u0218tiin\u021be Medicale (Spitalul Col\u021bea-Bucure\u0219ti), bordat\u0103 la partea inferioar\u0103 de reproducerile portretelor a \u0219apte fo\u0219ti pre\u0219edin\u021bi ai acestei institu\u021bii.<\/p>\n<p>Pe plicul \u201eprima zi este ilustrat\u0103 fa\u021bada arhitectonic\u0103 a sediului Academiei de \u0218tiin\u021be Medicale \u0219i stema-emblem\u0103 a Academiei de \u0218tiin\u021be Medicale inscrip\u021bionat\u0103 cu anul \u00eenfiin\u021b\u0103rii, 1935.<\/p>\n<p><strong><em>\u00a0<\/em><\/strong><em>Romfilatelia mul\u021bume\u0219te Prof. Emerit Dr. Mircea Beuran, Pre\u0219edintele Academiei de \u0218tiin\u021be Medicale, speciali\u0219tilor acestei institu\u021bii \u0219i ai Arhivelor Na\u021bionale ale Rom\u00e2niei pentru sprijinul documentar acordat la realizarea acestei emisiuni de m\u0103rci po\u0219tale.<\/em><\/p>\n<p><a href=\"https:\/\/romfilatelia.ro\/magazin\/wp-content\/uploads\/2025\/05\/caract_Academia-de-stiinte-medicale-2.jpg\"><img decoding=\"async\" loading=\"lazy\" class=\"aligncenter wp-image-2036089 size-full\" src=\"https:\/\/romfilatelia.ro\/magazin\/wp-content\/uploads\/2025\/05\/caract_Academia-de-stiinte-medicale-2.jpg\" alt=\"\" width=\"1697\" height=\"1073\" srcset=\"https:\/\/romfilatelia.ro\/magazin\/wp-content\/uploads\/2025\/05\/caract_Academia-de-stiinte-medicale-2.jpg 1697w, https:\/\/romfilatelia.ro\/magazin\/wp-content\/uploads\/2025\/05\/caract_Academia-de-stiinte-medicale-2-300x190.jpg 300w, https:\/\/romfilatelia.ro\/magazin\/wp-content\/uploads\/2025\/05\/caract_Academia-de-stiinte-medicale-2-768x486.jpg 768w, https:\/\/romfilatelia.ro\/magazin\/wp-content\/uploads\/2025\/05\/caract_Academia-de-stiinte-medicale-2-1536x971.jpg 1536w, https:\/\/romfilatelia.ro\/magazin\/wp-content\/uploads\/2025\/05\/caract_Academia-de-stiinte-medicale-2-500x316.jpg 500w, https:\/\/romfilatelia.ro\/magazin\/wp-content\/uploads\/2025\/05\/caract_Academia-de-stiinte-medicale-2-64x40.jpg 64w\" sizes=\"(max-width: 1697px) 100vw, 1697px\" \/><\/a><\/p>\n","protected":false},"excerpt":{"rendered":"<p>Cu prilejul celebr\u0103rii unei institu\u021bii care reprezint\u0103 valorile practicii \u0219i cercet\u0103rii medicale rom\u00e2ne\u0219ti, emisiunea filatelic\u0103 \u201eAnivers\u0103ri. Academia de \u0218tiin\u021be Medicale\u201d, introdus\u0103 \u00een circula\u021bie de Romfilatelia, vineri, 16 mai a.c., marcheaz\u0103 \u00eemplinirea a 90 de ani de la \u00eenfiin\u021barea unui for \u0219tiin\u021bific de \u00eenalt\u0103 \u021binut\u0103 \u0219i autoritate, component activ al patrimoniului interna\u021bional al \u0219tiin\u021belor medicale. Fondat\u0103&hellip;&nbsp;<a href=\"https:\/\/romfilatelia.ro\/magazin\/produs\/colectii-anuale\/2025\/aniversari-academia-de-stiinte-medicale\/\" class=\"\" rel=\"bookmark\">Cite\u0219te mai mult &raquo;<span class=\"screen-reader-text\">ANIVERS\u0102RI. ACADEMIA DE \u0218TIIN\u021aE MEDICALE<\/span><\/a><\/p>\n","protected":false},"featured_media":2036090,"template":"","meta":{"neve_meta_sidebar":"","neve_meta_container":"","neve_meta_enable_content_width":"off","neve_meta_content_width":100,"neve_meta_title_alignment":"","neve_meta_author_avatar":"","neve_post_elements_order":"","neve_meta_disable_header":"","neve_meta_disable_footer":"","neve_meta_disable_title":""},"product_cat":[340,6],"product_tag":[],"_links":{"self":[{"href":"https:\/\/romfilatelia.ro\/magazin\/wp-json\/wp\/v2\/product\/2036087"}],"collection":[{"href":"https:\/\/romfilatelia.ro\/magazin\/wp-json\/wp\/v2\/product"}],"about":[{"href":"https:\/\/romfilatelia.ro\/magazin\/wp-json\/wp\/v2\/types\/product"}],"wp:featuredmedia":[{"embeddable":true,"href":"https:\/\/romfilatelia.ro\/magazin\/wp-json\/wp\/v2\/media\/2036090"}],"wp:attachment":[{"href":"https:\/\/romfilatelia.ro\/magazin\/wp-json\/wp\/v2\/media?parent=2036087"}],"wp:term":[{"taxonomy":"product_cat","embeddable":true,"href":"https:\/\/romfilatelia.ro\/magazin\/wp-json\/wp\/v2\/product_cat?post=2036087"},{"taxonomy":"product_tag","embeddable":true,"href":"https:\/\/romfilatelia.ro\/magazin\/wp-json\/wp\/v2\/product_tag?post=2036087"}],"curies":[{"name":"wp","href":"https:\/\/api.w.org\/{rel}","templated":true}]}}