{"id":2036066,"date":"2025-05-13T08:07:05","date_gmt":"2025-05-13T06:07:05","guid":{"rendered":"https:\/\/romfilatelia.ro\/magazin\/?post_type=product&#038;p=2036066"},"modified":"2025-05-13T11:35:39","modified_gmt":"2025-05-13T09:35:39","slug":"florile-livezilor","status":"publish","type":"product","link":"https:\/\/romfilatelia.ro\/magazin\/produs\/colectii-anuale\/2025\/florile-livezilor\/","title":{"rendered":"FLORILE LIVEZILOR"},"content":{"rendered":"<p><a href=\"https:\/\/romfilatelia.ro\/magazin\/wp-content\/uploads\/2025\/05\/SITE_mc_Florile-livezilor.jpg\"><img decoding=\"async\" loading=\"lazy\" class=\"wp-image-2036067 size-medium alignleft\" src=\"https:\/\/romfilatelia.ro\/magazin\/wp-content\/uploads\/2025\/05\/SITE_mc_Florile-livezilor-300x214.jpg\" alt=\"\" width=\"300\" height=\"214\" srcset=\"https:\/\/romfilatelia.ro\/magazin\/wp-content\/uploads\/2025\/05\/SITE_mc_Florile-livezilor-300x214.jpg 300w, https:\/\/romfilatelia.ro\/magazin\/wp-content\/uploads\/2025\/05\/SITE_mc_Florile-livezilor-768x547.jpg 768w, https:\/\/romfilatelia.ro\/magazin\/wp-content\/uploads\/2025\/05\/SITE_mc_Florile-livezilor-1536x1094.jpg 1536w, https:\/\/romfilatelia.ro\/magazin\/wp-content\/uploads\/2025\/05\/SITE_mc_Florile-livezilor-2048x1459.jpg 2048w, https:\/\/romfilatelia.ro\/magazin\/wp-content\/uploads\/2025\/05\/SITE_mc_Florile-livezilor-500x356.jpg 500w, https:\/\/romfilatelia.ro\/magazin\/wp-content\/uploads\/2025\/05\/SITE_mc_Florile-livezilor-64x46.jpg 64w\" sizes=\"(max-width: 300px) 100vw, 300px\" \/><\/a><strong>Romfilatelia<\/strong> introduce \u00een circula\u021bie o emisiune filatelic\u0103 promotoare a optimismului \u0219i a unei tematici mult \u00eendr\u0103gite de colec\u021bionari: <em>FLORA<\/em>. Sub titlul generic <strong><em>\u201eFlorile livezilor\u201d<\/em><\/strong>, emisiunea, compus\u0103 din patru m\u0103rci po\u0219tale \u0219i un plic \u201eprima zi\u201d, va intra \u00een circula\u021bie <em>mar\u021bi, 13 mai a.c. <\/em><em>\u00a0<\/em><\/p>\n<p>O livad\u0103 cu pomi \u00eenflori\u021bi reprezint\u0103 pentru to\u021bi o lume a frumuse\u021bii \u0219i parfumului neasemuit al florilor. Este locul care treze\u0219te dorin\u021ba de a avea pe l\u00e2ng\u0103 cas\u0103, acolo unde terenul permite, o mic\u0103 livad\u0103.<\/p>\n<p>Neasemuitul prozator Ion Creang\u0103 este autorul unei minunate poezii <em>\u201eLivada\u201d,<\/em> ale c\u0103rei versuri erau g\u00e2ndite s\u0103 \u00eenve\u021be copiii s\u0103 numere p\u00e2n\u0103 la zece: \u201e<strong>Un <\/strong>copil s\u0103de\u0219te-n zori \/ <strong>Doi <\/strong>meri mici c\u00e2t <strong>doi <\/strong>bujori, \/ <strong>Trei <\/strong>cai\u0219i cu r\u0103d\u0103cini, \/ <strong>Patru<\/strong> trandafiri cu spini, \/ <strong>Cinci<\/strong> gutui cu flori rotate, \/ <strong>\u0218ase<\/strong> nuci cum sunt prin sate, <strong>\/ \u0218apte<\/strong> peri, <strong>opt<\/strong> piersici cruzi, \/ <strong>Nou\u0103<\/strong> mici \u0219i tineri duzi, \/ C\u00e2t numeri p\u00e2n\u0103 la <strong>zece<\/strong> \/ \u00cei ud\u0103m cu ap\u0103 rece, \/ Mari s\u0103 creasc\u0103, s\u0103 se vad\u0103 \/ Cea mai t\u00e2n\u0103r\u0103 livad\u0103!\u201d.<\/p>\n<p>Imaginele m\u0103rcilor po\u0219tale ilustreaz\u0103 florile urm\u0103torilor pomi fructiferi:<\/p>\n<p><strong>M\u0103rul<\/strong> (<em>Malus domestica<\/em>), cu flori redate pe marca po\u0219tal\u0103 cu valoarea nominal\u0103 de <strong>5,50 lei<\/strong>, este un arbore fructifer cu peste 40 de soiuri cunoscute. Fructele sunt asociate cu simbolul longevit\u0103\u021bii. Cel mai mare produc\u0103tor din lume este China. Florile m\u0103rului sunt de culoare alb-trandafirie. Pomii au o \u00een\u0103l\u021bime de 2-7 metri (cei mai r\u0103sp\u00e2ndi\u021bi), dar exist\u0103 \u0219i specii cu o \u00een\u0103l\u021bime de cca.10 metri. Durata medie de via\u021b\u0103 este de 35-40 de ani.<\/p>\n<p><strong>P\u0103rul<\/strong><em> (Pyrus communis), <\/em>cu un detaliu floristic ilustrat pe marca po\u0219tal\u0103 cu valoarea nominal\u0103 de <strong>7 lei<\/strong>, este un arbore fructifer cu o \u00een\u0103l\u021bime cuprins\u0103 \u00eentre 10-20 m, cu o durat\u0103 de via\u021b\u0103 medie de 65 de ani. Florile sunt albe sau roz. Cre\u0219te \u00een regiuni cu clim\u0103 temperat\u0103 \u0219i umed\u0103, rezist\u00e2nd bine la frig. Cea mai mare produc\u021bie de fructe raportate la hectar o are Austria.<\/p>\n<p><strong>Gutuiul<\/strong> (<em>Cydonia oblonga<\/em>), cu o floare pe marca po\u0219tal\u0103 cu valoarea nominal\u0103 de <strong>8 lei<\/strong>, este un arbore fructifer \u00eenrudit cu m\u0103rul \u0219i p\u0103rul. Pomul, de m\u0103rime medie, este originar din regiunea Caucazului, av\u00e2nd \u00een\u0103l\u021bime medie de 4-5 metri. \u00cenflore\u0219te t\u00e2rziu, \u00een lunile aprilie-mai. Florile mari, solitare au culoarea alb sau roz, cu cinci petale. Denumirea <em>Cydonia<\/em> provine de la o regiune a insulei Creta.<\/p>\n<p><strong>Corcodu\u0219ul<\/strong> (<em>Prunus cerasifera<\/em>), av\u00e2nd o floare redat\u0103 pe marca po\u0219tal\u0103 cu valoarea nominal\u0103 de <strong>14 lei<\/strong>, este printre primii pomi care \u00eenfloresc prim\u0103vara. Atinge o \u00een\u0103l\u021bime cuprins\u0103 \u00eentre 8-12 metri. Florile albe sau roz, cu cinci petale, apar \u00eenaintea frunzelor. Provine din estul Europei, sud-vestul \u0219i centrul Asiei.<\/p>\n<p>Plicul \u201eprima zi\u201d reproduce imaginea unui buchet floral mixt al\u0103turi de o albin\u0103 atras\u0103 de aroma \u0219i polenul florilor, suger\u00e2nd leg\u0103tura absolut decisiv\u0103 dintre <strong>polenizare<\/strong> \u0219i existen\u021ba fructelor.<\/p>\n<p><em>Romfilatelia mul\u021bume\u0219te Doamnei Prof. dr.\u00a0 Paulina Anastasiu, Directorul Gr\u0103dinii Botanice \u201eDimitrie Brandza\u201d a Universit\u0103\u021bii din Bucure\u0219ti pentru sprijinul documentar acordat la realizarea acestei emisiuni de m\u0103rci po\u0219tale. <\/em><\/p>\n<p><a href=\"https:\/\/romfilatelia.ro\/magazin\/wp-content\/uploads\/2025\/05\/Caracteristici-tehnice_Florile-livezilor2.jpg\"><img decoding=\"async\" loading=\"lazy\" class=\"aligncenter size-full wp-image-2036068\" src=\"https:\/\/romfilatelia.ro\/magazin\/wp-content\/uploads\/2025\/05\/Caracteristici-tehnice_Florile-livezilor2.jpg\" alt=\"\" width=\"1765\" height=\"1048\" srcset=\"https:\/\/romfilatelia.ro\/magazin\/wp-content\/uploads\/2025\/05\/Caracteristici-tehnice_Florile-livezilor2.jpg 1765w, https:\/\/romfilatelia.ro\/magazin\/wp-content\/uploads\/2025\/05\/Caracteristici-tehnice_Florile-livezilor2-300x178.jpg 300w, https:\/\/romfilatelia.ro\/magazin\/wp-content\/uploads\/2025\/05\/Caracteristici-tehnice_Florile-livezilor2-768x456.jpg 768w, https:\/\/romfilatelia.ro\/magazin\/wp-content\/uploads\/2025\/05\/Caracteristici-tehnice_Florile-livezilor2-1536x912.jpg 1536w, https:\/\/romfilatelia.ro\/magazin\/wp-content\/uploads\/2025\/05\/Caracteristici-tehnice_Florile-livezilor2-500x297.jpg 500w, https:\/\/romfilatelia.ro\/magazin\/wp-content\/uploads\/2025\/05\/Caracteristici-tehnice_Florile-livezilor2-64x38.jpg 64w\" sizes=\"(max-width: 1765px) 100vw, 1765px\" \/><\/a><\/p>\n","protected":false},"excerpt":{"rendered":"<p>Romfilatelia introduce \u00een circula\u021bie o emisiune filatelic\u0103 promotoare a optimismului \u0219i a unei tematici mult \u00eendr\u0103gite de colec\u021bionari: FLORA. Sub titlul generic \u201eFlorile livezilor\u201d, emisiunea, compus\u0103 din patru m\u0103rci po\u0219tale \u0219i un plic \u201eprima zi\u201d, va intra \u00een circula\u021bie mar\u021bi, 13 mai a.c. \u00a0 O livad\u0103 cu pomi \u00eenflori\u021bi reprezint\u0103 pentru to\u021bi o lume a&hellip;&nbsp;<a href=\"https:\/\/romfilatelia.ro\/magazin\/produs\/colectii-anuale\/2025\/florile-livezilor\/\" class=\"\" rel=\"bookmark\">Cite\u0219te mai mult &raquo;<span class=\"screen-reader-text\">FLORILE LIVEZILOR<\/span><\/a><\/p>\n","protected":false},"featured_media":2036069,"template":"","meta":{"neve_meta_sidebar":"","neve_meta_container":"","neve_meta_enable_content_width":"off","neve_meta_content_width":100,"neve_meta_title_alignment":"","neve_meta_author_avatar":"","neve_post_elements_order":"","neve_meta_disable_header":"","neve_meta_disable_footer":"","neve_meta_disable_title":""},"product_cat":[340,6],"product_tag":[],"_links":{"self":[{"href":"https:\/\/romfilatelia.ro\/magazin\/wp-json\/wp\/v2\/product\/2036066"}],"collection":[{"href":"https:\/\/romfilatelia.ro\/magazin\/wp-json\/wp\/v2\/product"}],"about":[{"href":"https:\/\/romfilatelia.ro\/magazin\/wp-json\/wp\/v2\/types\/product"}],"wp:featuredmedia":[{"embeddable":true,"href":"https:\/\/romfilatelia.ro\/magazin\/wp-json\/wp\/v2\/media\/2036069"}],"wp:attachment":[{"href":"https:\/\/romfilatelia.ro\/magazin\/wp-json\/wp\/v2\/media?parent=2036066"}],"wp:term":[{"taxonomy":"product_cat","embeddable":true,"href":"https:\/\/romfilatelia.ro\/magazin\/wp-json\/wp\/v2\/product_cat?post=2036066"},{"taxonomy":"product_tag","embeddable":true,"href":"https:\/\/romfilatelia.ro\/magazin\/wp-json\/wp\/v2\/product_tag?post=2036066"}],"curies":[{"name":"wp","href":"https:\/\/api.w.org\/{rel}","templated":true}]}}