{"id":2036027,"date":"2025-05-08T19:19:05","date_gmt":"2025-05-08T17:19:05","guid":{"rendered":"https:\/\/romfilatelia.ro\/magazin\/?post_type=product&#038;p=2036027"},"modified":"2025-05-08T19:24:38","modified_gmt":"2025-05-08T17:24:38","slug":"incheierea-celui-de-al-doilea-razboi-mondial-80-de-ani","status":"publish","type":"product","link":"https:\/\/romfilatelia.ro\/magazin\/produs\/colectii-anuale\/2025\/incheierea-celui-de-al-doilea-razboi-mondial-80-de-ani\/","title":{"rendered":"\u00ceNCHEIEREA CELUI DE-AL DOILEA R\u0102ZBOI MONDIAL, 80 DE ANI"},"content":{"rendered":"<p><a href=\"https:\/\/romfilatelia.ro\/magazin\/wp-content\/uploads\/2025\/05\/SITE_mc_Incheierea-razboiului_80ani.jpg\"><img decoding=\"async\" loading=\"lazy\" class=\"wp-image-2036033 size-medium alignleft\" src=\"https:\/\/romfilatelia.ro\/magazin\/wp-content\/uploads\/2025\/05\/SITE_mc_Incheierea-razboiului_80ani-300x259.jpg\" alt=\"\" width=\"300\" height=\"259\" srcset=\"https:\/\/romfilatelia.ro\/magazin\/wp-content\/uploads\/2025\/05\/SITE_mc_Incheierea-razboiului_80ani-300x259.jpg 300w, https:\/\/romfilatelia.ro\/magazin\/wp-content\/uploads\/2025\/05\/SITE_mc_Incheierea-razboiului_80ani-500x432.jpg 500w, https:\/\/romfilatelia.ro\/magazin\/wp-content\/uploads\/2025\/05\/SITE_mc_Incheierea-razboiului_80ani-64x55.jpg 64w, https:\/\/romfilatelia.ro\/magazin\/wp-content\/uploads\/2025\/05\/SITE_mc_Incheierea-razboiului_80ani.jpg 719w\" sizes=\"(max-width: 300px) 100vw, 300px\" \/><\/a>Emisiunea filatelic\u0103 <strong><em>\u201e\u00cencheierea celui de-al doilea r\u0103zboi<\/em><\/strong> <strong><em>mondial, 80 de ani\u201d<\/em><\/strong>, introdus\u0103 \u00een circula\u021bie de <strong>Romfilatelia<\/strong>, <em>vineri, 9 mai a.c.<\/em> este dedicat\u0103 anivers\u0103rii momentului care, \u00een urm\u0103 cu 80 de ani, punea cap\u0103t, prin capitularea necondi\u021bionat\u0103 a Germaniei, celui mai lung r\u0103zboi din istoria omenirii, \u00een care s-au implicat direct peste 30 de \u021b\u0103ri \u0219i peste 100 milioane de oameni. Ca p\u0103r\u021bi beligerante s-au reg\u0103sit dou\u0103 sisteme de alian\u021be: <em>Alia\u021bii<\/em> (Marea Britanie, Statele Unite ale Americii, Uniunea Republicilor Sovietice Socialiste) \u0219i <em>Axa<\/em> (Germania, Italia, Ungaria, Rom\u00e2nia, Bulgaria, Japonia).<\/p>\n<p>Al doilea r\u0103zboi mondial a \u00eenceput la 1 septembrie 1939, c\u00e2nd Germania a atacat Polonia. Urmare a acestui fapt, Anglia declar\u0103 r\u0103zboi Germaniei, implic\u00e2ndu-se \u00eentr-o b\u0103t\u0103lie cr\u00e2ncen\u0103 cu un agresor care cucerise \u00eentr-un \u201er\u0103zboi fulger\u201d teritorii importante ale Europei, inclusiv Fran\u021ba.<\/p>\n<p>Odat\u0103 cu invazia, dispus\u0103 de Hitler, \u00een Uniunea Sovietic\u0103 (iunie 1941) \u0219i intrarea Statelor Unite \u00een R\u0103zboi, al\u0103turi de Anglia \u0219i Uniunea Sovietic\u0103, r\u0103zboiul s-a transformat \u00eentr-un r\u0103zboi global.<\/p>\n<p>Rom\u00e2nia s-a reg\u0103sit, p\u00e2n\u0103 \u00een anul 1944 al\u0103turi de Germania, trupele rom\u00e2ne\u0219ti ajung\u00e2nd s\u0103 sufere al\u0103turi de trupele lui Hitler cea mai catastrofal\u0103 \u00eenfr\u00e2ngere la Stalingrad (februarie 1943). Pierderile rom\u00e2nilor \u00een campania din est s-au cifrat la peste 700.000 de mor\u021bi \u0219i r\u0103ni\u021bi la care se adaug\u0103 peste 300.000 de prizonieri.<\/p>\n<p>Prin actul curajos, de la 23 august 1944, c\u00e2nd Regele Mihai I a hot\u0103r\u00e2t ie\u0219irea Rom\u00e2niei din <em>Ax\u0103<\/em> \u0219i trecerea \u00een tab\u0103ra <em>Alia\u021bilor<\/em>, r\u0103zboiul a fost scurtat cu cel pu\u021bin 6 luni. Armatele 1 \u0219i a 4-a rom\u00e2ne au dus lupte grele \u00een Nord-Vestul Transilvaniei, Ungariei, Cehoslovaciei \u0219i Austriei, \u00eencheind r\u0103zboiul, dup\u0103 trei zile de la capitularea Germaniei, la 12 mai 1944, \u00een luptele pentru lichidarea ultimelor rezisten\u021be hitleriste pentru eliberarea ora\u0219ului Praga. Pierderile rom\u00e2nilor \u00een campania din vest au fost de peste 100.000 de mor\u021bi \u0219i r\u0103ni\u021bi \u0219i peste 55.000 de prizonieri.<\/p>\n<p>Emisiunea filatelic\u0103 este compus\u0103 din o marc\u0103 po\u0219tal\u0103, o coli\u021b\u0103\u00a0 dantelat\u0103, un plic \u201eprima zi\u201d \u0219i un album special, realizat \u00een tiraj limitat.<\/p>\n<p>Marca po\u0219tal\u0103 cu valoarea nominal\u0103 de <strong>25 Lei<\/strong> eviden\u021biaz\u0103 un moment \u00een care osta\u0219ii rom\u00e2ni sunt \u00eent\u00e2mpina\u021bi cu flori \u00eentr-un sat eliberat din Ardeal.<\/p>\n<p>Coli\u021ba filatelic\u0103 dantelat\u0103, a c\u0103rei marc\u0103 po\u0219tal\u0103 are valoarea nominal\u0103 de <strong>30 Lei<\/strong>, reproduce marea manifesta\u021bie popular\u0103 din 10 mai 1945, din Pia\u021ba Palatului Regal, la care, al\u0103turi de Regele Mihai I, s-au aflat membrii guvernului de la acea vreme.<\/p>\n<p>Plicul \u201eprima zi\u201d reproduce imaginea unui moment important al aceleia\u0219i adun\u0103ri populare din 10 mai 1945, prilejuit de o parad\u0103 militar\u0103 la care protagoni\u0219tii sunt militarii unei unit\u0103\u021bi din Regimentul de Gard\u0103 C\u0103lare.<\/p>\n<p>De asemenea, pe plicul \u201eprima zi\u201d este ilustrat\u0103 imaginea Ordinului militar \u201eMihai Viteazul\u201d cu spade clasa I, model 1944, cea mai \u00eenalt\u0103 distinc\u021bie militar\u0103 rom\u00e2neasc\u0103 ce se confer\u0103 la r\u0103zboi.<\/p>\n<p>Cartea po\u0219tal\u0103 din album prezint\u0103 imaginea unui ceremonial de parad\u0103 al anului 1945, organizat la Arcul de Triumf din Bucure\u0219ti.<em>\u00a0<\/em><\/p>\n<p><em>Romfilatelia mul\u021bume\u0219te speciali\u0219tilor Muzeului Militar Na\u021bional \u201eRegele Ferdinand I\u201d, ai Asocia\u021biei\u00a0 Na\u021bionale Cultul Eroilor \u201eRegina Maria\u201d, ai Bibliotecii Academiei Rom\u00e2ne \u0219i Agen\u021biei Na\u021bionale de Pres\u0103 AGERPRES, pentru sprijinul documentar \u0219i consultan\u021ba de specialitate oferite la realizarea acestei emisiuni de m\u0103rci po\u0219tale.<\/em><\/p>\n<p><strong><em>\u00a0<\/em><\/strong>Albumul filatelic, realizat \u00een tiraj limitat de 247 exemplare, reune\u0219te, \u00eentr-o prezentare grafic\u0103 original\u0103, un bloc filatelic de colec\u021bie, echipat cu dou\u0103 timbre nedantelate (al seriei \u0219i al coli\u021bei emisiunii Sf\u00e2r\u0219itul celui de-al doilea r\u0103zboi mondial, 80 de ani) \u0219i o carte po\u0219tal\u0103. Blocul filatelic este numerotat de la 001 la 247.<\/p>\n<p><a href=\"https:\/\/romfilatelia.ro\/magazin\/wp-content\/uploads\/2025\/05\/caract_Incheierea-celui-de-al-II-lea-Raz.jpg\"><img decoding=\"async\" loading=\"lazy\" class=\"aligncenter size-full wp-image-2036034\" src=\"https:\/\/romfilatelia.ro\/magazin\/wp-content\/uploads\/2025\/05\/caract_Incheierea-celui-de-al-II-lea-Raz.jpg\" alt=\"\" width=\"1737\" height=\"1745\" srcset=\"https:\/\/romfilatelia.ro\/magazin\/wp-content\/uploads\/2025\/05\/caract_Incheierea-celui-de-al-II-lea-Raz.jpg 1737w, https:\/\/romfilatelia.ro\/magazin\/wp-content\/uploads\/2025\/05\/caract_Incheierea-celui-de-al-II-lea-Raz-300x300.jpg 300w, https:\/\/romfilatelia.ro\/magazin\/wp-content\/uploads\/2025\/05\/caract_Incheierea-celui-de-al-II-lea-Raz-150x150.jpg 150w, https:\/\/romfilatelia.ro\/magazin\/wp-content\/uploads\/2025\/05\/caract_Incheierea-celui-de-al-II-lea-Raz-768x772.jpg 768w, https:\/\/romfilatelia.ro\/magazin\/wp-content\/uploads\/2025\/05\/caract_Incheierea-celui-de-al-II-lea-Raz-1529x1536.jpg 1529w, https:\/\/romfilatelia.ro\/magazin\/wp-content\/uploads\/2025\/05\/caract_Incheierea-celui-de-al-II-lea-Raz-250x250.jpg 250w, https:\/\/romfilatelia.ro\/magazin\/wp-content\/uploads\/2025\/05\/caract_Incheierea-celui-de-al-II-lea-Raz-500x502.jpg 500w, https:\/\/romfilatelia.ro\/magazin\/wp-content\/uploads\/2025\/05\/caract_Incheierea-celui-de-al-II-lea-Raz-100x100.jpg 100w, https:\/\/romfilatelia.ro\/magazin\/wp-content\/uploads\/2025\/05\/caract_Incheierea-celui-de-al-II-lea-Raz-64x64.jpg 64w\" sizes=\"(max-width: 1737px) 100vw, 1737px\" \/><\/a><\/p>\n","protected":false},"excerpt":{"rendered":"<p>Emisiunea filatelic\u0103 \u201e\u00cencheierea celui de-al doilea r\u0103zboi mondial, 80 de ani\u201d, introdus\u0103 \u00een circula\u021bie de Romfilatelia, vineri, 9 mai a.c. este dedicat\u0103 anivers\u0103rii momentului care, \u00een urm\u0103 cu 80 de ani, punea cap\u0103t, prin capitularea necondi\u021bionat\u0103 a Germaniei, celui mai lung r\u0103zboi din istoria omenirii, \u00een care s-au implicat direct peste 30 de \u021b\u0103ri \u0219i&hellip;&nbsp;<a href=\"https:\/\/romfilatelia.ro\/magazin\/produs\/colectii-anuale\/2025\/incheierea-celui-de-al-doilea-razboi-mondial-80-de-ani\/\" class=\"\" rel=\"bookmark\">Cite\u0219te mai mult &raquo;<span class=\"screen-reader-text\">\u00ceNCHEIEREA CELUI DE-AL DOILEA R\u0102ZBOI MONDIAL, 80 DE ANI<\/span><\/a><\/p>\n","protected":false},"featured_media":2036035,"template":"","meta":{"neve_meta_sidebar":"","neve_meta_container":"","neve_meta_enable_content_width":"off","neve_meta_content_width":100,"neve_meta_title_alignment":"","neve_meta_author_avatar":"","neve_post_elements_order":"","neve_meta_disable_header":"","neve_meta_disable_footer":"","neve_meta_disable_title":""},"product_cat":[340,6],"product_tag":[],"_links":{"self":[{"href":"https:\/\/romfilatelia.ro\/magazin\/wp-json\/wp\/v2\/product\/2036027"}],"collection":[{"href":"https:\/\/romfilatelia.ro\/magazin\/wp-json\/wp\/v2\/product"}],"about":[{"href":"https:\/\/romfilatelia.ro\/magazin\/wp-json\/wp\/v2\/types\/product"}],"wp:featuredmedia":[{"embeddable":true,"href":"https:\/\/romfilatelia.ro\/magazin\/wp-json\/wp\/v2\/media\/2036035"}],"wp:attachment":[{"href":"https:\/\/romfilatelia.ro\/magazin\/wp-json\/wp\/v2\/media?parent=2036027"}],"wp:term":[{"taxonomy":"product_cat","embeddable":true,"href":"https:\/\/romfilatelia.ro\/magazin\/wp-json\/wp\/v2\/product_cat?post=2036027"},{"taxonomy":"product_tag","embeddable":true,"href":"https:\/\/romfilatelia.ro\/magazin\/wp-json\/wp\/v2\/product_tag?post=2036027"}],"curies":[{"name":"wp","href":"https:\/\/api.w.org\/{rel}","templated":true}]}}