{"id":2036011,"date":"2025-05-05T14:48:11","date_gmt":"2025-05-05T12:48:11","guid":{"rendered":"https:\/\/romfilatelia.ro\/magazin\/?post_type=product&#038;p=2036011"},"modified":"2025-05-05T15:44:43","modified_gmt":"2025-05-05T13:44:43","slug":"industria-chimica-brand-de-tara","status":"publish","type":"product","link":"https:\/\/romfilatelia.ro\/magazin\/produs\/colectii-anuale\/2025\/industria-chimica-brand-de-tara\/","title":{"rendered":"INDUSTRIA CHIMIC\u0102. BRAND DE \u021aAR\u0102"},"content":{"rendered":"<p><a href=\"https:\/\/romfilatelia.ro\/magazin\/wp-content\/uploads\/2025\/05\/SITE_mc_Industria-chimica.jpg\"><img decoding=\"async\" loading=\"lazy\" class=\"wp-image-2036012 size-medium alignleft\" src=\"https:\/\/romfilatelia.ro\/magazin\/wp-content\/uploads\/2025\/05\/SITE_mc_Industria-chimica-300x240.jpg\" alt=\"\" width=\"300\" height=\"240\" srcset=\"https:\/\/romfilatelia.ro\/magazin\/wp-content\/uploads\/2025\/05\/SITE_mc_Industria-chimica-300x240.jpg 300w, https:\/\/romfilatelia.ro\/magazin\/wp-content\/uploads\/2025\/05\/SITE_mc_Industria-chimica-768x615.jpg 768w, https:\/\/romfilatelia.ro\/magazin\/wp-content\/uploads\/2025\/05\/SITE_mc_Industria-chimica-500x400.jpg 500w, https:\/\/romfilatelia.ro\/magazin\/wp-content\/uploads\/2025\/05\/SITE_mc_Industria-chimica-64x51.jpg 64w, https:\/\/romfilatelia.ro\/magazin\/wp-content\/uploads\/2025\/05\/SITE_mc_Industria-chimica.jpg 1181w\" sizes=\"(max-width: 300px) 100vw, 300px\" \/><\/a>Pentru to\u021bi cei care recunosc valoarea industriilor strategice \u0219i importan\u021ba lor pentru dezvoltarea durabil\u0103 a unei na\u021biuni, <strong>Romfilatelia<\/strong> introduce \u00een circula\u021bie, <em>vineri, 2 mai a.c.,<\/em> emisiunea filatelic\u0103 <strong><em>\u201eIndustria chimic\u0103. Brand de \u021bar\u0103\u201d<\/em><\/strong>.<\/p>\n<p>Emisiunea este dedicat\u0103 unei industrii care a reu\u0219it nu doar s\u0103 supravie\u021buiasc\u0103 vremurilor dificile ale tranzi\u021biei, ci s\u0103 renasc\u0103 prin viziune, investi\u021bii, inova\u021bie \u0219i oameni dedica\u021bi. Un exemplu de performan\u021b\u0103 este Chimcomplex, principalul produc\u0103tor \u0219i furnizor de substan\u021be chimice vitale din regiune. Chimcomplex este o companie strategic\u0103 pentru economia rom\u00e2neasc\u0103, are capital integral rom\u00e2nesc \u0219i de\u021bine cel mai mare combinat de produse chimice, cu 2 platforme industriale la One\u0219ti \u0219i R\u00e2mnicu V\u00e2lcea (fostul Oltchim).<\/p>\n<p>Emisiunea, care cuprinde patru timbre, o coli\u021b\u0103 dantelat\u0103 \u0219i un plic \u201eprima zi\u201d, aduce un omagiu contribu\u021biei remarcabile a Chimcomplex, la dezvoltarea industriei chimice din Rom\u00e2nia, dar \u0219i rolului s\u0103u de lider regional \u00een tranzi\u021bia c\u0103tre o economie verde.<\/p>\n<p>De la materia prim\u0103 la produsul finit, de la \u0219tiin\u021b\u0103 la aplicabilitate, de la laboratoare la combinate strategice, chimia rom\u00e2neasc\u0103 scrie o pagin\u0103 impresionant\u0103 \u00een cartea economiei na\u021bionale.<\/p>\n<p>Timbrul cu valoarea nominal\u0103 de <strong>6,50 lei <\/strong>ilustreaz\u0103 <strong><em>Combinatul chimic Borze\u0219ti \u00een anii \u201960<\/em><\/strong>, \u00een perioada sa de \u00eenceput. Imaginea surprinde arhitectura industrial\u0103 specific\u0103 epocii \u0219i simbolizeaz\u0103 momentul fondator al industriei chimice moderne \u00een Rom\u00e2nia. Aceast\u0103 etap\u0103 reprezint\u0103 \u00eenceputul unei tradi\u021bii \u00een cercetare, produc\u021bie \u0219i inova\u021bie \u00een chimie.<\/p>\n<p>Timbrul cu valoarea nominal\u0103 de<strong> 7 lei <\/strong>prezint\u0103 <strong><em>Combinatul chimic Borze\u0219ti \u00een anii \u201980<\/em><\/strong>, \u00eentr-o perioad\u0103 de maxim\u0103 dezvoltare industrial\u0103. Fotografia reflect\u0103 amploarea \u0219i complexitatea instala\u021biilor \u0219i infrastructurii, confirm\u00e2nd importan\u021ba strategic\u0103 a unit\u0103\u021bii \u00een context na\u021bional \u0219i interna\u021bional.<strong>\u00a0<\/strong><\/p>\n<p>Timbrul cu valoarea nominal\u0103 de <strong>9 lei <\/strong>este dedicat <strong><em>Centralei de cogenerare de \u00eenalt\u0103 eficien\u021b\u0103 de la R\u00e2mnicu V\u00e2lcea<\/em><\/strong>, cu o putere de 49,9 MW. Imaginea nocturn\u0103 a instala\u021biei sugereaz\u0103 modernitatea \u0219i investi\u021biile recente realizate pe fosta platform\u0103 Oltchim pentru a asigura o produc\u021bie energetic\u0103 sustenabil\u0103, \u00een acord cu standardele europene de mediu \u0219i eficien\u021b\u0103.<\/p>\n<p>Timbrul cu valoarea nominal\u0103 de <strong>25 lei <\/strong>red\u0103 <strong><em>Centrul de Cercetare Avansat\u0103 Polioli<\/em><\/strong> de la R\u00e2mnicu V\u00e2lcea, unde Chimcomplex dezvolt\u0103 polioli speciali, cum ar fi poliolii vegetali, din ulei de ricin care reduc semnificativ impactul asupra mediului \u00eenconjur\u0103tor. Aceasta opereaz\u0103 de peste 40 de ani \u0219i coopereaz\u0103 cu clien\u021bii din toat\u0103 lumea \u0219i cu laboratoarele universit\u0103\u021bilor \u0219i institu\u021biilor de cercetare rom\u00e2ne\u0219ti \u0219i interna\u021bionale.<\/p>\n<p>Timbrul coli\u021bei filatelice cu valoarea nominal\u0103 de <strong>30 lei <\/strong>include o imagine aerian\u0103 spectaculoas\u0103 a <strong><em>Combinatului chimic Chimcomplex de la Rm. V\u00e2lcea \u00een anul 2025<\/em><\/strong> pe fundalul Combinatului chimic Borze\u0219ti \u00een anii <strong>\u201980<\/strong> \u0219i reflect\u0103 transformarea \u00eentr-o companie regional\u0103 care continua s\u0103 investeasc\u0103 strategic, cu accent pe independen\u021ba energetic\u0103, pe crearea de produse cu valoare ad\u0103ugat\u0103 \u0219i pe diversificarea portofoliului de afaceri.<\/p>\n<p>Plicul \u201eprima zi\u201d este ilustrat cu exemple de aplica\u021bii ale produselor Chimcomplex: spum\u0103 rigid\u0103 pentru eficien\u021b\u0103 energetic\u0103 sporit\u0103, materiale pentru energie verde, polioli pentru componente auto fiabile.<em>\u00a0<\/em><\/p>\n<p><em>Romfilatelia mul\u021bume\u0219te speciali\u0219tilor Chimcomplex pentru sprijinul documentar acordat la realizarea acestei emisiuni de m\u0103rci po\u0219tale. <\/em><\/p>\n<p><a href=\"https:\/\/romfilatelia.ro\/magazin\/wp-content\/uploads\/2025\/05\/caract_Industria-chimica-brand-de-tara.jpg\"><img decoding=\"async\" loading=\"lazy\" class=\"aligncenter size-full wp-image-2036013\" src=\"https:\/\/romfilatelia.ro\/magazin\/wp-content\/uploads\/2025\/05\/caract_Industria-chimica-brand-de-tara.jpg\" alt=\"\" width=\"1695\" height=\"1128\" srcset=\"https:\/\/romfilatelia.ro\/magazin\/wp-content\/uploads\/2025\/05\/caract_Industria-chimica-brand-de-tara.jpg 1695w, https:\/\/romfilatelia.ro\/magazin\/wp-content\/uploads\/2025\/05\/caract_Industria-chimica-brand-de-tara-300x200.jpg 300w, https:\/\/romfilatelia.ro\/magazin\/wp-content\/uploads\/2025\/05\/caract_Industria-chimica-brand-de-tara-768x511.jpg 768w, https:\/\/romfilatelia.ro\/magazin\/wp-content\/uploads\/2025\/05\/caract_Industria-chimica-brand-de-tara-1536x1022.jpg 1536w, https:\/\/romfilatelia.ro\/magazin\/wp-content\/uploads\/2025\/05\/caract_Industria-chimica-brand-de-tara-930x620.jpg 930w, https:\/\/romfilatelia.ro\/magazin\/wp-content\/uploads\/2025\/05\/caract_Industria-chimica-brand-de-tara-500x333.jpg 500w, https:\/\/romfilatelia.ro\/magazin\/wp-content\/uploads\/2025\/05\/caract_Industria-chimica-brand-de-tara-64x43.jpg 64w\" sizes=\"(max-width: 1695px) 100vw, 1695px\" \/><\/a><\/p>\n","protected":false},"excerpt":{"rendered":"<p>Pentru to\u021bi cei care recunosc valoarea industriilor strategice \u0219i importan\u021ba lor pentru dezvoltarea durabil\u0103 a unei na\u021biuni, Romfilatelia introduce \u00een circula\u021bie, vineri, 2 mai a.c., emisiunea filatelic\u0103 \u201eIndustria chimic\u0103. Brand de \u021bar\u0103\u201d. Emisiunea este dedicat\u0103 unei industrii care a reu\u0219it nu doar s\u0103 supravie\u021buiasc\u0103 vremurilor dificile ale tranzi\u021biei, ci s\u0103 renasc\u0103 prin viziune, investi\u021bii, inova\u021bie&hellip;&nbsp;<a href=\"https:\/\/romfilatelia.ro\/magazin\/produs\/colectii-anuale\/2025\/industria-chimica-brand-de-tara\/\" class=\"\" rel=\"bookmark\">Cite\u0219te mai mult &raquo;<span class=\"screen-reader-text\">INDUSTRIA CHIMIC\u0102. BRAND DE \u021aAR\u0102<\/span><\/a><\/p>\n","protected":false},"featured_media":2036014,"template":"","meta":{"neve_meta_sidebar":"","neve_meta_container":"","neve_meta_enable_content_width":"off","neve_meta_content_width":100,"neve_meta_title_alignment":"","neve_meta_author_avatar":"","neve_post_elements_order":"","neve_meta_disable_header":"","neve_meta_disable_footer":"","neve_meta_disable_title":""},"product_cat":[340,6],"product_tag":[],"_links":{"self":[{"href":"https:\/\/romfilatelia.ro\/magazin\/wp-json\/wp\/v2\/product\/2036011"}],"collection":[{"href":"https:\/\/romfilatelia.ro\/magazin\/wp-json\/wp\/v2\/product"}],"about":[{"href":"https:\/\/romfilatelia.ro\/magazin\/wp-json\/wp\/v2\/types\/product"}],"wp:featuredmedia":[{"embeddable":true,"href":"https:\/\/romfilatelia.ro\/magazin\/wp-json\/wp\/v2\/media\/2036014"}],"wp:attachment":[{"href":"https:\/\/romfilatelia.ro\/magazin\/wp-json\/wp\/v2\/media?parent=2036011"}],"wp:term":[{"taxonomy":"product_cat","embeddable":true,"href":"https:\/\/romfilatelia.ro\/magazin\/wp-json\/wp\/v2\/product_cat?post=2036011"},{"taxonomy":"product_tag","embeddable":true,"href":"https:\/\/romfilatelia.ro\/magazin\/wp-json\/wp\/v2\/product_tag?post=2036011"}],"curies":[{"name":"wp","href":"https:\/\/api.w.org\/{rel}","templated":true}]}}