{"id":2035987,"date":"2025-04-28T09:08:49","date_gmt":"2025-04-28T07:08:49","guid":{"rendered":"https:\/\/romfilatelia.ro\/magazin\/?post_type=product&#038;p=2035987"},"modified":"2025-04-28T09:08:51","modified_gmt":"2025-04-28T07:08:51","slug":"europa-2025-descoperiri-arheologice-nationale","status":"publish","type":"product","link":"https:\/\/romfilatelia.ro\/magazin\/produs\/colectii-anuale\/2025\/europa-2025-descoperiri-arheologice-nationale\/","title":{"rendered":"Europa 2025.  DESCOPERIRI ARHEOLOGICE NA\u021aIONALE"},"content":{"rendered":"<p><a href=\"https:\/\/www.romfilatelia.ro\/wp-content\/uploads\/2025\/04\/SITE_mc_Europa-2025.jpg\"><img decoding=\"async\" loading=\"lazy\" class=\"alignleft wp-image-2048296\" src=\"https:\/\/www.romfilatelia.ro\/wp-content\/uploads\/2025\/04\/SITE_mc_Europa-2025.jpg\" alt=\"\" width=\"600\" height=\"828\" \/><\/a>Tradi\u021bionala emisiune cu tematica EUROPA are pentru anul 2025 ca subiect impus: <strong><em>Descoperiri arheologice na\u021bionale<\/em><\/strong>. \u00cen colaborare cu speciali\u0219ti ai domeniilor istorie \u0219i arheologie, pentru emisiunea filatelic\u0103, ce va fi introdus\u0103 \u00een circula\u021bie de <strong>Romfilatelia<\/strong>, <em>mar\u021bi, 29 aprilie a.c.<\/em> \u0219i compus\u0103 din 2 m\u0103rci po\u0219tale, un plic \u201eprima zi\u201d, 1 bloc filatelic dantelat \u0219i o map\u0103 filatelic\u0103 special\u0103 \u00een tiraj limitat, au fost alese trei artefacte expuse \u00een spa\u021biile Muzeului Civiliza\u021biei Dacice \u0219i Romane din ora\u0219ul Deva. Provenind din perioada secolelor II-III d.Hr., de colonizare a Daciei de c\u0103tre romani, artefactele sunt apreciate ca piese inedite, de valoare istoric\u0103 deosebit\u0103.<\/p>\n<p>M\u0103rcile po\u0219tale reproduc imagini ale obiectelor descoperite cu ocazia s\u0103p\u0103turilor arheologice de la Ulpia Traiana Sarmizegetusa (capitala provinciei romane Dacia), \u00een anul 1973 \u0219i \u00een necropola de est din comuna Ve\u021bel, jude\u021bul Hunedoara 1967. Este vorba de exponatele cu denumirile <strong><em>Gorgona Meduza<\/em><\/strong> (marca po\u0219tal\u0103 cu valoarea nominal\u0103 de <strong>5 Lei<\/strong>) \u0219i <strong><em>R\u0103pirea Europei<\/em><\/strong>, de c\u0103tre Zeus metamorfozat \u00een taur (marca po\u0219tal\u0103 cu valoarea nominal\u0103 de <strong>25 Lei<\/strong>).<\/p>\n<p><strong><em>Gorgona Meduza<\/em><\/strong>, o aplic\u0103 din bronz aurit, red\u0103 fizionomia unei creaturi mitologice, Gorgona (femeia cu \u201eprivirea ucig\u0103toare\u201d) cu numele Meduza (st\u0103p\u00e2na), care ar fi fost \u00eenzestrat\u0103 cu puteri supranaturale datorate privirii ei care putea ucide pe oricine s-ar fi apropiat de ea. Se spune c\u0103 ar fi fost omor\u00e2t\u0103 de eroul grec Perseu care i-a p\u0103strat capul ca arm\u0103 de temut (Ochii Gorgonei \u00eendrepta\u021bi c\u0103tre du\u0219mani \u00eei transformau \u00een stan\u0103 de piatr\u0103).<\/p>\n<p>Artefactul <strong><em>R\u0103pirea Europei<\/em><\/strong> (Europa, de la care s-a \u00eemprumutat numele continentului, era fiica regelui fenician Agenor) a fost catalogat ca un element decorativ ce a apa\u021binut unei construc\u021bii funerare romane. Sculptat \u00een piatr\u0103, reproduce \u00een cercul unei coroane \u00eempletite din ramuri \u00eenfrunzite, silueta Europei purtat\u0103 pe spatele unui taur (Zeus), care, conform relat\u0103rilor mitologice, a dus-o pe insula Creta.<\/p>\n<p><strong><em>Gorgona Meduza \u0219i R\u0103pirea Europei <\/em><\/strong>au fost expuse cu ocazia Expozi\u021biei \u201eTezaure arheologice din Rom\u00e2nia. R\u0103d\u0103cini dacice \u0219i romane\u201d, g\u0103zduit\u0103 de Muzeul Na\u021bional de arheologie din Madrid (septembrie 2021 \u2013 februarie 2022) \u0219i s-au bucurat de interesul \u0219i aprecierile speciali\u0219tilor \u0219i marelui public.<\/p>\n<p>Plicul \u201eprima zi\u201d reproduce imaginea unui exponat denumit dup\u0103 numele zeului Mithras, \u00eent\u00e2lnit \u00een mitologia Persiei. D\u0103ltuit \u00een piatr\u0103, <strong><em>Relieful Mithraic<\/em><\/strong> red\u0103 scena uciderii ritualice a unui taur, de c\u0103tre zeul persan. Personajele prezente \u00een ansamblul sculpturii se refer\u0103 la Soare, Lun\u0103 \u0219i cele dou\u0103 echinoc\u021bii (de prim\u0103var\u0103 \u0219i toamn\u0103). Boneta frigian\u0103 purtat\u0103 de Mithras se reg\u0103sea \u0219i la triburile traco-getice. Artefactul a fost descoperit \u00een anul 1723, la castelul medieval Teleki din satul Do\u0219tat, jude\u021bul Alba.<\/p>\n<p>Prin accesarea <strong>codului QR<\/strong> de pe minicolile de timbre, ve\u021bi descoperi povestea emisiunii <strong><em>EUROPA 2025. Descoperiri arheologice na<\/em><\/strong><strong><em>\u021b<\/em><\/strong><strong><em>ionale<\/em><\/strong><strong><em>.<\/em><\/strong><\/p>\n<p><em>Romfilatelia mul\u021bume\u0219te domnului Dr. Daniel I. Iancu, cercet\u0103tor \u0219tiin\u021bific \u0219i conducerii Muzeului Civiliza\u021biei Dacice \u0219i Romane din Deva pentru sprijinul documentar acordat la realizarea acestei emisiuni de m\u0103rci po\u0219tale.<\/em><\/p>\n<p><a href=\"https:\/\/www.romfilatelia.ro\/wp-content\/uploads\/2025\/04\/caract_pliant_Europa-2025.jpg\"><img decoding=\"async\" loading=\"lazy\" class=\"size-full wp-image-2048297 aligncenter\" src=\"https:\/\/www.romfilatelia.ro\/wp-content\/uploads\/2025\/04\/caract_pliant_Europa-2025.jpg\" alt=\"\" width=\"1743\" height=\"1578\" \/><\/a><\/p>\n","protected":false},"excerpt":{"rendered":"<p>Tradi\u021bionala emisiune cu tematica EUROPA are pentru anul 2025 ca subiect impus: Descoperiri arheologice na\u021bionale. \u00cen colaborare cu speciali\u0219ti ai domeniilor istorie \u0219i arheologie, pentru emisiunea filatelic\u0103, ce va fi introdus\u0103 \u00een circula\u021bie de Romfilatelia, mar\u021bi, 29 aprilie a.c. \u0219i compus\u0103 din 2 m\u0103rci po\u0219tale, un plic \u201eprima zi\u201d, 1 bloc filatelic dantelat \u0219i o&hellip;&nbsp;<a href=\"https:\/\/romfilatelia.ro\/magazin\/produs\/colectii-anuale\/2025\/europa-2025-descoperiri-arheologice-nationale\/\" class=\"\" rel=\"bookmark\">Cite\u0219te mai mult &raquo;<span class=\"screen-reader-text\">Europa 2025.  DESCOPERIRI ARHEOLOGICE NA\u021aIONALE<\/span><\/a><\/p>\n","protected":false},"featured_media":2035988,"template":"","meta":{"neve_meta_sidebar":"","neve_meta_container":"","neve_meta_enable_content_width":"off","neve_meta_content_width":100,"neve_meta_title_alignment":"","neve_meta_author_avatar":"","neve_post_elements_order":"","neve_meta_disable_header":"","neve_meta_disable_footer":"","neve_meta_disable_title":""},"product_cat":[340,6],"product_tag":[],"_links":{"self":[{"href":"https:\/\/romfilatelia.ro\/magazin\/wp-json\/wp\/v2\/product\/2035987"}],"collection":[{"href":"https:\/\/romfilatelia.ro\/magazin\/wp-json\/wp\/v2\/product"}],"about":[{"href":"https:\/\/romfilatelia.ro\/magazin\/wp-json\/wp\/v2\/types\/product"}],"wp:featuredmedia":[{"embeddable":true,"href":"https:\/\/romfilatelia.ro\/magazin\/wp-json\/wp\/v2\/media\/2035988"}],"wp:attachment":[{"href":"https:\/\/romfilatelia.ro\/magazin\/wp-json\/wp\/v2\/media?parent=2035987"}],"wp:term":[{"taxonomy":"product_cat","embeddable":true,"href":"https:\/\/romfilatelia.ro\/magazin\/wp-json\/wp\/v2\/product_cat?post=2035987"},{"taxonomy":"product_tag","embeddable":true,"href":"https:\/\/romfilatelia.ro\/magazin\/wp-json\/wp\/v2\/product_tag?post=2035987"}],"curies":[{"name":"wp","href":"https:\/\/api.w.org\/{rel}","templated":true}]}}