{"id":2035919,"date":"2025-04-04T09:05:58","date_gmt":"2025-04-04T07:05:58","guid":{"rendered":"https:\/\/romfilatelia.ro\/magazin\/?post_type=product&#038;p=2035919"},"modified":"2025-04-04T09:06:00","modified_gmt":"2025-04-04T07:06:00","slug":"aniversari-universitatea-de-medicina-farmacie-stiinte-si-tehnologie-george-emil-palade-din-targu-mures","status":"publish","type":"product","link":"https:\/\/romfilatelia.ro\/magazin\/produs\/colectii-anuale\/2025\/aniversari-universitatea-de-medicina-farmacie-stiinte-si-tehnologie-george-emil-palade-din-targu-mures\/","title":{"rendered":"ANIVERS\u0102RI. UNIVERSITATEA DE MEDICIN\u0102, FARMACIE, \u0218TIIN\u021aE \u0218I TEHNOLOGIE \u201eGEORGE EMIL PALADE\u201d DIN T\u00c2RGU MURE\u0218"},"content":{"rendered":"<p><strong><a href=\"https:\/\/www.romfilatelia.ro\/wp-content\/uploads\/2025\/04\/SITE_mc_ANIV-UNIV.-MED.-FARM.-STIINTE-SI-TEHN.-G.E.jpg\"><img decoding=\"async\" loading=\"lazy\" class=\"alignleft wp-image-2048215\" src=\"https:\/\/www.romfilatelia.ro\/wp-content\/uploads\/2025\/04\/SITE_mc_ANIV-UNIV.-MED.-FARM.-STIINTE-SI-TEHN.-G.E.jpg\" alt=\"\" width=\"650\" height=\"646\" \/><\/a>Romfilatelia <\/strong>dedic\u0103 o emisiune de m\u0103rci po\u0219tale unei prestigioase institu\u021bii, <strong>Universitatea de Medicin\u0103, Farmacie, \u0218tiin\u021be \u0219i Tehnologie \u201eGeorge Emil Palade\u201d din T\u00e2rgu Mure\u0219<\/strong>, cu ocazia anivers\u0103rii a opt decenii de excelen\u021b\u0103 academic\u0103. Aceast\u0103 institu\u021bie, ce poart\u0103 numele laureatului Premiului Nobel pentru Fiziologie sau Medicin\u0103, nu este doar un loc \u00een care se pred\u0103 \u0219i se \u00eenva\u021b\u0103, ci un spa\u021biu \u00een care tradi\u021bia \u0219i inova\u021bia se \u00eempletesc firesc, model\u00e2nd genera\u021bii de profesioni\u0219ti, deschiz\u00e2nd orizonturi \u0219i redefinind standardele educa\u021biei superioare.<\/p>\n<p>Emisiunea filatelic\u0103 <strong><em>Anivers\u0103ri. Universitatea de Medicin\u0103, Farmacie, \u0218tiin\u021be \u0219i Tehnologie \u201eGeorge Emil Palade\u201d din<\/em><\/strong> <strong><em>T\u00e2rgu Mure<\/em><\/strong><strong><em>\u0219<\/em><\/strong>, compus\u0103 din o marc\u0103 po\u0219tal\u0103, o coli\u021b\u0103 filatelic\u0103 dantelat\u0103 \u0219i un plic \u201eprima zi\u201d, va intra \u00een circula\u021bie <em>vineri, 4 aprilie 2025<\/em>.<\/p>\n<p>\u00cen anul 1945, Regele Mihai I al Rom\u00e2niei pune bazele \u00eenv\u0103\u021b\u0103m\u00e2ntului medical superior continuu la T\u00e2rgu Mure\u0219. La trei ani de la \u00eenfiin\u021bare, \u00eenv\u0103\u021b\u0103m\u00e2ntul medico-farmaceutic este organizat \u00een cadrul Institutului Medico-Farmaceutic (IMF) din T\u00e2rgu Mure\u0219 cu urm\u0103toarele facult\u0103\u021bi: Medicin\u0103 General\u0103, Igien\u0103, Stomatologie \u0219i Farmacie.<\/p>\n<p>Dup\u0103 evaluarea activit\u0103\u021bii cadrelor didactice \u0219i a rezultatelor concrete ale muncii acestora, se hot\u0103r\u0103\u0219te ca IMF Tg. Mure\u0219 s\u0103 aib\u0103 dreptul de a organiza studii doctorale, conform prevederilor Ordinului 800\/1965 al Ministerului \u00cenv\u0103\u021b\u0103m\u00e2ntului.<\/p>\n<p>\u00cen perioada de dup\u0103 1990, care s-a remarcat prin c\u0103derea regimului comunist, IMF devine Universitatea de Medicin\u0103 \u0219i Farmacie (UMF) T\u00e2rgu Mure\u0219, schimbarea denumirii fiind \u00eenso\u021bit\u0103 de actualizarea \u0219i modernizarea ofertei educa\u021bionale.<\/p>\n<p>Facultatea de Medicin\u0103 a UMF T\u00e2rgu Mure\u0219 reprezint\u0103 componenta principal\u0103 a actualei Universit\u0103\u021bi de Medicin\u0103, Farmacie, \u0218tiin\u021be \u0219i Tehnologie \u201eGeorge Emil Palade\u201d din T\u00e2rgu Mure\u0219, \u00eenfiin\u021bat\u0103 \u00een anul 2018 prin fuziunea Universit\u0103\u021bii de Medicin\u0103 \u0219i Farmacie cu Universitatea \u201ePetru Maior\u201d. Facultatea de Medicin\u0103 se remarc\u0103 at\u00e2t prin num\u0103rul de studen\u021bi \u0219i cadre didactice, c\u00e2t \u0219i prin activitatea de cercetare. Preocuparea pentru performan\u021ba academic\u0103 se reflect\u0103 \u00een dezvoltarea permanent\u0103 a bazei sale materiale, devenind simbolul vie\u021bii academice mure\u0219ene. Facultatea de Medicin\u0103 din T\u00e2rgu Mure\u0219 este singura din Rom\u00e2nia cu serii de predare \u00een limba maghiar\u0103.<\/p>\n<p>Asocierea numelui George Emil Palade \u00een denumirea prestigioasei Universit\u0103\u021bi din T\u00e2rgu Mure\u0219 oblig\u0103 la cinstirea reputatului cercet\u0103tor, laureat al Premiului Nobel, prin men\u021binerea unui standard \u00eenalt al programelor de \u00eenv\u0103\u021b\u0103m\u00e2nt \u0219i cercetare, reg\u0103sit \u00een toate programele \u0219i proiectele pe care Universitatea de Medicin\u0103, Farmacie, \u0218tiin\u021be \u0219i Tehnologie \u201eGeorge Emil Palade\u201d din T\u00e2rgu Mure\u0219 le promoveaz\u0103. Sub deviza asumat\u0103 \u201eE Pluribus Unum\u201d (Dintre multe, una), \u00eenv\u0103\u021b\u0103m\u00e2ntul medical t\u00e2rgmure\u0219ean se manifest\u0103 ca un simbol al unit\u0103\u021bii \u00een diversitate, al progresului prin cunoa\u0219tere \u0219i al excelen\u021bei asumate cu responsabilitate.<\/p>\n<p>Marca po\u0219tal\u0103 a emisiunii filatelice (cu valoarea nominal\u0103 de <strong>14 Lei<\/strong>) reproduce portretul marelui savant George Emil Palade, laureat al Premiului Nobel, \u00eentr-o asociere grafic\u0103 cu un detaliu de arhitectur\u0103 al fa\u021badei Universit\u0103\u021bii de la a c\u0103rei \u00eenfiin\u021bare se \u00eemplinesc 80 de ani.<\/p>\n<p>Coli\u021ba filatelic\u0103 reproduce o imagine panoramic\u0103 a campusului universitar inclus \u00een grafica m\u0103rcii po\u0219tale cu valoarea nominal\u0103 de <strong>30 Lei<\/strong>.<\/p>\n<p>Plicul \u201eprima zi\u201d prezint\u0103 un foto-montaj care reune\u0219te imaginea cl\u0103dirii Universit\u0103\u021bii de la \u00eenceputul secolului XX cu imaginea arhitecturii fa\u021badei actuale.<\/p>\n<p><em>Romfilatelia mul\u021bume\u0219te reprezentan\u021bilor Universit\u0103\u021bii de Medicin\u0103, Farmacie, \u0218tiin\u021be \u0219i Tehnologie \u201eGeorge Emil Palade\u201d din T\u00e2rgu Mure\u0219 pentru sprijinul documentar acordat la realizarea acestei emisiuni de m\u0103rci po\u0219tale.<\/em><\/p>\n<p><a href=\"https:\/\/www.romfilatelia.ro\/wp-content\/uploads\/2025\/04\/caract_Univ.-Med.-St.-tehn.-George-E.-palade-Tg-Mures.jpg\"><img decoding=\"async\" loading=\"lazy\" class=\"size-full wp-image-2048216 aligncenter\" src=\"https:\/\/www.romfilatelia.ro\/wp-content\/uploads\/2025\/04\/caract_Univ.-Med.-St.-tehn.-George-E.-palade-Tg-Mures.jpg\" alt=\"\" width=\"1699\" height=\"1059\" \/><\/a><\/p>\n","protected":false},"excerpt":{"rendered":"<p>Romfilatelia dedic\u0103 o emisiune de m\u0103rci po\u0219tale unei prestigioase institu\u021bii, Universitatea de Medicin\u0103, Farmacie, \u0218tiin\u021be \u0219i Tehnologie \u201eGeorge Emil Palade\u201d din T\u00e2rgu Mure\u0219, cu ocazia anivers\u0103rii a opt decenii de excelen\u021b\u0103 academic\u0103. Aceast\u0103 institu\u021bie, ce poart\u0103 numele laureatului Premiului Nobel pentru Fiziologie sau Medicin\u0103, nu este doar un loc \u00een care se pred\u0103 \u0219i se&hellip;&nbsp;<a href=\"https:\/\/romfilatelia.ro\/magazin\/produs\/colectii-anuale\/2025\/aniversari-universitatea-de-medicina-farmacie-stiinte-si-tehnologie-george-emil-palade-din-targu-mures\/\" class=\"\" rel=\"bookmark\">Cite\u0219te mai mult &raquo;<span class=\"screen-reader-text\">ANIVERS\u0102RI. UNIVERSITATEA DE MEDICIN\u0102, FARMACIE, \u0218TIIN\u021aE \u0218I TEHNOLOGIE \u201eGEORGE EMIL PALADE\u201d DIN T\u00c2RGU MURE\u0218<\/span><\/a><\/p>\n","protected":false},"featured_media":2035924,"template":"","meta":{"neve_meta_sidebar":"","neve_meta_container":"","neve_meta_enable_content_width":"off","neve_meta_content_width":100,"neve_meta_title_alignment":"","neve_meta_author_avatar":"","neve_post_elements_order":"","neve_meta_disable_header":"","neve_meta_disable_footer":"","neve_meta_disable_title":""},"product_cat":[340,6],"product_tag":[],"_links":{"self":[{"href":"https:\/\/romfilatelia.ro\/magazin\/wp-json\/wp\/v2\/product\/2035919"}],"collection":[{"href":"https:\/\/romfilatelia.ro\/magazin\/wp-json\/wp\/v2\/product"}],"about":[{"href":"https:\/\/romfilatelia.ro\/magazin\/wp-json\/wp\/v2\/types\/product"}],"wp:featuredmedia":[{"embeddable":true,"href":"https:\/\/romfilatelia.ro\/magazin\/wp-json\/wp\/v2\/media\/2035924"}],"wp:attachment":[{"href":"https:\/\/romfilatelia.ro\/magazin\/wp-json\/wp\/v2\/media?parent=2035919"}],"wp:term":[{"taxonomy":"product_cat","embeddable":true,"href":"https:\/\/romfilatelia.ro\/magazin\/wp-json\/wp\/v2\/product_cat?post=2035919"},{"taxonomy":"product_tag","embeddable":true,"href":"https:\/\/romfilatelia.ro\/magazin\/wp-json\/wp\/v2\/product_tag?post=2035919"}],"curies":[{"name":"wp","href":"https:\/\/api.w.org\/{rel}","templated":true}]}}