{"id":2035901,"date":"2025-04-01T08:51:01","date_gmt":"2025-04-01T06:51:01","guid":{"rendered":"https:\/\/romfilatelia.ro\/magazin\/?post_type=product&#038;p=2035901"},"modified":"2025-04-01T08:51:03","modified_gmt":"2025-04-01T06:51:03","slug":"savanti-romani","status":"publish","type":"product","link":"https:\/\/romfilatelia.ro\/magazin\/produs\/colectii-anuale\/2025\/savanti-romani\/","title":{"rendered":"Savan\u021bi rom\u00e2ni"},"content":{"rendered":"<p><a href=\"https:\/\/www.romfilatelia.ro\/wp-content\/uploads\/2025\/04\/SITE_mc_posta_Savanti-romani.jpg\"><img decoding=\"async\" loading=\"lazy\" class=\"alignleft wp-image-2048202\" src=\"https:\/\/www.romfilatelia.ro\/wp-content\/uploads\/2025\/04\/SITE_mc_posta_Savanti-romani.jpg\" alt=\"\" width=\"650\" height=\"646\" \/><\/a>Cu prilejul \u00eemplinirii unui secol de la trecerea la cele ve\u0219nice a savantului rom\u00e2n Petru Poni,<strong> Romfilatelia<\/strong> introduce \u00een circula\u021bie <em>miercuri, 02 aprilie a.c. <\/em>o emisiune de m\u0103rci po\u0219tale intitulat\u0103 <strong><em>Savan\u021bi rom\u00e2ni<\/em><\/strong>, format\u0103 din un timbru \u0219i un plic \u201eprima zi\u201d.<\/p>\n<p>Savantul rom\u00e2n Petru Poni (n\u0103scut pe 4 ianuarie 1841 \u00een satul Sec\u0103re\u0219ti, comuna Cucuteni \u2013 d. 02 aprilie 1925, Ia\u0219i, Rom\u00e2nia), al c\u0103rui portret este ilustrat pe marca po\u0219tal\u0103 (cu valoarea nominal\u0103 de <strong>8 Lei<\/strong>), este considerat fondatorul \u0219colii superioare de chimie anorganic\u0103 \u0219i una dintre cele mai marcante personalit\u0103\u021bi din istoria \u0219tiin\u021bei rom\u00e2ne\u0219ti. Provenind dintr-o familie de r\u0103ze\u0219i, a \u00eenv\u0103\u021bat s\u0103 aprecieze munca de la \u021bar\u0103 \u0219i a demonstrat, \u00eenc\u0103 de mic, pasiunea pentru \u00eenv\u0103\u021b\u0103tur\u0103. Dup\u0103 absolvirea \u0218colii primare din T\u00e2rgu Frumos, a studiat la Academia Mih\u0103ilean\u0103 din Ia\u0219i, apoi la Universitatea din Ia\u0219i. \u00cen 1859, ca bursier al statului rom\u00e2n, a studiat fizica \u0219i chimia la Universitatea Sorbona din Paris.<\/p>\n<p>A ob\u021binut licen\u021ba \u00een \u0218tiin\u021be fizico-chimice \u00een 1864, dup\u0103 cinci ani de studii \u00een Fran\u021ba.<\/p>\n<p>\u00centors \u00een Rom\u00e2nia, Poni a \u00eenceput s\u0103 predea la diverse institu\u021bii din Ia\u0219i (Liceul Na\u021bional; Institutele Unite \u0219i \u0218coala Militar\u0103), contribuind semnificativ la educa\u021bia \u0219tiin\u021bific\u0103. A fost profesor de chimie mineral\u0103 la Facultatea de \u0218tiin\u021be (1878\u20131920) \u0219i la cea de Medicin\u0103 (1878\u20131911) a Universit\u0103\u021bii din Ia\u0219i. Petru Poni a pus bazele primelor lucr\u0103ri de laborator \u00een chimie, chiar \u0219i \u00een condi\u021bii dificile, cu resurse limitate, num\u0103r\u00e2ndu-se printre fondatorii \u0219colii rom\u00e2ne de chimie anorganic\u0103. Un moment semnificativ al carierei sale l-a constituit descoperirea bro\u0219tenitei (manganit de Mn, Fe \u0219i Ca) \u0219i a badenitei (arseno-bismutur\u0103 de cobalt, fier \u0219i nichel), prilej cu care, \u00eencep\u00e2nd din 1870 ini\u021biaz\u0103 primele cercet\u0103ri asupra mineralelor din Rom\u00e2nia. De asemenea, s-a dedicat studiilor asupra apelor minerale \u0219i petrolului din Rom\u00e2nia, realiz\u00e2nd cercet\u0103ri care au avut un impact interna\u021bional asupra industriei petroliere.<\/p>\n<p>Poni a contribuit la \u00eenfiin\u021barea mai multor societ\u0103\u021bi \u0219tiin\u021bifice, printre care se num\u0103r\u0103 Societatea de Fizic\u0103 din Ia\u0219i \u0219i Societatea Rom\u00e2n\u0103 de \u0218tiin\u021be. A fost ales membru al Academiei Rom\u00e2ne \u00een 1879 \u0219i a ocupat func\u021bia de pre\u0219edinte al acestui \u00eenalt for \u0219tiin\u021bific \u00eentre 1898-1901 \u0219i 1916-1923.<\/p>\n<p>Ca om politic a fost ales, \u00een mai multe r\u00e2nduri, deputat \u0219i senator, ministru al Cultelor \u0219i Instruc\u021biunii Publice, av\u00e2nd un rol esen\u021bial \u00een reforma sistemului educa\u021bional rom\u00e2nesc. \u00cen perioada aprilie-iulie 1907 \u0219i \u00een 1922 a fost primar al ora\u0219ului Ia\u0219i.<\/p>\n<p>Pe l\u00e2ng\u0103 realiz\u0103rile sale \u0219tiin\u021bifice \u0219i educa\u021bionale, Petru Poni a fost un sus\u021bin\u0103tor al progresului \u00een domenii diverse, cum ar fi agricultura \u0219i industria. A fost un promotor al reformei agrare \u0219i al aplic\u0103rii \u0219tiin\u021bei \u00een domenii, precum: mineralogia \u0219i chimia industrial\u0103. \u00cen semn de recunoa\u0219tere a meritelor sale a primit numeroase distinc\u021bii, inclusiv Ordinul \u201eSf. Sava\u201d din Serbia (1896), Ordinul \u201eLegiunea de Onoare\u201d(1900) din Fran\u021ba, \u0219i Marea Cruce a Ordinului \u201eFranz Josef\u201d din Austria (1902).<\/p>\n<p>Plicul \u201eprima zi\u201d reune\u0219te \u00een grafica sa un aspect al muncii de laborator \u00een care savantul se reg\u0103se\u0219te al\u0103turi de fiica sa, prof. univ. dr. Margareta Poni, titluri ale unor lucr\u0103ri de autor \u0219i imaginea arhitecturii fa\u021badei Muzeului \u201ePoni-Cern\u0103tescu\u201d din Ia\u0219i. Sigla Academiei Rom\u00e2ne \u0219i cea a Muzeului \u201ePoni-Cern\u0103tescu\u201d din Ia\u0219i definesc institu\u021biile care \u00eei p\u0103streaz\u0103 memoria \u0219i renumele savantului Petru Poni, c\u00e2\u0219tigat prin munca de cercetare \u0219i inovare \u00een domeniul de pionierat al chimiei anorganice rom\u00e2ne\u0219ti.<\/p>\n<p><em>Romfilatelia mul\u021bume\u0219te speciali\u0219tilor Muzeului \u201ePoni-Cern\u0103tescu\u201d \u0219i ai Complexului Muzeal Na\u021bional \u201eMoldova\u201d Ia\u0219i, pentru consultan\u021ba de specialitate acordat\u0103 la realizarea acestei emisiuni de m\u0103rci po\u0219tale. <\/em><\/p>\n<p><a href=\"https:\/\/www.romfilatelia.ro\/wp-content\/uploads\/2025\/04\/caract_Savanti-romani.jpg\"><img decoding=\"async\" loading=\"lazy\" class=\"size-full wp-image-2048203 aligncenter\" src=\"https:\/\/www.romfilatelia.ro\/wp-content\/uploads\/2025\/04\/caract_Savanti-romani.jpg\" alt=\"\" width=\"1687\" height=\"1068\" \/><\/a><\/p>\n","protected":false},"excerpt":{"rendered":"<p>Cu prilejul \u00eemplinirii unui secol de la trecerea la cele ve\u0219nice a savantului rom\u00e2n Petru Poni, Romfilatelia introduce \u00een circula\u021bie miercuri, 02 aprilie a.c. o emisiune de m\u0103rci po\u0219tale intitulat\u0103 Savan\u021bi rom\u00e2ni, format\u0103 din un timbru \u0219i un plic \u201eprima zi\u201d. Savantul rom\u00e2n Petru Poni (n\u0103scut pe 4 ianuarie 1841 \u00een satul Sec\u0103re\u0219ti, comuna Cucuteni&hellip;&nbsp;<a href=\"https:\/\/romfilatelia.ro\/magazin\/produs\/colectii-anuale\/2025\/savanti-romani\/\" class=\"\" rel=\"bookmark\">Cite\u0219te mai mult &raquo;<span class=\"screen-reader-text\">Savan\u021bi rom\u00e2ni<\/span><\/a><\/p>\n","protected":false},"featured_media":2035905,"template":"","meta":{"neve_meta_sidebar":"","neve_meta_container":"","neve_meta_enable_content_width":"off","neve_meta_content_width":100,"neve_meta_title_alignment":"","neve_meta_author_avatar":"","neve_post_elements_order":"","neve_meta_disable_header":"","neve_meta_disable_footer":"","neve_meta_disable_title":""},"product_cat":[340,6],"product_tag":[],"_links":{"self":[{"href":"https:\/\/romfilatelia.ro\/magazin\/wp-json\/wp\/v2\/product\/2035901"}],"collection":[{"href":"https:\/\/romfilatelia.ro\/magazin\/wp-json\/wp\/v2\/product"}],"about":[{"href":"https:\/\/romfilatelia.ro\/magazin\/wp-json\/wp\/v2\/types\/product"}],"wp:featuredmedia":[{"embeddable":true,"href":"https:\/\/romfilatelia.ro\/magazin\/wp-json\/wp\/v2\/media\/2035905"}],"wp:attachment":[{"href":"https:\/\/romfilatelia.ro\/magazin\/wp-json\/wp\/v2\/media?parent=2035901"}],"wp:term":[{"taxonomy":"product_cat","embeddable":true,"href":"https:\/\/romfilatelia.ro\/magazin\/wp-json\/wp\/v2\/product_cat?post=2035901"},{"taxonomy":"product_tag","embeddable":true,"href":"https:\/\/romfilatelia.ro\/magazin\/wp-json\/wp\/v2\/product_tag?post=2035901"}],"curies":[{"name":"wp","href":"https:\/\/api.w.org\/{rel}","templated":true}]}}