{"id":2035862,"date":"2025-03-25T17:28:15","date_gmt":"2025-03-25T15:28:15","guid":{"rendered":"https:\/\/romfilatelia.ro\/magazin\/?post_type=product&#038;p=2035862"},"modified":"2025-03-25T17:28:15","modified_gmt":"2025-03-25T15:28:15","slug":"sfintele-pasti-2025","status":"publish","type":"product","link":"https:\/\/romfilatelia.ro\/magazin\/produs\/colectii-anuale\/2025\/sfintele-pasti-2025\/","title":{"rendered":"Sfintele Pa\u0219ti 2025"},"content":{"rendered":"<p><a href=\"https:\/\/www.romfilatelia.ro\/wp-content\/uploads\/2025\/03\/SITE_mc_Sf-Pasti-2025.jpg\"><img decoding=\"async\" loading=\"lazy\" class=\"alignleft wp-image-2048150\" src=\"https:\/\/www.romfilatelia.ro\/wp-content\/uploads\/2025\/03\/SITE_mc_Sf-Pasti-2025.jpg\" alt=\"\" width=\"650\" height=\"330\" \/><\/a>Cu ocazia celei mai mari s\u0103rb\u0103tori a cre\u0219tin\u0103t\u0103\u021bii, Sfintele Pa\u0219ti, <strong>Romfilatelia<\/strong> introduce \u00een circula\u021bie o emisiune filatelic\u0103 sub titlul <strong><em>Sfintele Pa\u0219ti 2025<\/em><\/strong>, \u00een ziua de <em>miercuri, 26 martie a.c<\/em>.<\/p>\n<p>Emisiunea este format\u0103 din dou\u0103 m\u0103rci po\u0219tale, o coli\u021b\u0103 filatelic\u0103 dantelat\u0103, un plic \u201eprima zi\u201d \u0219i un album filatelic special \u00een tiraj limitat.<\/p>\n<p>\u00cenvierea Domnului reprezint\u0103 evenimentul cel mai important din istoria m\u00e2ntuirii. \u201eAceast\u0103 aleas\u0103 \u0219i sf\u00e2nt\u0103 zi\u201d este \u201epraznicul praznicelor \u0219i s\u0103rb\u0103toarea s\u0103rb\u0103torilor\u201d, a\u0219a cum frumos ne \u00eenva\u021b\u0103 cuvintele Sf\u00e2ntului Ierarh Grigorie Teologul, Arhiepiscopul Constantinopolului.<\/p>\n<p>Spre deosebire de pa\u0219tele evreilor (<em>Pesah<\/em> sau <em>trecere<\/em>: ie\u0219irea din robie \u0219i trecerea M\u0103rii Ro\u0219ii), pa\u0219tele cre\u0219tin ne aduce \u00een actualitate p\u0103timirile M\u00e2ntuitorului Iisus Hristos, moartea pe Cruce \u0219i \u00cenvierea Sa din mor\u021bi prin care s-a eliberat tot neamul omenesc din robia p\u0103catului \u0219i a mor\u021bii, \u201ecale f\u0103c\u00e2nd oric\u0103rui trup la \u00eenvierea cea din mor\u021bi\u201d, dup\u0103 cum m\u0103rturise\u0219te Sf\u00e2ntul Ierarh Vasile cel Mare, Arhiepiscopul Cezareei Capadociei.<\/p>\n<p>Prin p\u0103catul neascult\u0103rii s\u0103v\u00e2r\u0219it de protop\u0103rin\u021bii no\u0219tri Adam \u0219i Eva, omul este izgonit din Rai, iar firea lui se perverte\u0219te \u0219i se \u00eenstr\u0103ineaz\u0103 de Dumnezeu. Aceast\u0103 realitate a r\u0103zvr\u0103tirii omului c\u0103zut este foarte prezent\u0103 \u00een \u00eendemnurile prorocilor din Vechiul Testament, care cheam\u0103 poporul lui Dumnezeu la poc\u0103in\u021b\u0103: \u201e\u00centoarce\u021bi-v\u0103, copii r\u0103zvr\u0103ti\u021bi, \u0219i Eu voi vindeca neascultarea voastr\u0103! Zice\u021bi: Iat\u0103 venim la Tine, c\u0103 Tu e\u0219ti Domnul Dumnezeul nostru\u201d (Ieremia 3, 22). Prin Adam to\u021bi oamenii vor mo\u0219teni firea c\u0103zut\u0103, afectat\u0103 de \u00eenstr\u0103inarea de Dumnezeu prin neascultare. Iar prin ascultarea des\u0103v\u00e2r\u0219it\u0103 a M\u00e2ntuitorului Hristos, Adam cel nou, are loc ridicarea oamenilor din starea de c\u0103dere \u0219i neascultare \u00een care omenirea s-a afundat prin Adam cel vechi. M\u00e2ntuitorul Hristos, prin moartea \u0219i \u00cenvierea Sa, zdrobe\u0219te por\u021bile iadului \u0219i restaureaz\u0103 firea omeneasc\u0103, ridic\u00e2nd pe om din moartea p\u0103catului la via\u021ba ve\u0219nic\u0103, dup\u0103 cum \u00eenva\u021b\u0103 \u0219i Sf\u00e2ntul Apostol Pavel, care spune: \u201eC\u0103ci precum prin neascultarea unui om s-au f\u0103cut p\u0103c\u0103to\u0219i cei mul\u021bi, tot a\u0219a prin ascultarea unuia se vor face drep\u021bi cei mul\u021bi (Romani 5, 19).<\/p>\n<p>Biserica a r\u00e2nduit ca perioada pascal\u0103 s\u0103 fie precedat\u0103 de un timp de preg\u0103tire duhovniceasc\u0103 de 40 de zile de post, \u00een care oamenii au datoria s\u0103 sporeasc\u0103 faptele iubirii fa\u021b\u0103 de aproapele, c\u0103ut\u00e2nd astfel s\u0103 se apropie mai mult de Dumnezeu. Dup\u0103 aceast\u0103 perioad\u0103, vine o alta mai intens\u0103, S\u0103pt\u0103m\u00e2na Sfintelor P\u0103timiri sau S\u0103pt\u0103m\u00e2na Mare. \u00cen aceste zile, \u00een care postul \u0219i nevoin\u021bele duhovnice\u0219ti se intensific\u0103, suntem chema\u021bi s\u0103 aprofund\u0103m rug\u0103ciunea \u0219i poc\u0103in\u021ba, pentru a \u00eent\u00e2mpina cu vrednicie marele praznic al \u00cenvierii Domnului Iisus Hristos.<\/p>\n<p>\u00cen noaptea \u00cenvierii Domnului, credincio\u0219ii primesc Lumina Sf\u00e2nt\u0103, care se aprinde de la Morm\u00e2ntul M\u00e2ntuitorului Hristos, de la Ierusalim, numai \u00een ziua \u00een care este s\u0103rb\u0103torit Pa\u0219tele Ortodox.<\/p>\n<p>M\u0103rcile po\u0219tale ale emisiunii filatelice reproduc imagini ale icoanelor av\u00e2nd ca subiect <em>Intrarea \u00een Ierusalim<\/em> (valoare nominal\u0103 de <strong>5,00 Lei<\/strong>), <em>nvierea<\/em> (valoarea nominal\u0103 de <strong>14,00 Lei<\/strong>), <em>R\u0103stignirea<\/em> (marca po\u0219tal\u0103 a coli\u021bei filatelice cu valoarea nominal\u0103 de <strong>30,00 Lei<\/strong>).<\/p>\n<p>Plicul \u201eprima zi\u201d a emisiunii ilustreaz\u0103 \u00een grafica sa o icoan\u0103 din Catapeteasma Bisericii \u201eR\u0103zvan\u201d din Bucure\u0219ti.<\/p>\n<p>Icoanele apar\u021bin Bisericii \u201eR\u0103zvan\u201d din Bucure\u0219ti ridicat\u0103 la porunca domnitorului \u0218tefan al VIII-lea R\u0103zvan la anul 1597, ca semn al \u00eenfr\u0103\u021birii cu \u021bara Rom\u00e2neasc\u0103 aflat\u0103 sub domnia lui Mihai Viteazul. De-a lungul timpului, la refacerea sau rezidirea bisericii au contribuit Vornicul R\u0103zvan (cunoscut drept C\u0103pitanul R\u0103zvan) la anul 1620, Ianache V\u0103c\u0103rescu \u0219i jup\u00e2neasa Stanca, la anul 1706, enoria\u0219ii zonei eparhiale la anii 1857-1859, c\u00e2nd Mi\u0219u Popp \u0219i Constantin Lecca au ref\u0103cut pictura. Renovarea din anul 1974 \u0219i restaurarea din 2009 a catapetesmei originale au completat benefic aspectul actual al loca\u0219ului de cult.<\/p>\n<p>Echipa <strong>Romfilatelia<\/strong> v\u0103 dore\u0219te s\u0103 ave\u021bi parte de S\u0103rb\u0103tori Luminate, al\u0103turi de cei dragi!<\/p>\n<p><strong>Hristos a \u00cenviat!<\/strong><\/p>\n<p><em>Romfilatelia mul\u021bume\u0219te Preafericitului P\u0103rinte Patriarh Daniel pentru \u00cenalta Rezolu\u021bie precum \u0219i domnului R\u0103zvan Mihai Clipici, Consilier patriarhal \u0219i Director al Sectorului Cultur\u0103, Pictur\u0103 \u0219i Restaurare al Administra\u021biei Patriarhale, pentru sprijinul documentar acordat la realizarea acestei emisiuni de m\u0103rci po\u0219tale. <\/em><\/p>\n<p><a href=\"https:\/\/www.romfilatelia.ro\/wp-content\/uploads\/2025\/03\/caract_Sfintele-Pasti-2025.jpg\"><img decoding=\"async\" loading=\"lazy\" class=\"size-full wp-image-2048151 aligncenter\" src=\"https:\/\/www.romfilatelia.ro\/wp-content\/uploads\/2025\/03\/caract_Sfintele-Pasti-2025.jpg\" alt=\"\" width=\"1688\" height=\"1836\" \/><\/a><\/p>\n","protected":false},"excerpt":{"rendered":"<p>Cu ocazia celei mai mari s\u0103rb\u0103tori a cre\u0219tin\u0103t\u0103\u021bii, Sfintele Pa\u0219ti, Romfilatelia introduce \u00een circula\u021bie o emisiune filatelic\u0103 sub titlul Sfintele Pa\u0219ti 2025, \u00een ziua de miercuri, 26 martie a.c. Emisiunea este format\u0103 din dou\u0103 m\u0103rci po\u0219tale, o coli\u021b\u0103 filatelic\u0103 dantelat\u0103, un plic \u201eprima zi\u201d \u0219i un album filatelic special \u00een tiraj limitat. \u00cenvierea Domnului reprezint\u0103&hellip;&nbsp;<a href=\"https:\/\/romfilatelia.ro\/magazin\/produs\/colectii-anuale\/2025\/sfintele-pasti-2025\/\" class=\"\" rel=\"bookmark\">Cite\u0219te mai mult &raquo;<span class=\"screen-reader-text\">Sfintele Pa\u0219ti 2025<\/span><\/a><\/p>\n","protected":false},"featured_media":2035868,"template":"","meta":{"neve_meta_sidebar":"","neve_meta_container":"","neve_meta_enable_content_width":"off","neve_meta_content_width":100,"neve_meta_title_alignment":"","neve_meta_author_avatar":"","neve_post_elements_order":"","neve_meta_disable_header":"","neve_meta_disable_footer":"","neve_meta_disable_title":""},"product_cat":[340,6],"product_tag":[],"_links":{"self":[{"href":"https:\/\/romfilatelia.ro\/magazin\/wp-json\/wp\/v2\/product\/2035862"}],"collection":[{"href":"https:\/\/romfilatelia.ro\/magazin\/wp-json\/wp\/v2\/product"}],"about":[{"href":"https:\/\/romfilatelia.ro\/magazin\/wp-json\/wp\/v2\/types\/product"}],"wp:featuredmedia":[{"embeddable":true,"href":"https:\/\/romfilatelia.ro\/magazin\/wp-json\/wp\/v2\/media\/2035868"}],"wp:attachment":[{"href":"https:\/\/romfilatelia.ro\/magazin\/wp-json\/wp\/v2\/media?parent=2035862"}],"wp:term":[{"taxonomy":"product_cat","embeddable":true,"href":"https:\/\/romfilatelia.ro\/magazin\/wp-json\/wp\/v2\/product_cat?post=2035862"},{"taxonomy":"product_tag","embeddable":true,"href":"https:\/\/romfilatelia.ro\/magazin\/wp-json\/wp\/v2\/product_tag?post=2035862"}],"curies":[{"name":"wp","href":"https:\/\/api.w.org\/{rel}","templated":true}]}}