{"id":2035830,"date":"2025-03-18T12:04:36","date_gmt":"2025-03-18T10:04:36","guid":{"rendered":"https:\/\/romfilatelia.ro\/magazin\/?post_type=product&#038;p=2035830"},"modified":"2025-03-18T12:04:36","modified_gmt":"2025-03-18T10:04:36","slug":"vulpi","status":"publish","type":"product","link":"https:\/\/romfilatelia.ro\/magazin\/produs\/colectii-anuale\/2025\/vulpi\/","title":{"rendered":"Vulpi"},"content":{"rendered":"<p><strong><a href=\"https:\/\/www.romfilatelia.ro\/wp-content\/uploads\/2025\/03\/SITE_mc_Vulpi.jpg\"><img decoding=\"async\" loading=\"lazy\" class=\"alignleft wp-image-2048091\" src=\"https:\/\/www.romfilatelia.ro\/wp-content\/uploads\/2025\/03\/SITE_mc_Vulpi.jpg\" alt=\"\" width=\"275\" height=\"211\" \/><\/a>Romfilatelia<\/strong> introduce \u00een circula\u021bie <em>miercuri, 19 martie a.c. <\/em>o emisiune de m\u0103rci po\u0219tale apar\u021bin\u00e2nd tematicii <em>Faun\u0103<\/em>, sub titlul <strong><em>Vulpi<\/em><\/strong>. Emisiunea este format\u0103 din 4 m\u0103rci po\u0219tale, 4 c\u0103r\u021bi maxime pentru pasiona\u021bii de maximafilie, o map\u0103 filatelic\u0103 cu produs special \u00een tiraj limitat \u0219i un plic \u201eprima zi\u201d.<\/p>\n<p>Vulpile sunt mamifere din ordinul Carnivora. Vulpile fac parte din familia Canidae, remarc\u00e2ndu-se prin urm\u0103toarele caracteristici: corp suplu, coad\u0103 lung\u0103 \u0219i stufoas\u0103, urechi mari \u0219i ascu\u021bite, bot alungit.<\/p>\n<p>Recunoscute pentru inteligen\u021ba \u0219i adaptabilitatea lor, vulpile sunt animale omnivore oportuniste care consum\u0103 at\u00e2t mici vertebrate, c\u00e2t \u0219i fructe sau insecte.<\/p>\n<p>\u00cen imaginile m\u0103rcilor po\u0219tale sunt prezentate diverse specii de vulpi, din genuri diferite:<\/p>\n<p><strong>Fenecul <\/strong>&#8211; <em>Vulpes zerda<\/em> (ilustrat pe marca po\u0219tal\u0103 cu valoarea nominal\u0103 de <strong>4 Lei<\/strong>), este \u00eent\u00e2lnit \u00een de\u0219ertul Sahara \u0219i peninsula Sinai. Cea mai mic\u0103 specie de canid, fenecul manifest\u0103 caracteristici ce \u00eel ajut\u0103 s\u0103 tr\u0103iasc\u0103 \u00eentr-un mediu arid, cu temperaturi extrem de ridicate: urechile mari \u0219i corpul mic ajut\u0103 la reglarea temperaturii, iar rinichii sunt capabili s\u0103 reduc\u0103 pierderea de ap\u0103 din organism. Se hr\u0103ne\u0219te cu nevertebrate, mici vertebrate, fructe (curmale, etc.) \u0219i activ noaptea.<\/p>\n<p><strong>Vulpea polar\u0103 <\/strong>&#8211; <em>Vulpes lagopus<\/em> (reprodus\u0103 pe marca po\u0219tal\u0103 cu valoarea nominal\u0103 de <strong>6,50 Lei<\/strong>), se \u00eent\u00e2lne\u0219te \u00een regiunile de tundr\u0103 ale Arcticii, av\u00e2nd o blan\u0103 groas\u0103, deas\u0103, care o protejeaz\u0103 de frigul extrem. Aceast\u0103 specie \u00ee\u0219i schimb\u0103 culoarea bl\u0103nii \u00een func\u021bie de sezon, fiind alb\u0103 iarna, pentru a se camufla \u00een z\u0103pad\u0103, \u0219i maronie \u00een timpul verii. Este un omnivor absolut, consum\u00e2nd roz\u0103toare, p\u0103s\u0103ri, ou\u0103 \u0219i pe\u0219ti, dar \u0219i hoituri, resturi de la masa ur\u0219ilor polari, alge sau fructe.<\/p>\n<p><strong>Vulpea gri <\/strong>&#8211; <em>Urocyon cinereoargenteus<\/em> (redat\u0103 pe marca po\u0219tal\u0103 cu valoarea nominal\u0103 de <strong>9 Lei<\/strong>), tr\u0103ie\u0219te \u00een unele zone sudice ale Canadei, \u00een Statele Unite, America Central\u0103 \u0219i nord-vestul Americii de Sud. Numele s\u0103u de specie <em>cinereoargenteus<\/em> \u00eenseamn\u0103 \u201ecenu\u0219iu-argintiu\u201d. Aceast\u0103 specie se distinge printr-o coad\u0103 lung\u0103, cu v\u00e2rf negru; este un foarte bun c\u0103\u021b\u0103r\u0103tor, aproape de agilitatea pisicii, mult deasupra performan\u021bei altor canide. Se hr\u0103ne\u0219te cu diverse animale mici, semin\u021be \u0219i fructe.<\/p>\n<p><strong>Vulpea ro\u0219ie <\/strong>&#8211; <em>Vulpes vulpes<\/em> (ilustrat\u0103 pe marca po\u0219tal\u0103 cu valoarea nominal\u0103 de <strong>25 Lei)<\/strong>, este cea mai r\u0103sp\u00e2ndit\u0103 specie de vulpe din lume, \u00eent\u00e2lnindu-se \u00een diverse tipuri de habitat, de la p\u0103duri \u0219i c\u00e2mpuri p\u00e2n\u0103 la zone urbane. Vulpea ro\u0219ie este foarte variabil\u0103, pe l\u00e2ng\u0103 forma tipic\u0103, ro\u0219cat\u0103, \u00eent\u00e2lnindu-se \u0219i alte variante de culoare, \u00eentre care vulpea \u201eneagr\u0103\u201d sau \u201eargintie\u201d. Vulpea ro\u0219ie are o mare capacitate de adaptare \u0219i o diet\u0103 diversificat\u0103, ce include mamifere mici, p\u0103s\u0103ri \u0219i chiar resturi alimentare l\u0103sate de oameni. Foarte oportunist\u0103, vulpea ro\u0219ie a fost introdus\u0103 \u00een Australia, unde a devenit o specie invaziv\u0103, cu impact devastator asupra faunei locale.<\/p>\n<p>Aceste vulpi, cu tr\u0103s\u0103turile lor specifice, sunt simboluri ale diversit\u0103\u021bii faunistice \u0219i ale complexit\u0103\u021bii rela\u021biilor dintre animalele s\u0103lbatice \u0219i mediile \u00een care tr\u0103iesc.<\/p>\n<p><em>Romfilatelia mul\u021bume\u0219te Cercet. \u0218t. Gr. I Luis Ovidiu Popa, Directorul Muzeului Na\u021bional de Istorie Natural\u0103 \u201eGrigore Antipa\u201d \u0219i muzeografului Dr. Alexandru Iftime, pentru consultan\u021ba de specialitate acordat\u0103 la realizarea acestei emisiuni de m\u0103rci po\u0219tale. <\/em><\/p>\n<p><img decoding=\"async\" loading=\"lazy\" class=\"alignnone size-full wp-image-2048092\" src=\"https:\/\/www.romfilatelia.ro\/wp-content\/uploads\/2025\/03\/caract_Vulpi.jpg\" alt=\"\" width=\"1679\" height=\"1548\" \/><\/p>\n","protected":false},"excerpt":{"rendered":"<p>Romfilatelia introduce \u00een circula\u021bie miercuri, 19 martie a.c. o emisiune de m\u0103rci po\u0219tale apar\u021bin\u00e2nd tematicii Faun\u0103, sub titlul Vulpi. Emisiunea este format\u0103 din 4 m\u0103rci po\u0219tale, 4 c\u0103r\u021bi maxime pentru pasiona\u021bii de maximafilie, o map\u0103 filatelic\u0103 cu produs special \u00een tiraj limitat \u0219i un plic \u201eprima zi\u201d. Vulpile sunt mamifere din ordinul Carnivora. Vulpile fac&hellip;&nbsp;<a href=\"https:\/\/romfilatelia.ro\/magazin\/produs\/colectii-anuale\/2025\/vulpi\/\" class=\"\" rel=\"bookmark\">Cite\u0219te mai mult &raquo;<span class=\"screen-reader-text\">Vulpi<\/span><\/a><\/p>\n","protected":false},"featured_media":2035836,"template":"","meta":{"neve_meta_sidebar":"","neve_meta_container":"","neve_meta_enable_content_width":"off","neve_meta_content_width":100,"neve_meta_title_alignment":"","neve_meta_author_avatar":"","neve_post_elements_order":"","neve_meta_disable_header":"","neve_meta_disable_footer":"","neve_meta_disable_title":""},"product_cat":[340,6],"product_tag":[],"_links":{"self":[{"href":"https:\/\/romfilatelia.ro\/magazin\/wp-json\/wp\/v2\/product\/2035830"}],"collection":[{"href":"https:\/\/romfilatelia.ro\/magazin\/wp-json\/wp\/v2\/product"}],"about":[{"href":"https:\/\/romfilatelia.ro\/magazin\/wp-json\/wp\/v2\/types\/product"}],"wp:featuredmedia":[{"embeddable":true,"href":"https:\/\/romfilatelia.ro\/magazin\/wp-json\/wp\/v2\/media\/2035836"}],"wp:attachment":[{"href":"https:\/\/romfilatelia.ro\/magazin\/wp-json\/wp\/v2\/media?parent=2035830"}],"wp:term":[{"taxonomy":"product_cat","embeddable":true,"href":"https:\/\/romfilatelia.ro\/magazin\/wp-json\/wp\/v2\/product_cat?post=2035830"},{"taxonomy":"product_tag","embeddable":true,"href":"https:\/\/romfilatelia.ro\/magazin\/wp-json\/wp\/v2\/product_tag?post=2035830"}],"curies":[{"name":"wp","href":"https:\/\/api.w.org\/{rel}","templated":true}]}}