{"id":2035790,"date":"2025-03-11T16:15:27","date_gmt":"2025-03-11T14:15:27","guid":{"rendered":"https:\/\/romfilatelia.ro\/magazin\/?post_type=product&#038;p=2035790"},"modified":"2025-03-11T16:19:02","modified_gmt":"2025-03-11T14:19:02","slug":"pupeze","status":"publish","type":"product","link":"https:\/\/romfilatelia.ro\/magazin\/produs\/colectii-anuale\/2025\/pupeze\/","title":{"rendered":"PUPEZE"},"content":{"rendered":"<p><strong><a href=\"https:\/\/romfilatelia.ro\/magazin\/wp-content\/uploads\/2025\/03\/SITE_mc_Pupeze.jpg\"><img decoding=\"async\" loading=\"lazy\" class=\"alignleft wp-image-2035791 size-medium\" src=\"https:\/\/romfilatelia.ro\/magazin\/wp-content\/uploads\/2025\/03\/SITE_mc_Pupeze-282x300.jpg\" alt=\"\" width=\"282\" height=\"300\" srcset=\"https:\/\/romfilatelia.ro\/magazin\/wp-content\/uploads\/2025\/03\/SITE_mc_Pupeze-282x300.jpg 282w, https:\/\/romfilatelia.ro\/magazin\/wp-content\/uploads\/2025\/03\/SITE_mc_Pupeze-768x818.jpg 768w, https:\/\/romfilatelia.ro\/magazin\/wp-content\/uploads\/2025\/03\/SITE_mc_Pupeze-500x533.jpg 500w, https:\/\/romfilatelia.ro\/magazin\/wp-content\/uploads\/2025\/03\/SITE_mc_Pupeze-64x68.jpg 64w, https:\/\/romfilatelia.ro\/magazin\/wp-content\/uploads\/2025\/03\/SITE_mc_Pupeze.jpg 1230w\" sizes=\"(max-width: 282px) 100vw, 282px\" \/><\/a>Romfilatelia<\/strong> introduce \u00een circula\u021bie <em>miercuri, 12 martie a.c. <\/em>o emisiune de m\u0103rci po\u0219tale apar\u021bin\u00e2nd tematicii <em>Faun\u0103<\/em>, sub titlul <strong><em>Pupeze<\/em><\/strong>. Emisiunea este format\u0103 din 4 m\u0103rci po\u0219tale, 4 c\u0103r\u021bi maxime pentru pasiona\u021bii de maximafilie, o map\u0103 filatelic\u0103 cu produs special \u00een tiraj limitat \u0219i un plic \u201eprima zi\u201d.<\/p>\n<p>\u00cen imaginile m\u0103rcilor po\u0219tale sunt prezentate p\u0103s\u0103ri din ordinul Bucerotiformes, subordinul Upupi, din care am ilustrat exemplare din familia Upupidae \u0219i familia Phoeniculidae, numite popular pupeze. Pupezele se reg\u0103sesc \u00een regiuni uscate, zone deschise de c\u00e2mpie, livezi \u0219i dealuri, savan\u0103 cu tufi\u0219uri etc. Pupezele sunt p\u0103s\u0103ri predominant insectivore, dar consum\u0103 \u0219i viermi, p\u0103ianjeni, melci, limac\u0219i \u0219i miriapode.<\/p>\n<p>\u00cen familia Upupidae, genul <em>Upupa<\/em>, se cunosc trei specii de pupeze r\u0103sp\u00e2ndite astfel: una \u00een Madagascar, <em>Upupa marginata <\/em>(reprezentat\u0103 pe marca po\u0219tal\u0103 cu valoarea nominal\u0103 de <strong>5 Lei<\/strong>), una \u00een Africa, <em>Upupa africana<\/em> (redat\u0103 pe marca po\u0219tal\u0103 cu valoarea nominal\u0103 de <strong>6,50 Lei<\/strong>), una \u00een Europa \u0219i Asia, <em>Upupa epops<\/em> (ilustrat\u0103 pe marca po\u0219tal\u0103 cu valoarea nominal\u0103 de <strong>9 Lei<\/strong>). La acestea am ad\u0103ugat \u0219i o specie din familia Phoeniculidae, pup\u0103za verde de p\u0103dure, <em>Phoeniculus purpureus <\/em>(ilustrat\u0103 pe marca po\u0219tal\u0103 cu valoarea nominal\u0103 de <strong>25 Lei<\/strong>). \u00cen grafica plicului \u201eprima zi\u201d a emisiunii este ilustrat\u0103 pup\u0103za african\u0103, <em>Upupa africana.<\/em><\/p>\n<p>\u00cen Rom\u00e2nia tr\u0103ie\u0219te pup\u0103za eurasiatic\u0103, <em>Upupa epops<\/em>, sau, \u00een popor, pup\u0103za, pur \u0219i simplu, \u00eent\u00e2lnit\u0103 \u00een zonele de c\u00e2mpie \u0219i dealuri, dar \u0219i p\u00e2n\u0103 la 1300 m \u00een Mun\u021bii Carpa\u021bi, sau \u00een zonele inundabile ale Deltei Dun\u0103rii, bogate \u00een s\u0103lcii scorburoase. Cunoscut\u0103 ca un inamic al insectelor d\u0103un\u0103toare agriculturii \u0219i silviculturii, este o pas\u0103re protejat\u0103 prin legi na\u021bionale. Cele mai multe popula\u021bii de <em>Upupa epops<\/em> sunt migratoare. Din sudul, centrul \u0219i estul Europei, p\u0103s\u0103rile migreaz\u0103 \u00een Africa de Sud, Asia de Sud \u0219i de Sud-Est.<\/p>\n<p>Av\u00e2nd aproximativ 28 centimetri lungime, pup\u0103za noastr\u0103 prezint\u0103 vederii un penaj pestri\u021b, de culoare ro\u0219cat\u0103, cu aripile \u0219i coada alb cu negru. Un mo\u021b de pene mari, ro\u0219ii-ruginii, a\u0219ezate ca o creast\u0103 \u00een v\u00e2rful capului, poate fi desf\u0103cut \u0219i str\u00e2ns dup\u0103 dorin\u021b\u0103.<\/p>\n<p>\u00ce\u0219i petrece timp \u00eendelungat pe p\u0103m\u00e2nt, cercet\u00e2nd solul \u00een c\u0103utarea hranei. \u00cen caz de primejdie, folosindu-se de coloritul s\u0103u de camuflaj, st\u0103 l\u0103\u021bit\u0103 la p\u0103m\u00e2nt, cu aripile complet desf\u0103cute, \u00eentr-o imobilitate perfect\u0103. Cuib\u0103re\u0219te \u00een scorburi, goluri \u00een st\u00e2nc\u0103, \u00eentre zidurile ruinate, gr\u0103mezi de pietre etc.<\/p>\n<p>Pup\u0103za a fost denumit\u0103 pas\u0103rea simbol a Israelului, cu ocazia anivers\u0103rii a 60 de ani de la fondarea acestui stat.<\/p>\n<p><em>Romfilatelia mul\u021bume\u0219te Cercet. \u0218t. Gr. I Luis Ovidiu Popa, Directorul Muzeului Na\u021bional de Istorie Natural\u0103 \u201eGrigore Antipa\u201d \u0219i muzeografului Dr. Alexandru Iftime, pentru consultan\u021ba de specialitate acordat\u0103 la realizarea acestei emisiuni de m\u0103rci po\u0219tale.<\/em><\/p>\n<p><a href=\"https:\/\/romfilatelia.ro\/magazin\/wp-content\/uploads\/2025\/03\/caract_Pupeze.jpg\"><img decoding=\"async\" loading=\"lazy\" class=\"aligncenter wp-image-2035792 size-full\" src=\"https:\/\/romfilatelia.ro\/magazin\/wp-content\/uploads\/2025\/03\/caract_Pupeze.jpg\" alt=\"\" width=\"1731\" height=\"1470\" srcset=\"https:\/\/romfilatelia.ro\/magazin\/wp-content\/uploads\/2025\/03\/caract_Pupeze.jpg 1731w, https:\/\/romfilatelia.ro\/magazin\/wp-content\/uploads\/2025\/03\/caract_Pupeze-300x255.jpg 300w, https:\/\/romfilatelia.ro\/magazin\/wp-content\/uploads\/2025\/03\/caract_Pupeze-768x652.jpg 768w, https:\/\/romfilatelia.ro\/magazin\/wp-content\/uploads\/2025\/03\/caract_Pupeze-1536x1304.jpg 1536w, https:\/\/romfilatelia.ro\/magazin\/wp-content\/uploads\/2025\/03\/caract_Pupeze-500x425.jpg 500w, https:\/\/romfilatelia.ro\/magazin\/wp-content\/uploads\/2025\/03\/caract_Pupeze-64x54.jpg 64w\" sizes=\"(max-width: 1731px) 100vw, 1731px\" \/><\/a><\/p>\n","protected":false},"excerpt":{"rendered":"<p>Romfilatelia introduce \u00een circula\u021bie miercuri, 12 martie a.c. o emisiune de m\u0103rci po\u0219tale apar\u021bin\u00e2nd tematicii Faun\u0103, sub titlul Pupeze. Emisiunea este format\u0103 din 4 m\u0103rci po\u0219tale, 4 c\u0103r\u021bi maxime pentru pasiona\u021bii de maximafilie, o map\u0103 filatelic\u0103 cu produs special \u00een tiraj limitat \u0219i un plic \u201eprima zi\u201d. \u00cen imaginile m\u0103rcilor po\u0219tale sunt prezentate p\u0103s\u0103ri din&hellip;&nbsp;<a href=\"https:\/\/romfilatelia.ro\/magazin\/produs\/colectii-anuale\/2025\/pupeze\/\" class=\"\" rel=\"bookmark\">Cite\u0219te mai mult &raquo;<span class=\"screen-reader-text\">PUPEZE<\/span><\/a><\/p>\n","protected":false},"featured_media":2035793,"template":"","meta":{"neve_meta_sidebar":"","neve_meta_container":"","neve_meta_enable_content_width":"off","neve_meta_content_width":100,"neve_meta_title_alignment":"","neve_meta_author_avatar":"","neve_post_elements_order":"","neve_meta_disable_header":"","neve_meta_disable_footer":"","neve_meta_disable_title":""},"product_cat":[340],"product_tag":[],"_links":{"self":[{"href":"https:\/\/romfilatelia.ro\/magazin\/wp-json\/wp\/v2\/product\/2035790"}],"collection":[{"href":"https:\/\/romfilatelia.ro\/magazin\/wp-json\/wp\/v2\/product"}],"about":[{"href":"https:\/\/romfilatelia.ro\/magazin\/wp-json\/wp\/v2\/types\/product"}],"wp:featuredmedia":[{"embeddable":true,"href":"https:\/\/romfilatelia.ro\/magazin\/wp-json\/wp\/v2\/media\/2035793"}],"wp:attachment":[{"href":"https:\/\/romfilatelia.ro\/magazin\/wp-json\/wp\/v2\/media?parent=2035790"}],"wp:term":[{"taxonomy":"product_cat","embeddable":true,"href":"https:\/\/romfilatelia.ro\/magazin\/wp-json\/wp\/v2\/product_cat?post=2035790"},{"taxonomy":"product_tag","embeddable":true,"href":"https:\/\/romfilatelia.ro\/magazin\/wp-json\/wp\/v2\/product_tag?post=2035790"}],"curies":[{"name":"wp","href":"https:\/\/api.w.org\/{rel}","templated":true}]}}